{"id":535,"date":"2017-05-02T07:55:35","date_gmt":"2017-05-02T07:55:35","guid":{"rendered":"http:\/\/www5.uva.es\/cesme\/\/?page_id=535"},"modified":"2025-03-26T19:08:40","modified_gmt":"2025-03-26T19:08:40","slug":"proyectos","status":"publish","type":"page","link":"http:\/\/albergueweb1.uva.es\/cesme\/proyectos\/","title":{"rendered":"Proyectos"},"content":{"rendered":"<div class=\"wpb-content-wrapper\">[vc_row][vc_column][vc_column_text]<nav aria-label=\"breadcrumbs\">\n            <div class=\"breadcrumb-container theme1\">\n                <ol>\n                                    <\/ol>\n            <\/div>\n        <\/nav>    <script type=\"application\/ld+json\">\n        {\n            \"@context\": \"http:\/\/schema.org\",\n            \"@type\": \"BreadcrumbList\",\n            \"itemListElement\": [\n                            ]\n        }\n    <\/script>\n   \n    <script>\n            <\/script>\n[\/vc_column_text][\/vc_column][\/vc_row][vc_row disable_element=\u00bbyes\u00bb][vc_column][vc_column_text]<strong>Proyectos abiertos:<\/strong><\/p>\n<ul>\n<li style=\"list-style-type: none;\">\n<ul>\n<li><strong>EuDAC<\/strong> :\n<ul>\n<li>Colecci\u00f3n de muestras:<a href=\"https:\/\/biobancos.isciii.es\/ListadoColecciones.aspx?id=C.0004197&quot;\"> C.0004197<\/a> (RNB)<\/li>\n<li>Objetivo<\/li>\n<li>Resultados<\/li>\n<li>Difusi\u00f3n<\/li>\n<\/ul>\n<\/li>\n<li><strong>EMPHOGEN-2<\/strong>\n<ul>\n<li>Colecci\u00f3n de muestras: <a href=\"https:\/\/biobancos.isciii.es\/ListadoColecciones.aspx?id=C.0004196\">C.0004196<\/a> (RNB)<\/li>\n<li>Objetivo<\/li>\n<li>Resultados<\/li>\n<li>Difusi\u00f3n<\/li>\n<\/ul>\n<\/li>\n<li><strong>Estudio \u00cdCARO<\/strong>\n<ul>\n<li>Colecci\u00f3n de muestras: <a href=\"https:\/\/biobancos.isciii.es\/ListadoColecciones.aspx?id=C.0004198&quot;\">C.0004198<\/a> (RNB)<\/li>\n<li>Objetivo<\/li>\n<li>Resultados<\/li>\n<li>Difusi\u00f3n<\/li>\n<\/ul>\n<\/li>\n<\/ul>\n<\/li>\n<\/ul>\n<p><strong>Proyectos cerrados:<\/strong><\/p>\n<ul>\n<li style=\"list-style-type: none;\">\n<ul>\n<li><strong>EUDRAGENE<\/strong>\n<ul>\n<li>Colecci\u00f3n de muestras: C.0004197 (RNB)<\/li>\n<li>Objetivo<\/li>\n<li>Resultados<\/li>\n<li>Difusi\u00f3n<\/li>\n<\/ul>\n<\/li>\n<li><strong>EMPHOGEN-1<\/strong>\n<ul>\n<li>Colecci\u00f3n de muestras: C.0004196 (RNB)<\/li>\n<li>Objetivo<\/li>\n<li>Resultados<\/li>\n<li>Difusi\u00f3n<\/li>\n<\/ul>\n<\/li>\n<\/ul>\n<\/li>\n<\/ul>\n<p><strong>Convenio de Colaboraci\u00f3n con la USC:<\/strong><\/p>\n<ul>\n<li style=\"list-style-type: none;\">\n<ul>\n<li><a href=\"http:\/\/www5.uva.es\/cesme\/wp-content\/uploads\/2017\/05\/Convenio-USC.pdf\">Convenio-USC<\/a><\/li>\n<\/ul>\n<\/li>\n<\/ul>\n[\/vc_column_text][\/vc_column][\/vc_row][vc_row disable_element=\u00bbyes\u00bb][vc_column][vc_column_text]\n<h2>Proyectos:<\/h2>\n<ul>\n<li style=\"list-style-type: none;\">\n<ul>\n<li><strong>An\u00e1lisis de interacciones farmacol\u00f3gicas en el tratamiento de pacientes COVID\u201019<\/strong>.\u00a0 Financiado por la Fundaci\u00f3n Cient\u00edfica Caja Rural De Soria (2020 &#8211; 2021).<\/li>\n<li><strong>Optimizaci\u00f3n del tratamiento farmacol\u00f3gico en ancianos polimedicados a trav\u00e9s de un an\u00e1lisis farmacogen\u00e9tico<\/strong>. C\u00f3digo VA037G19. Financiado por la Consejer\u00eda de Educaci\u00f3n de la Junta de Castilla y Le\u00f3n. (2019 \u2013 2021)<\/li>\n<li><strong>Estudio \u00cdcaro. Seguimiento de pacientes tratados con antipsic\u00f3ticos<\/strong> (Investigaci\u00f3n Cl\u00ednica Independiente) (2009-2013).\u00a0<a href=\"http:\/\/www.uva.es\/estudioicaro\">www.uva.es\/estudioicaro<\/a><\/li>\n<li><strong><em>Proyecto EUDRAGENE<\/em><\/strong><strong>: Influencia de los polimorfismos gen\u00e9ticos en las reacciones adversas graves a los medicamentos<\/strong>. Proyecto internacional financiado por la Comisi\u00f3n Europea (2003-2011). <a href=\"http:\/\/www.eudragene.com\/\">www.eudragene.com<\/a><\/li>\n<li><strong>Agranulocitosis \u2013 Bases gen\u00e9ticas de la agranulocitosis inducida por medicamentos<\/strong> (FIS, 2010)<\/li>\n<li><strong>Notificaci\u00f3n por pacientes. Estudio piloto para promover la notificaci\u00f3n de reacciones adversas por parte de los pacientes<\/strong> . En colaboraci\u00f3n con la Universidad de Oviedo y con la Unidad de Farmacovigilancia del Pa\u00eds Vasco. (FIS, 2011-2014).\u00a0<a href=\"http:\/\/www.yonotifico.es\">www.yonotifico.es<\/a><\/li>\n<li><strong>Generaci\u00f3n de se\u00f1ales en cohortes de pacientes tratados con distintos medicamentos<\/strong>. Proyecto colaborativo con el <em>King\u2019s College London<\/em>.<\/li>\n<li><strong>Estudio de seguimiento de pacientes que toman la \u201cp\u00edldora del d\u00eda despu\u00e9s\u201d.<\/strong> En colaboraci\u00f3n con el Colegio de Farmac\u00e9uticos de Valladolid. (2012-2014)<\/li>\n<li><strong>Proyecto Med-ePhV<\/strong><strong>:<\/strong>\u00a0<strong><em>Learning and practicing pharmacovigilance in the mediteranean countries of the EU (MED EPHV).<\/em><\/strong> (COOP-CT-2016-33016). Financiado por la Comisi\u00f3n Europea (2006 \u2013 2008). <a href=\"http:\/\/www.medephv.com\/\">www.medephv.com<\/a><\/li>\n<li><strong>Influencia de los polimorfismos gen\u00e9ticos en las hemorragias GI asociadas a f\u00e1rmacos: un estudio multic\u00e9ntrico de casos y controles<\/strong>. Proyecto nacional finaciado con los Fondos de Investigaci\u00f3n Sanitaria del Instituto de Salud Carlos III.<\/li>\n<li><strong><em>Proyecto OSIAP<\/em><\/strong><strong>: Prescripciones sospechosas. Indicadores de abuso y de farmacodependencia.<\/strong> Proyecto internacional financiado por la Comisi\u00f3n Europea<\/li>\n<li><strong><em>Proyecto Euro-Med-Stat. <\/em><\/strong><strong><em>Expenditure and Utilisation of Medical Products in the European Union Member States. <\/em><\/strong><strong><em>A Public Health Approach<\/em><\/strong>. Financiado por la Comisi\u00f3n Europea (2002-2004). Los documentos resultado de este proyecto e informaci\u00f3n acerca del mismo pueden encontrarse en la p\u00e1gina web: <a href=\"http:\/\/www.euromedstat.cnr.it\/\">www.euromedstat.cnr.it <\/a><\/li>\n<li><strong>Gastroprotecci\u00f3n en los tratamientos con antiinflamatorios no esteroideos (AINE)<\/strong>. Financiado por la Consejer\u00eda de Educaci\u00f3n y Cultura. Junta de Castilla y Le\u00f3n.<\/li>\n<li><strong>Evaluaci\u00f3n r\u00e1pida de los riesgos asociados a la utilizaci\u00f3n de medicamentos. Aplicaci\u00f3n del meta-an\u00e1lisis<\/strong><em>. <\/em>Financiado por la Consejer\u00eda de Educaci\u00f3n y Cultura. Junta de Castilla y Le\u00f3n.<\/li>\n<li><strong>Estudio sobre la competencia en Terap\u00e9utica de los estudiantes que terminan la carrera de Medicina<\/strong><em>. <\/em>Estudio multic\u00e9ntrico. Financiado por la <em>European Association of Clinical Pharmacology and Therapeutics<\/em>.<\/li>\n<li><strong><em>Euro Medicines. <\/em><\/strong><strong>Proyecto Biomed<\/strong>. Proyecto multic\u00e9ntrico europeo. Financiado por la Uni\u00f3n Europea.<\/li>\n<li><strong>Proyecto MedDRA. Traducci\u00f3n y validaci\u00f3n de una terminolog\u00eda m\u00e9dica para uso en los \u00e1mbitos reguladores de los medicamentos<\/strong> . Financiado por la Agencia Espa\u00f1ola del Medicamento.<\/li>\n<li><strong>Eficacia y seguridad de las asociaciones de antihipertensivos a dosis fijas. Un meta-an\u00e1lisis<\/strong><em>. <\/em>Convenio con laboratorios Vita-Invest SA<\/li>\n<li><strong>Evaluaci\u00f3n de los riesgos de los medicamentos a partir de la informaci\u00f3n de los Sistemas de Farmacovigilancia de Francia y Espa\u00f1a. M\u00e9todo caso-no caso<\/strong>. Financiado por la embajada de Francia en Espa\u00f1a.<\/li>\n<li><strong>Riesgo de cataratas producido por medicamentos<\/strong><em>. <\/em>Convenio con Glaxo SA. Proyecto en colaboraci\u00f3n con el Instituto de Oftalmobiolog\u00eda Aplicada (IOBA) de la Facultad de Medicina y el Departamento de Estad\u00edstica de la Facultad de Ciencias.<\/li>\n<li><strong>Eficacia de dexfenfluramina. Un meta-an\u00e1lisis<\/strong><em>. <\/em>Convenio con Laboratorios Servier.<\/li>\n<li><strong>Proyecto para el estudio de la infranotificaci\u00f3n<\/strong><em>. <\/em>Proyecto europeo de colaboraci\u00f3n entre el Centro de Farmacovigilancia de Castilla y Le\u00f3n y la Universidad de Burdeos.<\/li>\n<\/ul>\n<\/li>\n<\/ul>\n<ul>\n<li style=\"list-style-type: none;\"><\/li>\n<\/ul>\n<h2>Otros proyectos \/ estudios<\/h2>\n<p><strong>Estudio de farmacovigilancia de vacunas de la gripe estacional a trav\u00e9s de los sistemas centinela de las comunidades aut\u00f3nomas.<\/strong> (C\u00f3digo: CEN-GRI-2015-01). En colaboraci\u00f3n con los Centros de Farmacovigilancia de Extremadura, Castilla-La Mancha, Castilla y Le\u00f3n, Islas Baleares, La Rioja y Navarra.\u00a0 (2015- 2016). Coordinador: Centro de FV de\u00a0 Extremadura.<\/p>\n<p><strong>Estudio sobre las reacciones adversas asociadas a la vacuna conjugada antimeningoc\u00f3cica C<\/strong>. En colaboraci\u00f3n con los Centros de Farmacovigilancia de todas las Comunidades Aut\u00f3nomas y con el Centro Coordinador del Sistema Espa\u00f1ol de Farmacovigilancia (SEFVH). Grupo coordinador: Centro de Farmacovigilancia de Castilla y Le\u00f3n.<\/p>\n[\/vc_column_text][\/vc_column][\/vc_row][vc_row][vc_column][vc_column_text]\n<h2>Proyectos:<\/h2>\n<ul>\n<li style=\"list-style-type: none;\">\n<ul>\n<li><strong><strong>Influencia de factores cl\u00ednicos, gen\u00e9ticos y farmacol\u00f3gicos en la respuesta al tratamiento con tramadol y code\u00edna. Impacto en cl\u00ednica y desarrollo de una herramienta de ayuda a su prescripci\u00f3n. <\/strong><\/strong>Financiado por la Gerencia Regional de Salud de Castilla y Le\u00f3n. 2023<\/li>\n<li><strong>An\u00e1lisis de interacciones farmacol\u00f3gicas en el tratamiento de pacientes COVID\u201019<\/strong>.\u00a0 Financiado por la Fundaci\u00f3n Cient\u00edfica Caja Rural De Soria (2020 &#8211; 2021).<\/li>\n<li><strong>Optimizaci\u00f3n del tratamiento farmacol\u00f3gico en ancianos polimedicados a trav\u00e9s de un an\u00e1lisis farmacogen\u00e9tico<\/strong>. C\u00f3digo VA037G19. Financiado por la Consejer\u00eda de Educaci\u00f3n de la Junta de Castilla y Le\u00f3n. (2019 \u2013 2021)<\/li>\n<li><strong>Estudio \u00cdcaro. Seguimiento de pacientes tratados con antipsic\u00f3ticos<\/strong> (Investigaci\u00f3n Cl\u00ednica Independiente) (2009-2013).<\/li>\n<li><strong><em>Proyecto EUDRAGENE<\/em><\/strong><strong>: Influencia de los polimorfismos gen\u00e9ticos en las reacciones adversas graves a los medicamentos<\/strong>. Proyecto internacional financiado por la Comisi\u00f3n Europea (2003-2011).<\/li>\n<li><strong>Agranulocitosis \u2013 Bases gen\u00e9ticas de la agranulocitosis inducida por medicamentos<\/strong> (FIS, 2010)<\/li>\n<li><strong>Notificaci\u00f3n por pacientes. Estudio piloto para promover la notificaci\u00f3n de reacciones adversas por parte de los pacientes<\/strong> . En colaboraci\u00f3n con la Universidad de Oviedo y con la Unidad de Farmacovigilancia del Pa\u00eds Vasco. (FIS, 2011-2014).<\/li>\n<li><strong>Generaci\u00f3n de se\u00f1ales en cohortes de pacientes tratados con distintos medicamentos<\/strong>. Proyecto colaborativo con el <em>King\u2019s College London<\/em>.<\/li>\n<li><strong>Estudio de seguimiento de pacientes que toman la \u201cp\u00edldora del d\u00eda despu\u00e9s\u201d.<\/strong> En colaboraci\u00f3n con el Colegio de Farmac\u00e9uticos de Valladolid. (2012-2014)<\/li>\n<li><strong>Proyecto Med-ePhV<\/strong><strong>:<\/strong>\u00a0<strong><em>Learning and practicing pharmacovigilance in the mediteranean countries of the EU (MED EPHV).<\/em><\/strong> (COOP-CT-2016-33016). Financiado por la Comisi\u00f3n Europea (2006 \u2013 2008).<\/li>\n<li><strong>Influencia de los polimorfismos gen\u00e9ticos en las hemorragias GI asociadas a f\u00e1rmacos: un estudio multic\u00e9ntrico de casos y controles<\/strong>. Proyecto nacional finaciado con los Fondos de Investigaci\u00f3n Sanitaria del Instituto de Salud Carlos III.<\/li>\n<li><strong><em>Proyecto OSIAP<\/em><\/strong><strong>: Prescripciones sospechosas. Indicadores de abuso y de farmacodependencia.<\/strong> Proyecto internacional financiado por la Comisi\u00f3n Europea<\/li>\n<li><strong><em>Proyecto Euro-Med-Stat. <\/em><\/strong><strong><em>Expenditure and Utilisation of Medical Products in the European Union Member States. <\/em><\/strong><strong><em>A Public Health Approach<\/em><\/strong>. Financiado por la Comisi\u00f3n Europea (2002-2004).<\/li>\n<li><strong>Gastroprotecci\u00f3n en los tratamientos con antiinflamatorios no esteroideos (AINE)<\/strong>. Financiado por la Consejer\u00eda de Educaci\u00f3n y Cultura. Junta de Castilla y Le\u00f3n.<\/li>\n<li><strong>Evaluaci\u00f3n r\u00e1pida de los riesgos asociados a la utilizaci\u00f3n de medicamentos. Aplicaci\u00f3n del meta-an\u00e1lisis<\/strong><em>. <\/em>Financiado por la Consejer\u00eda de Educaci\u00f3n y Cultura. Junta de Castilla y Le\u00f3n.<\/li>\n<li><strong>Estudio sobre la competencia en Terap\u00e9utica de los estudiantes que terminan la carrera de Medicina<\/strong><em>. <\/em>Estudio multic\u00e9ntrico. Financiado por la <em>European Association of Clinical Pharmacology and Therapeutics<\/em>.<\/li>\n<li><strong><em>Euro Medicines. <\/em><\/strong><strong>Proyecto Biomed<\/strong>. Proyecto multic\u00e9ntrico europeo. Financiado por la Uni\u00f3n Europea.<\/li>\n<li><strong>Proyecto MedDRA. Traducci\u00f3n y validaci\u00f3n de una terminolog\u00eda m\u00e9dica para uso en los \u00e1mbitos reguladores de los medicamentos<\/strong> . Financiado por la Agencia Espa\u00f1ola del Medicamento.<\/li>\n<li><strong>Eficacia y seguridad de las asociaciones de antihipertensivos a dosis fijas. Un meta-an\u00e1lisis<\/strong><em>. <\/em>Convenio con laboratorios Vita-Invest SA<\/li>\n<li><strong>Evaluaci\u00f3n de los riesgos de los medicamentos a partir de la informaci\u00f3n de los Sistemas de Farmacovigilancia de Francia y Espa\u00f1a. M\u00e9todo caso-no caso<\/strong>. Financiado por la embajada de Francia en Espa\u00f1a.<\/li>\n<li><strong>Riesgo de cataratas producido por medicamentos<\/strong><em>. <\/em>Convenio con Glaxo SA. Proyecto en colaboraci\u00f3n con el Instituto de Oftalmobiolog\u00eda Aplicada (IOBA) de la Facultad de Medicina y el Departamento de Estad\u00edstica de la Facultad de Ciencias.<\/li>\n<li><strong>Eficacia de dexfenfluramina. Un meta-an\u00e1lisis<\/strong><em>. <\/em>Convenio con Laboratorios Servier.<\/li>\n<li><strong>Proyecto para el estudio de la infranotificaci\u00f3n<\/strong><em>. <\/em>Proyecto europeo de colaboraci\u00f3n entre el Centro de Farmacovigilancia de Castilla y Le\u00f3n y la Universidad de Burdeos.<\/li>\n<\/ul>\n<\/li>\n<\/ul>\n<ul>\n<li style=\"list-style-type: none;\"><\/li>\n<\/ul>\n<h2>Otros proyectos \/ estudios<\/h2>\n<p><strong>Estudio de farmacovigilancia de vacunas de la gripe estacional a trav\u00e9s de los sistemas centinela de las comunidades aut\u00f3nomas.<\/strong> (C\u00f3digo: CEN-GRI-2015-01). En colaboraci\u00f3n con los Centros de Farmacovigilancia de Extremadura, Castilla-La Mancha, Castilla y Le\u00f3n, Islas Baleares, La Rioja y Navarra.\u00a0 (2015- 2016). Coordinador: Centro de FV de\u00a0 Extremadura.<\/p>\n<p><strong>Estudio sobre las reacciones adversas asociadas a la vacuna conjugada antimeningoc\u00f3cica C<\/strong>. En colaboraci\u00f3n con los Centros de Farmacovigilancia de todas las Comunidades Aut\u00f3nomas y con el Centro Coordinador del Sistema Espa\u00f1ol de Farmacovigilancia (SEFVH). Grupo coordinador: Centro de Farmacovigilancia de Castilla y Le\u00f3n.[\/vc_column_text][\/vc_column][\/vc_row]\n<\/div>","protected":false},"excerpt":{"rendered":"[vc_row][vc_column][vc_column_text][\/vc_column_text][\/vc_column][\/vc_row][vc_row disable_element=\u00bbyes\u00bb][vc_column][vc_column_text]Proyectos abiertos: EuDAC : Colecci\u00f3n de muestras: C.0004197 (RNB) Objetivo Resultados Difusi\u00f3n EMPHOGEN-2 Colecci\u00f3n de muestras: C.0004196 (RNB) Objetivo Resultados Difusi\u00f3n Estudio \u00cdCARO Colecci\u00f3n de muestras: C.0004198 (RNB) Objetivo Resultados Difusi\u00f3n Proyectos cerrados: EUDRAGENE Colecci\u00f3n de muestras: C.0004197 (RNB) Objetivo Resultados Difusi\u00f3n EMPHOGEN-1 Colecci\u00f3n de muestras: C.0004196 (RNB) Objetivo Resultados Difusi\u00f3n Convenio de Colaboraci\u00f3n [&hellip;]\n","protected":false},"author":1,"featured_media":0,"parent":0,"menu_order":0,"comment_status":"closed","ping_status":"closed","template":"","meta":{"footnotes":""},"class_list":["post-535","page","type-page","status-publish","hentry"],"_links":{"self":[{"href":"http:\/\/albergueweb1.uva.es\/cesme\/wp-json\/wp\/v2\/pages\/535","targetHints":{"allow":["GET"]}}],"collection":[{"href":"http:\/\/albergueweb1.uva.es\/cesme\/wp-json\/wp\/v2\/pages"}],"about":[{"href":"http:\/\/albergueweb1.uva.es\/cesme\/wp-json\/wp\/v2\/types\/page"}],"author":[{"embeddable":true,"href":"http:\/\/albergueweb1.uva.es\/cesme\/wp-json\/wp\/v2\/users\/1"}],"replies":[{"embeddable":true,"href":"http:\/\/albergueweb1.uva.es\/cesme\/wp-json\/wp\/v2\/comments?post=535"}],"version-history":[{"count":4,"href":"http:\/\/albergueweb1.uva.es\/cesme\/wp-json\/wp\/v2\/pages\/535\/revisions"}],"predecessor-version":[{"id":1022,"href":"http:\/\/albergueweb1.uva.es\/cesme\/wp-json\/wp\/v2\/pages\/535\/revisions\/1022"}],"wp:attachment":[{"href":"http:\/\/albergueweb1.uva.es\/cesme\/wp-json\/wp\/v2\/media?parent=535"}],"curies":[{"name":"wp","href":"https:\/\/api.w.org\/{rel}","templated":true}]}}