{"id":688,"date":"2017-05-17T07:53:16","date_gmt":"2017-05-17T07:53:16","guid":{"rendered":"http:\/\/www5.uva.es\/cesme\/\/?page_id=688"},"modified":"2017-05-17T10:29:57","modified_gmt":"2017-05-17T10:29:57","slug":"enlaces","status":"publish","type":"page","link":"http:\/\/albergueweb1.uva.es\/cesme\/enlaces\/","title":{"rendered":"Enlaces"},"content":{"rendered":"<div class=\"wpb-content-wrapper\">[vc_row][vc_column][vc_column_text]<nav aria-label=\"breadcrumbs\">\n            <div class=\"breadcrumb-container theme1\">\n                <ol>\n                                    <\/ol>\n            <\/div>\n        <\/nav>    <script type=\"application\/ld+json\">\n        {\n            \"@context\": \"http:\/\/schema.org\",\n            \"@type\": \"BreadcrumbList\",\n            \"itemListElement\": [\n                            ]\n        }\n    <\/script>\n   \n    <script>\n            <\/script>\n[\/vc_column_text][\/vc_column][\/vc_row][vc_row][vc_column][vc_column_text]\n<h3><strong>Recursos de Farmacoepidemiolog\u00eda<\/strong><\/h3>\n<ul>\n<li><a href=\"http:\/\/www5.uva.es\/cesme\/wp-content\/uploads\/2017\/05\/libro_farmacoepidemiologia.pdf\" target=\"_blank\" rel=\"noopener noreferrer\">Libro de Farmacoepidemiolog\u00eda<\/a> (Carvajal et al.)<\/li>\n<li>CEIFE \u2013 <a href=\"http:\/\/www.ceife.es\/\" target=\"_blank\" rel=\"noopener noreferrer\">Centro Espa\u00f1ol de Investigaci\u00f3n Farmacoepidemiol\u00f3gica<\/a><\/li>\n<li>ISPE \u2013 <a href=\"http:\/\/www.pharmacoepi.org\/\" target=\"_blank\" rel=\"noopener noreferrer\">International Society for Pharmacoepidemiology<\/a><\/li>\n<li>SEFC \u2013 <a href=\"http:\/\/www.se-fc.org\/gestor\/index.php\" target=\"_blank\" rel=\"noopener noreferrer\">Sociedad Espa\u00f1ola de Farmacolog\u00eda Cl\u00ednica<\/a><\/li>\n<li>BIFAP \u2013 <a href=\"http:\/\/www.bifap.org\/\" target=\"_blank\" rel=\"noopener noreferrer\">Base de datos para la Investigaci\u00f3n Farmacoepidemiol\u00f3gica en Atenci\u00f3n\u00a0Primaria<\/a><\/li>\n<li>Epi Info \u2013 <a href=\"http:\/\/huespedes.cica.es\/huespedes\/epiinfo\/\" target=\"_blank\" rel=\"noopener noreferrer\">Programa de utilidad en epidemiolog\u00eda<\/a><\/li>\n<li>PubMed &#8211;<a href=\"http:\/\/www.ncbi.nlm.nih.gov\/entrez\/query.fcgi?db=PubMed\" target=\"_blank\" rel=\"noopener noreferrer\"> Base de datos de revistas biom\u00e9dicas<\/a><\/li>\n<li><a href=\"http:\/\/www.cochrane.es\/\" target=\"_blank\" rel=\"noopener noreferrer\">La Biblioteca Cochrane Plus<\/a><\/li>\n<li>ENCePP \u2013 <a href=\"http:\/\/www.encepp.eu\/\" target=\"_blank\" rel=\"noopener noreferrer\">Red Europea de Centros de Farmacoepidemiolog\u00eda y Farmacovigilancia<\/a><\/li>\n<\/ul>\n<h3><strong>Instituciones y Agencias reguladoras<\/strong><\/h3>\n<ul>\n<li>AEMPS\u00a0&#8211; <a href=\"http:\/\/www.aemps.gob.es\/\" target=\"_blank\" rel=\"noopener noreferrer\">Agencia Espa\u00f1ola de Medicamentos y Productos Sanitarios<\/a><\/li>\n<li>EMA \u2013 <a href=\"http:\/\/www.ema.europa.eu\/ema\/\" target=\"_blank\" rel=\"noopener noreferrer\">Agencia Europea del Medicamento<\/a><\/li>\n<li>FDA \u2013 <a href=\"http:\/\/www.fda.gov\/\" target=\"_blank\" rel=\"noopener noreferrer\">Food and Drug Administration<\/a><\/li>\n<li>OMS \u2013 <a href=\"http:\/\/www.who.int\/es\" target=\"_blank\" rel=\"noopener noreferrer\">Organizaci\u00f3n Mundial de la Salud<\/a><\/li>\n<li><a href=\"http:\/\/www.who-umc.org\/\" target=\"_blank\" rel=\"noopener noreferrer\">Centro de Farmacovigilancia de la OMS<\/a><\/li>\n<li><a href=\"http:\/\/heads.medagencies.org\/\" target=\"_blank\" rel=\"noopener noreferrer\">Directorio agencias de medicamentos europeas<\/a><\/li>\n<\/ul>\n<h3><strong>Sistema Espa\u00f1ol de Farmacovigilancia<\/strong><\/h3>\n<ul>\n<li><a href=\"http:\/\/www.agemed.es\/\" target=\"_blank\" rel=\"noopener noreferrer\">Centro Coordinador del Sistema Espa\u00f1ol de Farmacovigilancia<\/a><\/li>\n<li><a href=\"http:\/\/www.saludpublicaaragon.com\/\" target=\"_blank\" rel=\"noopener noreferrer\">Centro de Farmacovigilancia de Arag\u00f3n<\/a><\/li>\n<li><a href=\"http:\/\/www.unioviedo.es\/farmacovigilancia\/\" target=\"_blank\" rel=\"noopener noreferrer\">Centro de Farmacovigilancia del Principado de Asturias<\/a><\/li>\n<li><a href=\"http:\/\/www.farmacovigilanciacanarias.org\/\" target=\"_blank\" rel=\"noopener noreferrer\">Centro de Farmacovigilancia de Canarias<\/a><\/li>\n<li><a href=\"http:\/\/www.saludcantabria.es\/index.php?page=centro-de-farmacovigilancia\" target=\"_blank\" rel=\"noopener noreferrer\">Centro de Farmacovigilancia de Cantabria<\/a><\/li>\n<li><a href=\"http:\/\/www.icf.uab.es\/\" target=\"_blank\" rel=\"noopener noreferrer\">Centro de Farmacovigilancia de Catalu\u00f1a<\/a><\/li>\n<li><a href=\"http:\/\/www.san.gva.es\/web\/dgfps\/programa-de-targeta-amarilla\" target=\"_blank\" rel=\"noopener noreferrer\">Centro de Farmacovigilancia de la Comunidad Valenciana<\/a><\/li>\n<li><a href=\"http:\/\/www.madrid.org\/cs\/Satellite?cid=1163519345665&amp;language=es&amp;pagename=PortalSalud%2FPage%2FPTSA_pintarContenidoFinal&amp;vest=1142331884078\" target=\"_blank\" rel=\"noopener noreferrer\">Centro de Farmacovigilancia de la Comunidad de Madrid<\/a><\/li>\n<li><a href=\"http:\/\/www.cfnavarra.es\/bif\" target=\"_blank\" rel=\"noopener noreferrer\">Centro de Farmacovigilancia de la Comunidad Foral de Navarra\u00a0<\/a><\/li>\n<li><a href=\"http:\/\/www.osanet.euskadi.net\/r85-20361\/es\/contenidos\/informacion\/presentacion_farmaco\/es_1233\/indice_c.html\" target=\"_blank\" rel=\"noopener noreferrer\">Centro de Farmacovigilancia del Pa\u00eds Vasco<\/a><\/li>\n<li><a href=\"http:\/\/web.ceuta.es:8080\/sanidad\/farmacia\/fvigilancia.htm\" target=\"_blank\" rel=\"noopener noreferrer\">Unidad de Ceuta<\/a><\/li>\n<li><a href=\"http:\/\/farmacovigilancia.tv\/blog\/unidad-de-farmacovigilancia-de-melilla\/\" target=\"_blank\" rel=\"noopener noreferrer\">Unidad de Melilla<\/a><\/li>\n<\/ul>\n<h3><strong>Boletines de acceso libre<\/strong><\/h3>\n<ul>\n<li><a href=\"http:\/\/www.tga.gov.au\/adr\/aadrb\/aadr0404.htm\" target=\"_blank\" rel=\"noopener noreferrer\">Bolet\u00edn Australiano de Reacciones Adversas<\/a><\/li>\n<li><a href=\"http:\/\/www.hc-sc.gc.ca\/hpfb-dgpsa\/tpd-dpt\/index_adverse_newsletter_e.html\" target=\"_blank\" rel=\"noopener noreferrer\">Bolet\u00edn Canadiense de Reacciones Adversas<\/a><\/li>\n<\/ul>\n<h3><strong>Otros enlaces<\/strong><\/h3>\n<ul>\n<li>ISoP \u2013 <a href=\"http:\/\/www.isoponline.org\/\" target=\"_blank\" rel=\"noopener noreferrer\">International Society of Pharmacovigilance<\/a><\/li>\n<li>EUDRAVIGILANCE \u2013 <a href=\"http:\/\/eudravigilance.ema.europa.eu\/\" target=\"_blank\" rel=\"noopener noreferrer\">Farmacovigilancia en el Espacio Econ\u00f3mico Europeo<\/a><\/li>\n<li><a href=\"http:\/\/www.safefetus.com\/\" target=\"_blank\" rel=\"noopener noreferrer\">Informaci\u00f3n sobre medicamentos en el embarazo<\/a><\/li>\n<li><a href=\"http:\/\/www.portalfarma.com\/\" target=\"_blank\" rel=\"noopener noreferrer\">Consejo General de Colegios Oficiales de Farmac\u00e9uticos<\/a><\/li>\n<li>Estudio \u00cdcaro \u2013 <a href=\"http:\/\/www.uva.es\/estudioicaro\" target=\"_blank\" rel=\"noopener noreferrer\">Aumento de peso por f\u00e1rmacos antipsic\u00f3ticos<\/a><\/li>\n<\/ul>\n[\/vc_column_text][\/vc_column][\/vc_row]\n<\/div>","protected":false},"excerpt":{"rendered":"[vc_row][vc_column][vc_column_text][\/vc_column_text][\/vc_column][\/vc_row][vc_row][vc_column][vc_column_text] Recursos de Farmacoepidemiolog\u00eda Libro de Farmacoepidemiolog\u00eda (Carvajal et al.) CEIFE \u2013 Centro Espa\u00f1ol de Investigaci\u00f3n Farmacoepidemiol\u00f3gica ISPE \u2013 International Society for Pharmacoepidemiology SEFC \u2013 Sociedad Espa\u00f1ola de Farmacolog\u00eda Cl\u00ednica BIFAP \u2013 Base de datos para la Investigaci\u00f3n Farmacoepidemiol\u00f3gica en Atenci\u00f3n\u00a0Primaria Epi Info \u2013 Programa de utilidad en epidemiolog\u00eda PubMed &#8211; Base de datos de [&hellip;]\n","protected":false},"author":1,"featured_media":0,"parent":0,"menu_order":0,"comment_status":"closed","ping_status":"closed","template":"","meta":{"footnotes":""},"class_list":["post-688","page","type-page","status-publish","hentry"],"_links":{"self":[{"href":"http:\/\/albergueweb1.uva.es\/cesme\/wp-json\/wp\/v2\/pages\/688","targetHints":{"allow":["GET"]}}],"collection":[{"href":"http:\/\/albergueweb1.uva.es\/cesme\/wp-json\/wp\/v2\/pages"}],"about":[{"href":"http:\/\/albergueweb1.uva.es\/cesme\/wp-json\/wp\/v2\/types\/page"}],"author":[{"embeddable":true,"href":"http:\/\/albergueweb1.uva.es\/cesme\/wp-json\/wp\/v2\/users\/1"}],"replies":[{"embeddable":true,"href":"http:\/\/albergueweb1.uva.es\/cesme\/wp-json\/wp\/v2\/comments?post=688"}],"version-history":[{"count":0,"href":"http:\/\/albergueweb1.uva.es\/cesme\/wp-json\/wp\/v2\/pages\/688\/revisions"}],"wp:attachment":[{"href":"http:\/\/albergueweb1.uva.es\/cesme\/wp-json\/wp\/v2\/media?parent=688"}],"curies":[{"name":"wp","href":"https:\/\/api.w.org\/{rel}","templated":true}]}}