{"id":101,"date":"2018-10-30T17:14:17","date_gmt":"2018-10-30T17:14:17","guid":{"rendered":"http:\/\/albergueweb1.uva.es\/constitutiva\/?page_id=101"},"modified":"2021-03-19T11:01:46","modified_gmt":"2021-03-19T11:01:46","slug":"problemas-y-cambios-en-el-plan-de-trabajo","status":"publish","type":"page","link":"http:\/\/albergueweb1.uva.es\/constitutiva\/problemas-y-cambios-en-el-plan-de-trabajo\/","title":{"rendered":"Problemas y cambios en el plan de trabajo"},"content":{"rendered":"<p>[vc_row][vc_column][vc_column_text]La ejecuci\u00f3n del proyecto se ha encontrado con algunos problemas menores en su ejecuci\u00f3n, pero que no han comprometido, en lo esencial, su viabilidad.<\/p>\n<p>Antes de entrar en ellos conviene subrayar que las reuniones de coordinaci\u00f3n han servido para potenciar los resultados de difusi\u00f3n que se han enriquecido tanto cuantitativamente como cualitativamente. Dado que cont\u00e1bamos con una razonable financiaci\u00f3n hemos optado, y es una decisi\u00f3n estrat\u00e9gica, por fomentar la publicaci\u00f3n de trabajos vinculados con el proyecto. Esto nos ha permitido alumbrar un mayor n\u00famero de trabajos colectivos que los comprometidos en su d\u00eda y financiar tambi\u00e9n la publicaci\u00f3n de algunas monograf\u00edas que presentan evidente inter\u00e9s. Hemos optado, as\u00ed, por una diseminaci\u00f3n que nos parece que, frente a la derivada de congresos, es permanente y que estar\u00e1 disponible, adem\u00e1s, en open acces a partir de la finalizaci\u00f3n del proyecto de investigaci\u00f3n.<\/p>\n<p>Nos hemos encontrado con dos incidencias menores y una de mayor calado.<\/p>\n<p>La primera, puntual, ha sido que algunos gastos incluidos en el presupuesto inicial, como era el pago a expertos externos, no est\u00e1n permitidos ahora. De tal cambio de criterio hemos sido conscientes a la hora de preparar esos pagos. Afortunadamente el Grupo de Investigaci\u00f3n Reconocido (GIR) Derecho Constitucional de la Universidad de Valladolid ha tenido a bien cumplir ese gasto.<\/p>\n<p>Una segunda incidencia es que hemos debido sufragar, finalmente, sufragar con fondos externos al Proyecto de Investigaci\u00f3n, la elaboraci\u00f3n de la p\u00e1gina web del Proyecto, que en la Memoria inicial se atribu\u00eda al IP. \u00c9ste ha sido incapaz de hacer una p\u00e1gina digna, y finalmente se ha sufragado con base a un remanente de un viejo proyecto de la Fundaci\u00f3n General de la UVA y con el apoyo, parcial en este caso, del citado GIR.<\/p>\n<p>El gran problema con el que nos hemos topado es la pandemia, que ha impedido la celebraci\u00f3n de reuniones y eventos cient\u00edficos presenciales. Ha frustrado la iniciativa de establecer v\u00ednculos con otros proyectos de investigaci\u00f3n y dise\u00f1ar estrategias de cooperaci\u00f3n cient\u00edfica. Esta reuni\u00f3n se iba a celebrar, gracias a la generosidad de los responsables de los proyectos estatales de investigaci\u00f3n, los Dres. Encarnaci\u00f3n Carmona Contreras, Ana Carmona Contreras y Rafael Naranjo de la Cruz, en el Congreso de la Asociaci\u00f3n de Constitucionalistas de Espa\u00f1a que se iba a celebrar el 27 de marzo de 2020. Obviamente, el Congreso no se ha celebrado y no pareci\u00f3 oportuno perseverar con ese empe\u00f1o durante el confinamiento. Sin embargo, s\u00ed que hemos decidido intensificar el volumen de monograf\u00edas directamente vinculadas con el proyecto, aunque adicionales a las previstas en su d\u00eda, y en la organizaci\u00f3n, lamentablemente telem\u00e1tica, de un Jornada conclusiva y de evaluaci\u00f3n que se celebr\u00f3 en el mes de diciembre y sali\u00f3 muy bien. El dinero que no se ha gastado estaba reservado a la celebraci\u00f3n presencial de la Jornada conclusiva y de evaluaci\u00f3n, que ha sido el evento m\u00e1s importante que hemos organizado. Se trataba de someter al escrutinio de expertos externos al proyecto el trabajo realizado. Nuestra idea era celebrar dicha Jornada en el Tribunal Constitucional, contando con las Instituciones (TC, TEDH, CGPJ) que en su d\u00eda avalaron esta investigaci\u00f3n. Finalmente esta actividad, en la que participaron Magistrados activos y em\u00e9ritos del Tribunal Constituiconal, Supremo y de Estrasburgo debi\u00f3 realizarse telem\u00e1ticamente. Esto explica el que no se haya podido agotar \u00edntegramente la financiaci\u00f3n concedida. Dentro de esta incidencia, la parte positiva es que dicha Jornada puede ser consultada en <a href=\"https:\/\/www.fundacionmgimenezabad.es\/es\/videoteca\/jornada-espana-ante-europa-retos-nacionales-en-materia-de-derechos-humanos-jornada\">internet<\/a> por cualquier persona interesada.[\/vc_column_text][\/vc_column][\/vc_row]<\/p>\n","protected":false},"excerpt":{"rendered":"<p>[vc_row][vc_column][vc_column_text]La ejecuci\u00f3n del proyecto se ha encontrado con algunos problemas menores en su ejecuci\u00f3n, pero que no han comprometido, en lo esencial, su viabilidad. Antes de entrar en ellos conviene subrayar que las reuniones de coordinaci\u00f3n han servido para potenciar los resultados de difusi\u00f3n que se han enriquecido tanto cuantitativamente como cualitativamente. Dado que cont\u00e1bamos&hellip;<\/p>\n","protected":false},"author":1,"featured_media":0,"parent":0,"menu_order":0,"comment_status":"closed","ping_status":"closed","template":"","meta":{"_acf_changed":false,"footnotes":""},"acf":[],"_links":{"self":[{"href":"http:\/\/albergueweb1.uva.es\/constitutiva\/wp-json\/wp\/v2\/pages\/101"}],"collection":[{"href":"http:\/\/albergueweb1.uva.es\/constitutiva\/wp-json\/wp\/v2\/pages"}],"about":[{"href":"http:\/\/albergueweb1.uva.es\/constitutiva\/wp-json\/wp\/v2\/types\/page"}],"author":[{"embeddable":true,"href":"http:\/\/albergueweb1.uva.es\/constitutiva\/wp-json\/wp\/v2\/users\/1"}],"replies":[{"embeddable":true,"href":"http:\/\/albergueweb1.uva.es\/constitutiva\/wp-json\/wp\/v2\/comments?post=101"}],"version-history":[{"count":4,"href":"http:\/\/albergueweb1.uva.es\/constitutiva\/wp-json\/wp\/v2\/pages\/101\/revisions"}],"predecessor-version":[{"id":564,"href":"http:\/\/albergueweb1.uva.es\/constitutiva\/wp-json\/wp\/v2\/pages\/101\/revisions\/564"}],"wp:attachment":[{"href":"http:\/\/albergueweb1.uva.es\/constitutiva\/wp-json\/wp\/v2\/media?parent=101"}],"curies":[{"name":"wp","href":"https:\/\/api.w.org\/{rel}","templated":true}]}}