{"id":103,"date":"2018-10-30T17:30:59","date_gmt":"2018-10-30T17:30:59","guid":{"rendered":"http:\/\/albergueweb1.uva.es\/constitutiva\/?page_id=103"},"modified":"2021-03-19T11:18:58","modified_gmt":"2021-03-19T11:18:58","slug":"grupos","status":"publish","type":"page","link":"http:\/\/albergueweb1.uva.es\/constitutiva\/grupos\/","title":{"rendered":"Grupos de Investigaci\u00f3n"},"content":{"rendered":"<p>[vc_row][vc_column][vc_column_text]<\/p>\n<h3 class=\"p1\"><span class=\"s1\"><b>PROYECTO I+D: CONSTRUYENDO UN EST\u00c1NDAR EUROPEO DE PROTECCI\u00d3N DE LOS DERECHOS FUNDAMENTALES EN LA UNI\u00d3N EUROPEA (DER2013-41303<\/b><\/span>-P)<\/h3>\n<p>[\/vc_column_text][vc_column_text]<\/p>\n<h5><strong><span class=\"s2\">1- Jornada Las cl\u00e1usulas horizontales de la Carta de los derechos fundamentales de las Uni\u00f3n Europea.<\/span><\/strong><\/h5>\n<p><em><span class=\"s2\"> Organizadas por el Proyecto I+D: Construyendo un est\u00e1ndar europeo de protecci\u00f3n de los derechos fundamentales en la Uni\u00f3n Europea (DER2013-41303-P). Sevilla, 12 y 13\/07\/2017. <\/span><\/em><\/p>\n<p>&nbsp;[\/vc_column_text][\/vc_column][\/vc_row][vc_row][vc_column][vc_column_text]<\/p>\n<h3 class=\"p1\"><span class=\"s1\">PROYECTO I+D: LA NUEVA PROTECCI\u00d3N JUR\u00cdDICA DE LAS PERSONAS VULNERABLES (DER2015-69120-R) <\/span><\/h3>\n<h3 class=\"p1\"><span class=\"s1\">PROYECTO REGIONAL: EL IMPACTO DE LA JURISRPUDENCIA DEL TRIBUNAL EUROPEO DE DERECHOS HUMANOS EN EL DERECHO ESPA\u00d1OL (VA 163g18)<\/span><\/h3>\n<h5><strong><span class=\"s2\">1. Jornadas La Incidencia de la jurisprudencia del TEDH en el ordenamiento jur\u00eddico espa\u00f1ol<\/span><\/strong><\/h5>\n<p><a href=\"http:\/\/albergueweb1.uva.es\/constitutiva\/wp-content\/uploads\/2019\/04\/JurisprudenciaE.pdf\" target=\"_blank\" rel=\"noopener\">Programa<\/a><\/p>\n<p>Organizadas por el GIR \u00abProtecci\u00f3n jur\u00eddica de la familia\u00bb de la UVA en el marco del Proyecto de investigaci\u00f3n \u201cEl impacto de la jurisprudencia del Tribunal Europeo de Derechos Humanos en el Derecho espa\u00f1ol\u201d financiado por la Junta de Castilla y Le\u00f3n (VA163G18).<br \/>\nValladolid 21 y 22\/02\/2019<\/p>\n<p>&nbsp;<\/p>\n<h5><strong><span class=\"s2\">2- Jornada\u00a0Derecho a la Intimidad. Riesgos y desaf\u00edos. <\/span><\/strong>\u00a0\u00a0\u00a0 <a href=\"http:\/\/albergueweb1.uva.es\/constitutiva\/wp-content\/uploads\/2019\/03\/Intimidad.pdf\" target=\"_blank\" rel=\"noopener\">Programa<br \/>\n<\/a><\/h5>\n<p><em>Fundaci\u00f3n Manuel Gim\u00e9nez Abad, Zaragoza, 22\/03\/2019.<\/em><\/p>\n<p>Organizan: proyecto estatal DER2016-75993-P y Fundaci\u00f3n Manuel Gim\u00e9nez Abad<\/p>\n<p><span class=\"s2\">Colaboran Cortes de Arag\u00f3n, Proyectos sobre la nueva protecci\u00f3n jur\u00eddica de las personas vulnerables DER2015-69120-R (MINECO-FEDER) y sobre el impacto de la jurisprudencia del Tribunal Europeo de Derechos Humanos en el Derecho espa\u00f1ol (Orden EDU\/546\/2018, de 25 de mayo), y Grupo de Investigaci\u00f3n Reconocido en Derecho Constitucional (Un. de Valladolid). Con el Aval de la Asociaci\u00f3n de Constitucionalistas de Espa\u00f1a.<\/span><\/p>\n<p>&nbsp;[\/vc_column_text][vc_column_text]<\/p>\n<h3 class=\"p1\"><span class=\"s1\"><b>GRUPO DE INVESTIGACI\u00d3N RECONOCIDO EN DERECHO CONSTITUCIONAL DE LA UNIVERSIDAD DE VALLADOLID<\/b><\/span><\/h3>\n<h5><\/h5>\n<p>&nbsp;<\/p>\n<h5><strong>1- Ayuda financiera para el dise\u00f1o de la p\u00e1gina web del Proyecto.<\/strong><\/h5>\n<p>P\u00e1gina web dise\u00f1ada por Javier Matia y realizada por <a href=\"https:\/\/www.baianai.es\/\" target=\"_blank\" rel=\"noopener\">Baianai<\/a><\/p>\n<p>&nbsp;<\/p>\n<h5><strong>2- Jornada de Trabajo sobre Informes nacionales sobre la actuaci\u00f3n del Tribunal Europeo de Derechos Humanos.\u00a0\u00a0\u00a0\u00a0 <a href=\"http:\/\/albergueweb1.uva.es\/constitutiva\/wp-content\/uploads\/2019\/03\/Informes.pdf\" target=\"_blank\" rel=\"noopener\">Programa<\/a><\/strong><\/h5>\n<p><span class=\"s2\"><i>Centro de Estudios Pol\u00edticos y Constitucionales.\u00a0Madrid, 26\/10\/2017. <\/i><\/span><\/p>\n<p><span class=\"s2\">Colabora el Centro de Estudios Pol\u00edticos y Constitucionales y el Grupo de Investigaci\u00f3n Reconocido en Derecho Constitucional (Un. de Valladolid). Con el Aval de la Asociaci\u00f3n de Constitucionalistas de Espa\u00f1a.<\/span><\/p>\n<p>&nbsp;<\/p>\n<h5><strong>3- Jornada de Trabajo Espa\u00f1a ante Europa: retos nacionales en materia de Derechos Humanos. La visi\u00f3n de los expertos.\u00a0\u00a0\u00a0\u00a0 <a href=\"http:\/\/albergueweb1.uva.es\/constitutiva\/wp-content\/uploads\/2019\/03\/Expertos.pdf\" target=\"_blank\" rel=\"noopener\">Programa<\/a><\/strong><\/h5>\n<p><span class=\"s2\"><i>Centro de Estudios Pol\u00edticos y Constitucionales.\u00a0Madrid, 27\/10\/2017. <\/i><\/span><\/p>\n<p><span class=\"s2\">Colabora el Centro de Estudios Pol\u00edticos y Constitucionales y el Grupo de Investigaci\u00f3n Reconocido en Derecho Constitucional (Un. de Valladolid). Con el Aval de la Asociaci\u00f3n de Constitucionalistas de Espa\u00f1a.<\/span><\/p>\n<p>&nbsp;<\/p>\n<h5><strong><span class=\"s2\">4- Jornada de Trabajo. Fase II del Proyecto. <\/span><\/strong> <a href=\"http:\/\/albergueweb1.uva.es\/constitutiva\/wp-content\/uploads\/2019\/03\/FaseII.pdf\" target=\"_blank\" rel=\"noopener\">Programa<\/a><\/h5>\n<p><span class=\"s2\"><i><em>Instituto de Estudios Europeos y Facultad de Derecho,Valladolid, 12 y 13\/07\/2018<\/em>. <\/i><\/span><\/p>\n<p><span class=\"s2\">Colaboran el Instituto de Estudios Europeos y el Grupo de Investigaci\u00f3n Reconocido en Derecho Constitucional (Un. de Valladolid). Con el Aval de la Asociaci\u00f3n de Constitucionalistas de Espa\u00f1a.<\/span><\/p>\n<p>&nbsp;<\/p>\n<h5><strong><span class=\"s2\">5- <\/span><\/strong><strong><span class=\"s2\">Jornada\u00a0Derecho a la Intimidad. Riesgos y desaf\u00edos. <\/span><\/strong>\u00a0\u00a0\u00a0 <a href=\"http:\/\/albergueweb1.uva.es\/constitutiva\/wp-content\/uploads\/2019\/03\/Intimidad.pdf\" target=\"_blank\" rel=\"noopener\">Programa<\/a><\/h5>\n<p><em>Fundaci\u00f3n Manuel Gim\u00e9nez Abad, Zaragoza, 22\/03\/2019.<\/em><\/p>\n<p>Organizan: proyecto estatal DER2016-75993-P y Fundaci\u00f3n Manuel Gim\u00e9nez Abad<\/p>\n<p>&nbsp;<\/p>\n<h5><strong><span class=\"s2\">6- Seminario sobre el cumplimiento de las Sentencias de la Corte Interamericana de Derechos Humanso en perspectiva comparada<\/span><\/strong><strong><span class=\"s2\">. <\/span><\/strong> <a href=\"http:\/\/albergueweb1.uva.es\/constitutiva\/wp-content\/uploads\/2020\/12\/Diptico-Seminario-Fin.pdf\" target=\"_blank\" rel=\"noopener\">Programa<\/a><\/h5>\n<p><em>Unversidad El Externado. Bogot\u00e1, 23\/08\/2019.<\/em><\/p>\n<p>Colaboran la Universidad El Externado, el Grupo de Investigaci\u00f3n Derecho Constitucional y el Instituto de Estudios Europos de la Universidad de Valladolid.<\/p>\n<p>&nbsp;<\/p>\n<h5><strong><span class=\"s2\">7- Jornada conclusiva y de divulgaci\u00f3n del Proyecto<\/span><\/strong><strong><span class=\"s2\">. <a href=\"https:\/\/youtu.be\/Rhhw9-ronTY\" target=\"_blank\" rel=\"noopener\">Video promocional<\/a> \/\u00a0 <\/span><\/strong> <a href=\"http:\/\/albergueweb1.uva.es\/constitutiva\/wp-content\/uploads\/2021\/02\/Programa_definitivo_Derechos_Humanos_17dic.pdf\" target=\"_blank\" rel=\"noopener\">Programa<\/a><\/h5>\n<p><em>Virtual, 17\/12\/2020.<\/em><\/p>\n<p>Colaboran la Fundaci\u00f3n Manuel Gim\u00e9nez Abad, las Cortes de Arag\u00f3n, el GIr Derecho Constitucional y el Instituto de Estudios Europos de la Universidad de Valladolid.<\/p>\n<p>&nbsp;[\/vc_column_text][\/vc_column][\/vc_row][vc_row][vc_column][\/vc_column][\/vc_row]<\/p>\n","protected":false},"excerpt":{"rendered":"<p>[vc_row][vc_column][vc_column_text] PROYECTO I+D: CONSTRUYENDO UN EST\u00c1NDAR EUROPEO DE PROTECCI\u00d3N DE LOS DERECHOS FUNDAMENTALES EN LA UNI\u00d3N EUROPEA (DER2013-41303-P) [\/vc_column_text][vc_column_text] 1- Jornada Las cl\u00e1usulas horizontales de la Carta de los derechos fundamentales de las Uni\u00f3n Europea. Organizadas por el Proyecto I+D: Construyendo un est\u00e1ndar europeo de protecci\u00f3n de los derechos fundamentales en la Uni\u00f3n Europea (DER2013-41303-P).&hellip;<\/p>\n","protected":false},"author":1,"featured_media":0,"parent":0,"menu_order":0,"comment_status":"closed","ping_status":"closed","template":"","meta":{"_acf_changed":false,"footnotes":""},"acf":[],"_links":{"self":[{"href":"http:\/\/albergueweb1.uva.es\/constitutiva\/wp-json\/wp\/v2\/pages\/103"}],"collection":[{"href":"http:\/\/albergueweb1.uva.es\/constitutiva\/wp-json\/wp\/v2\/pages"}],"about":[{"href":"http:\/\/albergueweb1.uva.es\/constitutiva\/wp-json\/wp\/v2\/types\/page"}],"author":[{"embeddable":true,"href":"http:\/\/albergueweb1.uva.es\/constitutiva\/wp-json\/wp\/v2\/users\/1"}],"replies":[{"embeddable":true,"href":"http:\/\/albergueweb1.uva.es\/constitutiva\/wp-json\/wp\/v2\/comments?post=103"}],"version-history":[{"count":12,"href":"http:\/\/albergueweb1.uva.es\/constitutiva\/wp-json\/wp\/v2\/pages\/103\/revisions"}],"predecessor-version":[{"id":567,"href":"http:\/\/albergueweb1.uva.es\/constitutiva\/wp-json\/wp\/v2\/pages\/103\/revisions\/567"}],"wp:attachment":[{"href":"http:\/\/albergueweb1.uva.es\/constitutiva\/wp-json\/wp\/v2\/media?parent=103"}],"curies":[{"name":"wp","href":"https:\/\/api.w.org\/{rel}","templated":true}]}}