{"id":109,"date":"2018-10-30T18:07:15","date_gmt":"2018-10-30T18:07:15","guid":{"rendered":"http:\/\/albergueweb1.uva.es\/constitutiva\/?page_id=109"},"modified":"2021-03-19T12:28:59","modified_gmt":"2021-03-19T12:28:59","slug":"formacion","status":"publish","type":"page","link":"http:\/\/albergueweb1.uva.es\/constitutiva\/formacion\/","title":{"rendered":"Formaci\u00f3n y Movilidad"},"content":{"rendered":"<p>[vc_row][vc_column][vc_column_text]<\/p>\n<div class=\"vc-container\">\n<div class=\"vc-row-container container\">\n<div class=\"vc_row wpb_row vc_row-fluid\">\n<div class=\"wpb_column vc_column_container vc_col-sm-12\">\n<div class=\"vc_column-inner \">\n<div class=\"wpb_wrapper\">\n<div class=\"wpb_text_column wpb_content_element post-formatting \">\n<div class=\"wpb_wrapper\">\n<div class=\"wpb_text_column wpb_content_element post-formatting \">\n<div class=\"wpb_wrapper\">\n<div class=\"wpb_text_column wpb_content_element post-formatting \">\n<div class=\"wpb_wrapper\">\n<div class=\"wpb_text_column wpb_content_element post-formatting \">\n<div class=\"wpb_wrapper\">\n<div class=\"wpb_text_column wpb_content_element post-formatting \">\n<div class=\"wpb_wrapper\">\n<div class=\"wpb_text_column wpb_content_element post-formatting \">\n<div class=\"wpb_wrapper\">\n<div class=\"wpb_text_column wpb_content_element post-formatting \">\n<div class=\"wpb_wrapper\">\n<div class=\"wpb_text_column wpb_content_element post-formatting \">\n<div class=\"wpb_wrapper\">\n<div class=\"wpb_text_column wpb_content_element post-formatting \">\n<div class=\"wpb_wrapper\">\n<div class=\"wpb_text_column wpb_content_element post-formatting \">\n<div class=\"wpb_wrapper\">\n<div class=\"wpb_text_column wpb_content_element post-formatting \">\n<div class=\"wpb_wrapper\">\n<h5><strong><span class=\"s2\">1- Estancia predoctoral en el Center for criminilogy (Un. de Oxford, 01\/03\/2017-21\/05\/2017).<\/span><\/strong><\/h5>\n<p><em><span class=\"s2\">Alejandro de Pablo<\/span><\/em><\/p>\n<p><span class=\"s2\">(sin coste para el proyecto) <\/span><\/p>\n<\/div>\n<\/div>\n<p>&nbsp;<\/p>\n<h5><strong><span class=\"s2\">2- Estancia Erasmus Universidad de Bolonia (Campus de Ravenna, 08-12\/05\/2017).<\/span><\/strong><\/h5>\n<p><em><span class=\"s2\">Francisco Javier Matia Portilla<\/span><\/em><\/p>\n<p><span class=\"s2\">(sin coste para el proyecto. Ver apartado <a href=\"http:\/\/albergueweb1.uva.es\/constitutiva\/eventos\/\" target=\"_blank\" rel=\"noopener\">eventos<\/a>) <\/span><\/p>\n<\/div>\n<\/div>\n<p>&nbsp;<\/p>\n<h5><strong><span class=\"s2\">3- Estancia predoctoral en la Facultad de Derecho de Buenos Aires (01\/04-2018-01\/07\/2018).<\/span><\/strong><\/h5>\n<p><em><span class=\"s2\">Alejandro de Pablo<\/span><\/em><\/p>\n<p><span class=\"s2\">(sin coste para el proyecto. Ver apartado <a href=\"http:\/\/albergueweb1.uva.es\/constitutiva\/capitulos\/\" target=\"_blank\" rel=\"noopener\">cap\u00edtulos<\/a>) <\/span><\/p>\n<\/div>\n<\/div>\n<p>&nbsp;<\/p>\n<h5><strong><span class=\"s2\">4-<\/span><\/strong><strong><span class=\"s2\">Estancia Erasmus Universidad de Tur\u00edn (Campus de Ravenna, 07-11\/05\/2018<\/span><\/strong><strong><span class=\"s2\">).<\/span><\/strong><\/h5>\n<p><em><span class=\"s2\">Francisco Javier Matia Portilla<\/span><\/em><\/p>\n<p><span class=\"s2\">(sin coste para el proyecto. Ver apartado <a href=\"http:\/\/albergueweb1.uva.es\/constitutiva\/eventos\/\" target=\"_blank\" rel=\"noopener\">eventos<\/a>) <\/span><\/p>\n<p>&nbsp;<\/p>\n<\/div>\n<\/div>\n<\/div>\n<\/div>\n<h5><strong><span class=\"s2\">5- Estancia postdoctoral en la Un. de Versailles Saint-Quentin-En-Yvelins (Francia) (de 27\/04\/2018 a 28\/07\/2018).<\/span><\/strong><\/h5>\n<p><em><span class=\"s2\">Graciela L\u00f3pez de la Fuente<\/span><\/em><\/p>\n<p><span class=\"s2\">(sin coste para el proyecto. Ver apartados <a href=\"http:\/\/albergueweb1.uva.es\/constitutiva\/libros\/\" target=\"_blank\" rel=\"noopener\">Libros<\/a> y <a href=\"http:\/\/albergueweb1.uva.es\/constitutiva\/eventos\/\" target=\"_blank\" rel=\"noopener\">eventos<\/a>) <\/span><\/p>\n<p>&nbsp;<\/p>\n<h5><strong><span class=\"s2\">6- Beca predoctoral en la Universidad de Tur\u00edn (11\/09\/2019-12\/12\/2018).<\/span><\/strong><\/h5>\n<p><em><span class=\"s2\">Andr\u00e9s Iv\u00e1n Due\u00f1as Castrillo<\/span><\/em><\/p>\n<p><span class=\"s2\">(sin coste para el proyecto. Ver apartado <a href=\"http:\/\/albergueweb1.uva.es\/constitutiva\/eventos\/\" target=\"_blank\" rel=\"noopener\">eventos<\/a>) <\/span><\/p>\n<p>&nbsp;<\/p>\n<\/div>\n<\/div>\n<div class=\"wpb_text_column wpb_content_element post-formatting \">\n<div class=\"wpb_wrapper\">\n<h5><strong><span class=\"s2\">7- Estancia Erasmus en la Un. de Valladolid (4 a 8\/03\/2019).<\/span><\/strong><\/h5>\n<p><em><span class=\"s2\">Adam Krzywon<\/span><\/em><\/p>\n<p><span class=\"s2\">(sin coste para el proyecto. Ver apartado <a href=\"http:\/\/albergueweb1.uva.es\/constitutiva\/eventos\/\" target=\"_blank\" rel=\"noopener\">eventos<\/a>) <\/span><\/p>\n<\/div>\n<\/div>\n<\/div>\n<\/div>\n<p>&nbsp;<\/p>\n<div class=\"wpb_text_column wpb_content_element post-formatting \">\n<div class=\"wpb_wrapper\">\n<h5><strong><span class=\"s2\">8- Estancia Erasmus en la Universidad de Lubiana (15 a 19\/04\/2019).<\/span><\/strong><\/h5>\n<p><em><span class=\"s2\">Anna Lorenzetti<\/span><\/em><\/p>\n<p><span class=\"s2\">(sin coste para el proyecto) <\/span><\/p>\n<\/div>\n<\/div>\n<p>&nbsp;<\/p>\n<h5><strong><span class=\"s2\">9- Beca predoctoral en la Universidad Nacional de M\u00e9xico (23\/01\/2019 a 23\/05\/2019).<\/span><\/strong><\/h5>\n<p><em><span class=\"s2\">Andr\u00e9s Iv\u00e1n Due\u00f1as Castrillo<\/span><\/em><\/p>\n<p><span class=\"s2\">(sin coste para el proyecto. Ver apartado <a href=\"http:\/\/albergueweb1.uva.es\/constitutiva\/eventos\/\" target=\"_blank\" rel=\"noopener\">eventos<\/a>) <\/span><\/p>\n<\/div>\n<\/div>\n<\/div>\n<\/div>\n<p>&nbsp;<\/p>\n<h5><strong><span class=\"s2\">10- Estancia Erasmus en la Un. degli Studi del Sannio Benevento (20 a 24\/05\/2019).<\/span><\/strong><\/h5>\n<p><em><span class=\"s2\">Francisco Javier Matia Portilla<\/span><\/em><\/p>\n<p><span class=\"s2\">(sin coste para el proyecto. Ver apartado <a href=\"http:\/\/albergueweb1.uva.es\/constitutiva\/eventos\/\" target=\"_blank\" rel=\"noopener\">eventos<\/a>) <\/span><\/p>\n<p>&nbsp;<\/p>\n<p>&nbsp;<\/p>\n<\/div>\n<\/div>\n<\/div>\n<div class=\"wpb_text_column wpb_content_element post-formatting \">\n<div class=\"wpb_wrapper\">\n<h5><strong><span class=\"s2\">11- Estancia en el Madrid Institute for Advanced Studies (de 09\/2019 a 02\/2020).<\/span><\/strong><\/h5>\n<p><em><span class=\"s2\">Adam Krzywon<\/span><\/em><\/p>\n<p><span class=\"s2\">(sin coste para el proyecto. Ver apartado <a href=\"http:\/\/albergueweb1.uva.es\/constitutiva\/eventos\/\" target=\"_blank\" rel=\"noopener\">eventos<\/a>) <\/span><\/p>\n<\/div>\n<\/div>\n<p>&nbsp;<\/p>\n<div class=\"wpb_wrapper\">\n<h5><strong><span class=\"s2\">12- Estancia Erasmus Un. degli Studi Federico II de Napol\u00e9s (23 a 27\/09\/2019).<\/span><\/strong><\/h5>\n<p><em><span class=\"s2\">Andr\u00e9s Iv\u00e1n Due\u00f1as Castrillo<\/span><\/em><\/p>\n<p><span class=\"s2\">(sin coste para el proyecto. Ver apartado <a href=\"http:\/\/albergueweb1.uva.es\/constitutiva\/eventos\/\" target=\"_blank\" rel=\"noopener\">eventos<\/a>) <\/span><\/p>\n<\/div>\n<\/div>\n<p>&nbsp;<\/p>\n<\/div>\n<\/div>\n<\/div>\n<\/div>\n<\/div>\n<div class=\"vc-row-container container\">\n<div class=\"vc_row wpb_row vc_row-fluid\">\n<div class=\"wpb_column vc_column_container vc_col-sm-12\">\n<div class=\"vc_column-inner \">\n<div class=\"wpb_wrapper\">\n<div class=\"wpb_text_column wpb_content_element post-formatting \">\n<div class=\"wpb_wrapper\">\n<h5><strong><span class=\"s2\">13- Estancia Erasmus Un. de Bolonia (2 a 6\/12\/2019).<\/span><\/strong><\/h5>\n<p><em><span class=\"s2\">Andr\u00e9s Iv\u00e1n Due\u00f1as Castrillo<\/span><\/em><\/p>\n<p><span class=\"s2\">(sin coste para el proyecto. Ver apartado <a href=\"http:\/\/albergueweb1.uva.es\/constitutiva\/eventos\/\" target=\"_blank\" rel=\"noopener\">eventos<\/a>)<\/span><\/p>\n<p>&nbsp;<\/p>\n<\/div>\n<\/div>\n<div class=\"wpb_text_column wpb_content_element post-formatting \">\n<div class=\"wpb_wrapper\">\n<h5><strong><span class=\"s2\">14- Estancia postdoctoral en la Un. de Coimbra (01\/07\/2019-30\/09\/2019).<\/span><\/strong><\/h5>\n<p><em><span class=\"s2\">Luis Delgado del Rinc\u00f3n<\/span><\/em><\/p>\n<p><span class=\"s2\">(sin coste para el proyecto. Ver apartados de publicaciones y <a href=\"http:\/\/albergueweb1.uva.es\/constitutiva\/eventos\/\" target=\"_blank\" rel=\"noopener\">eventos<\/a>)<br \/>\n<\/span><\/p>\n<p>&nbsp;<\/p>\n<\/div>\n<\/div>\n<div class=\"wpb_text_column wpb_content_element post-formatting \">\n<div class=\"wpb_wrapper\">\n<h5><strong><span class=\"s2\">15- Estancia Erasmus en la Un. LUMSA de Roma (9 a 13\/12\/2019).<\/span><\/strong><\/h5>\n<p><em><span class=\"s2\">Alberto Macho Carro<\/span><\/em><\/p>\n<p><span class=\"s2\">(sin coste para el proyecto. Ver apartado <a href=\"http:\/\/albergueweb1.uva.es\/constitutiva\/eventos\/\" target=\"_blank\" rel=\"noopener\">eventos<\/a>) <\/span><\/p>\n<p>&nbsp;<\/p>\n<\/div>\n<\/div>\n<div class=\"wpb_text_column wpb_content_element post-formatting \">\n<div class=\"wpb_wrapper\">\n<h5><strong><span class=\"s2\">16- Estancia postdoctoral en el Tribunal Europeo de Derechos Humanos (10\/2019 a 12\/2019).<\/span><\/strong><\/h5>\n<p><em><span class=\"s2\">Ignacio \u00c1lvarez Rodr\u00edguez<\/span><\/em><\/p>\n<p><span class=\"s2\">(sin coste para el proyecto. Ver apartado <a href=\"http:\/\/albergueweb1.uva.es\/constitutiva\/eventos\/\" target=\"_blank\" rel=\"noopener\">eventos<\/a>) <\/span><\/p>\n<\/div>\n<\/div>\n<\/div>\n<div class=\"wpb_text_column wpb_content_element post-formatting \">\n<div class=\"wpb_wrapper\">\n<p>&nbsp;<\/p>\n<\/div>\n<\/div>\n<div class=\"wpb_text_column wpb_content_element post-formatting \">\n<div class=\"wpb_wrapper\">\n<h5><strong><span class=\"s2\">17- Estancia postdoctoral en el Centro de Investigaciones Europeas de la Universidad de Estrasburgo (10\/2019 a 12\/2019).<\/span><\/strong><\/h5>\n<p><em><span class=\"s2\">Ignacio \u00c1lvarez Rodr\u00edguez<\/span><\/em><\/p>\n<p><span class=\"s2\">(sin coste para el proyecto. Ver apartado <a href=\"http:\/\/albergueweb1.uva.es\/constitutiva\/eventos\/\" target=\"_blank\" rel=\"noopener\">eventos<\/a>) <\/span><\/p>\n<p>&nbsp;<\/p>\n<\/div>\n<\/div>\n<div class=\"wpb_text_column wpb_content_element post-formatting \">\n<div class=\"wpb_wrapper\">\n<h5><strong><span class=\"s2\">18- Estancia predoctoral en el Instituto Europeo de Florencia (09\/2020 a 12\/2019).<\/span><\/strong><\/h5>\n<p><em><span class=\"s2\">Alberto Macho Carro<\/span><\/em><\/p>\n<p><span class=\"s2\">(sin coste para el proyecto. Ver apartado <a href=\"http:\/\/albergueweb1.uva.es\/constitutiva\/eventos\/\" target=\"_blank\" rel=\"noopener\">eventos<\/a>) <\/span><\/p>\n<\/div>\n<\/div>\n<div class=\"wpb_wrapper\">\n<p>&nbsp;<\/p>\n<\/div>\n<\/div>\n<\/div>\n<\/div>\n<\/div>\n<\/div>\n<p>[\/vc_column_text][\/vc_column][\/vc_row]<\/p>\n","protected":false},"excerpt":{"rendered":"<p>[vc_row][vc_column][vc_column_text] 1- Estancia predoctoral en el Center for criminilogy (Un. de Oxford, 01\/03\/2017-21\/05\/2017). Alejandro de Pablo (sin coste para el proyecto) &nbsp; 2- Estancia Erasmus Universidad de Bolonia (Campus de Ravenna, 08-12\/05\/2017). Francisco Javier Matia Portilla (sin coste para el proyecto. Ver apartado eventos) &nbsp; 3- Estancia predoctoral en la Facultad de Derecho de Buenos&hellip;<\/p>\n","protected":false},"author":1,"featured_media":0,"parent":0,"menu_order":0,"comment_status":"closed","ping_status":"closed","template":"","meta":{"_acf_changed":false,"footnotes":""},"acf":[],"_links":{"self":[{"href":"http:\/\/albergueweb1.uva.es\/constitutiva\/wp-json\/wp\/v2\/pages\/109"}],"collection":[{"href":"http:\/\/albergueweb1.uva.es\/constitutiva\/wp-json\/wp\/v2\/pages"}],"about":[{"href":"http:\/\/albergueweb1.uva.es\/constitutiva\/wp-json\/wp\/v2\/types\/page"}],"author":[{"embeddable":true,"href":"http:\/\/albergueweb1.uva.es\/constitutiva\/wp-json\/wp\/v2\/users\/1"}],"replies":[{"embeddable":true,"href":"http:\/\/albergueweb1.uva.es\/constitutiva\/wp-json\/wp\/v2\/comments?post=109"}],"version-history":[{"count":9,"href":"http:\/\/albergueweb1.uva.es\/constitutiva\/wp-json\/wp\/v2\/pages\/109\/revisions"}],"predecessor-version":[{"id":575,"href":"http:\/\/albergueweb1.uva.es\/constitutiva\/wp-json\/wp\/v2\/pages\/109\/revisions\/575"}],"wp:attachment":[{"href":"http:\/\/albergueweb1.uva.es\/constitutiva\/wp-json\/wp\/v2\/media?parent=109"}],"curies":[{"name":"wp","href":"https:\/\/api.w.org\/{rel}","templated":true}]}}