{"id":111,"date":"2018-10-30T18:07:40","date_gmt":"2018-10-30T18:07:40","guid":{"rendered":"http:\/\/albergueweb1.uva.es\/constitutiva\/?page_id=111"},"modified":"2019-04-01T16:12:36","modified_gmt":"2019-04-01T16:12:36","slug":"internacionalizacion","status":"publish","type":"page","link":"http:\/\/albergueweb1.uva.es\/constitutiva\/internacionalizacion\/","title":{"rendered":"Internacionalizaci\u00f3n"},"content":{"rendered":"<p>[vc_row][vc_column][vc_column_text]En relaci\u00f3n con las actividades de internacionalizaci\u00f3n habr\u00eda que rese\u00f1ar, en primer lugar, las actividades directamente financiadas por el proyecto que haya tenido lugar en centros internacionales o que presenten relevancia internacional, aunque se realicen en nuestro pa\u00eds.<\/p>\n<p>El proyecto ha financiado la presencia de determinados miembros del equipo en diversos foros:<\/p>\n<ul>\n<li>Ignacio \u00c1lvarez Rodriguez en el Congreso Universitario Internacional sobre la comunicaci\u00f3n en la profesi\u00f3n y en la Universidad de hoy, celebrado en Sevilla, en el que ha presentado una ponencia sobre libertad\u00a0 de expresi\u00f3n y redes sociales, que ha generado sendas publicaciones [ALVAREZ 05 y 06].<\/li>\n<li>\u00a0Andr\u00e9s Iv\u00e1n Due\u00f1as Castrillo en el Congreso Internacional Italo-Iberoamericano de Derecho Constitucional \u201cEl federalismo en tiempo de transici\u00f3n\u201d, con la ponencia \u201cComunidades Aut\u00f3nomas y participaci\u00f3n: \u00bfposibilidad de una renovaci\u00f3n de la democracia representativa?\u201d, organizado por el Centro Studi sul Federalismo y el Instituto Iberoamericano de Derecho Constitucional, en colaboraci\u00f3n con la Fundaci\u00f3n Manuel Gim\u00e9nez Abad, Tur\u00edn (Italia), 16 y 17 de octubre de 2017, que ha generado una publicaci\u00f3n [DUE\u00d1AS 03] (Tur\u00edn, 2017)<\/li>\n<li>Javier Matia en las Jornadas Las cl\u00e1usulas horizontales de la Carta de los Derechos fundamentales de la Uni\u00f3n Europea. Manual de uso, organizadas por el proyecto de investigaci\u00f3n estatal I+D Construyendo un est\u00e1ndar europeo de protecci\u00f3n de los derechos fundamentales en la Uni\u00f3n Europea (DER2013-41303-P), en el que present\u00f3 la ponencia La europeizaci\u00f3n de los derechos fundamentales de la Constituci\u00f3n espa\u00f1ola tras la entrada en vigor de la Carta (Sevilla 2017).<\/li>\n<li>Alicia Gonz\u00e1lez y Ricardo Alonso (experto externo) en el II Encuentro Anual sobre Jurisprudencia Europea, organizado por el Centro Espa\u00f1ol del European Law Institute, en la que Alicia Gonz\u00e1lez Alonso intervino en relaci\u00f3n con \u201c\u201cEl acceso al TEDH (tras la modificaci\u00f3n del art\u00edculo 47 del Reglamento TEDH)\u201d y Ricardo Alonso (experto externo) disert\u00f3 sobre \u201c\u201cLa relaci\u00f3n entre el TEDH y el TJUE en la protecci\u00f3n de los derechos fundamentales\u201d (Granada 2017).<\/li>\n<li>Rafael Bellido ha asistido en el Congreso Internacional sobre La Orden Europea de investigaci\u00f3n y la prueba transfronteriza en la UE (Sevilla 2018).<\/li>\n<li>Luis Delgado del Rinc\u00f3n ha participado en el Congreso Sostenibilidad, ambiente, justicia social, nuevas dimensiones del Derecho Constitucional, donde present\u00f3 una comunicaci\u00f3n bajo el t\u00edtulo \u201cEl derecho a la calidad de vida ambiental: la controvertida creaci\u00f3n jurisprudencial de un nuevo derecho fundamental a partir de la recepci\u00f3n por el Tribunal Constitucional espa\u00f1ol de la doctrina fijada por el Tribunal Europeo de Derechos Humanos\u201d, posteriormente publicada en [DELGADO 02] (Parma, 2017)<\/li>\n<li>Ignacio \u00c1lvarez y Andr\u00e9s Iv\u00e1n Due\u00f1as han presentado tres comunicaciones al IV Congreso Internacional sobre Perspectivas del Constitucionalismo Contempor\u00e1neo sobre Perspectivas del Constitucionalismo Contempor\u00e1neo, que versan sobre \u201cReflexiones al hilo de la reforma de la Constituci\u00f3n con perspectiva de g\u00e9nero\u201d, del profesor \u00c1lvarez, y sobre \u201cUna aproximaci\u00f3n de la forma de gobierno en las Regiones italianas y en las Comunidades Aut\u00f3nomas espa\u00f1olas. \u00bfUn nuevo escenario en la democracia representativa?\u201d y \u201cLa evoluci\u00f3n de los sistemas electorales de las Regiones italianas\u201d, del profesor Due\u00f1as. Todas ellas dar\u00e1n lugar a la pertinente publicaci\u00f3n.<\/li>\n<\/ul>\n<p>La internacionalizaci\u00f3n se consigue tambi\u00e9n con la diseminaci\u00f3n de resultados de investigaci\u00f3n en foros internacionales. En el apartado <a href=\"http:\/\/albergueweb1.uva.es\/constitutiva\/eventos\/\" target=\"_blank\" rel=\"noopener\">eventos<\/a> se recogen varias decenas de intervenciones en congresos, jornadas y eventos cient\u00edficos que cumplen dicha condici\u00f3n, impartidas en suelo europeo y americano, a las que nos remitimos son m\u00e1s tr\u00e1mite.<\/p>\n<p>Finalmente, la internacionalizaci\u00f3n se obtiene tambi\u00e9n a trav\u00e9s de la publicaci\u00f3n de estudios que presentan especial inter\u00e9s dentro y fuera de nuestras fronteras. Esto ocurre, con toda seguridad, con el volumen colectivo sobre informes estatales europeos relacionados con el Tribunal Europeo de Derechos Humanos, que recogen estudios sobre Alemania, Francia, Espa\u00f1a, Italia y Polonia [L01]. En agosto se prev\u00e9 una Jornada sim\u00e9trica en Bogot\u00e1, y dar\u00e1 lugar a la publicaci\u00f3n de un volumen colectivo en M\u00e9xico y Argentina.[\/vc_column_text][\/vc_column][\/vc_row]<\/p>\n","protected":false},"excerpt":{"rendered":"<p>[vc_row][vc_column][vc_column_text]En relaci\u00f3n con las actividades de internacionalizaci\u00f3n habr\u00eda que rese\u00f1ar, en primer lugar, las actividades directamente financiadas por el proyecto que haya tenido lugar en centros internacionales o que presenten relevancia internacional, aunque se realicen en nuestro pa\u00eds. El proyecto ha financiado la presencia de determinados miembros del equipo en diversos foros: Ignacio \u00c1lvarez Rodriguez&hellip;<\/p>\n","protected":false},"author":1,"featured_media":0,"parent":0,"menu_order":0,"comment_status":"closed","ping_status":"closed","template":"","meta":{"_acf_changed":false,"footnotes":""},"acf":[],"_links":{"self":[{"href":"http:\/\/albergueweb1.uva.es\/constitutiva\/wp-json\/wp\/v2\/pages\/111"}],"collection":[{"href":"http:\/\/albergueweb1.uva.es\/constitutiva\/wp-json\/wp\/v2\/pages"}],"about":[{"href":"http:\/\/albergueweb1.uva.es\/constitutiva\/wp-json\/wp\/v2\/types\/page"}],"author":[{"embeddable":true,"href":"http:\/\/albergueweb1.uva.es\/constitutiva\/wp-json\/wp\/v2\/users\/1"}],"replies":[{"embeddable":true,"href":"http:\/\/albergueweb1.uva.es\/constitutiva\/wp-json\/wp\/v2\/comments?post=111"}],"version-history":[{"count":6,"href":"http:\/\/albergueweb1.uva.es\/constitutiva\/wp-json\/wp\/v2\/pages\/111\/revisions"}],"predecessor-version":[{"id":370,"href":"http:\/\/albergueweb1.uva.es\/constitutiva\/wp-json\/wp\/v2\/pages\/111\/revisions\/370"}],"wp:attachment":[{"href":"http:\/\/albergueweb1.uva.es\/constitutiva\/wp-json\/wp\/v2\/media?parent=111"}],"curies":[{"name":"wp","href":"https:\/\/api.w.org\/{rel}","templated":true}]}}