{"id":116,"date":"2018-10-31T11:51:53","date_gmt":"2018-10-31T11:51:53","guid":{"rendered":"http:\/\/albergueweb1.uva.es\/constitutiva\/?page_id=116"},"modified":"2021-03-19T11:37:14","modified_gmt":"2021-03-19T11:37:14","slug":"transferencia-2","status":"publish","type":"page","link":"http:\/\/albergueweb1.uva.es\/constitutiva\/transferencia-2\/","title":{"rendered":"Transferencia"},"content":{"rendered":"<p>[vc_row][vc_column][vc_column_text]&nbsp;<\/p>\n<h5><strong><span class=\"s2\">COLABORACIONES CON EMPRESAS O SECTORES SOCIECON\u00d3MICOS DIRECTAMENTE RELACIONADOS CON EL PROYECTO<\/span><\/strong><\/h5>\n<p>[\/vc_column_text][vc_column_text]Debe destacarse la colaboraci\u00f3n de la profesora Biglino Campos con la Comisi\u00f3n de Venecia, que se relaciona con la calidad de los procesos electorales, que se ha concretado, en su participaci\u00f3n en la redacci\u00f3n de los informes \u201cArmenia. Joint Opinion on the Draft Constitutional Law on Political Parties, CDL-AD (2016)038, adopted by the Council for Democratic Elections at its 57th meeting (Venice, 8 December 2016) and by the Venice Commission at its 109th Plenary Session (Venice, 9-10 December 2016) on the basis of comments by R. Barret, P. Biglino, S. Darmanovic, B. Jouan-Stonestreet, R. Katz; y \u201cVenezuela. Opinion on the legal issues raised by Decree n\u00ba 2878 of 23 may 2017 of the President of the Republic on calling elections to a National Constituent Assembly\u201d endorsed by the Venice Commission at its 112th Plenary Session (Venice, 6-7 October 2017), on the basis of comments by Ms Paloma BIGLINO (Substitute member, Spain), Ms Veronika B\u00cdLKOV\u00c1 (Member, Czech Republic), Mr Kaarlo TUORI (Member, Finland), Mr Jos\u00e9 Luis SARDON (Member, Peru), Mr Jos\u00e9 Luis VARGAS VALDEZ (Substitute member, Mexico). M\u00e1s recientemente ha participado en la Opening Ceremony of the 3th ArabEMBs General Assembly Meeting, Amman, Jordania, en representaci\u00f3n de la Comisi\u00f3n de Venecia, Dead Sea, Jordania, 2019.<\/p>\n<p>Tambi\u00e9n ha asesorado al grupo de Trabajo para la reforma de la Ley Electoral del Parlamento de Andaluc\u00eda, 14 de febrero de 2017 sobre \u201cLa reforma de la ley electoral\u201d.<\/p>\n<p>Por otra parte, tambi\u00e9n presenta valor sociecon\u00f3mico la docencia que se imparte, en relaci\u00f3n con el recurso de amparo y el proceso de presentaci\u00f3n de demandas ante el Tribunal de Estrasburgo la asignatura que imparten los doctores Bilbao y <strong>Matia<\/strong> sobre Pr\u00e1ctica procesal constitucional europea e internacional en el master de abogac\u00eda. Dado que este es profesionalizante, estimamos que s\u00ed tiene sentido recoger aqu\u00ed este m\u00e9rito.[\/vc_column_text][\/vc_column][\/vc_row][vc_row][vc_column][\/vc_column][\/vc_row][vc_row][vc_column][\/vc_column][\/vc_row]<\/p>\n","protected":false},"excerpt":{"rendered":"<p>[vc_row][vc_column][vc_column_text]&nbsp; COLABORACIONES CON EMPRESAS O SECTORES SOCIECON\u00d3MICOS DIRECTAMENTE RELACIONADOS CON EL PROYECTO [\/vc_column_text][vc_column_text]Debe destacarse la colaboraci\u00f3n de la profesora Biglino Campos con la Comisi\u00f3n de Venecia, que se relaciona con la calidad de los procesos electorales, que se ha concretado, en su participaci\u00f3n en la redacci\u00f3n de los informes \u201cArmenia. Joint Opinion on the Draft&hellip;<\/p>\n","protected":false},"author":1,"featured_media":0,"parent":0,"menu_order":0,"comment_status":"closed","ping_status":"closed","template":"","meta":{"_acf_changed":false,"footnotes":""},"acf":[],"_links":{"self":[{"href":"http:\/\/albergueweb1.uva.es\/constitutiva\/wp-json\/wp\/v2\/pages\/116"}],"collection":[{"href":"http:\/\/albergueweb1.uva.es\/constitutiva\/wp-json\/wp\/v2\/pages"}],"about":[{"href":"http:\/\/albergueweb1.uva.es\/constitutiva\/wp-json\/wp\/v2\/types\/page"}],"author":[{"embeddable":true,"href":"http:\/\/albergueweb1.uva.es\/constitutiva\/wp-json\/wp\/v2\/users\/1"}],"replies":[{"embeddable":true,"href":"http:\/\/albergueweb1.uva.es\/constitutiva\/wp-json\/wp\/v2\/comments?post=116"}],"version-history":[{"count":6,"href":"http:\/\/albergueweb1.uva.es\/constitutiva\/wp-json\/wp\/v2\/pages\/116\/revisions"}],"predecessor-version":[{"id":571,"href":"http:\/\/albergueweb1.uva.es\/constitutiva\/wp-json\/wp\/v2\/pages\/116\/revisions\/571"}],"wp:attachment":[{"href":"http:\/\/albergueweb1.uva.es\/constitutiva\/wp-json\/wp\/v2\/media?parent=116"}],"curies":[{"name":"wp","href":"https:\/\/api.w.org\/{rel}","templated":true}]}}