{"id":22,"date":"2018-09-24T14:36:02","date_gmt":"2018-09-24T14:36:02","guid":{"rendered":"http:\/\/albergueweb1.uva.es\/constitutiva\/?page_id=22"},"modified":"2021-02-18T10:58:32","modified_gmt":"2021-02-18T10:58:32","slug":"equipo-de-investigacion","status":"publish","type":"page","link":"http:\/\/albergueweb1.uva.es\/constitutiva\/equipo-de-investigacion\/","title":{"rendered":"Equipo de Investigaci\u00f3n"},"content":{"rendered":"<p>[vc_row css=\u00bb.vc_custom_1537799596781{padding-top: 10px !important;padding-bottom: 10px !important;}\u00bb][vc_column width=\u00bb1\/3&#8243;][vc_column_text]<\/p>\n<h3>Paloma Biglino Campos<\/h3>\n<p>CAUN Derecho Constitucional<\/p>\n<p>Universidad de Valladolid<\/p>\n<p><a href=\"http:\/\/albergueweb1.uva.es\/constitutiva\/wp-content\/uploads\/2019\/03\/BiglinoCV.pdf\" target=\"_blank\" rel=\"noopener noreferrer\">Curriculum<\/a> \/ <a href=\"http:\/\/palomabiglino.blogs.uva.es\/\" target=\"_blank\" rel=\"noopener noreferrer\">Web<\/a>[\/vc_column_text][\/vc_column][vc_column width=\u00bb1\/3&#8243;][vc_column_text]<\/p>\n<h3><strong>Juan Mar\u00eda Bilbao Ubillos<\/strong><\/h3>\n<p>CAUN Derecho Constitucional<\/p>\n<p>Universidad de Valladolid<\/p>\n<p><a href=\"http:\/\/albergueweb1.uva.es\/constitutiva\/wp-content\/uploads\/2019\/03\/BilbaoCV.pdf\" target=\"_blank\" rel=\"noopener noreferrer\">Curriculum<\/a>[\/vc_column_text][\/vc_column][vc_column width=\u00bb1\/3&#8243;][vc_column_text]<\/p>\n<h3><strong>Rafael Bellido Penad\u00e9s<\/strong><\/h3>\n<p>CAUN Derecho Procesal<\/p>\n<p>Universidad de Valencia<\/p>\n<p><a href=\"http:\/\/albergueweb1.uva.es\/constitutiva\/wp-content\/uploads\/2019\/03\/BellidoCVb.pdf\" target=\"_blank\" rel=\"noopener noreferrer\">Curriculum<\/a>[\/vc_column_text][\/vc_column][\/vc_row][vc_row css=\u00bb.vc_custom_1537799596781{padding-top: 10px !important;padding-bottom: 10px !important;}\u00bb][vc_column width=\u00bb1\/3&#8243;][vc_column_text]<\/p>\n<h3><strong>Ignacio \u00c1lvarez Rodr\u00edguez<\/strong><\/h3>\n<p>Contratado Doctor Derecho Constitucional<\/p>\n<p>Centro Universitario de la Defensa<\/p>\n<p>Academia General del Aire-Base A\u00e9rea de San Javier (Murcia)<\/p>\n<p><a href=\"http:\/\/albergueweb1.uva.es\/constitutiva\/wp-content\/uploads\/2019\/03\/\u00c1lvarezCV.pdf\" target=\"_blank\" rel=\"noopener noreferrer\">Curriculum<\/a><\/p>\n<p>&nbsp;[\/vc_column_text][\/vc_column][vc_column width=\u00bb1\/3&#8243;][vc_column_text]<\/p>\n<h3><strong>Antonio Calonge Vel\u00e1quez<\/strong><\/h3>\n<p>PTUN Derecho Administrativo<\/p>\n<p>Universidad de Valladolid<\/p>\n<p><a href=\"http:\/\/albergueweb1.uva.es\/constitutiva\/wp-content\/uploads\/2019\/03\/CalongeCV.pdf\" target=\"_blank\" rel=\"noopener noreferrer\">Curriculum<\/a>[\/vc_column_text][\/vc_column][vc_column width=\u00bb1\/3&#8243;][vc_column_text]<\/p>\n<h3><strong>Nieves Corte Heredero<\/strong><\/h3>\n<p>PTUN Derecho del Trabajo<\/p>\n<p>Universidad Complutense (Madrid)<\/p>\n<p><a href=\"http:\/\/albergueweb1.uva.es\/constitutiva\/wp-content\/uploads\/2018\/09\/CV-Javier-Matia-Abreviado.doc\">Curriculum<\/a>[\/vc_column_text][\/vc_column][\/vc_row][vc_row css=\u00bb.vc_custom_1537799596781{padding-top: 10px !important;padding-bottom: 10px !important;}\u00bb][vc_column width=\u00bb1\/3&#8243;][vc_column_text]<\/p>\n<h3><strong>Luis Delgado del Rinc\u00f3n <\/strong><\/h3>\n<p>PTUN Derecho Constitucional<\/p>\n<p>Universidad de Burgos<\/p>\n<p><a href=\"http:\/\/albergueweb1.uva.es\/constitutiva\/wp-content\/uploads\/2019\/03\/DelgadoCV.pdf\" target=\"_blank\" rel=\"noopener noreferrer\">Curriculum<\/a>[\/vc_column_text][\/vc_column][vc_column width=\u00bb1\/3&#8243;][vc_column_text]<\/p>\n<h3><strong>\u00d3scar S\u00e1nchez M\u00fa\u00f1oz<\/strong><\/h3>\n<p>PTUN Derecho Constitucional<\/p>\n<p>Universidad de Valladolid<\/p>\n<p><a href=\"http:\/\/albergueweb1.uva.es\/constitutiva\/wp-content\/uploads\/2019\/03\/SanchezCV.pdf\" target=\"_blank\" rel=\"noopener noreferrer\">Curriculum<\/a><\/p>\n<p>&nbsp;[\/vc_column_text][\/vc_column][vc_column width=\u00bb1\/3&#8243;][vc_column_text]<\/p>\n<h3><strong>Marina Vargas G\u00f3mez-Urrutia<\/strong><\/h3>\n<p>PTUN Derecho Internacional Privado<\/p>\n<p>Universidad Nacional de Educaci\u00f3n a Distancia<\/p>\n<p><a href=\"http:\/\/albergueweb1.uva.es\/constitutiva\/wp-content\/uploads\/2019\/03\/VargasCV.pdf\" target=\"_blank\" rel=\"noopener noreferrer\">Curriculum<\/a>[\/vc_column_text][\/vc_column][\/vc_row]<\/p>\n","protected":false},"excerpt":{"rendered":"<p>[vc_row css=\u00bb.vc_custom_1537799596781{padding-top: 10px !important;padding-bottom: 10px !important;}\u00bb][vc_column width=\u00bb1\/3&#8243;][vc_column_text] Paloma Biglino Campos CAUN Derecho Constitucional Universidad de Valladolid Curriculum \/ Web[\/vc_column_text][\/vc_column][vc_column width=\u00bb1\/3&#8243;][vc_column_text] Juan Mar\u00eda Bilbao Ubillos CAUN Derecho Constitucional Universidad de Valladolid Curriculum[\/vc_column_text][\/vc_column][vc_column width=\u00bb1\/3&#8243;][vc_column_text] Rafael Bellido Penad\u00e9s CAUN Derecho Procesal Universidad de Valencia Curriculum[\/vc_column_text][\/vc_column][\/vc_row][vc_row css=\u00bb.vc_custom_1537799596781{padding-top: 10px !important;padding-bottom: 10px !important;}\u00bb][vc_column width=\u00bb1\/3&#8243;][vc_column_text] Ignacio \u00c1lvarez Rodr\u00edguez Contratado Doctor Derecho Constitucional&hellip;<\/p>\n","protected":false},"author":1,"featured_media":0,"parent":0,"menu_order":0,"comment_status":"closed","ping_status":"closed","template":"","meta":{"_acf_changed":false,"footnotes":""},"acf":[],"_links":{"self":[{"href":"http:\/\/albergueweb1.uva.es\/constitutiva\/wp-json\/wp\/v2\/pages\/22"}],"collection":[{"href":"http:\/\/albergueweb1.uva.es\/constitutiva\/wp-json\/wp\/v2\/pages"}],"about":[{"href":"http:\/\/albergueweb1.uva.es\/constitutiva\/wp-json\/wp\/v2\/types\/page"}],"author":[{"embeddable":true,"href":"http:\/\/albergueweb1.uva.es\/constitutiva\/wp-json\/wp\/v2\/users\/1"}],"replies":[{"embeddable":true,"href":"http:\/\/albergueweb1.uva.es\/constitutiva\/wp-json\/wp\/v2\/comments?post=22"}],"version-history":[{"count":17,"href":"http:\/\/albergueweb1.uva.es\/constitutiva\/wp-json\/wp\/v2\/pages\/22\/revisions"}],"predecessor-version":[{"id":535,"href":"http:\/\/albergueweb1.uva.es\/constitutiva\/wp-json\/wp\/v2\/pages\/22\/revisions\/535"}],"wp:attachment":[{"href":"http:\/\/albergueweb1.uva.es\/constitutiva\/wp-json\/wp\/v2\/media?parent=22"}],"curies":[{"name":"wp","href":"https:\/\/api.w.org\/{rel}","templated":true}]}}