{"id":303,"date":"2019-04-01T12:07:21","date_gmt":"2019-04-01T12:07:21","guid":{"rendered":"http:\/\/albergueweb1.uva.es\/constitutiva\/?page_id=303"},"modified":"2021-02-10T17:21:47","modified_gmt":"2021-02-10T17:21:47","slug":"tesis","status":"publish","type":"page","link":"http:\/\/albergueweb1.uva.es\/constitutiva\/tesis\/","title":{"rendered":"Tesis"},"content":{"rendered":"<p>[vc_row][vc_column][vc_column_text]&nbsp;<\/p>\n<h5><strong><span class=\"s2\">TESIS<\/span><\/strong><\/h5>\n<p>[\/vc_column_text][vc_column_text]Roberto Ni\u00f1o Esteb\u00e1nez: \u201cFuerza obligatoria y ejecuci\u00f3n de las sentencias del Tribunal Europeo de Derechos Humanos en Espa\u00f1a: el procedimiento de revisi\u00f3n\u201d. Director de tesis: Dr. D. Ignacio Guti\u00e9rrez Guti\u00e9rrez. Defensa P\u00fablica: 30\/11\/2018. Calificaci\u00f3n obtenida: sobresaliente cum laude con menci\u00f3n a premio extraordinario.<\/p>\n<p>&nbsp;<\/p>\n<p>Andr\u00e9s Iv\u00e1n Due\u00f1as Castrillo: \u00abLas Comunidades Aut\u00f3nomas como laboratorios de democracia: participaci\u00f3n de los ciudadanos y relaciones entre poderes\u00bb. Directora de la tesis: Dra. D\u00aa. Paloma Biglino Campos. Defensa P\u00fablica: 11\/12\/2020. Calificaci\u00f3n obtenida: sobresaliente cum laude con menci\u00f3n a premio extraordinario.[\/vc_column_text][\/vc_column][\/vc_row][vc_row][vc_column][\/vc_column][\/vc_row]<\/p>\n","protected":false},"excerpt":{"rendered":"<p>[vc_row][vc_column][vc_column_text]&nbsp; TESIS [\/vc_column_text][vc_column_text]Roberto Ni\u00f1o Esteb\u00e1nez: \u201cFuerza obligatoria y ejecuci\u00f3n de las sentencias del Tribunal Europeo de Derechos Humanos en Espa\u00f1a: el procedimiento de revisi\u00f3n\u201d. Director de tesis: Dr. D. Ignacio Guti\u00e9rrez Guti\u00e9rrez. Defensa P\u00fablica: 30\/11\/2018. Calificaci\u00f3n obtenida: sobresaliente cum laude con menci\u00f3n a premio extraordinario. &nbsp; Andr\u00e9s Iv\u00e1n Due\u00f1as Castrillo: \u00abLas Comunidades Aut\u00f3nomas como laboratorios&hellip;<\/p>\n","protected":false},"author":2,"featured_media":0,"parent":0,"menu_order":0,"comment_status":"closed","ping_status":"closed","template":"","meta":{"_acf_changed":false,"footnotes":""},"acf":[],"_links":{"self":[{"href":"http:\/\/albergueweb1.uva.es\/constitutiva\/wp-json\/wp\/v2\/pages\/303"}],"collection":[{"href":"http:\/\/albergueweb1.uva.es\/constitutiva\/wp-json\/wp\/v2\/pages"}],"about":[{"href":"http:\/\/albergueweb1.uva.es\/constitutiva\/wp-json\/wp\/v2\/types\/page"}],"author":[{"embeddable":true,"href":"http:\/\/albergueweb1.uva.es\/constitutiva\/wp-json\/wp\/v2\/users\/2"}],"replies":[{"embeddable":true,"href":"http:\/\/albergueweb1.uva.es\/constitutiva\/wp-json\/wp\/v2\/comments?post=303"}],"version-history":[{"count":4,"href":"http:\/\/albergueweb1.uva.es\/constitutiva\/wp-json\/wp\/v2\/pages\/303\/revisions"}],"predecessor-version":[{"id":514,"href":"http:\/\/albergueweb1.uva.es\/constitutiva\/wp-json\/wp\/v2\/pages\/303\/revisions\/514"}],"wp:attachment":[{"href":"http:\/\/albergueweb1.uva.es\/constitutiva\/wp-json\/wp\/v2\/media?parent=303"}],"curies":[{"name":"wp","href":"https:\/\/api.w.org\/{rel}","templated":true}]}}