{"id":305,"date":"2019-04-01T12:10:03","date_gmt":"2019-04-01T12:10:03","guid":{"rendered":"http:\/\/albergueweb1.uva.es\/constitutiva\/?page_id=305"},"modified":"2019-04-01T15:31:01","modified_gmt":"2019-04-01T15:31:01","slug":"otras-publicaciones","status":"publish","type":"page","link":"http:\/\/albergueweb1.uva.es\/constitutiva\/otras-publicaciones\/","title":{"rendered":"Otras publicaciones"},"content":{"rendered":"<p>[vc_row][vc_column][vc_column_text]&nbsp;<\/p>\n<h5><strong><span class=\"s2\">OTRAS PUBLICACIONES NO DIRECTAMENTE RELACIONADAS CON EL PROYECTO<\/span><\/strong><\/h5>\n<p>[\/vc_column_text][vc_column_text]<\/p>\n<table>\n<tbody>\n<tr>\n<td><u>NOTA<\/u>: se recogen otras publicaciones (entre ellas, una monograf\u00eda del IP), todas ellas ajenas a las materias directamente relacionadas con el proyecto de investigaci\u00f3n, aunque algunas de ellas si guardan cierta conexi\u00f3n. No han sido referenciadas en los anteriores submenus del apartado Difusi\u00f3n. Se incluyen tambi\u00e9n algunas aportaciones period\u00edsticas y docentes que hemos considerado de cierto inter\u00e9s.<\/p>\n<p>&nbsp;<\/p>\n<p>Alcaraz, Hubert: \u201cHacia la b\u00fasqueda de una definici\u00f3n de las autoridades administrativas independientes en Francia &#8211; A prop\u00f3sito de las leyes del 20 de enero de 2017\u201d. <em>Revista de Derecho Administrativo Econ\u00f3mico<\/em>, en prensa<\/p>\n<p>&nbsp;<\/p>\n<p>Alcaraz, Hubert: \u201cLa Nouvelle-Cal\u00e9donie, \u00e0 la recherche de son avenir institutionnel\u201d, in Lecucq Olivier (dir.): <a href=\"https:\/\/www.lgdj.fr\/secession-et-processus-secessionniste-en-droit-international-europeen-et-constitutionnel-9782370321251.html\">S\u00e9cession et processus s\u00e9cessionniste en droit international, europ\u00e9en et constitutionnel<\/a>. Paris, Institut universitaire. Varenne, 2017, p. 243-262.<\/p>\n<p>&nbsp;<\/p>\n<p>Alcaraz, Hubert: \u201cLe contr\u00f4le de constitutionnalit\u00e9 des d\u00e9cisions de justice en Espagne : le cas du recours d\u2019amparo\u201d. En Fatin-rouge St\u00e9fanini, M. y Severino, C. (dirs.): <em>Le contr\u00f4le de constitutionnalit\u00e9 des d\u00e9cisions de justice : une nouvelle \u00e9tape apr\u00e8s la QPC? Confluence des droit<\/em>s (en ligne). DICE. Aix-en-Provence, 2017, pp. 161-175.<\/p>\n<p>&nbsp;<\/p>\n<p>Alcaraz, Hubert: \u201cLe syst\u00e8me de gouvernement dans la Constitution du 2 avril 1976. Essai sur le syst\u00e8me politique portugais\u201d. En Connil, D. y Lohrer, D. (dirs.): <em>40\u00e8me anniversaire de la Constitution portugaise<\/em>, Paris, Institut universitaire Varenne, Coll. Colloques et Essais, 2017, p. 37-61.<\/p>\n<p>&nbsp;<\/p>\n<p>\u00c1lvarez Rodr\u00edguez, Ignacio y Garc\u00eda-Escudero M\u00e1rquez, Piedad: <em>La presentaci\u00f3n de candidatos electorales en Espa\u00f1a<\/em>. Centro de Estudios Pol\u00edticos y Constitucionales. ISBN: \u00a0978-84-2591-750-9<\/p>\n<p>&nbsp;<\/p>\n<p>\u00c1lvarez Rodr\u00edguez, Ignacio: \u201cEl principio de composici\u00f3n equilibrada de las listas electorales: una d\u00e9cada de \u00e9xitos moderados\u201d. <em>Aequalitas. Revista Jur\u00eddica para la Igualdad de Oportunidades<\/em> 40 (2017), pp. 33-37. ISSN: 1575-3379<\/p>\n<p>&nbsp;<\/p>\n<p>\u00c1lvarez Rodr\u00edguez, Ignacio: \u201cEl sufragio femenino en la II Rep\u00fablica\u201d. <em>Revista de Derecho UNED<\/em> 22 (2018), pp. 131-158. ISSN:\u00a0 1886-9912<\/p>\n<p>&nbsp;<\/p>\n<p>\u00c1lvarez Rodr\u00edguez, Ignacio: \u201cLenguaje Inclusivo y Derecho\u201d. <em>Revista Derecho y Cambio Social<\/em>, 53, 2018, pp. 1 &#8211; 24.<\/p>\n<p>&nbsp;<\/p>\n<p>\u00c1lvarez Rodr\u00edguez, Ignacio: \u201cMujer y Parlamento en el siglo XXI: el Principio Gender-Sensitive\u201d. Revista <em>Derecho y Cambio Social<\/em> 51 (2018), pp. 1-26. ISSN: 2224-4131<\/p>\n<p>&nbsp;<\/p>\n<p>\u00c1lvarez Rodr\u00edguez, Ignacio: \u201cParlamentos gender-sensitive y calidad democr\u00e1tica\u201d. <em>Cuadernos Manuel Gim\u00e9nez Abad<\/em> 14 (2017), pp. 193 &#8211; 202.\u00a0 ISSN: 2254-4445<\/p>\n<p>&nbsp;<\/p>\n<p>\u00c1lvarez Rodr\u00edguez, Ignacio: \u201cSobre la democracia paritaria\u201d. <em>Foro. Revista de Ciencias Sociales y Jur\u00eddicas<\/em> 2017\\1, pp. 191-217. ISSN: 1698-5583<\/p>\n<p>&nbsp;<\/p>\n<p>Biglino Campos, Paloma: \u201cArt. 6\u201d, Art. 67\u201d, \u201cArt. 69\u201d. G\u00f3mez S\u00e1nchez, Yolanda (coord): <em>Estudios sobre la Reforma de la Constituci\u00f3n de 1978 en su cuarenta aniversario<\/em>. Thomson Reuters. Aranzadi. Pamplona, 2018. ISBN 978-849197-008-8.<\/p>\n<p>&nbsp;<\/p>\n<p>Biglino Campos, Paloma: \u201cEmpezar la casa por el tejado\u201d. <em>El Pa\u00eds<\/em>, 06\/12\/2018, disponible <a href=\"https:\/\/elpais.com\/politica\/2018\/11\/28\/actualidad\/1543424851_447491.html\">aqu\u00ed<\/a>.<\/p>\n<p>&nbsp;<\/td>\n<\/tr>\n<\/tbody>\n<\/table>\n<p>Biglino Campos, Paloma: \u201cEn el coraz\u00f3n de Europa: la independencia del poder judicial\u201d. <em>Grand Place. Pensamiento y Cultura<\/em> 2018. ISSN: 2386-429X.<\/p>\n<p>&nbsp;<\/p>\n<table>\n<tbody>\n<tr>\n<td>Biglino Campos, Paloma: \u201cFrancisco Rubio Llorente y el Estado Social y Democr\u00e1tico de Derecho\u201d. En Biglino Campos, P, Bastida Freijedo, F.J. (coords.): <em>Reflexiones sobre la forma del poder. Estudios sobre la obra de Francisco Rubio Llorente<\/em>. Fundaci\u00f3n Coloquio Jur\u00eddico Europeo. Centro de Estudios Pol\u00edticos y Constitucionales, Madrid, 2018, pp. 209 ss. ISBN 978-84-09-02890-0<\/p>\n<p>&nbsp;<\/p>\n<p>Biglino Campos, Paloma: \u201cLa autonom\u00eda territorial como instrumento de democracia: participaci\u00f3n, poderes y garant\u00edas\u201d. Correa Henao, M, Robledo Silva, P. <em>Libro de Memorias XII Congreso Iberoamericano de Derecho Constitucional<\/em>. Universidad de Externado de Colombia. Bogot\u00e1, 2016, pp. 818 ss. ISBN 978-958-772-575-9.<\/p>\n<p>&nbsp;<\/p>\n<p>Biglino Campos, Paloma: \u201cLa democracia en Atenas. Crisis econ\u00f3mica y legitimidad democr\u00e1tica en la Uni\u00f3n Europea\u201d. En Balaguer Callej\u00f3n, F., Tudela Aranda, J. (coords.): <em>Estudios en Homenaje al profesor y magistrado Luis Ortega \u00c1lvarez<\/em>. Thomson Reuters. Aranzadi. Pamplona, 2016, pp. 65 ss. ISBN 978-84-9135-422-2<\/p>\n<p>&nbsp;<\/p>\n<p>Biglino Campos, Paloma: \u201cLa democracia no se puede dar por segura\u201d. Entrevista en <em>Infolibre<\/em>, 07\/12\/2018, disponible <a href=\"https:\/\/www.infolibre.es\/noticias\/politica\/2018\/12\/07\/paloma_biglino_democracia_no_puede_dar_por_segura_89611_1012.html\">aqu\u00ed<\/a>.<\/p>\n<p>&nbsp;<\/p>\n<p>Biglino Campos, Paloma: \u201cLa reforma de la elecci\u00f3n de los miembros de las diputaciones provinciales: mejorar la legitimidad de origen respetando la legitimidad de ejercicio\u201d. Parejo Alfonso, L. (dir.), Arroyo Gil, A. (coord.): <em>El futuro de la Administraci\u00f3n local y el papel de los Gobiernos locales intermedios<\/em>. Fundaci\u00f3n Democracia y Gobierno Local. Barcelona, 2017, pp. 361 ss. ISBN 978-84-943793-5-2<\/p>\n<p>&nbsp;<\/p>\n<p>Biglino Campos, Paloma: \u201cLos partidos pol\u00edticos y las instituciones (Presentaci\u00f3n)\u201d. Cascajo Castro, J. L. y Mart\u00edn de la Vega, A. (coord.): <em>Participaci\u00f3n, representaci\u00f3n y democracia<\/em>. XII Congreso de la Asociaci\u00f3n de Constitucionalistas de Espa\u00f1a. Tirant Lo Blanch. Valencia, 2016. ISBN 978-84-9119-092-9<\/p>\n<p>&nbsp;<\/p>\n<p>Biglino Campos, Paloma: \u201cMayor\u00edas, minor\u00edas y partidos pol\u00edticos en las CCAA: aires de cambio\u201d. <em>Cuadernos de Alzate<\/em> 48-49 (2016), pp. 155 ss. ISSN: 0213-1862<\/p>\n<p>&nbsp;<\/p>\n<p>Biglino Campos, Paloma: \u201cResponsabilidad de los poderes p\u00fablicos y calidad de la democracia\u201d. En Rubio Llorente, Francisco; Jim\u00e9nez Campo, Javier; Soloz\u00e1bal Echavarr\u00eda, Juan Jos\u00e9; Biglino Campos, Paloma y G\u00f3mez Montoro, \u00c1ngel (eds): <em>La Constituci\u00f3n pol\u00edtica de Espa\u00f1a. Libro-Homenaje a Manuel Arag\u00f3n<\/em>. Centro de Estudios Pol\u00edticos y Constitucionales. Madrid, 2016, pp. 43 ss. ISBN 978-84-259-1697-7<\/p>\n<p>&nbsp;<\/p>\n<p>Biglino Campos, Paloma: \u201cS\u00f3lo ante el peligro\u201d. Revista <em>Contexto<\/em> 155 (2018), disponible <a href=\"http:\/\/ctxt.es\/es\/20180207\/Firmas\/17783\/Tribunal-constitucional-evolucion-politica-catalunya.htm\">aqu\u00ed<\/a>.<\/p>\n<p>&nbsp;<\/p>\n<p>Bilbao Ubillos, Juan Mar\u00eda: \u201cLibertad versus seguridad\u201d. \u00c1lvarez, Mar\u00eda Isabel y Vidal, Carlos (coords.): <em>La Constituci\u00f3n Espa\u00f1ola<\/em> 1978-2018. Francis Lefebre-El Derecho. Madrid, 2018, pp. 447-486.<\/p>\n<p>&nbsp;<\/p>\n<p>Calonge Vel\u00e1zquez, Antonio: \u201cEuropa. La \u00faltima oportunidad: dos visiones sobre el futuro de la Uni\u00f3n Europea\u201d. <em>Revista de Derecho de la Uni\u00f3n Europea<\/em> 32 (2017), pp. 37-50. ISSN: 1695-1085<\/p>\n<p>&nbsp;<\/p>\n<p>Calonge Vel\u00e1zquez, Antonio: \u201cLa incidencia del Derecho de la Uni\u00f3n Europea en el Derecho Administrativo espa\u00f1ol: la Directiva de Servicios en el sector tur\u00edstico, con especial referencia a Castilla y Le\u00f3\u201d. En Laguna de Paz, Jos\u00e9 Carlos; Sanz Rubiales, I\u00f1igo y Mozos y Touya, Mar\u00eda Isabel (coords): <em>Derecho Administrativo e Integraci\u00f3n Europea<\/em>. Reus. Madrid, 2017. Tomo. II, pp.1067-1083. ISBN: 978-84-290-1943-8<\/p>\n<p>&nbsp;<\/td>\n<\/tr>\n<\/tbody>\n<\/table>\n<p>Delgado del Rinc\u00f3n, Luis Esteban: \u201cLa concepci\u00f3n de lo b\u00e1sico en la determinaci\u00f3n del \u00e1mbito subjetivo del derecho a la asistencia sanitaria\u201d. <em>Revista Vasca de Administraci\u00f3n P\u00fablica<\/em> 112 (2018), pp. 19-47, ISSN: 0211-9560<\/p>\n<p>&nbsp;<\/p>\n<p>Ni\u00f1o Est\u00e9banez, Roberto: \u201cComentario de la Sentencia del Tribunal Supremo, Sala de lo Penal, n\u00fam. 330\/2015, de 19 de mayo\u201d. <em>Revista General de Derecho Procesal<\/em> 38 (2016), pp. 1-12. ISSN: 1696-9642[\/vc_column_text][\/vc_column][\/vc_row]<\/p>\n","protected":false},"excerpt":{"rendered":"<p>[vc_row][vc_column][vc_column_text]&nbsp; OTRAS PUBLICACIONES NO DIRECTAMENTE RELACIONADAS CON EL PROYECTO [\/vc_column_text][vc_column_text] NOTA: se recogen otras publicaciones (entre ellas, una monograf\u00eda del IP), todas ellas ajenas a las materias directamente relacionadas con el proyecto de investigaci\u00f3n, aunque algunas de ellas si guardan cierta conexi\u00f3n. No han sido referenciadas en los anteriores submenus del apartado Difusi\u00f3n. Se incluyen&hellip;<\/p>\n","protected":false},"author":2,"featured_media":0,"parent":0,"menu_order":0,"comment_status":"closed","ping_status":"closed","template":"","meta":{"_acf_changed":false,"footnotes":""},"acf":[],"_links":{"self":[{"href":"http:\/\/albergueweb1.uva.es\/constitutiva\/wp-json\/wp\/v2\/pages\/305"}],"collection":[{"href":"http:\/\/albergueweb1.uva.es\/constitutiva\/wp-json\/wp\/v2\/pages"}],"about":[{"href":"http:\/\/albergueweb1.uva.es\/constitutiva\/wp-json\/wp\/v2\/types\/page"}],"author":[{"embeddable":true,"href":"http:\/\/albergueweb1.uva.es\/constitutiva\/wp-json\/wp\/v2\/users\/2"}],"replies":[{"embeddable":true,"href":"http:\/\/albergueweb1.uva.es\/constitutiva\/wp-json\/wp\/v2\/comments?post=305"}],"version-history":[{"count":4,"href":"http:\/\/albergueweb1.uva.es\/constitutiva\/wp-json\/wp\/v2\/pages\/305\/revisions"}],"predecessor-version":[{"id":365,"href":"http:\/\/albergueweb1.uva.es\/constitutiva\/wp-json\/wp\/v2\/pages\/305\/revisions\/365"}],"wp:attachment":[{"href":"http:\/\/albergueweb1.uva.es\/constitutiva\/wp-json\/wp\/v2\/media?parent=305"}],"curies":[{"name":"wp","href":"https:\/\/api.w.org\/{rel}","templated":true}]}}