{"id":335,"date":"2019-04-01T14:37:04","date_gmt":"2019-04-01T14:37:04","guid":{"rendered":"http:\/\/albergueweb1.uva.es\/constitutiva\/?page_id=335"},"modified":"2021-03-19T11:36:08","modified_gmt":"2021-03-19T11:36:08","slug":"entidades","status":"publish","type":"page","link":"http:\/\/albergueweb1.uva.es\/constitutiva\/entidades\/","title":{"rendered":"Entidades"},"content":{"rendered":"<p>[vc_row][vc_column][vc_column_text]&nbsp;<\/p>\n<h5><strong><span class=\"s2\">ENTIDADES<\/span><\/strong><\/h5>\n<p>[\/vc_column_text][vc_column_text]<\/p>\n<h3 class=\"p1\"><span class=\"s1\"><b>CENTRO DE ESTUDIOS POL\u00cdTICOS Y CONSTITUCIONALES<\/b><\/span><\/h3>\n<h5><strong><span class=\"s2\">1- Jornada de Trabajo sobre Informes nacionales sobre la actuaci\u00f3n del Tribunal Europeo de Derechos Humanos.  <\/span><\/strong>    <a href=\"http:\/\/albergueweb1.uva.es\/constitutiva\/wp-content\/uploads\/2019\/03\/Informes.pdf\" target=\"_blank\" rel=\"noopener\">Programa<\/a><\/h5>\n<p><span class=\"s2\"><i>Centro de Estudios Pol\u00edticos y Constitucionales. Madrid, 26\/10\/2017. <\/i><\/span><\/p>\n<p><span class=\"s2\">Colabora el Centro de Estudios Pol\u00edticos y Constitucionales y el Grupo de Investigaci\u00f3n Reconocido en Derecho Constitucional (Un. de Valladolid). Con el Aval de la Asociaci\u00f3n de Constitucionalistas de Espa\u00f1a.<\/span><\/p>\n<p>&nbsp;<\/p>\n<h5><strong>2- Jornada de Trabajo Espa\u00f1a ante Europa: retos nacionales en materia de Derechos Humanos. La visi\u00f3n de los expertos.     <a href=\"http:\/\/albergueweb1.uva.es\/constitutiva\/wp-content\/uploads\/2019\/03\/Expertos.pdf\" target=\"_blank\" rel=\"noopener\">Programa<\/a><\/strong><\/h5>\n<p><span class=\"s2\"><i>Centro de Estudios Pol\u00edticos y Constitucionales. Madrid, 27\/10\/2017. <\/i><\/span><\/p>\n<p><span class=\"s2\">Colabora el Centro de Estudios Pol\u00edticos y Constitucionales y el Grupo de Investigaci\u00f3n Reconocido en Derecho Constitucional (Un. de Valladolid). Con el Aval de la Asociaci\u00f3n de Constitucionalistas de Espa\u00f1a.<\/span><\/p>\n<p>&nbsp;[\/vc_column_text][vc_column_text]<\/p>\n<h3>CORTES DE ARAG\u00d3N<\/h3>\n<h5><strong><span class=\"s2\">1- <\/span><\/strong><strong><span class=\"s2\">Jornada Derecho a la Intimidad. Riesgos y desaf\u00edos. <\/span><\/strong>    <a href=\"http:\/\/albergueweb1.uva.es\/constitutiva\/wp-content\/uploads\/2019\/03\/Intimidad.pdf\" target=\"_blank\" rel=\"noopener\">Programa<\/a><\/h5>\n<p><em>Fundaci\u00f3n Manuel Gim\u00e9nez Abad, Zaragoza, 22\/03\/2019.<\/em><\/p>\n<p>Organizan: proyecto estatal DER2016-75993-P y Fundaci\u00f3n Manuel Gim\u00e9nez Abad<\/p>\n<p><span class=\"s2\">Colaboran Cortes de Arag\u00f3n, Proyectos sobre la nueva protecci\u00f3n jur\u00eddica de las personas vulnerables DER2015-69120-R (MINECO-FEDER) y sobre el impacto de la jurisprudencia del Tribunal Europeo de Derechos Humanos en el Derecho espa\u00f1ol (Orden EDU\/546\/2018, de 25 de mayo), y Grupo de Investigaci\u00f3n Reconocido en Derecho Constitucional (Un. de Valladolid). Con el Aval de la Asociaci\u00f3n de Constitucionalistas de Espa\u00f1a.<\/span><\/p>\n<p>&nbsp;[\/vc_column_text][vc_column_text]<\/p>\n<h3>EUROPEAN LAW INSTITUTE<\/h3>\n<h5><strong><span class=\"s2\">1- II Encuentro anual sobre jurisprudencia europea<\/span><\/strong><strong><span class=\"s2\">. <\/span><\/strong>    <a href=\"http:\/\/albergueweb1.uva.es\/constitutiva\/wp-content\/uploads\/2019\/04\/IIEncuentrro.pdf\" target=\"_blank\" rel=\"noopener\">Programa<\/a><\/h5>\n<p><em>Organizadas por el Euroean Law Instittute (Centro espa\u00f1ol).<\/em><\/p>\n<p>Granada, 9 de mayo de 2017<\/p>\n<p>&nbsp;[\/vc_column_text][vc_column_text]<\/p>\n<h3>FUNDACI\u00d3N MANUEL GIM\u00c9NEZ ABAD<\/h3>\n<h5><strong><span class=\"s2\">1- <\/span><\/strong><strong><span class=\"s2\">Jornada Derecho a la Intimidad. Riesgos y desaf\u00edos. <\/span><\/strong> <a href=\"http:\/\/albergueweb1.uva.es\/constitutiva\/wp-content\/uploads\/2019\/03\/Intimidad.pdf\" target=\"_blank\" rel=\"noopener\">Programa<\/a><\/h5>\n<p><em>Fundaci\u00f3n Manuel Gim\u00e9nez Abad, Zaragoza, 22\/03\/2019.<\/em><\/p>\n<p>Organizan: proyecto estatal DER2016-75993-P y Fundaci\u00f3n Manuel Gim\u00e9nez Abad<\/p>\n<p><span class=\"s2\">Colaboran Cortes de Arag\u00f3n, Proyectos sobre la nueva protecci\u00f3n jur\u00eddica de las personas vulnerables DER2015-69120-R (MINECO-FEDER) y sobre el impacto de la jurisprudencia del Tribunal Europeo de Derechos Humanos en el Derecho espa\u00f1ol (Orden EDU\/546\/2018, de 25 de mayo), y Grupo de Investigaci\u00f3n Reconocido en Derecho Constitucional (Un. de Valladolid). Con el Aval de la Asociaci\u00f3n de Constitucionalistas de Espa\u00f1a.<\/span><\/p>\n<p>&nbsp;<\/p>\n<h5><strong><span class=\"s2\">2- Jornada conclusiva y de divulgaci\u00f3n del Proyecto<\/span><\/strong><strong><span class=\"s2\">. <a href=\"https:\/\/youtu.be\/Rhhw9-ronTY\" target=\"_blank\" rel=\"noopener\">Video promocional<\/a> \/\u00a0 <\/span><\/strong> <a href=\"http:\/\/albergueweb1.uva.es\/constitutiva\/wp-content\/uploads\/2021\/02\/Programa_definitivo_Derechos_Humanos_17dic.pdf\" target=\"_blank\" rel=\"noopener\">Programa<\/a><\/h5>\n<p><em>Virtual, 17\/12\/2020.<\/em><\/p>\n<p>Colaboran la Fundaci\u00f3n Manuel Gim\u00e9nez Abad, las Cortes de Arag\u00f3n, el GIr Derecho Constitucional y el Instituto de Estudios Europos de la Universidad de Valladolid.<\/p>\n<p>&nbsp;<\/p>\n<h5><strong>3- Participa en la edici\u00f3n del volumen: <\/strong><\/h5>\n<ul>\n<li>Francisco Javier y Graciela L\u00f3pez de la Fuente (dirs): <em>Nuevas perspectivas del derecho a la vida privada y a la vida familiar<\/em>. Tirant Lo Blanch. Valencia, En prensa<\/li>\n<\/ul>\n<p>&nbsp;<\/p>\n<p>&nbsp;[\/vc_column_text][vc_column_text]<\/p>\n<h3 class=\"p1\"><span class=\"s1\"><b>INSTITUTO DE ESTUDIOS EUROPEOS DE LA UNIVERSIDAD DE VALLADOLID<\/b><\/span><\/h3>\n<h5><strong><span class=\"s2\">1- Jornada de Trabajo. Fase II del Proyecto. <\/span><\/strong> <a href=\"http:\/\/albergueweb1.uva.es\/constitutiva\/wp-content\/uploads\/2019\/03\/FaseII.pdf\" target=\"_blank\" rel=\"noopener\">Programa<\/a><\/h5>\n<p><span class=\"s2\"><i><em>Instituto de Estudios Europeos y Facultad de Derecho,Valladolid, 12 y 13\/07\/2018<\/em>. <\/i><\/span><\/p>\n<p><span class=\"s2\">Colaboran el Instituto de Estudios Europeos y el Grupo de Investigaci\u00f3n Reconocido en Derecho Constitucional (Un. de Valladolid). Con el Aval de la Asociaci\u00f3n de Constitucionalistas de Espa\u00f1a.<\/span><\/p>\n<p>&nbsp;<\/p>\n<h5><strong><span class=\"s2\">2- Seminario sobre el cumplimiento de las Sentencias de la Corte Interamericana de Derechos Humanso en perspectiva comparada<\/span><\/strong><strong><span class=\"s2\">. <\/span><\/strong> <a href=\"http:\/\/albergueweb1.uva.es\/constitutiva\/wp-content\/uploads\/2020\/12\/Diptico-Seminario-Fin.pdf\" target=\"_blank\" rel=\"noopener\">Programa<\/a><\/h5>\n<p><em>Unversidad El Externado. Bogot\u00e1, 23\/08\/2019.<\/em><\/p>\n<p>Colaboran la Universidad El Externado, el Grupo de Investigaci\u00f3n Derecho Constitucional y el Instituto de Estudios Europos de la Universidad de Valladolid.<\/p>\n<p>&nbsp;<\/p>\n<h5><strong><span class=\"s2\">3- Jornada conclusiva y de divulgaci\u00f3n del Proyecto<\/span><\/strong><strong><span class=\"s2\">. <a href=\"https:\/\/youtu.be\/Rhhw9-ronTY\" target=\"_blank\" rel=\"noopener\">Video promocional<\/a> \/\u00a0 <\/span><\/strong> <a href=\"http:\/\/albergueweb1.uva.es\/constitutiva\/wp-content\/uploads\/2021\/02\/Programa_definitivo_Derechos_Humanos_17dic.pdf\" target=\"_blank\" rel=\"noopener\">Programa<\/a><\/h5>\n<p><em>Virtual, 17\/12\/2020.<\/em><\/p>\n<p>Colaboran la Fundaci\u00f3n Manuel Gim\u00e9nez Abad, las Cortes de Arag\u00f3n, el GIr Derecho Constitucional y el Instituto de Estudios Europos de la Universidad de Valladolid.<\/p>\n<p>&nbsp;<\/p>\n<h5><strong>4- Participa en la edici\u00f3n de los siguientes vol\u00famenes (ver acceso a texto completo en el apartado libros de esta misma p\u00e1gina web): <\/strong><\/h5>\n<ul>\n<li>Matia Portilla, Francisco Javier; Elvira Perales, Ascensi\u00f3n y Arroyo Gil, Antonio (dirs): <em>La protecci\u00f3n de los derechos fundamentales de las personas LGTBI. Un derecho en construcci\u00f3n<\/em>. Tirant Lo Blanch. Valencia, 2019, 488 pp. ISBN: 978-84-1313-909-8<\/li>\n<li>Matia Portilla, Francisco Javier y Robledo Silva, Paula (dirs.): <em>La Corte Interamericana de derechos humanos: mecanismos de cumplimiento e informes nacionales<\/em>. Tirant Lo Blanch. Valencia, 2020, 219 pp. ISBN: 978-84-1336-942-6<\/li>\n<li>Ni\u00f1o Esteb\u00e1nez, Roberto: <em>Fuerza obligatoria y ejecuci\u00f3n de las Sentencias del Tribunal Europeo de Derechos Humanos en Espa\u00f1a: el procedimiento de revisi\u00f3n<\/em>. Tirant Lo Blanch. Valencia, 2019, 327 pp. ISBN: 978-84-1313-466-6<\/li>\n<li>L\u00f3pez de la Fuente, Graciela: <em>La revoluci\u00edon tecnol\u00f3gica y su impacto en las relaciones de trabajo y en los derechos de los trabajadores (cuestiones actuales y nuevos retos)<\/em>. Tirant Lo Blanch. Valencia, 2020, 185 pp. ISBN: 978-84-1335-165-4<\/li>\n<\/ul>\n<p>&nbsp;[\/vc_column_text][\/vc_column][\/vc_row]<\/p>\n","protected":false},"excerpt":{"rendered":"<p>[vc_row][vc_column][vc_column_text]&nbsp; ENTIDADES [\/vc_column_text][vc_column_text] CENTRO DE ESTUDIOS POL\u00cdTICOS Y CONSTITUCIONALES 1- Jornada de Trabajo sobre Informes nacionales sobre la actuaci\u00f3n del Tribunal Europeo de Derechos Humanos. Programa Centro de Estudios Pol\u00edticos y Constitucionales. Madrid, 26\/10\/2017. Colabora el Centro de Estudios Pol\u00edticos y Constitucionales y el Grupo de Investigaci\u00f3n Reconocido en Derecho Constitucional (Un. de Valladolid). Con&hellip;<\/p>\n","protected":false},"author":2,"featured_media":0,"parent":0,"menu_order":0,"comment_status":"closed","ping_status":"closed","template":"","meta":{"_acf_changed":false,"footnotes":""},"acf":[],"_links":{"self":[{"href":"http:\/\/albergueweb1.uva.es\/constitutiva\/wp-json\/wp\/v2\/pages\/335"}],"collection":[{"href":"http:\/\/albergueweb1.uva.es\/constitutiva\/wp-json\/wp\/v2\/pages"}],"about":[{"href":"http:\/\/albergueweb1.uva.es\/constitutiva\/wp-json\/wp\/v2\/types\/page"}],"author":[{"embeddable":true,"href":"http:\/\/albergueweb1.uva.es\/constitutiva\/wp-json\/wp\/v2\/users\/2"}],"replies":[{"embeddable":true,"href":"http:\/\/albergueweb1.uva.es\/constitutiva\/wp-json\/wp\/v2\/comments?post=335"}],"version-history":[{"count":9,"href":"http:\/\/albergueweb1.uva.es\/constitutiva\/wp-json\/wp\/v2\/pages\/335\/revisions"}],"predecessor-version":[{"id":570,"href":"http:\/\/albergueweb1.uva.es\/constitutiva\/wp-json\/wp\/v2\/pages\/335\/revisions\/570"}],"wp:attachment":[{"href":"http:\/\/albergueweb1.uva.es\/constitutiva\/wp-json\/wp\/v2\/media?parent=335"}],"curies":[{"name":"wp","href":"https:\/\/api.w.org\/{rel}","templated":true}]}}