{"id":337,"date":"2019-04-01T14:37:35","date_gmt":"2019-04-01T14:37:35","guid":{"rendered":"http:\/\/albergueweb1.uva.es\/constitutiva\/?page_id=337"},"modified":"2019-04-04T16:07:29","modified_gmt":"2019-04-04T16:07:29","slug":"aval-ace","status":"publish","type":"page","link":"http:\/\/albergueweb1.uva.es\/constitutiva\/aval-ace\/","title":{"rendered":"Aval ACE"},"content":{"rendered":"<p>[vc_row][vc_column][vc_column_text]&nbsp;<\/p>\n<h3 class=\"p1\"><span class=\"s1\"><b>EVENTOS AVALADOS POR LA ASOCIACI\u00d3N DE CONSTITUCIONALISTAS DE ESPA\u00d1A<\/b><\/span><\/h3>\n<p>&nbsp;<\/p>\n<h5><strong>1- Jornada de Trabajo sobre Informes nacionales sobre la actuaci\u00f3n del Tribunal Europeo de Derechos Humanos. <\/strong> <a href=\"http:\/\/albergueweb1.uva.es\/constitutiva\/wp-content\/uploads\/2019\/03\/Informes.pdf\" target=\"_blank\" rel=\"noopener noreferrer\">Programa<\/a><\/h5>\n<p><span class=\"s2\"><i>Centro de Estudios Pol\u00edticos y Constitucionales. Madrid, 26\/10\/2017. <\/i><\/span><\/p>\n<p><span class=\"s2\">Colabora el Centro de Estudios Pol\u00edticos y Constitucionales y el Grupo de Investigaci\u00f3n Reconocido en Derecho Constitucional (Un. de Valladolid). Con el Aval de la Asociaci\u00f3n de Constitucionalistas de Espa\u00f1a.<\/span><\/p>\n<p>&nbsp;<\/p>\n<h5><strong>2- Jornada de Trabajo Espa\u00f1a ante Europa: retos nacionales en materia de Derechos Humanos. La visi\u00f3n de los expertos. <a href=\"http:\/\/albergueweb1.uva.es\/constitutiva\/wp-content\/uploads\/2019\/03\/Expertos.pdf\" target=\"_blank\" rel=\"noopener noreferrer\">Programa<\/a><\/strong><\/h5>\n<p><span class=\"s2\"><i>Centro de Estudios Pol\u00edticos y Constitucionales. Madrid, 27\/10\/2017. <\/i><\/span><\/p>\n<p><span class=\"s2\">Colabora el Centro de Estudios Pol\u00edticos y Constitucionales y el Grupo de Investigaci\u00f3n Reconocido en Derecho Constitucional (Un. de Valladolid). Con el Aval de la Asociaci\u00f3n de Constitucionalistas de Espa\u00f1a.<\/span><\/p>\n<p>&nbsp;<\/p>\n<h5><strong><span class=\"s2\">3- Jornada de Trabajo. Fase II del Proyecto. <\/span><\/strong> <a href=\"http:\/\/albergueweb1.uva.es\/constitutiva\/wp-content\/uploads\/2019\/03\/FaseII.pdf\" target=\"_blank\" rel=\"noopener noreferrer\">Programa<\/a><\/h5>\n<p><span class=\"s2\"><i><em>Instituto de Estudios Europeos y Facultad de Derecho,Valladolid, 12 y 13\/07\/2018<\/em>. <\/i><\/span><\/p>\n<p><span class=\"s2\">Colaboran el Instituto de Estudios Europeos y el Grupo de Investigaci\u00f3n Reconocido en Derecho Constitucional (Un. de Valladolid). Con el Aval de la Asociaci\u00f3n de Constitucionalistas de Espa\u00f1a.<\/span><\/p>\n<p>&nbsp;<\/p>\n<h5><strong><span class=\"s2\">4- <\/span><\/strong><strong><span class=\"s2\">Jornada Derecho a la Intimidad. Riesgos y desaf\u00edos. <\/span><\/strong> <a href=\"http:\/\/albergueweb1.uva.es\/constitutiva\/wp-content\/uploads\/2019\/03\/Intimidad.pdf\" target=\"_blank\" rel=\"noopener noreferrer\">Programa<\/a><\/h5>\n<p><em>Fundaci\u00f3n Manuel Gim\u00e9nez Abad, Zaragoza, 22\/03\/2019.<\/em><\/p>\n<p>Organizan: proyecto estatal DER2016-75993-P y Fundaci\u00f3n Manuel Gim\u00e9nez Abad<\/p>\n<p>&nbsp;[\/vc_column_text][\/vc_column][\/vc_row]<\/p>\n","protected":false},"excerpt":{"rendered":"<p>[vc_row][vc_column][vc_column_text]&nbsp; EVENTOS AVALADOS POR LA ASOCIACI\u00d3N DE CONSTITUCIONALISTAS DE ESPA\u00d1A &nbsp; 1- Jornada de Trabajo sobre Informes nacionales sobre la actuaci\u00f3n del Tribunal Europeo de Derechos Humanos. Programa Centro de Estudios Pol\u00edticos y Constitucionales. Madrid, 26\/10\/2017. Colabora el Centro de Estudios Pol\u00edticos y Constitucionales y el Grupo de Investigaci\u00f3n Reconocido en Derecho Constitucional (Un. de&hellip;<\/p>\n","protected":false},"author":2,"featured_media":0,"parent":0,"menu_order":0,"comment_status":"closed","ping_status":"closed","template":"","meta":{"_acf_changed":false,"footnotes":""},"acf":[],"_links":{"self":[{"href":"http:\/\/albergueweb1.uva.es\/constitutiva\/wp-json\/wp\/v2\/pages\/337"}],"collection":[{"href":"http:\/\/albergueweb1.uva.es\/constitutiva\/wp-json\/wp\/v2\/pages"}],"about":[{"href":"http:\/\/albergueweb1.uva.es\/constitutiva\/wp-json\/wp\/v2\/types\/page"}],"author":[{"embeddable":true,"href":"http:\/\/albergueweb1.uva.es\/constitutiva\/wp-json\/wp\/v2\/users\/2"}],"replies":[{"embeddable":true,"href":"http:\/\/albergueweb1.uva.es\/constitutiva\/wp-json\/wp\/v2\/comments?post=337"}],"version-history":[{"count":5,"href":"http:\/\/albergueweb1.uva.es\/constitutiva\/wp-json\/wp\/v2\/pages\/337\/revisions"}],"predecessor-version":[{"id":392,"href":"http:\/\/albergueweb1.uva.es\/constitutiva\/wp-json\/wp\/v2\/pages\/337\/revisions\/392"}],"wp:attachment":[{"href":"http:\/\/albergueweb1.uva.es\/constitutiva\/wp-json\/wp\/v2\/media?parent=337"}],"curies":[{"name":"wp","href":"https:\/\/api.w.org\/{rel}","templated":true}]}}