{"id":354,"date":"2019-04-01T15:05:01","date_gmt":"2019-04-01T15:05:01","guid":{"rendered":"http:\/\/albergueweb1.uva.es\/constitutiva\/?page_id=354"},"modified":"2021-03-19T09:40:05","modified_gmt":"2021-03-19T09:40:05","slug":"reuniones-de-coordinacion","status":"publish","type":"page","link":"http:\/\/albergueweb1.uva.es\/constitutiva\/reuniones-de-coordinacion\/","title":{"rendered":"Reuniones de coordinaci\u00f3n"},"content":{"rendered":"<p>[vc_row][vc_column][vc_column_text]<\/p>\n<h5><strong><span class=\"s2\">1- Reuni\u00f3n inicial <\/span><span class=\"s2\">30\/03\/2017<\/span><\/strong><\/h5>\n<p><span class=\"s2\"><em>Facultad de Derecho. Le\u00f3n. <\/em><\/span><\/p>\n<p><span class=\"s2\">Sobre la revisi\u00f3n del reparto de tareas entre los investigadores y la eventual ampliaci\u00f3n a temas conexos y a nuevos colaboradores, y daci\u00f3n de cuentas en relaci\u00f3n con la organizaci\u00f3n de las futuras jornadas de trabajo que se pretend\u00edan realizar en Madrid.<\/span><\/p>\n<p>&nbsp;<\/p>\n<h5><strong><span class=\"s2\">2- Reuni\u00f3n 26 y 27\/10\/2017<\/span><\/strong><\/h5>\n<p><em><span class=\"s2\">Centro de Estudios Pol\u00edticos y Constitucionales. Madrid. <\/span><\/em><\/p>\n<p><span class=\"s2\">Presentaci\u00f3n de las Jornadas y distribuci\u00f3n de trabajo administrativo durante su celebraci\u00f3n. Balance de los trabajos realizados.<br \/>\n<\/span><\/p>\n<p>&nbsp;<\/p>\n<h5><strong><span class=\"s2\">3- Reuni\u00f3n 27\/10\/2017<\/span><\/strong><\/h5>\n<p><em><span class=\"s2\">Centro de Estudios Pol\u00edticos y Constitucionales. Madrid.<\/span><\/em><\/p>\n<p><span class=\"s2\"> Discusi\u00f3n sobre las Jornadas celebradas y preparaci\u00f3n de las publicaciones vinculadas con ellas.<\/span><\/p>\n<p>&nbsp;<\/p>\n<h5><strong><span class=\"s2\">4- Reuni\u00f3n 26\/04\/2018<\/span><\/strong><\/h5>\n<p><em><span class=\"s2\">Facultad de Derecho. M\u00e1laga. <\/span><\/em><\/p>\n<p><span class=\"s2\">Planificaci\u00f3n de las Jornadas de la Fase II, proyectos complementarios vinculados con el proyecto y b\u00fasqueda de alianzas con otros profesores y grupos de investigaci\u00f3n. <\/span><\/p>\n<p>&nbsp;<\/p>\n<h5><strong><span class=\"s2\">5- Reuni\u00f3n 22\/03\/2019<\/span><\/strong><\/h5>\n<p><em><span class=\"s2\">Cortes de Arag\u00f3n. Zaragoza\/virtual. <\/span><\/em><\/p>\n<p>Planificaci\u00f3n de los siguientes pasos a dar. Ajustes del Congreso a celebrar en Madrid o Bogot\u00e1 sobre la Corte Interamericana.<\/p>\n<p>Aprovechando la infraestructura ofrecida por la Fundaci\u00f3n Manuel Gim\u00e9nez Abad contamos con la presencia virtual de investigadores a trav\u00e9s de medios telem\u00e1ticos.<\/p>\n<p>&nbsp;<\/p>\n<h5><strong><span class=\"s2\">6- Reuniones 27 y 31\/03\/2020<\/span><\/strong><\/h5>\n<p><em><span class=\"s2\">Virtuales. <\/span><\/em><\/p>\n<p>Se plantea una nueva estrategia a ra\u00edz de la pandemia. En la primera reuni\u00f3n se plantean posibilidades, y en la segunda se decide intensificar la publicaci\u00f3n de trabajos escritos que permitan maximizar la ejecuci\u00f3n del Proyecto. Se mantiene la celebraci\u00f3n de la Jornada conclusiva y evaluaci\u00f3n por su importancia para el Proyecto.<\/p>\n<p>&nbsp;<\/p>\n<h5><strong><span class=\"s2\">7- Reuniones 4 y 18\/12\/2020<\/span><\/strong><\/h5>\n<p><em><span class=\"s2\">Virtuales. <\/span><\/em><\/p>\n<p>En la primera se cierra el programa de la Jornada conclusiva y de evaluaci\u00f3n, que tendr\u00e1 finalmente car\u00e1cter virtual. Se aprueba la publicaci\u00f3n de todos los informes cr\u00edticos elaborados por expertos externos en la p\u00e1gina web y el dise\u00f1o de la actividad presentado por el IP. En la segunda se hace balance del desarrollo de la Jornada.[\/vc_column_text][\/vc_column][\/vc_row]<\/p>\n","protected":false},"excerpt":{"rendered":"<p>[vc_row][vc_column][vc_column_text] 1- Reuni\u00f3n inicial 30\/03\/2017 Facultad de Derecho. Le\u00f3n. Sobre la revisi\u00f3n del reparto de tareas entre los investigadores y la eventual ampliaci\u00f3n a temas conexos y a nuevos colaboradores, y daci\u00f3n de cuentas en relaci\u00f3n con la organizaci\u00f3n de las futuras jornadas de trabajo que se pretend\u00edan realizar en Madrid. &nbsp; 2- Reuni\u00f3n 26&hellip;<\/p>\n","protected":false},"author":2,"featured_media":0,"parent":0,"menu_order":0,"comment_status":"closed","ping_status":"closed","template":"","meta":{"_acf_changed":false,"footnotes":""},"acf":[],"_links":{"self":[{"href":"http:\/\/albergueweb1.uva.es\/constitutiva\/wp-json\/wp\/v2\/pages\/354"}],"collection":[{"href":"http:\/\/albergueweb1.uva.es\/constitutiva\/wp-json\/wp\/v2\/pages"}],"about":[{"href":"http:\/\/albergueweb1.uva.es\/constitutiva\/wp-json\/wp\/v2\/types\/page"}],"author":[{"embeddable":true,"href":"http:\/\/albergueweb1.uva.es\/constitutiva\/wp-json\/wp\/v2\/users\/2"}],"replies":[{"embeddable":true,"href":"http:\/\/albergueweb1.uva.es\/constitutiva\/wp-json\/wp\/v2\/comments?post=354"}],"version-history":[{"count":6,"href":"http:\/\/albergueweb1.uva.es\/constitutiva\/wp-json\/wp\/v2\/pages\/354\/revisions"}],"predecessor-version":[{"id":545,"href":"http:\/\/albergueweb1.uva.es\/constitutiva\/wp-json\/wp\/v2\/pages\/354\/revisions\/545"}],"wp:attachment":[{"href":"http:\/\/albergueweb1.uva.es\/constitutiva\/wp-json\/wp\/v2\/media?parent=354"}],"curies":[{"name":"wp","href":"https:\/\/api.w.org\/{rel}","templated":true}]}}