{"id":1004,"date":"2016-02-15T14:47:57","date_gmt":"2016-02-15T14:47:57","guid":{"rendered":"http:\/\/www5.uva.es\/gir_pangea\/?page_id=1004"},"modified":"2016-02-15T14:56:16","modified_gmt":"2016-02-15T14:56:16","slug":"boletin-2015","status":"publish","type":"page","link":"http:\/\/albergueweb1.uva.es\/gir_pangea\/?page_id=1004","title":{"rendered":"Bolet\u00edn 2015"},"content":{"rendered":"<p><strong><a href=\"http:\/\/www5.uva.es\/gir_pangea\/wp-content\/uploads\/2016\/02\/Boletin2015\">Bolet\u00edn 2015 [Descargar]<\/a><\/strong><\/p>\n<p><a href=\"http:\/\/www5.uva.es\/gir_pangea\/wp-content\/uploads\/2016\/02\/Boletin2015\"><img loading=\"lazy\" class=\"alignnone\" src=\"http:\/\/www5.uva.es\/gir_pangea\/wp-content\/uploads\/2016\/02\/imagenboletin15\" alt=\"\" width=\"649\" height=\"269\" \/><\/a><\/p>\n","protected":false},"excerpt":{"rendered":"<p>Bolet\u00edn 2015 [Descargar]<\/p>\n","protected":false},"author":1,"featured_media":0,"parent":0,"menu_order":0,"comment_status":"closed","ping_status":"closed","template":"","meta":{"jetpack_post_was_ever_published":false},"jetpack_sharing_enabled":true,"jetpack_shortlink":"https:\/\/wp.me\/P79crb-gc","jetpack-related-posts":[{"id":828,"url":"http:\/\/albergueweb1.uva.es\/gir_pangea\/?page_id=828","url_meta":{"origin":1004,"position":0},"title":"Bolet\u00edn 2012","date":"19 marzo, 2015","format":false,"excerpt":"\u00a0 \u00a0 \u00a0 Boletin 2012 [Descargar]","rel":"","context":"Entrada similar","img":{"alt_text":"","src":"","width":0,"height":0},"classes":[]},{"id":817,"url":"http:\/\/albergueweb1.uva.es\/gir_pangea\/?page_id=817","url_meta":{"origin":1004,"position":1},"title":"Bolet\u00edn 2014","date":"19 marzo, 2015","format":false,"excerpt":"\u00a0 \u00a0 \u00a0 Bolet\u00edn PANGEA 2014 [Descargar]","rel":"","context":"Entrada similar","img":{"alt_text":"","src":"","width":0,"height":0},"classes":[]},{"id":823,"url":"http:\/\/albergueweb1.uva.es\/gir_pangea\/?page_id=823","url_meta":{"origin":1004,"position":2},"title":"Bolet\u00edn 2013","date":"19 marzo, 2015","format":false,"excerpt":"\u00a0 \u00a0 Bolet\u00edn PANGEA 2013 [Descargar]","rel":"","context":"Entrada similar","img":{"alt_text":"","src":"","width":0,"height":0},"classes":[]},{"id":1641,"url":"http:\/\/albergueweb1.uva.es\/gir_pangea\/?page_id=1641","url_meta":{"origin":1004,"position":3},"title":"Bolet\u00edn 2019","date":"8 mayo, 2020","format":false,"excerpt":"Boletin-Pangea-2019Descarga","rel":"","context":"Entrada similar","img":{"alt_text":"","src":"https:\/\/i0.wp.com\/albergueweb1.uva.es\/gir_pangea\/wp-content\/uploads\/2020\/05\/08-05-2020-18-56-47.png?resize=350%2C200","width":350,"height":200},"classes":[]},{"id":956,"url":"http:\/\/albergueweb1.uva.es\/gir_pangea\/?page_id=956","url_meta":{"origin":1004,"position":4},"title":"BOLET\u00cdN PANGEA","date":"28 enero, 2016","format":false,"excerpt":"2023 [PDF] 2022 [PDF] 2020 [PDF] 2019 [PDF] 2018 [PDF] 2017 [PDF] 2016 [PDF] 2015\u00a0 [PDF] 2014 [PDF] 2013 [PDF] 2012 [PDF]","rel":"","context":"Entrada similar","img":{"alt_text":"","src":"","width":0,"height":0},"classes":[]},{"id":1099,"url":"http:\/\/albergueweb1.uva.es\/gir_pangea\/?page_id=1099","url_meta":{"origin":1004,"position":5},"title":"BOLET\u00cdN 2016","date":"20 febrero, 2017","format":false,"excerpt":"Enlace al bolet\u00edn del a\u00f1o 2016 boletinpangea2016","rel":"","context":"Entrada similar","img":{"alt_text":"","src":"","width":0,"height":0},"classes":[]}],"_links":{"self":[{"href":"http:\/\/albergueweb1.uva.es\/gir_pangea\/index.php?rest_route=\/wp\/v2\/pages\/1004"}],"collection":[{"href":"http:\/\/albergueweb1.uva.es\/gir_pangea\/index.php?rest_route=\/wp\/v2\/pages"}],"about":[{"href":"http:\/\/albergueweb1.uva.es\/gir_pangea\/index.php?rest_route=\/wp\/v2\/types\/page"}],"author":[{"embeddable":true,"href":"http:\/\/albergueweb1.uva.es\/gir_pangea\/index.php?rest_route=\/wp\/v2\/users\/1"}],"replies":[{"embeddable":true,"href":"http:\/\/albergueweb1.uva.es\/gir_pangea\/index.php?rest_route=%2Fwp%2Fv2%2Fcomments&post=1004"}],"version-history":[{"count":4,"href":"http:\/\/albergueweb1.uva.es\/gir_pangea\/index.php?rest_route=\/wp\/v2\/pages\/1004\/revisions"}],"predecessor-version":[{"id":1009,"href":"http:\/\/albergueweb1.uva.es\/gir_pangea\/index.php?rest_route=\/wp\/v2\/pages\/1004\/revisions\/1009"}],"wp:attachment":[{"href":"http:\/\/albergueweb1.uva.es\/gir_pangea\/index.php?rest_route=%2Fwp%2Fv2%2Fmedia&parent=1004"}],"curies":[{"name":"wp","href":"https:\/\/api.w.org\/{rel}","templated":true}]}}