{"id":1502,"date":"2019-11-27T12:49:41","date_gmt":"2019-11-27T12:49:41","guid":{"rendered":"http:\/\/albergueweb1.uva.es\/gir_pangea\/?page_id=1502"},"modified":"2019-11-27T12:49:41","modified_gmt":"2019-11-27T12:49:41","slug":"publicaciones-2018","status":"publish","type":"page","link":"http:\/\/albergueweb1.uva.es\/gir_pangea\/?page_id=1502","title":{"rendered":"Publicaciones 2018"},"content":{"rendered":"\n<blockquote class=\"wp-block-quote\"><p>Serrano E, Oliva M, Gonzalez-Garcia M, Lopez-Moreno JI, Gonzalez-Trueba JJ, Martin-Moreno R, Gomez-Lende M, Martin-Diaz J, Nofre J, Palma P.(2018). Post-little ice age paraglacial processes and landforms in the high Iberian mountains: a review. <strong>Land Degradation and Development<\/strong>, 29 (11) :4186-4208. DOI: 101002\/ldr3171<\/p><p>Serrano, E., J.J. Sanjose, A.Gomez-Gutierrez, M. Gomez-Lende (2018). Surface movement and cascade processes on debris cones in temperate high mountain (Picos de Europa, Northern Spain). <strong>Science of the Total Environment <\/strong>(STOTEN), 649 (2019), 1323-1337. https:\/\/doi.org\/10.1016\/j.scitotenv.2018.08.405<\/p><p>Gomez-Lende, M., M. Sanchez-Fernandez. 2018. Cryomorphological topographies in the study of ice caves. <strong>Geosciences<\/strong>, 8(8), 274; <a href=\"https:\/\/doi.org\/10.3390\/geosciences8080274\">https:\/\/doi.org\/10.3390\/geosciences8080274<\/a>. <\/p><p>Sanjose-Blasco, J.J. de, E. Serrano, M. Gomez-Lende, M. Sanchez-Fernandez (2018). Monitoring coastal sandy systems retreat by geomatics techniques: Somo Beach (Cantabrian Coast-Spain, 1875-2017). <strong>Remote Sensing, <\/strong>10(9), 1500. https:\/\/doi.org\/10.3390\/rs10091500<\/p><p>Gonzalez-Amuchastegui, M.J., E. Serrano. 2018. An Essential Tool for Natural Heritage Management: The Geomorphological Map of Valderejo Natural Park. <strong>Geosciences <\/strong>2018, 8(7), 250; https:\/\/doi.org\/10.3390\/geosciences8070250<\/p><p>Oliva; M.; Ruiz-Fernandez, J.; Barriendos, M.; Benito, G.; Cuadrat, J.M.; Garcia-Ruiz, J.M.; Giralt, S.; Gomez-Ortiz; A.; Hernandez, A.; Lopez-Costas, O.; Lopez-Moreno, J.I.; Lopez-Saez, J.A.; Martinez-Cortizas, A.; Moreno, A.; Prohom, M.; Saz, M.A.; Serrano, E.; Tejedor, E., Trigo, R., Valero-Garces, B. &amp; Vicente-Serrano, S. (2018). The Little Ice Age in the Iberian mountains. <strong>Earth Science Reviews<\/strong>, 177: 175-208.<\/p><p>Navas A, Serrano E, Lopez-Martinez J, Gaspar L, Lizaga I. 2018. Interpreting environmental changes from radionuclides and soil characteristics in different landform contexts of Elephant Island (maritime Antarctica). <strong>Land Degradation and Development, <\/strong>DOI: 10.1007\/s11600-018-0138-x)<\/p><p>Oliva, M., \u017debre, M., Guglielmin, M., Hughes, P.D., Cinere, A., Vieira, G., Bodin, X., Andres, N., Colucci, R.R., Garcia-Hernandez, C., Mora, C., Nofre, J., Palacios, P., Perez-Albertil, A., Ribolini, A., Ruiz-Fernandez, J., Sar\u0131kaya, M.A., Serrano, E., Urdea, P., Valcarcel, M., Woodward, J.C., Y\u0131ld\u0131r\u0131m, C. 2018. Permafrost conditions in the Mediterranean region since the Last Glaciation. <strong>Earth Science Reviews<\/strong>, 185, 397-436.<\/p><p>Serrano, E. 2018. Quaternary Glaciation in the Mediterranean Mountains. <strong>Proceeding of the Geologist\u00b4s Association<\/strong>, 129 (2), 248-249.<\/p><p>Bermudez, A., Giralt, A., Martinez Fernandez, L.C., Moreno, A. (2017). <strong>La cultura tradicional en el Guadarrama segoviano. Un enfoque transdisciplinar<\/strong>. ICTS-BI, Diputacion de Segovia, Segovia.<\/p><p>Serrano, Enrique; Manuel Gomez-Lende, Anchel Belmonte, Carlos Sancho, Javier Sanchez- Benitez, Miguel Bartolome, Maria Leunda, Ana Moreno, Bernard Hivert. (2018). Ice Caves in Spain. En: Aurel Persiou y Stein-Erk Lauritzen (eds.). <strong>Ice Caves<\/strong>. Elsevier, Amsterdam, pp. 625-<\/p><p>656.<\/p><p>Delgado Urrecho, Jose Maria (2018): \u00abMas alla del topico de la Espana vacia: una geografia de la despoblacion\u00bb. En Blanco, A.; Chueca, A.; Lopez-Ruiz, J.A.; Mora, S. (Coord. y ed.): <strong>Informe Espa\u00f1a 2018 <\/strong>\/ Catedra Jose Maria Martin Patino de la Cultura del Encuentro. Madrid: Universidad Pontificia Comillas, Catedra J.M. Martin Patino, 232-295.<\/p><p>Delgado Urrecho, Jose Maria; Martinez Fernandez, Luis Carlos. 2018. \u201cCalidad de vida y proteccion social en Castilla y Leon en 2017. Dinamica demografica\u201d. <strong>Situaci\u00f3n econ\u00f3mica y social de Castilla y Le\u00f3n en 2017<\/strong>. V.1, Cap.3, pp.1-35. Valladolid: Consejo Economico y Social de Castilla y Leon, 2\/07\/18. ISBN 978-84-95308-02-3.<\/p><p>Delgado Urrecho, Jose Maria. \u201cPoblacion, demografia y migraciones en Castilla y Leon\u201d. Dinamica demografica\u201d. <strong>Situaci\u00f3n econ\u00f3mica y social de Castilla y Le\u00f3n en 2017<\/strong>. Anexo. Valladolid: Consejo Economico y Social de Castilla y Leon, 2\/07\/18. ISBN 978-84-95308-02-3. Delgado Urrecho, Jose Maria; Martinez Fernandez, Luis Carlos. 2017. \u201cEvolucion, situaci\u00f3n actual y perspectivas de la poblacion en los pequenos municipios espanoles\u201d. <strong>Documentaci\u00f3n Social. Revista de Estudios Sociales y de Sociolog\u00eda Aplicada<\/strong>. 185, pp.37-66. 29\/12\/2017. ISSN 0417-8106.<\/p><p>Martinez Fernandez, Luis Carlos; Delgado Urrecho, Jose Maria; Moreno Minguez, Almudena. \u201cPISA 2015 en Espana: oportunidades y limites para una evaluacion territorializada del sistema educativo\u201d. <strong>Er\u00eda. Revista cuatrimestral de Geograf\u00eda<\/strong>. V.38-3, pp. 267-285. ISSN 0211-0563.<\/p><p>Serrano, Enrique, Gonzalez Amuchastegui, Maria Jose. 2018. Relieves plegados de La Ojeda (Palencia). Las combes de Villaescusa, Vallejo y San Pedro. En \u201c<strong>Xeomorfolox\u00eda e paisaxes xeogr\u00e1ficas. Catro d\u00e9cadas de investigaci\u00f3n e ensino. Homenaxe a Augusto P\u00e9rez Alberti<\/strong>\u201d, Universidad de Santiago de Compostela, Santiago. pp. 487-513.<\/p><p>Serrano, E., Gonzalez Trueba, J.J., Gomez Lende, M. 2018. Naturaleza, cultura e historia del primer Parque Nacional: Picos de Europa. <strong>Ambienta<\/strong>, 121, 30-49.<\/p><p>Serrano, E., Duque, P., Fernandez Cano, V.N., Gento, I., Rello, D. (2018). Patrimonio Natural y Geomorfologia. Lugares de Interes Geomorfologico del Parque Natural Sierra de Cebollera (La Rioja). <strong>Zub\u00eda<\/strong>, 36 : 45-81.<\/p><p>Serrano, E., Pisabarro, A., Gomez Lende, E. 2018. Los aludes y su peligrosidad en Alto Campoo. <strong>Neu i Allaus<\/strong>, 9, 4-11.<\/p><p>Barquin J., J.M. Alvarez-Martinez, B. Jimenez, D.l Garcia, D. Vieites, E. Serrano, A. Gonzalez, S. Tejon, E. de Luis, A. Taboada, F.J. Purroy, M. Del Jesus, J. Naves, A. Fernandez-Gil, A. Serdio, A. Javier Lucio, R. Suarez, J. Araujo. La integracion del conocimiento sobre la Cordillera Cantabrica: hacia un observatorio inter-autonomico del cambio global. <strong>Ecosistemas <\/strong>27(1): 96-104 2018. Doi.: 10.7818\/ECOS.1435. ISSN 1697-2473 \/Open access<\/p><p>Caballero, Yvan (Coord.), Severine Bernardie y Nina Graveline; Maria del Carmen Llasat; C. Bouisset, Sylvie Clarimont e Isabelle Degremont; Santiago Begueria, Juan Ignacio Lopez- Moreno, Vincent Jomelli, Enrique Serrano, Yvan Caballero. (2018). 3.4. Riesgos naturales. En: OPCC-CTP. <strong>El cambio Clim\u00e1tico en los Pirineos. Impactos vulnerabilidades y adaptaci\u00f3n. Bases de conocimiento de la futura estrategia de adaptaci\u00f3n al cambio Clim\u00e1tico en los Pirineos<\/strong>. CTP. Collserola, pp. 111-122. ISBN. 978-84-09-06268-3.<\/p><p>Arauzo, Idoia (Coord.), Juan Terradez, Marc Pons, David Sauri, Ibai Rico, Jeremie Fosse. (2018). 3.1. Turismo. En: OPCC-CTP. <strong>El cambio Clim\u00e1tico en los Pirineos. Impactos vulnerabilidades y adaptaci\u00f3n. Bases de conocimiento de la futura estrategia de adaptaci\u00f3n al cambio Clim\u00e1tico en los Pirineos<\/strong>. CTP. Collserola, pp. 78-86. ISBN. 978-84-09-06268-3.<\/p><p>Ballesteros, D. y Gomez Lende, M. Paisaje subterraneo de los Picos de Europa: simas, cuevas, galerias y hielo. En: <strong>Picos de Europa, calizas, paisaje y gente<\/strong>. Madrid, IGME, 2018 (en prensa).<\/p><\/blockquote>\n\n\n\n<blockquote class=\"wp-block-quote\"><p><\/p><\/blockquote>\n","protected":false},"excerpt":{"rendered":"<p>Serrano E, Oliva M, Gonzalez-Garcia M, Lopez-Moreno JI, Gonzalez-Trueba JJ, Martin-Moreno R, Gomez-Lende M, Martin-Diaz J, Nofre J, Palma P.(2018). Post-little ice age paraglacial processes and landforms in the high Iberian mountains: a review. Land Degradation and Development, 29 (11) :4186-4208. DOI: 101002\/ldr3171 Serrano, E., J.J. Sanjose, A.Gomez-Gutierrez, M. Gomez-Lende (2018). Surface movement and cascade [&hellip;]<\/p>\n","protected":false},"author":1,"featured_media":0,"parent":0,"menu_order":0,"comment_status":"closed","ping_status":"closed","template":"","meta":{"jetpack_post_was_ever_published":false},"jetpack_sharing_enabled":true,"jetpack_shortlink":"https:\/\/wp.me\/P79crb-oe","jetpack-related-posts":[{"id":1033,"url":"http:\/\/albergueweb1.uva.es\/gir_pangea\/?page_id=1033","url_meta":{"origin":1502,"position":0},"title":"Publicaciones 2016","date":"14 septiembre, 2016","format":false,"excerpt":"Pisabarro, A., Pellitero, R., Serrano, E., G\u00f3mez-Lende, M., & Gonz\u00e1lez-Trueba, J. J. (2017). Ground temperatures, landforms and processes in an Atlantic mountain. Cantabrian Mountains (Northern Spain). Catena. http:\/\/dx.doi.org\/10.1016\/j.catena.2016.07.051. G\u00f3mez Lende, M. (2016). Cuevas heladas en el Parque nacional de los Picos de Europa. fronteras subterr\u00e1nea del hielo en el macizo\u2026","rel":"","context":"Entrada similar","img":{"alt_text":"","src":"","width":0,"height":0},"classes":[]},{"id":1770,"url":"http:\/\/albergueweb1.uva.es\/gir_pangea\/?page_id=1770","url_meta":{"origin":1502,"position":1},"title":"Publicaciones 2020","date":"4 marzo, 2021","format":false,"excerpt":"Serrano, E., Gonz\u00e1lez Amuchastegui, M.J. (2020). Cultural Heritage, landforms and integrated territorial heritage. The close relationship between tufas, cultural remains and landscape in the Upper Ebro Basin (Cantabrian Mountains, Spain). Geoheritage, 12, Article number: 86 (2020). https:\/\/doi.org\/10.1007\/s12371-020-00513-z Serrano, E., L\u00f3pez-Moreno, J.I., G\u00f3mez-Lende, M., Pisabarro, A., Mart\u00edn-Moreno, R., Rico, I., Alonso-Gonz\u00e1lez,\u2026","rel":"","context":"Entrada similar","img":{"alt_text":"","src":"","width":0,"height":0},"classes":[]},{"id":1287,"url":"http:\/\/albergueweb1.uva.es\/gir_pangea\/?page_id=1287","url_meta":{"origin":1502,"position":2},"title":"Publicaciones 2017","date":"25 junio, 2018","format":false,"excerpt":"Publicaciones 2017 Serrano, E.\u00a0 Gonz\u00e1lez-Trueba, J.J., Pellitero, R., G\u00f3mez-Lende, M. 2017. Quaternary glacial history of the Cantabrian Mountains of northern Spain: a new synthesis. M. En: Hughes, P. D. & Woodward, J. C. (eds) Quaternary Glaciation in the Mediterranean Mountains. Geological Society, London, Geological Society, London, Special Publications, 433, 55\u201385.\u2026","rel":"","context":"Entrada similar","img":{"alt_text":"","src":"","width":0,"height":0},"classes":[]},{"id":965,"url":"http:\/\/albergueweb1.uva.es\/gir_pangea\/?page_id=965","url_meta":{"origin":1502,"position":3},"title":"Publicaciones 2015","date":"28 enero, 2016","format":false,"excerpt":"A\u00f1o 2015. Publicaciones internacionales Gonz\u00e1lez Amuchastegui, M.J., Serrano, E., 2015. TUFA BUILDUPS, LANDSCAPE EVOLUTION AND HUMAN IMPACT DURING THE HOLOCENE IN THE UPPER EBRO BASIN. Quaternary International, 364, 54-64. Gonz\u00e1lez Amuchastegui, M. J., Serrano, E. 2015. LATE-PLEISTOCENE AND HOLOCENE TUFA COMPLEX AND GEOMORPHOLOGICAL EVOLUTION IN UPPER EBRO BASIN (NORTHERN SPAIN).\u2026","rel":"","context":"Entrada similar","img":{"alt_text":"","src":"","width":0,"height":0},"classes":[]},{"id":969,"url":"http:\/\/albergueweb1.uva.es\/gir_pangea\/?page_id=969","url_meta":{"origin":1502,"position":4},"title":"Publicaciones 2013","date":"28 enero, 2016","format":false,"excerpt":"A\u00f1o 2013. Publicaciones internacionales. Maria Jos\u00e9 Gonz\u00e1lez\u00a0Amuchastegui, Enrique Serrano Ca\u00f1adas, Juan Jos\u00e9 Gonz\u00e1lez Trueba, Maria Gonz\u00e1lez Garc\u00eda. (2013). GEOMORPHOSITES, A USEFUL TOOL FOR ENVIRONMENTAL MANAGEMENT IN NATURAL PROTECTED AREAS \u00c1LAVA, THE BASQUE COUNTRY, SPAIN. En: Managing Geosites in Protected Areas, Collection EDYTEM, n\u00b0 15. Grenoble. \u00a0pp.87-94. Serrano E., J.J. Gonz\u00e1lez-Trueba,\u2026","rel":"","context":"Entrada similar","img":{"alt_text":"","src":"","width":0,"height":0},"classes":[]},{"id":971,"url":"http:\/\/albergueweb1.uva.es\/gir_pangea\/?page_id=971","url_meta":{"origin":1502,"position":5},"title":"Publicaciones 2012","date":"28 enero, 2016","format":false,"excerpt":"A\u00f1o 2012. Publicaciones internacionales. Serrano, E., Gonz\u00e1lez-Trueba, J.J., Gonz\u00e1lez-Garc\u00eda, M., 2012. MOUNTAIN GLACIATION AND PALEOCLIMATE RECONSTRUCTION IN THE PICOS DE EUROPA (IBERIAN PENINSULA, SW EUROPE). Quaternary Research, doi.org\/10.1016 \/j.yqres.2012.016. M. Morell\u00f3n, A. P\u00e9rez-Sanz, J. P. Corella, U. Buntgen, J. Catalan, P. Gonzalez-Samperiz, J. J. Gonzalez-Trueba, J. A. Lopez-Saez, A. Moreno,\u2026","rel":"","context":"Entrada similar","img":{"alt_text":"","src":"","width":0,"height":0},"classes":[]}],"_links":{"self":[{"href":"http:\/\/albergueweb1.uva.es\/gir_pangea\/index.php?rest_route=\/wp\/v2\/pages\/1502"}],"collection":[{"href":"http:\/\/albergueweb1.uva.es\/gir_pangea\/index.php?rest_route=\/wp\/v2\/pages"}],"about":[{"href":"http:\/\/albergueweb1.uva.es\/gir_pangea\/index.php?rest_route=\/wp\/v2\/types\/page"}],"author":[{"embeddable":true,"href":"http:\/\/albergueweb1.uva.es\/gir_pangea\/index.php?rest_route=\/wp\/v2\/users\/1"}],"replies":[{"embeddable":true,"href":"http:\/\/albergueweb1.uva.es\/gir_pangea\/index.php?rest_route=%2Fwp%2Fv2%2Fcomments&post=1502"}],"version-history":[{"count":1,"href":"http:\/\/albergueweb1.uva.es\/gir_pangea\/index.php?rest_route=\/wp\/v2\/pages\/1502\/revisions"}],"predecessor-version":[{"id":1503,"href":"http:\/\/albergueweb1.uva.es\/gir_pangea\/index.php?rest_route=\/wp\/v2\/pages\/1502\/revisions\/1503"}],"wp:attachment":[{"href":"http:\/\/albergueweb1.uva.es\/gir_pangea\/index.php?rest_route=%2Fwp%2Fv2%2Fmedia&parent=1502"}],"curies":[{"name":"wp","href":"https:\/\/api.w.org\/{rel}","templated":true}]}}