{"id":1770,"date":"2021-03-04T21:19:53","date_gmt":"2021-03-04T21:19:53","guid":{"rendered":"http:\/\/albergueweb1.uva.es\/gir_pangea\/?page_id=1770"},"modified":"2021-03-04T21:19:53","modified_gmt":"2021-03-04T21:19:53","slug":"publicaciones-2020","status":"publish","type":"page","link":"http:\/\/albergueweb1.uva.es\/gir_pangea\/?page_id=1770","title":{"rendered":"Publicaciones 2020"},"content":{"rendered":"\n<p>Serrano, E., Gonz\u00e1lez Amuchastegui, M.J. (2020). <strong>Cultural Heritage, landforms and integrated territorial heritage. The close relationship between tufas, cultural remains and landscape in the Upper Ebro Basin (Cantabrian Mountains, Spain)<\/strong>. Geoheritage, 12, Article number: 86 (2020). https:\/\/doi.org\/10.1007\/s12371-020-00513-z<\/p>\n\n\n\n<p>Serrano, E., L\u00f3pez-Moreno, J.I., G\u00f3mez-Lende, M., Pisabarro, A., Mart\u00edn-Moreno, R., Rico, I., Alonso-Gonz\u00e1lez, E. (2020). <strong>Frozen ground and periglacial processes relationship in temperate high mountains: a case study at Monte Perdido-Tucarroya area (The Pyrenees, Spain). <\/strong>Journal<br>of Mountain Science, 17(5), 1013-1031, DOI:10.1007\/s11629-019-5614-5<\/p>\n\n\n\n<p>Pisabarro, A.; Serrano, E. (2020). <strong>Chronology of geomorphological changes in a valley of Cantabrian Mountains over the last 20,000 years<\/strong>. Cuaternario y Geomorfolog\u00eda, 34 (3-4), 61-78. doi: https:\/\/doi.org\/10.17735\/cyg.v34i3-4.86012<\/p>\n\n\n\n<p>Sanjos\u00e9\u2010Blasco Jos\u00e9 Juan de, Maril\u00f3 L\u00f3pez\u2010Gonz\u00e1lez, Estrella Alonso\u2010P\u00e9rez, Enrique Serrano (2020). <strong>Modelling and Terrestrial Laser Scanning Methodology (2009\u20132018) on Debris Cones in Temperate High Mountains<\/strong>. Remote Sensing. 2020, 12, 632; doi:10.3390\/rs12040632<\/p>\n\n\n\n<p>Sanjos\u00e9 Blasco, Jos\u00e9 Juan de, Serrano-Ca\u00f1adas, Enrique, S\u00e1nchez-Fern\u00e1ndez, Manuel, G\u00f3mez-Lende, Manuel, Redweik, Paula. (2020). <strong>Application of Multiple Geomatic Techniques for Coastline Retreat Analysis: The Case of Gerra Beach (Cantabrian Coast, Spain)<\/strong>. Remote Sensing. 2020, 12(21), 3669; https:\/\/doi.org\/10.3390\/rs12213669<\/p>\n\n\n\n<p>Serrano, E., Pisabarro, A., L\u00f3pez-Moreno, J.I., G\u00f3mez-Lende, M., Mart\u00edn-Moreno, R., Rico, I. <strong>Mapping the potential distribution of frozen ground in Tucarroya (Monte Perdido Massif, the Pyrenees)<\/strong>. Cuadernos de Investigaci\u00f3n Geogr\u00e1fica 46, http:\/\/doi.org\/10.18172\/cig.4414.<\/p>\n\n\n\n<p>Serrano, E. Gonzalez Amuchastegui, M.J., Ruiz, Rosa. 2020. <strong>Patrimonio natural y geomorfolog\u00eda. Los lugares de inter\u00e9s geomorfol\u00f3gico del Parque Natural del Ca\u00f1\u00f3n del R\u00edo Lobos.<\/strong> Universidad de Valladolid. Valladolid, ISBN 978-84-8448-468-4. <\/p>\n","protected":false},"excerpt":{"rendered":"<p>Serrano, E., Gonz\u00e1lez Amuchastegui, M.J. (2020). Cultural Heritage, landforms and integrated territorial heritage. The close relationship between tufas, cultural remains and landscape in the Upper Ebro Basin (Cantabrian Mountains, Spain). Geoheritage, 12, Article number: 86 (2020). https:\/\/doi.org\/10.1007\/s12371-020-00513-z Serrano, E., L\u00f3pez-Moreno, J.I., G\u00f3mez-Lende, M., Pisabarro, A., Mart\u00edn-Moreno, R., Rico, I., Alonso-Gonz\u00e1lez, E. (2020). Frozen ground and [&hellip;]<\/p>\n","protected":false},"author":1,"featured_media":0,"parent":0,"menu_order":0,"comment_status":"closed","ping_status":"closed","template":"","meta":{"jetpack_post_was_ever_published":false},"jetpack_sharing_enabled":true,"jetpack_shortlink":"https:\/\/wp.me\/P79crb-sy","jetpack-related-posts":[{"id":1507,"url":"http:\/\/albergueweb1.uva.es\/gir_pangea\/?page_id=1507","url_meta":{"origin":1770,"position":0},"title":"Publicaciones 2019","date":"27 noviembre, 2019","format":false,"excerpt":"Serrano, E., Sanjos\u00e9, J.J., G\u00f3mez Lende, M., L\u00f3pez Moreno, J.I., Pisabarro, A., Mart\u00ednez Fern\u00e1ndez, A. (2019). Periglacial environments and frozen ground in the Central Pyrenean high mountain area. Ground thermal regime and distribution of landforms and processes. Permafrost and Periglacial Processes, 1-19. https:\/\/doi.org\/10.1002\/ppp.2032 Pisabarro, A., Pellitero, R., Serrano, E., L\u00f3pez-Moreno,\u2026","rel":"","context":"Entrada similar","img":{"alt_text":"","src":"","width":0,"height":0},"classes":[]},{"id":1502,"url":"http:\/\/albergueweb1.uva.es\/gir_pangea\/?page_id=1502","url_meta":{"origin":1770,"position":1},"title":"Publicaciones 2018","date":"27 noviembre, 2019","format":false,"excerpt":"Serrano E, Oliva M, Gonzalez-Garcia M, Lopez-Moreno JI, Gonzalez-Trueba JJ, Martin-Moreno R, Gomez-Lende M, Martin-Diaz J, Nofre J, Palma P.(2018). Post-little ice age paraglacial processes and landforms in the high Iberian mountains: a review. Land Degradation and Development, 29 (11) :4186-4208. DOI: 101002\/ldr3171Serrano, E., J.J. Sanjose, A.Gomez-Gutierrez, M. Gomez-Lende (2018).\u2026","rel":"","context":"Entrada similar","img":{"alt_text":"","src":"","width":0,"height":0},"classes":[]},{"id":1287,"url":"http:\/\/albergueweb1.uva.es\/gir_pangea\/?page_id=1287","url_meta":{"origin":1770,"position":2},"title":"Publicaciones 2017","date":"25 junio, 2018","format":false,"excerpt":"Publicaciones 2017 Serrano, E.\u00a0 Gonz\u00e1lez-Trueba, J.J., Pellitero, R., G\u00f3mez-Lende, M. 2017. Quaternary glacial history of the Cantabrian Mountains of northern Spain: a new synthesis. M. En: Hughes, P. D. & Woodward, J. C. (eds) Quaternary Glaciation in the Mediterranean Mountains. Geological Society, London, Geological Society, London, Special Publications, 433, 55\u201385.\u2026","rel":"","context":"Entrada similar","img":{"alt_text":"","src":"","width":0,"height":0},"classes":[]},{"id":965,"url":"http:\/\/albergueweb1.uva.es\/gir_pangea\/?page_id=965","url_meta":{"origin":1770,"position":3},"title":"Publicaciones 2015","date":"28 enero, 2016","format":false,"excerpt":"A\u00f1o 2015. Publicaciones internacionales Gonz\u00e1lez Amuchastegui, M.J., Serrano, E., 2015. TUFA BUILDUPS, LANDSCAPE EVOLUTION AND HUMAN IMPACT DURING THE HOLOCENE IN THE UPPER EBRO BASIN. Quaternary International, 364, 54-64. Gonz\u00e1lez Amuchastegui, M. J., Serrano, E. 2015. LATE-PLEISTOCENE AND HOLOCENE TUFA COMPLEX AND GEOMORPHOLOGICAL EVOLUTION IN UPPER EBRO BASIN (NORTHERN SPAIN).\u2026","rel":"","context":"Entrada similar","img":{"alt_text":"","src":"","width":0,"height":0},"classes":[]},{"id":1033,"url":"http:\/\/albergueweb1.uva.es\/gir_pangea\/?page_id=1033","url_meta":{"origin":1770,"position":4},"title":"Publicaciones 2016","date":"14 septiembre, 2016","format":false,"excerpt":"Pisabarro, A., Pellitero, R., Serrano, E., G\u00f3mez-Lende, M., & Gonz\u00e1lez-Trueba, J. J. (2017). Ground temperatures, landforms and processes in an Atlantic mountain. Cantabrian Mountains (Northern Spain). Catena. http:\/\/dx.doi.org\/10.1016\/j.catena.2016.07.051. G\u00f3mez Lende, M. (2016). Cuevas heladas en el Parque nacional de los Picos de Europa. fronteras subterr\u00e1nea del hielo en el macizo\u2026","rel":"","context":"Entrada similar","img":{"alt_text":"","src":"","width":0,"height":0},"classes":[]},{"id":967,"url":"http:\/\/albergueweb1.uva.es\/gir_pangea\/?page_id=967","url_meta":{"origin":1770,"position":5},"title":"Publicaciones 2014","date":"28 enero, 2016","format":false,"excerpt":"A\u00f1o 2014. Publicaciones internacionales. Serrano, E., G\u00f3mez-Lende, M., Gonz\u00e1lez-Amuchastegui, M.J., Gonz\u00e1lez-Garc\u00eda, M., Gonz\u00e1lez-Trueba,J.J., Pellitero, R., Rico, I. 2014.\u00a0GLACIAL CHRONOLOGY, ENVIRONMENTAL CHANGES AND IMPLICATIONS ON THE HUMAN OCCUPATION DURING THE UPPER PLEISTOCENE IN THE EASTERN CANTABRIAN MOUNTAINS. Quaternary International, doi 10.1016\/j.quaint. 2014.09.039. Gonz\u00e1lez-Amuchastegui, M.J., Serrano, E., 2014. TUFA BUILDUPS, LANDSCAPE EVOLUTION\u2026","rel":"","context":"Entrada similar","img":{"alt_text":"","src":"","width":0,"height":0},"classes":[]}],"_links":{"self":[{"href":"http:\/\/albergueweb1.uva.es\/gir_pangea\/index.php?rest_route=\/wp\/v2\/pages\/1770"}],"collection":[{"href":"http:\/\/albergueweb1.uva.es\/gir_pangea\/index.php?rest_route=\/wp\/v2\/pages"}],"about":[{"href":"http:\/\/albergueweb1.uva.es\/gir_pangea\/index.php?rest_route=\/wp\/v2\/types\/page"}],"author":[{"embeddable":true,"href":"http:\/\/albergueweb1.uva.es\/gir_pangea\/index.php?rest_route=\/wp\/v2\/users\/1"}],"replies":[{"embeddable":true,"href":"http:\/\/albergueweb1.uva.es\/gir_pangea\/index.php?rest_route=%2Fwp%2Fv2%2Fcomments&post=1770"}],"version-history":[{"count":1,"href":"http:\/\/albergueweb1.uva.es\/gir_pangea\/index.php?rest_route=\/wp\/v2\/pages\/1770\/revisions"}],"predecessor-version":[{"id":1772,"href":"http:\/\/albergueweb1.uva.es\/gir_pangea\/index.php?rest_route=\/wp\/v2\/pages\/1770\/revisions\/1772"}],"wp:attachment":[{"href":"http:\/\/albergueweb1.uva.es\/gir_pangea\/index.php?rest_route=%2Fwp%2Fv2%2Fmedia&parent=1770"}],"curies":[{"name":"wp","href":"https:\/\/api.w.org\/{rel}","templated":true}]}}