{"id":823,"date":"2015-03-19T09:06:12","date_gmt":"2015-03-19T09:06:12","guid":{"rendered":"http:\/\/www5.uva.es\/gir_pangea\/?page_id=823"},"modified":"2015-03-19T09:06:12","modified_gmt":"2015-03-19T09:06:12","slug":"boletin-2013","status":"publish","type":"page","link":"http:\/\/albergueweb1.uva.es\/gir_pangea\/?page_id=823","title":{"rendered":"Bolet\u00edn 2013"},"content":{"rendered":"<p><a href=\"https:\/\/i0.wp.com\/www5.uva.es\/gir_pangea\/wp-content\/uploads\/2015\/03\/boletin2013.png\"><img data-attachment-id=\"824\" data-permalink=\"http:\/\/albergueweb1.uva.es\/gir_pangea\/?attachment_id=824\" data-orig-file=\"https:\/\/i0.wp.com\/albergueweb1.uva.es\/gir_pangea\/wp-content\/uploads\/2015\/03\/boletin2013.png?fit=436%2C183\" data-orig-size=\"436,183\" data-comments-opened=\"0\" data-image-meta=\"{&quot;aperture&quot;:&quot;0&quot;,&quot;credit&quot;:&quot;&quot;,&quot;camera&quot;:&quot;&quot;,&quot;caption&quot;:&quot;&quot;,&quot;created_timestamp&quot;:&quot;0&quot;,&quot;copyright&quot;:&quot;&quot;,&quot;focal_length&quot;:&quot;0&quot;,&quot;iso&quot;:&quot;0&quot;,&quot;shutter_speed&quot;:&quot;0&quot;,&quot;title&quot;:&quot;&quot;}\" data-image-title=\"boletin2013\" data-image-description=\"\" data-image-caption=\"\" data-medium-file=\"https:\/\/i0.wp.com\/albergueweb1.uva.es\/gir_pangea\/wp-content\/uploads\/2015\/03\/boletin2013.png?fit=300%2C125\" data-large-file=\"https:\/\/i0.wp.com\/albergueweb1.uva.es\/gir_pangea\/wp-content\/uploads\/2015\/03\/boletin2013.png?fit=436%2C183\" loading=\"lazy\" class=\"alignleft size-medium wp-image-824\" title=\"boletin2013\" src=\"https:\/\/i0.wp.com\/www5.uva.es\/gir_pangea\/wp-content\/uploads\/2015\/03\/boletin2013-300x125.png?resize=300%2C125\" alt=\"\" width=\"300\" height=\"125\" srcset=\"https:\/\/i0.wp.com\/albergueweb1.uva.es\/gir_pangea\/wp-content\/uploads\/2015\/03\/boletin2013.png?resize=300%2C125 300w, https:\/\/i0.wp.com\/albergueweb1.uva.es\/gir_pangea\/wp-content\/uploads\/2015\/03\/boletin2013.png?w=436 436w\" sizes=\"(max-width: 300px) 100vw, 300px\" data-recalc-dims=\"1\" \/><\/a><\/p>\n<p>&nbsp;<\/p>\n<p>&nbsp;<\/p>\n<p><a href=\"http:\/\/www5.uva.es\/gir_pangea\/wp-content\/uploads\/2015\/03\/Bolet\u00ednPANGEA2013.pdf\">Bolet\u00edn PANGEA 2013 [Descargar]<\/a><\/p>\n","protected":false},"excerpt":{"rendered":"<p>&nbsp; &nbsp; Bolet\u00edn PANGEA 2013 [Descargar]<\/p>\n","protected":false},"author":1,"featured_media":0,"parent":18,"menu_order":0,"comment_status":"closed","ping_status":"open","template":"","meta":{"jetpack_post_was_ever_published":false},"jetpack_sharing_enabled":true,"jetpack_shortlink":"https:\/\/wp.me\/P79crb-dh","jetpack-related-posts":[{"id":817,"url":"http:\/\/albergueweb1.uva.es\/gir_pangea\/?page_id=817","url_meta":{"origin":823,"position":0},"title":"Bolet\u00edn 2014","date":"19 marzo, 2015","format":false,"excerpt":"\u00a0 \u00a0 \u00a0 Bolet\u00edn PANGEA 2014 [Descargar]","rel":"","context":"Entrada similar","img":{"alt_text":"","src":"","width":0,"height":0},"classes":[]},{"id":828,"url":"http:\/\/albergueweb1.uva.es\/gir_pangea\/?page_id=828","url_meta":{"origin":823,"position":1},"title":"Bolet\u00edn 2012","date":"19 marzo, 2015","format":false,"excerpt":"\u00a0 \u00a0 \u00a0 Boletin 2012 [Descargar]","rel":"","context":"Entrada similar","img":{"alt_text":"","src":"","width":0,"height":0},"classes":[]},{"id":1004,"url":"http:\/\/albergueweb1.uva.es\/gir_pangea\/?page_id=1004","url_meta":{"origin":823,"position":2},"title":"Bolet\u00edn 2015","date":"15 febrero, 2016","format":false,"excerpt":"Bolet\u00edn 2015 [Descargar]","rel":"","context":"Entrada similar","img":{"alt_text":"","src":"http:\/\/www5.uva.es\/gir_pangea\/wp-content\/uploads\/2016\/02\/imagenboletin15","width":350,"height":200},"classes":[]},{"id":956,"url":"http:\/\/albergueweb1.uva.es\/gir_pangea\/?page_id=956","url_meta":{"origin":823,"position":3},"title":"BOLET\u00cdN PANGEA","date":"28 enero, 2016","format":false,"excerpt":"2023 [PDF] 2022 [PDF] 2020 [PDF] 2019 [PDF] 2018 [PDF] 2017 [PDF] 2016 [PDF] 2015\u00a0 [PDF] 2014 [PDF] 2013 [PDF] 2012 [PDF]","rel":"","context":"Entrada similar","img":{"alt_text":"","src":"","width":0,"height":0},"classes":[]},{"id":1641,"url":"http:\/\/albergueweb1.uva.es\/gir_pangea\/?page_id=1641","url_meta":{"origin":823,"position":4},"title":"Bolet\u00edn 2019","date":"8 mayo, 2020","format":false,"excerpt":"Boletin-Pangea-2019Descarga","rel":"","context":"Entrada similar","img":{"alt_text":"","src":"https:\/\/i0.wp.com\/albergueweb1.uva.es\/gir_pangea\/wp-content\/uploads\/2020\/05\/08-05-2020-18-56-47.png?resize=350%2C200","width":350,"height":200},"classes":[]},{"id":1099,"url":"http:\/\/albergueweb1.uva.es\/gir_pangea\/?page_id=1099","url_meta":{"origin":823,"position":5},"title":"BOLET\u00cdN 2016","date":"20 febrero, 2017","format":false,"excerpt":"Enlace al bolet\u00edn del a\u00f1o 2016 boletinpangea2016","rel":"","context":"Entrada similar","img":{"alt_text":"","src":"","width":0,"height":0},"classes":[]}],"_links":{"self":[{"href":"http:\/\/albergueweb1.uva.es\/gir_pangea\/index.php?rest_route=\/wp\/v2\/pages\/823"}],"collection":[{"href":"http:\/\/albergueweb1.uva.es\/gir_pangea\/index.php?rest_route=\/wp\/v2\/pages"}],"about":[{"href":"http:\/\/albergueweb1.uva.es\/gir_pangea\/index.php?rest_route=\/wp\/v2\/types\/page"}],"author":[{"embeddable":true,"href":"http:\/\/albergueweb1.uva.es\/gir_pangea\/index.php?rest_route=\/wp\/v2\/users\/1"}],"replies":[{"embeddable":true,"href":"http:\/\/albergueweb1.uva.es\/gir_pangea\/index.php?rest_route=%2Fwp%2Fv2%2Fcomments&post=823"}],"version-history":[{"count":1,"href":"http:\/\/albergueweb1.uva.es\/gir_pangea\/index.php?rest_route=\/wp\/v2\/pages\/823\/revisions"}],"predecessor-version":[{"id":826,"href":"http:\/\/albergueweb1.uva.es\/gir_pangea\/index.php?rest_route=\/wp\/v2\/pages\/823\/revisions\/826"}],"up":[{"embeddable":true,"href":"http:\/\/albergueweb1.uva.es\/gir_pangea\/index.php?rest_route=\/wp\/v2\/pages\/18"}],"wp:attachment":[{"href":"http:\/\/albergueweb1.uva.es\/gir_pangea\/index.php?rest_route=%2Fwp%2Fv2%2Fmedia&parent=823"}],"curies":[{"name":"wp","href":"https:\/\/api.w.org\/{rel}","templated":true}]}}