{"id":2929,"date":"2016-07-13T08:31:07","date_gmt":"2016-07-13T08:31:07","guid":{"rendered":"http:\/\/www5.uva.es\/catedra-sindicalismo-dialogo-social\/?page_id=2929"},"modified":"2016-07-14T08:59:00","modified_gmt":"2016-07-14T08:59:00","slug":"2929-2","status":"publish","type":"page","link":"https:\/\/albergueweb1.uva.es\/catedra-sindicalismo-dialogo-social\/index.php\/2929-2\/","title":{"rendered":"<!-organos de la catedra>"},"content":{"rendered":"<h1 class=\"h-xlarge\" style=\"text-align: center;\">\u00d3rganos de la C\u00e1tedra<\/h1>\n<div class=\"gap-element\" style=\"display:block; height:auto; padding-top:30px\" class=\"clearfix\"><\/div>\n<h1 class=\"h-large\" style=\"text-align: center;\"><strong>DIRECTORA<\/strong><\/h1>\n<p>Ana Murcia Claver\u00eda<br \/>\nProf\u00aa Dra. Derecho del Trabajo y de la Seguridad Social<br \/>\n(Facultad de Comercio)<\/p>\n<div class=\"gap-element\" style=\"display:block; height:auto; padding-top:30px\" class=\"clearfix\"><\/div>\n<h1 class=\"h-large\" style=\"text-align: center;\"><strong>COMISI\u00d3N MIXTA<\/strong><\/h1>\r\n<p style=\"text-align: justify;\">Es el m\u00e1ximo \u00f3rgano de gobierno y seguimiento de las actividades de la C\u00e1tedra. Est\u00e1 integrada por nueve miembros designados, respectivamente, dos por cada una de las Entidades Miembro y cuatro por el rectorado de la Universidad, adem\u00e1s de la persona que ostente la direcci\u00f3n de la C\u00e1tedra en cada momento, quien la presidir\u00e1.<\/p>\r\nComposici\u00f3n:\r\n<ul>\r\n \t<li>Ana Murcia Claver\u00eda (Directora)<\/li>\r\n \t<li>Fco. Javier G\u00f3mez Gonz\u00e1lez (secretario acad\u00e9mico)<\/li>\r\n \t<li>Enrique Berzal de la Rosa<\/li>\r\n \t<li>Jos\u00e9 Mar\u00eda Blanco Mart\u00edn<\/li>\r\n \t<li>Jos\u00e9 Miguel Rodr\u00edguez Fern\u00e1ndez<\/li>\r\n \t<li>Laurentino J. Due\u00f1as Herrero<\/li>\r\n \t<li>Jos\u00e9 Antonio Salvador Ins\u00faa<\/li>\r\n \t<li>Carmen \u00c1lvarez \u00c1lvarez (CCOO)<\/li>\r\n \t<li>Fernando L\u00f3pez S\u00e1nchez (UGT)<\/li>\r\n \t<li>Rosalba I. Fonter\u00edz Garc\u00eda, Delegada del Rector para la Responsabilidad Social Universitaria<\/li>\r\n<\/ul>\n<h1 class=\"h-large\" style=\"text-align: center;\"><strong>COMISI\u00d3N T\u00c9CNICA<\/strong><\/h1>\r\n<p style=\"text-align: justify;\">Es un \u00f3rgano de la C\u00e1tedra que puede elevar propuestas a la Comisi\u00f3n Mixta y a la Directora en todo lo relativo al \u00e1mbito de actuaci\u00f3n de la C\u00e1tedra. En especial le corresponde elaborar junto a la Directora el Plan Anual de Actuaciones as\u00ed como la Memoria Anual de actividades y r\u00e9gimen econ\u00f3mico. Est\u00e1 formada por una representaci\u00f3n de cada una de sus disciplinas, un miembro designado por cada una de las Entidades Miembro, adem\u00e1s de la Directora de la C\u00e1tedra, que la presidir\u00e1. Es elegida por la Comisi\u00f3n Mixta por periodos de tres a\u00f1os.<\/p>\r\n<p style=\"text-align: justify;\">Composici\u00f3n:<\/p>\r\n\r\n<ul>\r\n \t<li style=\"text-align: justify;\">Ana Murcia Claver\u00eda (Directora)<\/li>\r\n        <li style=\"text-align: justify;\">Francisco Javier G\u00f3mez Gonz\u00e1lez<\/li>\r\n \t<li style=\"text-align: justify;\">Jos\u00e9 Mar\u00eda Blanco Mart\u00edn<\/li>\r\n        <li style=\"text-align: justify;\">Fco. Javier G\u00f3mez Gonz\u00e1lez (secretario acad\u00e9mico)<\/li>\r\n \t<li style=\"text-align: justify;\">\u00d3scar S\u00e1nchez Mu\u00f1oz (Derecho)<\/li>\r\n \t<li style=\"text-align: justify;\">Francisco Javier Pe\u00f1a Echeverr\u00eda (Filosof\u00eda, Historia y Antropolog\u00eda)<\/li>\r\n \t<li style=\"text-align: justify;\">Jos\u00e9 Antonio Salvador Ins\u00faa (Econom\u00eda)<\/li>\r\n \t<li style=\"text-align: justify;\">Carmen \u00c1lvarez \u00c1lvarez (Comisiones Obreras)<\/li>\r\n \t<li style=\"text-align: justify;\">Enrique Berzal de la Rosa (Uni\u00f3n General de Trabajadores)<\/li>\r\n<\/ul>\n","protected":false},"excerpt":{"rendered":"<p>\u00d3rganos de la C\u00e1tedra DIRECTORA Ana Murcia Claver\u00eda Prof\u00aa Dra. Derecho del Trabajo y de la Seguridad Social (Facultad de Comercio)<\/p>\n","protected":false},"author":1,"featured_media":0,"parent":0,"menu_order":0,"comment_status":"closed","ping_status":"closed","template":"","meta":{"footnotes":""},"class_list":["post-2929","page","type-page","status-publish","hentry"],"publishpress_future_action":{"enabled":false,"date":"2026-04-18 00:51:52","action":"change-status","newStatus":"draft","terms":[],"taxonomy":"","extraData":[]},"publishpress_future_workflow_manual_trigger":{"enabledWorkflows":[]},"_links":{"self":[{"href":"https:\/\/albergueweb1.uva.es\/catedra-sindicalismo-dialogo-social\/index.php\/wp-json\/wp\/v2\/pages\/2929","targetHints":{"allow":["GET"]}}],"collection":[{"href":"https:\/\/albergueweb1.uva.es\/catedra-sindicalismo-dialogo-social\/index.php\/wp-json\/wp\/v2\/pages"}],"about":[{"href":"https:\/\/albergueweb1.uva.es\/catedra-sindicalismo-dialogo-social\/index.php\/wp-json\/wp\/v2\/types\/page"}],"author":[{"embeddable":true,"href":"https:\/\/albergueweb1.uva.es\/catedra-sindicalismo-dialogo-social\/index.php\/wp-json\/wp\/v2\/users\/1"}],"replies":[{"embeddable":true,"href":"https:\/\/albergueweb1.uva.es\/catedra-sindicalismo-dialogo-social\/index.php\/wp-json\/wp\/v2\/comments?post=2929"}],"version-history":[{"count":6,"href":"https:\/\/albergueweb1.uva.es\/catedra-sindicalismo-dialogo-social\/index.php\/wp-json\/wp\/v2\/pages\/2929\/revisions"}],"predecessor-version":[{"id":3021,"href":"https:\/\/albergueweb1.uva.es\/catedra-sindicalismo-dialogo-social\/index.php\/wp-json\/wp\/v2\/pages\/2929\/revisions\/3021"}],"wp:attachment":[{"href":"https:\/\/albergueweb1.uva.es\/catedra-sindicalismo-dialogo-social\/index.php\/wp-json\/wp\/v2\/media?parent=2929"}],"curies":[{"name":"wp","href":"https:\/\/api.w.org\/{rel}","templated":true}]}}