{"id":3916,"date":"2019-06-28T10:44:16","date_gmt":"2019-06-28T10:44:16","guid":{"rendered":"http:\/\/albergueweb1.uva.es\/catedra-sindicalismo-dialogo-social\/?page_id=3916"},"modified":"2019-06-28T10:44:16","modified_gmt":"2019-06-28T10:44:16","slug":"seminarios-2","status":"publish","type":"page","link":"https:\/\/albergueweb1.uva.es\/catedra-sindicalismo-dialogo-social\/index.php\/seminarios-2\/","title":{"rendered":"Seminarios"},"content":{"rendered":"<div class=\"wpb-content-wrapper\">[vc_row][vc_column]<div id=\"ultimate-heading-406069fdeff590334\" class=\"uvc-heading ult-adjust-bottom-margin ultimate-heading-406069fdeff590334 uvc-4037 \" data-hspacer=\"line_with_icon\" data-hline_width=\"100\" data-hicon_type=\"selector\" data-hborder_style=\"solid\" data-hborder_height=\"2\" data-hborder_color=\"#ccc\" data-icon_width=\"32\" data-hfixer=\"10\"  data-halign=\"center\" style=\"text-align:center\"><div class=\"uvc-heading-spacer line_with_icon\" style=\"margin-top:10px;margin-bottom:10px;height:32px;\"><div class=\"ult-just-icon-wrapper  \"><div class=\"align-icon\" style=\"text-align:center;\">\n<div class=\"aio-icon none \"  style=\"font-size:32px;display:inline-block;\">\n\t<i class=\"Defaults-camera-retro\"><\/i>\n<\/div><\/div><\/div><\/div><div class=\"uvc-main-heading ult-responsive\"  data-ultimate-target='.uvc-heading.ultimate-heading-406069fdeff590334 h2'  data-responsive-json-new='{\"font-size\":\"desktop:20px;\",\"line-height\":\"\"}' ><h2 style=\"font-weight:bold;\">Jornada Conferencia Tripartita<\/h2><\/div><div class=\"uvc-sub-heading ult-responsive\"  data-ultimate-target='.uvc-heading.ultimate-heading-406069fdeff590334 .uvc-sub-heading '  data-responsive-json-new='{\"font-size\":\"\",\"line-height\":\"\"}'  style=\"font-weight:normal;margin-bottom:30px;\">El futuro del trabajo que queremos en Castilla y Le\u00f3n<\/div><\/div>[vc_single_image image=\u00bb3718&#8243; img_size=\u00bb\u00bb alignment=\u00bbcenter\u00bb][\/vc_column][\/vc_row][vc_row][vc_column]<div id=\"ultimate-heading-474569fdeff5903e1\" class=\"uvc-heading ult-adjust-bottom-margin ultimate-heading-474569fdeff5903e1 uvc-8934 \" data-hspacer=\"line_with_icon\" data-hline_width=\"100\" data-hicon_type=\"selector\" data-hborder_style=\"solid\" data-hborder_height=\"2\" data-hborder_color=\"#ccc\" data-icon_width=\"32\" data-hfixer=\"10\"  data-halign=\"center\" style=\"text-align:center\"><div class=\"uvc-heading-spacer line_with_icon\" style=\"margin-top:10px;margin-bottom:10px;height:32px;\"><div class=\"ult-just-icon-wrapper  \"><div class=\"align-icon\" style=\"text-align:center;\">\n<div class=\"aio-icon none \"  style=\"font-size:32px;display:inline-block;\">\n\t<i class=\"Defaults-camera-retro\"><\/i>\n<\/div><\/div><\/div><\/div><div class=\"uvc-main-heading ult-responsive\"  data-ultimate-target='.uvc-heading.ultimate-heading-474569fdeff5903e1 h2'  data-responsive-json-new='{\"font-size\":\"desktop:20px;\",\"line-height\":\"\"}' ><h2 style=\"font-weight:bold;\">2\u00aa Edici\u00f3n<\/h2><\/div><div class=\"uvc-sub-heading ult-responsive\"  data-ultimate-target='.uvc-heading.ultimate-heading-474569fdeff5903e1 .uvc-sub-heading '  data-responsive-json-new='{\"font-size\":\"\",\"line-height\":\"\"}'  style=\"font-weight:normal;margin-bottom:30px;\">T\u00edtulo Propio de Especialista Universitario en Sindicalismo y Di\u00e1logo Social<\/div><\/div>[vc_media_grid grid_id=\u00bbvc_gid:1521451303115-41a5d2a9-948c-3&#8243; include=\u00bb3633,3632&#8243;][\/vc_column][\/vc_row][vc_row][vc_column]<div id=\"ultimate-heading-630269fdeff590469\" class=\"uvc-heading ult-adjust-bottom-margin ultimate-heading-630269fdeff590469 uvc-9110 \" data-hspacer=\"line_with_icon\" data-hline_width=\"100\" data-hicon_type=\"selector\" data-hborder_style=\"solid\" data-hborder_height=\"2\" data-hborder_color=\"#ccc\" data-icon_width=\"32\" data-hfixer=\"10\"  data-halign=\"center\" style=\"text-align:center\"><div class=\"uvc-heading-spacer line_with_icon\" style=\"margin-top:10px;margin-bottom:10px;height:32px;\"><div class=\"ult-just-icon-wrapper  \"><div class=\"align-icon\" style=\"text-align:center;\">\n<div class=\"aio-icon none \"  style=\"font-size:32px;display:inline-block;\">\n\t<i class=\"Defaults-camera-retro\"><\/i>\n<\/div><\/div><\/div><\/div><div class=\"uvc-sub-heading ult-responsive\"  data-ultimate-target='.uvc-heading.ultimate-heading-630269fdeff590469 .uvc-sub-heading '  data-responsive-json-new='{\"font-size\":\"\",\"line-height\":\"\"}'  style=\"font-weight:normal;margin-bottom:30px;\">Antonio Baylos Grau<\/div><\/div>[vc_media_grid element_width=\u00bb2&#8243; grid_id=\u00bbvc_gid:1521451303121-411b03fd-579b-10&#8243; include=\u00bb3470,3469,3468,3467,3466&#8243;][\/vc_column][\/vc_row][vc_row][vc_column]<div id=\"ultimate-heading-29169fdeff5904e0\" class=\"uvc-heading ult-adjust-bottom-margin ultimate-heading-29169fdeff5904e0 uvc-9783 \" data-hspacer=\"line_with_icon\" data-hline_width=\"100\" data-hicon_type=\"selector\" data-hborder_style=\"solid\" data-hborder_height=\"2\" data-hborder_color=\"#ccc\" data-icon_width=\"32\" data-hfixer=\"10\"  data-halign=\"center\" style=\"text-align:center\"><div class=\"uvc-heading-spacer line_with_icon\" style=\"margin-top:10px;margin-bottom:10px;height:32px;\"><div class=\"ult-just-icon-wrapper  \"><div class=\"align-icon\" style=\"text-align:center;\">\n<div class=\"aio-icon none \"  style=\"font-size:32px;display:inline-block;\">\n\t<i class=\"Defaults-camera-retro\"><\/i>\n<\/div><\/div><\/div><\/div><div class=\"uvc-sub-heading ult-responsive\"  data-ultimate-target='.uvc-heading.ultimate-heading-29169fdeff5904e0 .uvc-sub-heading '  data-responsive-json-new='{\"font-size\":\"\",\"line-height\":\"\"}'  style=\"font-weight:normal;margin-bottom:30px;\">Jes\u00fas Cruz Villal\u00f3n<\/div><\/div>[vc_media_grid element_width=\u00bb2&#8243; grid_id=\u00bbvc_gid:1521451303125-bf91ed42-d155-1&#8243; include=\u00bb3477,3476,3475,3474,3473,3472,3471&#8243;][\/vc_column][\/vc_row]\n<p>&nbsp;<\/p>\n<p>&nbsp;<\/p>\n<p>&nbsp;<\/p>\n[vc_row][vc_column][vc_masonry_grid post_type=\u00bbpost\u00bb max_items=\u00bb8&#8243; element_width=\u00bb3&#8243; gap=\u00bb35&#8243; initial_loading_animation=\u00bbfadeIn\u00bb grid_id=\u00bbvc_gid:1495786254061-e6837d3b-099b-3&#8243; taxonomies=\u00bb21&#8243;][vc_text_separator title=\u00bbSeminarios\u00bb color=\u00bbcustom\u00bb css_animation=\u00bbbounceIn\u00bb accent_color=\u00bb#00797f\u00bb][\/vc_column][\/vc_row][vc_row][vc_column][vc_wp_text]La C\u00e1tedra organizar\u00e1 varios Seminarios sobre la II Estrategia Integrada de Empleo, Formaci\u00f3n Profesional, Prevenci\u00f3n de Riesgos Laborales e Igualdad y Conciliaci\u00f3n en el Empleo 2016-2020.<\/p>\n<p><strong>17 de febrero de 2017: Seminario sobre Pol\u00edticas Activas de Empleo.<\/strong><\/p>\n<p><a href=\"http:\/\/www5.uva.es\/catedra-sindicalismo-dialogo-social\/wp-content\/uploads\/2017\/01\/Seminario-17FEB.png\"><img loading=\"lazy\" decoding=\"async\" class=\"size-medium wp-image-3418 alignnone\" src=\"http:\/\/www5.uva.es\/catedra-sindicalismo-dialogo-social\/wp-content\/uploads\/2017\/01\/Seminario-17FEB-615x800.png\" alt=\"\" width=\"615\" height=\"800\" srcset=\"https:\/\/albergueweb1.uva.es\/catedra-sindicalismo-dialogo-social\/wp-content\/uploads\/2017\/01\/Seminario-17FEB-615x800.png 615w, https:\/\/albergueweb1.uva.es\/catedra-sindicalismo-dialogo-social\/wp-content\/uploads\/2017\/01\/Seminario-17FEB.png 700w\" sizes=\"auto, (max-width: 615px) 100vw, 615px\" \/><\/a><\/p>\n<h6>\u00a0<a href=\"http:\/\/www5.uva.es\/catedra-sindicalismo-dialogo-social\/index.php\/ultimas-noticias\/\">Ver Noticias Relacionadas\u00a0<\/a><\/h6>\n[\/vc_wp_text][vc_gallery type=\u00bbimage_grid\u00bb images=\u00bb3434&#8243;][vc_separator][vc_column_text]<strong>19 de mayo de 2017: Seminario sobre soluci\u00f3n extrajudicial de conflictos<\/strong><\/p>\n<p><a href=\"http:\/\/www5.uva.es\/catedra-sindicalismo-dialogo-social\/wp-content\/uploads\/2017\/01\/Seminario19MAYo.jpg\"><img loading=\"lazy\" decoding=\"async\" class=\"size-medium wp-image-3421 alignnone\" src=\"http:\/\/www5.uva.es\/catedra-sindicalismo-dialogo-social\/wp-content\/uploads\/2017\/01\/Seminario19MAYo-583x800.jpg\" alt=\"\" width=\"583\" height=\"800\" srcset=\"https:\/\/albergueweb1.uva.es\/catedra-sindicalismo-dialogo-social\/wp-content\/uploads\/2017\/01\/Seminario19MAYo-583x800.jpg 583w, https:\/\/albergueweb1.uva.es\/catedra-sindicalismo-dialogo-social\/wp-content\/uploads\/2017\/01\/Seminario19MAYo.jpg 653w\" sizes=\"auto, (max-width: 583px) 100vw, 583px\" \/><\/a>[\/vc_column_text][vc_gallery type=\u00bbimage_grid\u00bb images=\u00bb3430,3431&#8243;][\/vc_column][\/vc_row][vc_row][vc_column][\/vc_column][\/vc_row]\n<\/div>","protected":false},"excerpt":{"rendered":"[vc_row][vc_column][vc_single_image image=\u00bb3718&#8243; img_size=\u00bb\u00bb alignment=\u00bbcenter\u00bb][\/vc_column][\/vc_row][vc_row][vc_column][vc_media_grid grid_id=\u00bbvc_gid:1521451303115-41a5d2a9-948c-3&#8243; include=\u00bb3633,3632&#8243;][\/vc_column][\/vc_row][vc_row][vc_column][vc_media_grid element_width=\u00bb2&#8243; grid_id=\u00bbvc_gid:1521451303121-411b03fd-579b-10&#8243; include=\u00bb3470,3469,3468,3467,3466&#8243;][\/vc_column][\/vc_row][vc_row][vc_column][vc_media_grid element_width=\u00bb2&#8243; grid_id=\u00bbvc_gid:1521451303125-bf91ed42-d155-1&#8243; include=\u00bb3477,3476,3475,3474,3473,3472,3471&#8243;][\/vc_column][\/vc_row] &nbsp; &nbsp; &nbsp; [vc_row][vc_column][vc_masonry_grid post_type=\u00bbpost\u00bb max_items=\u00bb8&#8243; element_width=\u00bb3&#8243; gap=\u00bb35&#8243; initial_loading_animation=\u00bbfadeIn\u00bb grid_id=\u00bbvc_gid:1495786254061-e6837d3b-099b-3&#8243; taxonomies=\u00bb21&#8243;][vc_text_separator title=\u00bbSeminarios\u00bb color=\u00bbcustom\u00bb css_animation=\u00bbbounceIn\u00bb accent_color=\u00bb#00797f\u00bb][\/vc_column][\/vc_row][vc_row][vc_column][vc_wp_text]La C\u00e1tedra organizar\u00e1 varios Seminarios sobre la II Estrategia Integrada de Empleo, Formaci\u00f3n Profesional, Prevenci\u00f3n de Riesgos Laborales e Igualdad y Conciliaci\u00f3n en el Empleo 2016-2020. 17 de febrero [&hellip;]\n","protected":false},"author":1,"featured_media":0,"parent":0,"menu_order":0,"comment_status":"closed","ping_status":"closed","template":"","meta":{"footnotes":""},"class_list":["post-3916","page","type-page","status-publish","hentry"],"publishpress_future_action":{"enabled":false,"date":"2026-05-15 16:15:17","action":"change-status","newStatus":"draft","terms":[],"taxonomy":"","extraData":[]},"publishpress_future_workflow_manual_trigger":{"enabledWorkflows":[]},"_links":{"self":[{"href":"https:\/\/albergueweb1.uva.es\/catedra-sindicalismo-dialogo-social\/index.php\/wp-json\/wp\/v2\/pages\/3916","targetHints":{"allow":["GET"]}}],"collection":[{"href":"https:\/\/albergueweb1.uva.es\/catedra-sindicalismo-dialogo-social\/index.php\/wp-json\/wp\/v2\/pages"}],"about":[{"href":"https:\/\/albergueweb1.uva.es\/catedra-sindicalismo-dialogo-social\/index.php\/wp-json\/wp\/v2\/types\/page"}],"author":[{"embeddable":true,"href":"https:\/\/albergueweb1.uva.es\/catedra-sindicalismo-dialogo-social\/index.php\/wp-json\/wp\/v2\/users\/1"}],"replies":[{"embeddable":true,"href":"https:\/\/albergueweb1.uva.es\/catedra-sindicalismo-dialogo-social\/index.php\/wp-json\/wp\/v2\/comments?post=3916"}],"version-history":[{"count":1,"href":"https:\/\/albergueweb1.uva.es\/catedra-sindicalismo-dialogo-social\/index.php\/wp-json\/wp\/v2\/pages\/3916\/revisions"}],"predecessor-version":[{"id":3917,"href":"https:\/\/albergueweb1.uva.es\/catedra-sindicalismo-dialogo-social\/index.php\/wp-json\/wp\/v2\/pages\/3916\/revisions\/3917"}],"wp:attachment":[{"href":"https:\/\/albergueweb1.uva.es\/catedra-sindicalismo-dialogo-social\/index.php\/wp-json\/wp\/v2\/media?parent=3916"}],"curies":[{"name":"wp","href":"https:\/\/api.w.org\/{rel}","templated":true}]}}