{"id":421,"date":"2017-03-28T08:48:37","date_gmt":"2017-03-28T08:48:37","guid":{"rendered":"http:\/\/www5.uva.es\/cesme\/\/?page_id=421"},"modified":"2017-03-28T09:03:04","modified_gmt":"2017-03-28T09:03:04","slug":"formacion","status":"publish","type":"page","link":"https:\/\/albergueweb1.uva.es\/cesme\/formacion\/","title":{"rendered":"<!--Formaci\u00f3n-->"},"content":{"rendered":"<div class=\"wpb-content-wrapper\">[vc_row][vc_column][vc_column_text]\n<p>El <strong>centro de estudios sobre la seguridad de los medicamentos (cesme)<\/strong>\u00a0est\u00e1 implicado en la formaci\u00f3n orientada al mejor conocimiento de los medicamentos y en particular a la farmacovigilancia y farmacoepidemiolog\u00eda. La descripci\u00f3n y el funcionamiento del Programa de Notificaci\u00f3n Espont\u00e1nea de Reacciones Adversas a Medicamentos forma parte de la ense\u00f1anza de pregrado que se imparte en la Facultad de Medicina dentro de la asignatura de Farmacolog\u00eda B\u00e1sica de tercer curso; la farmacovigilancia y su organizaci\u00f3n\u00a0forma parte de los contenidos de la asignatura de Farmacolog\u00eda Cl\u00ednica que se imparte en el quinto curso del grado de Medicina. \u00a0Asimismo, en los cursos de M\u00e1ster que imparte el Departamento de Biolog\u00eda Celular y Farmacolog\u00eda, se puede elegir entre las asignaturas un curso de Farmacoepidemiolog\u00eda. El <strong>cesme <\/strong>tambi\u00e9n ofrece una asignatura optativa de farmacoepidemiolog\u00eda a los alumnos del grado de Medicina.<\/p>\n[\/vc_column_text][\/vc_column][\/vc_row]\n<\/div>","protected":false},"excerpt":{"rendered":"[vc_row][vc_column][vc_column_text] El centro de estudios sobre la seguridad de los medicamentos (cesme)\u00a0est\u00e1 implicado en la formaci\u00f3n orientada al mejor conocimiento de los medicamentos y en particular a la farmacovigilancia y farmacoepidemiolog\u00eda. La descripci\u00f3n y el funcionamiento del Programa de Notificaci\u00f3n Espont\u00e1nea de Reacciones Adversas a Medicamentos forma parte de la ense\u00f1anza de pregrado que se [&hellip;]\n","protected":false},"author":1,"featured_media":0,"parent":0,"menu_order":0,"comment_status":"closed","ping_status":"closed","template":"","meta":{"footnotes":""},"class_list":["post-421","page","type-page","status-publish","hentry"],"_links":{"self":[{"href":"https:\/\/albergueweb1.uva.es\/cesme\/wp-json\/wp\/v2\/pages\/421","targetHints":{"allow":["GET"]}}],"collection":[{"href":"https:\/\/albergueweb1.uva.es\/cesme\/wp-json\/wp\/v2\/pages"}],"about":[{"href":"https:\/\/albergueweb1.uva.es\/cesme\/wp-json\/wp\/v2\/types\/page"}],"author":[{"embeddable":true,"href":"https:\/\/albergueweb1.uva.es\/cesme\/wp-json\/wp\/v2\/users\/1"}],"replies":[{"embeddable":true,"href":"https:\/\/albergueweb1.uva.es\/cesme\/wp-json\/wp\/v2\/comments?post=421"}],"version-history":[{"count":0,"href":"https:\/\/albergueweb1.uva.es\/cesme\/wp-json\/wp\/v2\/pages\/421\/revisions"}],"wp:attachment":[{"href":"https:\/\/albergueweb1.uva.es\/cesme\/wp-json\/wp\/v2\/media?parent=421"}],"curies":[{"name":"wp","href":"https:\/\/api.w.org\/{rel}","templated":true}]}}