{"id":574,"date":"2017-05-02T10:44:33","date_gmt":"2017-05-02T10:44:33","guid":{"rendered":"http:\/\/www5.uva.es\/cesme\/\/?page_id=574"},"modified":"2017-05-17T11:51:39","modified_gmt":"2017-05-17T11:51:39","slug":"red-de-farmacias-centinela-2","status":"publish","type":"page","link":"https:\/\/albergueweb1.uva.es\/cesme\/red-de-farmacias-centinela-2\/","title":{"rendered":"Red de Farmacias Centinela"},"content":{"rendered":"<div class=\"wpb-content-wrapper\">[vc_row][vc_column][vc_column_text]<nav aria-label=\"breadcrumbs\">\n            <div class=\"breadcrumb-container theme1\">\n                <ol>\n                                    <\/ol>\n            <\/div>\n        <\/nav>    <script type=\"application\/ld+json\">\n        {\n            \"@context\": \"http:\/\/schema.org\",\n            \"@type\": \"BreadcrumbList\",\n            \"itemListElement\": [\n                            ]\n        }\n    <\/script>\n   \n    <script>\n            <\/script>\n[\/vc_column_text][\/vc_column][\/vc_row][vc_row][vc_column][vc_column_text]\n<div align=\"justify\">\n<p>El Centro de Farmacovigilancia de Castilla y Le\u00f3n ha contribuido a la creaci\u00f3n y forma parte de la Comisi\u00f3n de Seguimiento de la Red de Farmacias Centinela de la Comunidad de Castilla y Le\u00f3n. El objetivo de la Red de Farmacias Centinela de la Comunidad de Castilla y Le\u00f3n es la detecci\u00f3n, notificaci\u00f3n y prevenci\u00f3n de <strong>problemas de seguridad <\/strong>relacionados con el uso de medicamentos.Los farmac\u00e9uticos participantes en la Red de Farmacias Centinela son <strong>farmac\u00e9uticos especialmente comprometidos y que han sido formados<\/strong> por el Centro de Farmacovigilancia en materia de seguridad de medicamentos. Estos participan de forma activa en la notificaci\u00f3n de sospechas de reacciones adversas a medicamentos y en la notificaci\u00f3n de errores de medicaci\u00f3n. Aunque la Notificaci\u00f3n Espont\u00e1nea de Sospechas de Reacciones Adversas a Medicamentos es obligatoria para cualquier profesional sanitario, los farmac\u00e9uticos centinela mantienen un compromiso especial con el programa. Adem\u00e1s, estos farmac\u00e9uticos prestan una particular atenci\u00f3n a los posibles problemas relacionados con aquellos productos de venta en farmacias de los que ellos pueden tener m\u00e1s conocimiento, como son especialidades farmac\u00e9uticas publicitarias, f\u00f3rmulas magistrales, medicamentos homeop\u00e1ticos, productos de fitoterapia, dietoter\u00e1picos y productos cosm\u00e9ticos. Por otro lado, tambi\u00e9n prestan especial atenci\u00f3n a las Alertas de seguridad y calidad de la Agencia Espa\u00f1ola de Medicamentos y Productos Sanitarios, con el fin de tomar las medidas oportunas dentro de su \u00e1mbito de actuaci\u00f3n.<\/p>\n<p>Por otro lado, la Red de Farmacias centinela participa en Programas espec\u00edficos. Estos programas ser\u00e1n puntualmente determinados por la Comisi\u00f3n de Seguimiento, y comprender\u00e1n actuaciones o estudios encaminadas a la detecci\u00f3n, prevenci\u00f3n y notificaci\u00f3n de problemas de seguridad sobre diferentes aspectos que tienen que ver con la prescripci\u00f3n, dispensaci\u00f3n y posterior utilizaci\u00f3n de medicamentos o productos sanitarios.<\/p>\n<p>La Red de Farmacias Centinela de la Comunidad de Castilla y Le\u00f3n est\u00e1 formada por un n\u00famero estad\u00edsticamente representativo de oficinas de farmacia. Las oficinas de farmacia seleccionadas de entre aquellas que voluntariamente manifiesten su deseo de formar parte de la Red de Farmacias Centinela, se comprometen a asumir las funciones y objetivos para los que se crea esta Red. Este compromiso ser\u00e1 asumido por todos los farmac\u00e9uticos que trabajen en la oficina de farmacia.<\/p>\n<\/div>\n[\/vc_column_text][\/vc_column][\/vc_row]\n<\/div>","protected":false},"excerpt":{"rendered":"[vc_row][vc_column][vc_column_text][\/vc_column_text][\/vc_column][\/vc_row][vc_row][vc_column][vc_column_text] El Centro de Farmacovigilancia de Castilla y Le\u00f3n ha contribuido a la creaci\u00f3n y forma parte de la Comisi\u00f3n de Seguimiento de la Red de Farmacias Centinela de la Comunidad de Castilla y Le\u00f3n. El objetivo de la Red de Farmacias Centinela de la Comunidad de Castilla y Le\u00f3n es la detecci\u00f3n, notificaci\u00f3n y [&hellip;]\n","protected":false},"author":1,"featured_media":0,"parent":0,"menu_order":0,"comment_status":"closed","ping_status":"closed","template":"","meta":{"footnotes":""},"class_list":["post-574","page","type-page","status-publish","hentry"],"_links":{"self":[{"href":"https:\/\/albergueweb1.uva.es\/cesme\/wp-json\/wp\/v2\/pages\/574","targetHints":{"allow":["GET"]}}],"collection":[{"href":"https:\/\/albergueweb1.uva.es\/cesme\/wp-json\/wp\/v2\/pages"}],"about":[{"href":"https:\/\/albergueweb1.uva.es\/cesme\/wp-json\/wp\/v2\/types\/page"}],"author":[{"embeddable":true,"href":"https:\/\/albergueweb1.uva.es\/cesme\/wp-json\/wp\/v2\/users\/1"}],"replies":[{"embeddable":true,"href":"https:\/\/albergueweb1.uva.es\/cesme\/wp-json\/wp\/v2\/comments?post=574"}],"version-history":[{"count":0,"href":"https:\/\/albergueweb1.uva.es\/cesme\/wp-json\/wp\/v2\/pages\/574\/revisions"}],"wp:attachment":[{"href":"https:\/\/albergueweb1.uva.es\/cesme\/wp-json\/wp\/v2\/media?parent=574"}],"curies":[{"name":"wp","href":"https:\/\/api.w.org\/{rel}","templated":true}]}}