{"id":970,"date":"2022-02-08T14:42:01","date_gmt":"2022-02-08T14:42:01","guid":{"rendered":"http:\/\/albergueweb1.uva.es\/cesme\/?page_id=970"},"modified":"2022-02-08T14:42:01","modified_gmt":"2022-02-08T14:42:01","slug":"gir-farmacogenetica-genetica-del-cancer-polimorfismos-geneticos-y-farmacoepidemiologia","status":"publish","type":"page","link":"https:\/\/albergueweb1.uva.es\/cesme\/gir-farmacogenetica-genetica-del-cancer-polimorfismos-geneticos-y-farmacoepidemiologia\/","title":{"rendered":"GIR Farmacogen\u00e9tica, Gen\u00e9tica del C\u00e1ncer, Polimorfismos Gen\u00e9ticos y Farmacoepidemiolog\u00eda"},"content":{"rendered":"<div class=\"wpb-content-wrapper\">[vc_row][vc_column][vc_column_text]<nav aria-label=\"breadcrumbs\">\n            <div class=\"breadcrumb-container theme1\">\n                <ol>\n                                    <\/ol>\n            <\/div>\n        <\/nav>    <script type=\"application\/ld+json\">\n        {\n            \"@context\": \"http:\/\/schema.org\",\n            \"@type\": \"BreadcrumbList\",\n            \"itemListElement\": [\n                            ]\n        }\n    <\/script>\n   \n    <script>\n            <\/script>\n[\/vc_column_text][vc_column_text]\n<h1>GIR Farmacogen\u00e9tica, Gen\u00e9tica del C\u00e1ncer, Polimorfismos Gen\u00e9ticos y Farmacoepidemiolog\u00eda<\/h1>\n<p>El GIR Farmacogen\u00e9tica, Gen\u00e9tica del C\u00e1ncer, Polimorfismos Gen\u00e9ticos y Farmacoepidemiolog\u00eda investiga sobre la influencia de ciertas variantes gen\u00e9ticas en la aparici\u00f3n de algunas reacciones graves a los medicamentos, as\u00ed como otros estudios de farmacoepidemiolog\u00eda, tanto de eficacia como de seguridad de los medicamentos.. Asimismo, se desarrollan investigaciones sobre el diagn\u00f3stico del S\u00edndrome Hereditario de C\u00e1ncer de Mama y Ovario; diagn\u00f3stico de mutaciones en los genes MLH1 y MSH2 en el C\u00e1ncer Colorrectal Hereditario No Polip\u00f3sico.<\/p>\n<p>Como objetivos principales est\u00e1n: identificar, cuantificar y valorar los problemas de seguridad de los medicamentos; desarrollar t\u00e9cnicas de diagn\u00f3stico de mutaciones y polimorfismos gen\u00e9ticos, algunos de las cuales pueden influir en el metabolismo de los f\u00e1rmacos; analizar el efecto de los polimorfismos gen\u00e9ticos en las respuestas a f\u00e1rmacos y en la predisposici\u00f3n al c\u00e1ncer; llevar a cabo investigaciones en el campo de la farmacoepidemiolog\u00eda; fomentar la participaci\u00f3n en proyectos de investigaci\u00f3n espa\u00f1oles e internacionales; formar estudiantes de Tercer Ciclo.[\/vc_column_text][vc_btn title=\u00bbENLACE AL GRUPO DE INVESTIGACI\u00d3N DE LA UVA\u00bb color=\u00bbwarning\u00bb size=\u00bblg\u00bb align=\u00bbcenter\u00bb link=\u00bburl:https%3A%2F%2Finvestiga.uva.es%2Festructuras-i-d-i%2Fgrupos-de-investigacion%2Fmas-informacion-del-grupo-de-investigacion%2F%3Fgrupo%3D236|title:INVESTIGA%20UVA|target:_blank\u00bb][\/vc_column][\/vc_row]\n<\/div>","protected":false},"excerpt":{"rendered":"[vc_row][vc_column][vc_column_text][\/vc_column_text][vc_column_text] GIR Farmacogen\u00e9tica, Gen\u00e9tica del C\u00e1ncer, Polimorfismos Gen\u00e9ticos y Farmacoepidemiolog\u00eda El GIR Farmacogen\u00e9tica, Gen\u00e9tica del C\u00e1ncer, Polimorfismos Gen\u00e9ticos y Farmacoepidemiolog\u00eda investiga sobre la influencia de ciertas variantes gen\u00e9ticas en la aparici\u00f3n de algunas reacciones graves a los medicamentos, as\u00ed como otros estudios de farmacoepidemiolog\u00eda, tanto de eficacia como de seguridad de los medicamentos.. Asimismo, se [&hellip;]\n","protected":false},"author":101011,"featured_media":0,"parent":0,"menu_order":0,"comment_status":"closed","ping_status":"closed","template":"","meta":{"footnotes":""},"class_list":["post-970","page","type-page","status-publish","hentry"],"_links":{"self":[{"href":"https:\/\/albergueweb1.uva.es\/cesme\/wp-json\/wp\/v2\/pages\/970","targetHints":{"allow":["GET"]}}],"collection":[{"href":"https:\/\/albergueweb1.uva.es\/cesme\/wp-json\/wp\/v2\/pages"}],"about":[{"href":"https:\/\/albergueweb1.uva.es\/cesme\/wp-json\/wp\/v2\/types\/page"}],"author":[{"embeddable":true,"href":"https:\/\/albergueweb1.uva.es\/cesme\/wp-json\/wp\/v2\/users\/101011"}],"replies":[{"embeddable":true,"href":"https:\/\/albergueweb1.uva.es\/cesme\/wp-json\/wp\/v2\/comments?post=970"}],"version-history":[{"count":2,"href":"https:\/\/albergueweb1.uva.es\/cesme\/wp-json\/wp\/v2\/pages\/970\/revisions"}],"predecessor-version":[{"id":972,"href":"https:\/\/albergueweb1.uva.es\/cesme\/wp-json\/wp\/v2\/pages\/970\/revisions\/972"}],"wp:attachment":[{"href":"https:\/\/albergueweb1.uva.es\/cesme\/wp-json\/wp\/v2\/media?parent=970"}],"curies":[{"name":"wp","href":"https:\/\/api.w.org\/{rel}","templated":true}]}}