{"id":975,"date":"2022-02-08T14:52:26","date_gmt":"2022-02-08T14:52:26","guid":{"rendered":"http:\/\/albergueweb1.uva.es\/cesme\/?page_id=975"},"modified":"2022-02-08T15:24:45","modified_gmt":"2022-02-08T15:24:45","slug":"farmacogenetica","status":"publish","type":"page","link":"https:\/\/albergueweb1.uva.es\/cesme\/farmacogenetica\/","title":{"rendered":"Farmacogen\u00e9tica"},"content":{"rendered":"<div class=\"wpb-content-wrapper\">[vc_row][vc_column][vc_column_text]<nav aria-label=\"breadcrumbs\">\n            <div class=\"breadcrumb-container theme1\">\n                <ol>\n                                    <\/ol>\n            <\/div>\n        <\/nav>    <script type=\"application\/ld+json\">\n        {\n            \"@context\": \"http:\/\/schema.org\",\n            \"@type\": \"BreadcrumbList\",\n            \"itemListElement\": [\n                            ]\n        }\n    <\/script>\n   \n    <script>\n            <\/script>\n[\/vc_column_text][vc_column_text]\n<h1>Farmacogen\u00e9tica:<\/h1>\n<ul>\n<li style=\"list-style-type: none;\">\n<ul>\n<li>Estudios de asociaci\u00f3n de genoma completo (GWAS)<\/li>\n<li>Estudios de polimorfismos gen\u00e9ticos asociados con reacciones adversas inducidas por f\u00e1rmacos<\/li>\n<li>B\u00fasqueda de genes candidatos y localizaci\u00f3n de SNPs.<\/li>\n<\/ul>\n<\/li>\n<\/ul>\n<h3>Colecciones de muestras:<\/h3>\n<p>Colecciones de Muestras inscritas en el RNB- Registro Nacional de Biobancos:<\/p>\n<ul>\n<li style=\"list-style-type: none;\">\n<ul>\n<li><a href=\"https:\/\/biobancos.isciii.es\/ListadoColecciones.aspx?id=C.0004196\">0004196 <\/a><\/li>\n<li><a href=\"https:\/\/biobancos.isciii.es\/ListadoColecciones.aspx?id=C.0004197\">0004197 <\/a><\/li>\n<li><a href=\"https:\/\/biobancos.isciii.es\/ListadoColecciones.aspx?id=C.0004198\">0004198 <\/a><\/li>\n<\/ul>\n<\/li>\n<\/ul>\n<h3>Proyectos:<\/h3>\n<ul>\n<li style=\"list-style-type: none;\">\n<ul>\n<li><strong>EuDAC<\/strong>:\n<ul>\n<li>Colecci\u00f3n de muestras:<a href=\"https:\/\/biobancos.isciii.es\/ListadoColecciones.aspx?id=C.0004197%22\">0004197<\/a> (RNB)<\/li>\n<\/ul>\n<\/li>\n<li><strong>EMPHOGEN- 1 y 2<\/strong>\n<ul>\n<li>Colecci\u00f3n de muestras: <a href=\"https:\/\/biobancos.isciii.es\/ListadoColecciones.aspx?id=C.0004196\">0004196<\/a> (RNB)<\/li>\n<\/ul>\n<\/li>\n<li><strong>Estudio \u00cdCARO<\/strong>\n<ul>\n<li>Colecci\u00f3n de muestras: <a href=\"https:\/\/biobancos.isciii.es\/ListadoColecciones.aspx?id=C.0004198%22\">0004198<\/a> (RNB)<\/li>\n<\/ul>\n<\/li>\n<li><strong>EUDRAGENE<\/strong>\n<ul>\n<li>Colecci\u00f3n de muestras: C.0004197 (RNB)<\/li>\n<\/ul>\n<\/li>\n<\/ul>\n<\/li>\n<\/ul>\n<h3>Convenio de Colaboraci\u00f3n con la Universidad de Santiago de Compostela:<\/h3>\n<ul>\n<li style=\"list-style-type: none;\">\n<ul>\n<li style=\"list-style-type: none;\">\n<ul>\n<li><a href=\"http:\/\/www5.uva.es\/cesme\/wp-content\/uploads\/2017\/05\/Convenio-USC.pdf\">Convenio-USC<\/a><\/li>\n<\/ul>\n<\/li>\n<\/ul>\n<\/li>\n<\/ul>\n<p><u>\u00a0<\/u>[\/vc_column_text][\/vc_column][\/vc_row]\n<\/div>","protected":false},"excerpt":{"rendered":"[vc_row][vc_column][vc_column_text][\/vc_column_text][vc_column_text] Farmacogen\u00e9tica: Estudios de asociaci\u00f3n de genoma completo (GWAS) Estudios de polimorfismos gen\u00e9ticos asociados con reacciones adversas inducidas por f\u00e1rmacos B\u00fasqueda de genes candidatos y localizaci\u00f3n de SNPs. Colecciones de muestras: Colecciones de Muestras inscritas en el RNB- Registro Nacional de Biobancos: 0004196 0004197 0004198 Proyectos: EuDAC: Colecci\u00f3n de muestras:0004197 (RNB) EMPHOGEN- 1 y 2 [&hellip;]\n","protected":false},"author":101011,"featured_media":0,"parent":0,"menu_order":0,"comment_status":"closed","ping_status":"closed","template":"","meta":{"footnotes":""},"class_list":["post-975","page","type-page","status-publish","hentry"],"_links":{"self":[{"href":"https:\/\/albergueweb1.uva.es\/cesme\/wp-json\/wp\/v2\/pages\/975","targetHints":{"allow":["GET"]}}],"collection":[{"href":"https:\/\/albergueweb1.uva.es\/cesme\/wp-json\/wp\/v2\/pages"}],"about":[{"href":"https:\/\/albergueweb1.uva.es\/cesme\/wp-json\/wp\/v2\/types\/page"}],"author":[{"embeddable":true,"href":"https:\/\/albergueweb1.uva.es\/cesme\/wp-json\/wp\/v2\/users\/101011"}],"replies":[{"embeddable":true,"href":"https:\/\/albergueweb1.uva.es\/cesme\/wp-json\/wp\/v2\/comments?post=975"}],"version-history":[{"count":4,"href":"https:\/\/albergueweb1.uva.es\/cesme\/wp-json\/wp\/v2\/pages\/975\/revisions"}],"predecessor-version":[{"id":991,"href":"https:\/\/albergueweb1.uva.es\/cesme\/wp-json\/wp\/v2\/pages\/975\/revisions\/991"}],"wp:attachment":[{"href":"https:\/\/albergueweb1.uva.es\/cesme\/wp-json\/wp\/v2\/media?parent=975"}],"curies":[{"name":"wp","href":"https:\/\/api.w.org\/{rel}","templated":true}]}}