{"id":985,"date":"2022-02-08T15:19:41","date_gmt":"2022-02-08T15:19:41","guid":{"rendered":"http:\/\/albergueweb1.uva.es\/cesme\/?page_id=985"},"modified":"2022-02-08T15:19:41","modified_gmt":"2022-02-08T15:19:41","slug":"recursos","status":"publish","type":"page","link":"https:\/\/albergueweb1.uva.es\/cesme\/recursos\/","title":{"rendered":"Recursos"},"content":{"rendered":"<div class=\"wpb-content-wrapper\">[vc_row][vc_column][vc_column_text]<nav aria-label=\"breadcrumbs\">\n            <div class=\"breadcrumb-container theme1\">\n                <ol>\n                                    <\/ol>\n            <\/div>\n        <\/nav>    <script type=\"application\/ld+json\">\n        {\n            \"@context\": \"http:\/\/schema.org\",\n            \"@type\": \"BreadcrumbList\",\n            \"itemListElement\": [\n                            ]\n        }\n    <\/script>\n   \n    <script>\n            <\/script>\n[\/vc_column_text][vc_column_text]\n<h1>RECURSOS<\/h1>\n<h2>Gu\u00edas:<\/h2>\n<ul>\n<li style=\"list-style-type: none;\">\n<ul>\n<li><a href=\"http:\/\/www5.uva.es\/cesme\/wp-content\/uploads\/2017\/04\/ENCePPGuideofMethStandardsinPE_2.pdf\">Gu\u00eda metodol\u00f3gica para la realizaci\u00f3n de estudios de farmacoepidemiolog\u00eda (ENCePP)<\/a><\/li>\n<li><a href=\"http:\/\/www5.uva.es\/cesme\/wp-content\/uploads\/2017\/04\/ChecklistofmethodologicalstandardsforENCePPStudies.doc\">Checklist<\/a><\/li>\n<\/ul>\n<\/li>\n<\/ul>\n<h2>Herramientas:<\/h2>\n<ul>\n<li style=\"list-style-type: none;\">\n<ul>\n<li><strong>Epi Info<\/strong> \u2013 conjunto de herramientas epidemiol\u00f3gicas de dominio p\u00fablico de los CDC: <a href=\"http:\/\/www.cdc.gov\/epiinfo\/esp\/es_index.html\">www.cdc.gov\/epiinfo\/esp\/es_index.html<\/a><\/li>\n<li><em>OpenEpi \u2013 programa gratuito de c\u00e1lculos estad\u00edsticos en epidemiolog\u00eda:<\/em> <a href=\"http:\/\/www.openepi.com\">www.openepi.com<\/a><em> epi.<\/em><\/li>\n<li><em><strong>C\u00e1lculo del Reporting Odds Ratio (ROR) y del Proportional Reporting Ratio (PRR)<\/strong><\/em> en una base de datos de Farmacovigilancia \u2013 Plantilla de Excel que calcula el <em>ROR<\/em> y el <em>PRR<\/em> as\u00ed como sus intervalos de confianza <a href=\"http:\/\/www5.uva.es\/cesme\/wp-content\/uploads\/2017\/05\/ROR-_PRR.xls\">Enlace<\/a><\/li>\n<\/ul>\n<\/li>\n<\/ul>\n[\/vc_column_text][\/vc_column][\/vc_row]\n<\/div>","protected":false},"excerpt":{"rendered":"[vc_row][vc_column][vc_column_text][\/vc_column_text][vc_column_text] RECURSOS Gu\u00edas: Gu\u00eda metodol\u00f3gica para la realizaci\u00f3n de estudios de farmacoepidemiolog\u00eda (ENCePP) Checklist Herramientas: Epi Info \u2013 conjunto de herramientas epidemiol\u00f3gicas de dominio p\u00fablico de los CDC: www.cdc.gov\/epiinfo\/esp\/es_index.html OpenEpi \u2013 programa gratuito de c\u00e1lculos estad\u00edsticos en epidemiolog\u00eda: www.openepi.com epi. C\u00e1lculo del Reporting Odds Ratio (ROR) y del Proportional Reporting Ratio (PRR) en una base [&hellip;]\n","protected":false},"author":101011,"featured_media":0,"parent":0,"menu_order":0,"comment_status":"closed","ping_status":"closed","template":"","meta":{"footnotes":""},"class_list":["post-985","page","type-page","status-publish","hentry"],"_links":{"self":[{"href":"https:\/\/albergueweb1.uva.es\/cesme\/wp-json\/wp\/v2\/pages\/985","targetHints":{"allow":["GET"]}}],"collection":[{"href":"https:\/\/albergueweb1.uva.es\/cesme\/wp-json\/wp\/v2\/pages"}],"about":[{"href":"https:\/\/albergueweb1.uva.es\/cesme\/wp-json\/wp\/v2\/types\/page"}],"author":[{"embeddable":true,"href":"https:\/\/albergueweb1.uva.es\/cesme\/wp-json\/wp\/v2\/users\/101011"}],"replies":[{"embeddable":true,"href":"https:\/\/albergueweb1.uva.es\/cesme\/wp-json\/wp\/v2\/comments?post=985"}],"version-history":[{"count":2,"href":"https:\/\/albergueweb1.uva.es\/cesme\/wp-json\/wp\/v2\/pages\/985\/revisions"}],"predecessor-version":[{"id":987,"href":"https:\/\/albergueweb1.uva.es\/cesme\/wp-json\/wp\/v2\/pages\/985\/revisions\/987"}],"wp:attachment":[{"href":"https:\/\/albergueweb1.uva.es\/cesme\/wp-json\/wp\/v2\/media?parent=985"}],"curies":[{"name":"wp","href":"https:\/\/api.w.org\/{rel}","templated":true}]}}