{"id":1516,"date":"2022-06-20T16:24:03","date_gmt":"2022-06-20T16:24:03","guid":{"rendered":"https:\/\/albergueweb1.uva.es\/filosofia-departamento\/?page_id=1516"},"modified":"2025-05-09T17:04:40","modified_gmt":"2025-05-09T17:04:40","slug":"home","status":"publish","type":"page","link":"https:\/\/albergueweb1.uva.es\/filosofia-departamento\/","title":{"rendered":"Home"},"content":{"rendered":"<div class=\"gb-container gb-container-e632aea7\"><div class=\"gb-inside-container\">\n\n\t\t\t<!-- START Home_Slider REVOLUTION SLIDER 6.5.21 --><p class=\"rs-p-wp-fix\"><\/p>\n\t\t\t<rs-module-wrap id=\"rev_slider_4_1_wrapper\" data-source=\"gallery\" style=\"visibility:hidden;background:transparent;padding:0;margin:0px auto;margin-top:0;margin-bottom:0;\">\n\t\t\t\t<rs-module id=\"rev_slider_4_1\" style=\"\" data-version=\"6.5.21\">\n\t\t\t\t\t<rs-slides>\n\t\t\t\t\t\t<rs-slide style=\"position: absolute;\" data-key=\"rs-10\" data-title=\"Slide\" data-anim=\"ms:1500ms;\" data-in=\"o:0;\" data-out=\"a:false;\">\n\t\t\t\t\t\t\t<img loading=\"lazy\" decoding=\"async\" src=\"\/\/albergueweb1.uva.es\/filosofia-departamento\/wp-content\/plugins\/revslider\/public\/assets\/assets\/dummy.png\" alt=\"\" title=\"Imagen1\" width=\"2560\" height=\"1610\" class=\"rev-slidebg tp-rs-img rs-lazyload\" data-lazyload=\"\/\/albergueweb1.uva.es\/filosofia-departamento\/wp-content\/uploads\/2022\/06\/Imagen1.jpg\" data-parallax=\"off\" data-no-retina>\n<!---->\t\t\t\t\t\t<\/rs-slide>\n\t\t\t\t\t\t<rs-slide style=\"position: absolute;\" data-key=\"rs-11\" data-title=\"Slide\" data-anim=\"ms:1500ms;\" data-in=\"o:0;col:400;\" data-out=\"a:false;\">\n\t\t\t\t\t\t\t<img loading=\"lazy\" decoding=\"async\" src=\"\/\/albergueweb1.uva.es\/filosofia-departamento\/wp-content\/plugins\/revslider\/public\/assets\/assets\/dummy.png\" alt=\"\" title=\"Imagen2\" width=\"1920\" height=\"1285\" class=\"rev-slidebg tp-rs-img rs-lazyload\" data-lazyload=\"\/\/albergueweb1.uva.es\/filosofia-departamento\/wp-content\/uploads\/2022\/06\/Imagen2.jpg\" data-parallax=\"off\" data-no-retina>\n<!---->\t\t\t\t\t\t<\/rs-slide>\n\t\t\t\t\t\t<rs-slide style=\"position: absolute;\" data-key=\"rs-12\" data-title=\"Slide\" data-anim=\"ms:1500ms;\" data-in=\"o:0;col:400;\">\n\t\t\t\t\t\t\t<img loading=\"lazy\" decoding=\"async\" src=\"\/\/albergueweb1.uva.es\/filosofia-departamento\/wp-content\/plugins\/revslider\/public\/assets\/assets\/dummy.png\" alt=\"\" title=\"Imagen3\" width=\"2560\" height=\"1707\" class=\"rev-slidebg tp-rs-img rs-lazyload\" data-lazyload=\"\/\/albergueweb1.uva.es\/filosofia-departamento\/wp-content\/uploads\/2022\/06\/Imagen3-scaled.jpg\" data-parallax=\"off\" data-no-retina>\n<!---->\t\t\t\t\t\t<\/rs-slide>\n\t\t\t\t\t\t<rs-slide style=\"position: absolute;\" data-key=\"rs-16\" data-title=\"Slide\" data-anim=\"ms:1600ms;\" data-in=\"o:0;\" data-out=\"a:false;\">\n\t\t\t\t\t\t\t<img loading=\"lazy\" decoding=\"async\" src=\"\/\/albergueweb1.uva.es\/filosofia-departamento\/wp-content\/plugins\/revslider\/public\/assets\/assets\/dummy.png\" alt=\"\" title=\"Imagen4XXL\" width=\"1690\" height=\"1080\" class=\"rev-slidebg tp-rs-img rs-lazyload\" data-lazyload=\"\/\/albergueweb1.uva.es\/filosofia-departamento\/wp-content\/uploads\/2022\/07\/Imagen4XXL.jpg\" data-parallax=\"off\" data-no-retina>\n<!---->\t\t\t\t\t\t<\/rs-slide>\n\t\t\t\t\t\t<rs-slide style=\"position: absolute;\" data-key=\"rs-13\" data-title=\"Slide\" data-anim=\"ms:2500ms;\" data-in=\"o:0;\" data-out=\"a:false;\">\n\t\t\t\t\t\t\t<img loading=\"lazy\" decoding=\"async\" src=\"\/\/albergueweb1.uva.es\/filosofia-departamento\/wp-content\/plugins\/revslider\/public\/assets\/assets\/dummy.png\" alt=\"\" title=\"Imagen5bis\" width=\"2053\" height=\"828\" class=\"rev-slidebg tp-rs-img rs-lazyload\" data-lazyload=\"\/\/albergueweb1.uva.es\/filosofia-departamento\/wp-content\/uploads\/2022\/06\/Imagen5bis.jpg\" data-parallax=\"off\" data-no-retina>\n<!---->\t\t\t\t\t\t<\/rs-slide>\n\t\t\t\t\t\t<rs-slide style=\"position: absolute;\" data-key=\"rs-14\" data-title=\"Slide\" data-anim=\"ms:2000ms;\" data-in=\"o:0;col:400;\" data-out=\"a:false;\">\n\t\t\t\t\t\t\t<img loading=\"lazy\" decoding=\"async\" src=\"\/\/albergueweb1.uva.es\/filosofia-departamento\/wp-content\/plugins\/revslider\/public\/assets\/assets\/dummy.png\" alt=\"\" title=\"Imagen6Shp\" width=\"2284\" height=\"1276\" class=\"rev-slidebg tp-rs-img rs-lazyload\" data-lazyload=\"\/\/albergueweb1.uva.es\/filosofia-departamento\/wp-content\/uploads\/2022\/07\/Imagen6Shp.jpg\" data-parallax=\"off\" data-no-retina>\n<!---->\t\t\t\t\t\t<\/rs-slide>\n\t\t\t\t\t\t<rs-slide style=\"position: absolute;\" data-key=\"rs-15\" data-title=\"Slide\" data-anim=\"ms:2000ms;\" data-in=\"o:0;\" data-out=\"a:false;\">\n\t\t\t\t\t\t\t<img loading=\"lazy\" decoding=\"async\" src=\"\/\/albergueweb1.uva.es\/filosofia-departamento\/wp-content\/plugins\/revslider\/public\/assets\/assets\/dummy.png\" alt=\"\" title=\"Imagen7\" width=\"2560\" height=\"1205\" class=\"rev-slidebg tp-rs-img rs-lazyload\" data-lazyload=\"\/\/albergueweb1.uva.es\/filosofia-departamento\/wp-content\/uploads\/2022\/06\/Imagen7-scaled.jpg\" data-parallax=\"off\" data-no-retina>\n<!---->\t\t\t\t\t\t<\/rs-slide>\n\t\t\t\t\t<\/rs-slides>\n\t\t\t\t<\/rs-module>\n\t\t\t\t<script>\n\t\t\t\t\tsetREVStartSize({c: 'rev_slider_4_1',rl:[1240,1024,778,480],el:[500],gw:[1240],gh:[500],type:'standard',justify:'',layout:'fullwidth',mh:\"0\"});if (window.RS_MODULES!==undefined && window.RS_MODULES.modules!==undefined && window.RS_MODULES.modules[\"revslider41\"]!==undefined) {window.RS_MODULES.modules[\"revslider41\"].once = false;window.revapi4 = undefined;if (window.RS_MODULES.checkMinimal!==undefined) window.RS_MODULES.checkMinimal()}\n\t\t\t\t<\/script>\n\t\t\t<\/rs-module-wrap>\n\t\t\t<!-- END REVOLUTION SLIDER -->\n\n\n<\/div><div class=\"gb-shapes\"><div class=\"gb-shape gb-shape-1\"><svg xmlns=\"http:\/\/www.w3.org\/2000\/svg\" viewBox=\"0 0 1200 194.3\" preserveAspectRatio=\"none\"><path d=\"M1200 133.3l-50 8.9c-50 8.6-150 26.9-250 31.1-100 4.2-200-4.2-300-26.7S400 89.2 300 62.2C200 35.8 100 17.5 50 8.9L0 0v194.3h1200v-61z\"\/><\/svg><\/div><div class=\"gb-shape gb-shape-2\"><svg xmlns=\"http:\/\/www.w3.org\/2000\/svg\" viewBox=\"0 0 1200 137.6\" preserveAspectRatio=\"none\"><path d=\"M0 137.6h1200V21.9l-66.7 26.7c-66.7 26.7-200 80-333.3 66.7S533.3 21.9 400 4.2C266.7-13.9 133.3 31.1 66.7 53L0 75.3v62.3z\"\/><\/svg><\/div><\/div><\/div>\n\n<div class=\"gb-container gb-container-43f2f0d6\"><div class=\"gb-inside-container\">\n<div class=\"gb-grid-wrapper gb-grid-wrapper-7f805974\">\n<div class=\"gb-grid-column gb-grid-column-a8091372\"><div class=\"gb-container gb-container-a8091372\"><div class=\"gb-inside-container\">\n<div class=\"gb-grid-wrapper gb-grid-wrapper-98cac130\">\n<div class=\"gb-grid-column gb-grid-column-4fc9368f\"><div class=\"gb-container gb-container-4fc9368f\"><div class=\"gb-inside-container\">\n\n<figure class=\"gb-block-image gb-block-image-4e6adec3\"><a href=\"https:\/\/albergueweb1.uva.es\/filosofia-departamento\/departamento\/#direccion-autoridades\" rel=\"nofollow\"><img loading=\"lazy\" decoding=\"async\" width=\"800\" height=\"600\" class=\"gb-image gb-image-4e6adec3 investiga imagenlace\" src=\"https:\/\/albergueweb1.uva.es\/filosofia-departamento\/wp-content\/uploads\/2025\/05\/direccion-autoridades.jpg\" alt=\"\" title=\"direccion-autoridades\" srcset=\"https:\/\/albergueweb1.uva.es\/filosofia-departamento\/wp-content\/uploads\/2025\/05\/direccion-autoridades.jpg 800w, https:\/\/albergueweb1.uva.es\/filosofia-departamento\/wp-content\/uploads\/2025\/05\/direccion-autoridades-300x225.jpg 300w, https:\/\/albergueweb1.uva.es\/filosofia-departamento\/wp-content\/uploads\/2025\/05\/direccion-autoridades-768x576.jpg 768w\" sizes=\"auto, (max-width: 800px) 100vw, 800px\" \/><\/a><\/figure>\n\n\n<div class=\"gb-button-wrapper gb-button-wrapper-da717927\">\n\n<a class=\"gb-button gb-button-b333b3d2 gb-button-text\" href=\"https:\/\/albergueweb1.uva.es\/filosofia-departamento\/departamento\/#direccion-autoridades\" rel=\"nofollow\">Direcci\u00f3n y Autoridades<\/a>\n\n<\/div>\n<\/div><\/div><\/div>\n\n<div class=\"gb-grid-column gb-grid-column-f9094c7a\"><div class=\"gb-container gb-container-f9094c7a\"><div class=\"gb-inside-container\">\n\n<figure class=\"gb-block-image gb-block-image-f7d5cfed\"><a href=\"https:\/\/albergueweb1.uva.es\/filosofia-departamento\/departamento\/#profes\" rel=\"nofollow\"><img loading=\"lazy\" decoding=\"async\" width=\"800\" height=\"600\" class=\"gb-image gb-image-f7d5cfed investiga imagenlace\" src=\"https:\/\/albergueweb1.uva.es\/filosofia-departamento\/wp-content\/uploads\/2022\/07\/manos-1.jpg\" alt=\"\" title=\"manos-1\" srcset=\"https:\/\/albergueweb1.uva.es\/filosofia-departamento\/wp-content\/uploads\/2022\/07\/manos-1.jpg 800w, https:\/\/albergueweb1.uva.es\/filosofia-departamento\/wp-content\/uploads\/2022\/07\/manos-1-300x225.jpg 300w, https:\/\/albergueweb1.uva.es\/filosofia-departamento\/wp-content\/uploads\/2022\/07\/manos-1-768x576.jpg 768w\" sizes=\"auto, (max-width: 800px) 100vw, 800px\" \/><\/a><\/figure>\n\n\n<div class=\"gb-button-wrapper gb-button-wrapper-49030645\">\n\n<a class=\"gb-button gb-button-5ed016b5 gb-button-text\" href=\"https:\/\/albergueweb1.uva.es\/filosofia-departamento\/departamento\/#profes\" rel=\"nofollow\">Profesorado<\/a>\n\n<\/div>\n<\/div><\/div><\/div>\n\n<div class=\"gb-grid-column gb-grid-column-394a2c10\"><div class=\"gb-container gb-container-394a2c10\"><div class=\"gb-inside-container\">\n\n<figure class=\"gb-block-image gb-block-image-c50cbd0b\"><a href=\"https:\/\/albergueweb1.uva.es\/filosofia-departamento\/departamento\/#sedes\" rel=\"nofollow\"><img loading=\"lazy\" decoding=\"async\" width=\"800\" height=\"600\" class=\"gb-image gb-image-c50cbd0b investiga imagenlace\" src=\"https:\/\/albergueweb1.uva.es\/filosofia-departamento\/wp-content\/uploads\/2022\/07\/ubicacionfyl-1.jpg\" alt=\"\" title=\"Sedes\" srcset=\"https:\/\/albergueweb1.uva.es\/filosofia-departamento\/wp-content\/uploads\/2022\/07\/ubicacionfyl-1.jpg 800w, https:\/\/albergueweb1.uva.es\/filosofia-departamento\/wp-content\/uploads\/2022\/07\/ubicacionfyl-1-300x225.jpg 300w, https:\/\/albergueweb1.uva.es\/filosofia-departamento\/wp-content\/uploads\/2022\/07\/ubicacionfyl-1-768x576.jpg 768w\" sizes=\"auto, (max-width: 800px) 100vw, 800px\" \/><\/a><\/figure>\n\n\n<div class=\"gb-button-wrapper gb-button-wrapper-94ee2449\">\n\n<a class=\"gb-button gb-button-9f2f2110 gb-button-text\" href=\"https:\/\/albergueweb1.uva.es\/filosofia-departamento\/departamento\/#ubica\" rel=\"nofollow\">Sedes<\/a>\n\n<\/div>\n<\/div><\/div><\/div>\n<\/div>\n<\/div><\/div><\/div>\n<\/div>\n<\/div><\/div>\n\n<div class=\"gb-container gb-container-a04b66e3\"><div class=\"gb-inside-container\">\n\n<h2 class=\"gb-headline gb-headline-49feb6d5 gb-headline-text\">Actualidad<\/h2>\n\n<\/div><div class=\"gb-shapes\"><div class=\"gb-shape gb-shape-1\"><svg xmlns=\"http:\/\/www.w3.org\/2000\/svg\" viewBox=\"0 0 1200 137.6\" preserveAspectRatio=\"none\"><path d=\"M0 137.6h1200V21.9l-66.7 26.7c-66.7 26.7-200 80-333.3 66.7S533.3 21.9 400 4.2C266.7-13.9 133.3 31.1 66.7 53L0 75.3v62.3z\"\/><\/svg><\/div><\/div><\/div>\n\n<div class=\"gb-container gb-container-c4225795\"><div class=\"gb-inside-container\">\n\n<div class=\"gb-grid-wrapper gb-grid-wrapper-cdcc4b6e gb-query-loop-wrapper\">\n<div class=\"gb-grid-column gb-grid-column-4ddba50e gb-query-loop-item post-6429 post type-post status-publish format-standard has-post-thumbnail hentry category-eventos infinite-scroll-item no-featured-image-padding resize-featured-image\"><div class=\"gb-container gb-container-4ddba50e\"><div class=\"gb-inside-container\">\n<h3 class=\"gb-headline gb-headline-efea1867 gb-headline-text\"><a href=\"https:\/\/albergueweb1.uva.es\/filosofia-departamento\/seminario-cuanta-desigualdad-tolera-la-meritocracia\/\">Seminario: &lt;&lt;\u00bfCu\u00e1nta desigualdad tolera la meritocracia?>><\/a><\/h3>\n\n<figure class=\"gb-block-image gb-block-image-fee91cf1\"><a href=\"https:\/\/albergueweb1.uva.es\/filosofia-departamento\/seminario-cuanta-desigualdad-tolera-la-meritocracia\/\"><img loading=\"lazy\" decoding=\"async\" width=\"1131\" height=\"1600\" src=\"https:\/\/albergueweb1.uva.es\/filosofia-departamento\/wp-content\/uploads\/2026\/03\/LADO-PERMANENTE16-4-2026-Jahel-Queralt-LADO.jpeg\" class=\"gb-image-fee91cf1 imagenlace\" alt=\"\" srcset=\"https:\/\/albergueweb1.uva.es\/filosofia-departamento\/wp-content\/uploads\/2026\/03\/LADO-PERMANENTE16-4-2026-Jahel-Queralt-LADO.jpeg 1131w, https:\/\/albergueweb1.uva.es\/filosofia-departamento\/wp-content\/uploads\/2026\/03\/LADO-PERMANENTE16-4-2026-Jahel-Queralt-LADO-212x300.jpeg 212w, https:\/\/albergueweb1.uva.es\/filosofia-departamento\/wp-content\/uploads\/2026\/03\/LADO-PERMANENTE16-4-2026-Jahel-Queralt-LADO-724x1024.jpeg 724w, https:\/\/albergueweb1.uva.es\/filosofia-departamento\/wp-content\/uploads\/2026\/03\/LADO-PERMANENTE16-4-2026-Jahel-Queralt-LADO-768x1086.jpeg 768w, https:\/\/albergueweb1.uva.es\/filosofia-departamento\/wp-content\/uploads\/2026\/03\/LADO-PERMANENTE16-4-2026-Jahel-Queralt-LADO-1086x1536.jpeg 1086w\" sizes=\"auto, (max-width: 1131px) 100vw, 1131px\" \/><\/a><\/figure>\n\n<div class=\"gb-headline gb-headline-f4bd3421 parrafo gb-headline-text\">Jahel Queralt es profesora Serra Hunter en el Departamento de Derecho de &#8230; <p class=\"read-more-container\"><a title=\"Seminario: &lt;&lt;\u00bfCu\u00e1nta desigualdad tolera la meritocracia?&gt;&gt;\" class=\"read-more button\" href=\"https:\/\/albergueweb1.uva.es\/filosofia-departamento\/seminario-cuanta-desigualdad-tolera-la-meritocracia\/#more-6429\" aria-label=\"M\u00e1s en Seminario: &lt;&lt;\u00bfCu\u00e1nta desigualdad tolera la meritocracia?&gt;&gt;\">Leer m\u00e1s<\/a><\/p><\/div>\n<\/div><\/div><\/div>\n\n<div class=\"gb-grid-column gb-grid-column-4ddba50e gb-query-loop-item post-6413 post type-post status-publish format-standard has-post-thumbnail hentry category-eventos infinite-scroll-item no-featured-image-padding resize-featured-image\"><div class=\"gb-container gb-container-4ddba50e\"><div class=\"gb-inside-container\">\n<h3 class=\"gb-headline gb-headline-efea1867 gb-headline-text\"><a href=\"https:\/\/albergueweb1.uva.es\/filosofia-departamento\/justicia-climatica-y-genero-taller-con-marcia-tait-y-laura-reboul-en-el-campus-de-palencia\/\">Justicia Clim\u00e1tica y G\u00e9nero: Taller con M\u00e1rcia Tait y Laura Reboul en el Campus de Palencia<\/a><\/h3>\n\n<figure class=\"gb-block-image gb-block-image-fee91cf1\"><a href=\"https:\/\/albergueweb1.uva.es\/filosofia-departamento\/justicia-climatica-y-genero-taller-con-marcia-tait-y-laura-reboul-en-el-campus-de-palencia\/\"><img loading=\"lazy\" decoding=\"async\" width=\"522\" height=\"730\" src=\"https:\/\/albergueweb1.uva.es\/filosofia-departamento\/wp-content\/uploads\/2026\/03\/divulga-taller-final.jpeg\" class=\"gb-image-fee91cf1 imagenlace\" alt=\"Cartel del taller sobre justicia clim\u00e1tica en la UVA\" srcset=\"https:\/\/albergueweb1.uva.es\/filosofia-departamento\/wp-content\/uploads\/2026\/03\/divulga-taller-final.jpeg 522w, https:\/\/albergueweb1.uva.es\/filosofia-departamento\/wp-content\/uploads\/2026\/03\/divulga-taller-final-215x300.jpeg 215w\" sizes=\"auto, (max-width: 522px) 100vw, 522px\" \/><\/a><\/figure>\n\n<div class=\"gb-headline gb-headline-f4bd3421 parrafo gb-headline-text\">Este evento se enmarca dentro de la Programaci\u00f3n del 8M (D\u00eda Internacional &#8230; <p class=\"read-more-container\"><a title=\"Justicia Clim\u00e1tica y G\u00e9nero: Taller con M\u00e1rcia Tait y Laura Reboul en el Campus de Palencia\" class=\"read-more button\" href=\"https:\/\/albergueweb1.uva.es\/filosofia-departamento\/justicia-climatica-y-genero-taller-con-marcia-tait-y-laura-reboul-en-el-campus-de-palencia\/#more-6413\" aria-label=\"M\u00e1s en Justicia Clim\u00e1tica y G\u00e9nero: Taller con M\u00e1rcia Tait y Laura Reboul en el Campus de Palencia\">Leer m\u00e1s<\/a><\/p><\/div>\n<\/div><\/div><\/div>\n\n<div class=\"gb-grid-column gb-grid-column-4ddba50e gb-query-loop-item post-6406 post type-post status-publish format-standard has-post-thumbnail hentry category-eventos infinite-scroll-item no-featured-image-padding resize-featured-image\"><div class=\"gb-container gb-container-4ddba50e\"><div class=\"gb-inside-container\">\n<h3 class=\"gb-headline gb-headline-efea1867 gb-headline-text\"><a href=\"https:\/\/albergueweb1.uva.es\/filosofia-departamento\/therapeia-salud-y-sabiduria-en-el-mundo-antiguo\/\">Therapeia: Salud y sabidur\u00eda en el mundo antiguo<\/a><\/h3>\n\n<figure class=\"gb-block-image gb-block-image-fee91cf1\"><a href=\"https:\/\/albergueweb1.uva.es\/filosofia-departamento\/therapeia-salud-y-sabiduria-en-el-mundo-antiguo\/\"><img loading=\"lazy\" decoding=\"async\" width=\"1587\" height=\"2245\" src=\"https:\/\/albergueweb1.uva.es\/filosofia-departamento\/wp-content\/uploads\/2025\/11\/thumbnail_Cartel-THERAPEIA-Definitivo.png\" class=\"gb-image-fee91cf1 imagenlace\" alt=\"\" srcset=\"https:\/\/albergueweb1.uva.es\/filosofia-departamento\/wp-content\/uploads\/2025\/11\/thumbnail_Cartel-THERAPEIA-Definitivo.png 1587w, https:\/\/albergueweb1.uva.es\/filosofia-departamento\/wp-content\/uploads\/2025\/11\/thumbnail_Cartel-THERAPEIA-Definitivo-212x300.png 212w, https:\/\/albergueweb1.uva.es\/filosofia-departamento\/wp-content\/uploads\/2025\/11\/thumbnail_Cartel-THERAPEIA-Definitivo-724x1024.png 724w, https:\/\/albergueweb1.uva.es\/filosofia-departamento\/wp-content\/uploads\/2025\/11\/thumbnail_Cartel-THERAPEIA-Definitivo-768x1086.png 768w, https:\/\/albergueweb1.uva.es\/filosofia-departamento\/wp-content\/uploads\/2025\/11\/thumbnail_Cartel-THERAPEIA-Definitivo-1086x1536.png 1086w, https:\/\/albergueweb1.uva.es\/filosofia-departamento\/wp-content\/uploads\/2025\/11\/thumbnail_Cartel-THERAPEIA-Definitivo-1448x2048.png 1448w\" sizes=\"auto, (max-width: 1587px) 100vw, 1587px\" \/><\/a><\/figure>\n\n<div class=\"gb-headline gb-headline-f4bd3421 parrafo gb-headline-text\">\u201cTherapeia: Salud y sabidur\u00eda en el mundo antiguo\u201d son las II Jornadas &#8230; <p class=\"read-more-container\"><a title=\"Therapeia: Salud y sabidur\u00eda en el mundo antiguo\" class=\"read-more button\" href=\"https:\/\/albergueweb1.uva.es\/filosofia-departamento\/therapeia-salud-y-sabiduria-en-el-mundo-antiguo\/#more-6406\" aria-label=\"M\u00e1s en Therapeia: Salud y sabidur\u00eda en el mundo antiguo\">Leer m\u00e1s<\/a><\/p><\/div>\n<\/div><\/div><\/div>\n\n<div class=\"gb-grid-column gb-grid-column-4ddba50e gb-query-loop-item post-6397 post type-post status-publish format-standard has-post-thumbnail hentry category-eventos infinite-scroll-item no-featured-image-padding resize-featured-image\"><div class=\"gb-container gb-container-4ddba50e\"><div class=\"gb-inside-container\">\n<h3 class=\"gb-headline gb-headline-efea1867 gb-headline-text\"><a href=\"https:\/\/albergueweb1.uva.es\/filosofia-departamento\/construyendo-puentes-ingenieria-y-sociedad\/\">Construyendo puentes: Ingenier\u00eda y sociedad<\/a><\/h3>\n\n<figure class=\"gb-block-image gb-block-image-fee91cf1\"><a href=\"https:\/\/albergueweb1.uva.es\/filosofia-departamento\/construyendo-puentes-ingenieria-y-sociedad\/\"><img loading=\"lazy\" decoding=\"async\" width=\"1365\" height=\"2048\" src=\"https:\/\/albergueweb1.uva.es\/filosofia-departamento\/wp-content\/uploads\/2025\/11\/Cartel_LucaValera.jpg\" class=\"gb-image-fee91cf1 imagenlace\" alt=\"\" srcset=\"https:\/\/albergueweb1.uva.es\/filosofia-departamento\/wp-content\/uploads\/2025\/11\/Cartel_LucaValera.jpg 1365w, https:\/\/albergueweb1.uva.es\/filosofia-departamento\/wp-content\/uploads\/2025\/11\/Cartel_LucaValera-200x300.jpg 200w, https:\/\/albergueweb1.uva.es\/filosofia-departamento\/wp-content\/uploads\/2025\/11\/Cartel_LucaValera-683x1024.jpg 683w, https:\/\/albergueweb1.uva.es\/filosofia-departamento\/wp-content\/uploads\/2025\/11\/Cartel_LucaValera-768x1152.jpg 768w, https:\/\/albergueweb1.uva.es\/filosofia-departamento\/wp-content\/uploads\/2025\/11\/Cartel_LucaValera-1024x1536.jpg 1024w\" sizes=\"auto, (max-width: 1365px) 100vw, 1365px\" \/><\/a><\/figure>\n\n<div class=\"gb-headline gb-headline-f4bd3421 parrafo gb-headline-text\">\u201cConstruyendo puentes: Ingenier\u00eda y sociedad\u201d es una jornada que analiza c\u00f3mo las &#8230; <p class=\"read-more-container\"><a title=\"Construyendo puentes: Ingenier\u00eda y sociedad\" class=\"read-more button\" href=\"https:\/\/albergueweb1.uva.es\/filosofia-departamento\/construyendo-puentes-ingenieria-y-sociedad\/#more-6397\" aria-label=\"M\u00e1s en Construyendo puentes: Ingenier\u00eda y sociedad\">Leer m\u00e1s<\/a><\/p><\/div>\n<\/div><\/div><\/div>\n<\/div>\n\n<\/div><\/div>\n\n<div class=\"gb-container gb-container-40121f5d\"><div class=\"gb-inside-container\">\n<div class=\"gb-grid-wrapper gb-grid-wrapper-81c90b90\">\n<div class=\"gb-grid-column gb-grid-column-2294fd18\"><div class=\"gb-container gb-container-2294fd18\"><div class=\"gb-inside-container\">\n<div class=\"gb-grid-wrapper gb-grid-wrapper-222aea95\">\n<div class=\"gb-grid-column gb-grid-column-d837d467\"><div class=\"gb-container gb-container-d837d467\"><div class=\"gb-inside-container\">\n\n<figure class=\"gb-block-image gb-block-image-e035d106\"><a href=\"https:\/\/albergueweb1.uva.es\/filosofia-departamento\/docencia\/\"><img loading=\"lazy\" decoding=\"async\" width=\"600\" height=\"275\" class=\"gb-image gb-image-e035d106 investiga imagenlace\" src=\"https:\/\/albergueweb1.uva.es\/filosofia-departamento\/wp-content\/uploads\/2022\/07\/docencia2.jpg\" alt=\"\" title=\"Docencia\" srcset=\"https:\/\/albergueweb1.uva.es\/filosofia-departamento\/wp-content\/uploads\/2022\/07\/docencia2.jpg 600w, https:\/\/albergueweb1.uva.es\/filosofia-departamento\/wp-content\/uploads\/2022\/07\/docencia2-300x138.jpg 300w\" sizes=\"auto, (max-width: 600px) 100vw, 600px\" \/><\/a><\/figure>\n\n\n<div class=\"gb-button-wrapper gb-button-wrapper-afefba56\">\n\n<a class=\"gb-button gb-button-a45ade24 gb-button-text\" href=\"https:\/\/albergueweb1.uva.es\/filosofia-departamento\/docencia\/\">Docencia<\/a>\n\n<\/div>\n<\/div><\/div><\/div>\n\n<div class=\"gb-grid-column gb-grid-column-c0eed51f\"><div class=\"gb-container gb-container-c0eed51f\"><div class=\"gb-inside-container\">\n\n<figure class=\"gb-block-image gb-block-image-d82b8de9\"><a href=\"https:\/\/albergueweb1.uva.es\/filosofia-departamento\/investigacion\/\"><img loading=\"lazy\" decoding=\"async\" width=\"1200\" height=\"550\" class=\"gb-image gb-image-d82b8de9 investiga imagenlace\" src=\"https:\/\/albergueweb1.uva.es\/filosofia-departamento\/wp-content\/uploads\/2022\/07\/investigar.jpg\" alt=\"\" title=\"investigar\" srcset=\"https:\/\/albergueweb1.uva.es\/filosofia-departamento\/wp-content\/uploads\/2022\/07\/investigar.jpg 1200w, https:\/\/albergueweb1.uva.es\/filosofia-departamento\/wp-content\/uploads\/2022\/07\/investigar-300x138.jpg 300w, https:\/\/albergueweb1.uva.es\/filosofia-departamento\/wp-content\/uploads\/2022\/07\/investigar-1024x469.jpg 1024w, https:\/\/albergueweb1.uva.es\/filosofia-departamento\/wp-content\/uploads\/2022\/07\/investigar-768x352.jpg 768w\" sizes=\"auto, (max-width: 1200px) 100vw, 1200px\" \/><\/a><\/figure>\n\n\n<div class=\"gb-button-wrapper gb-button-wrapper-ef05b394\">\n\n<a class=\"gb-button gb-button-9ee84ce1 gb-button-text\" href=\"https:\/\/albergueweb1.uva.es\/filosofia-departamento\/investigacion\/\">Investigaci\u00f3n<\/a>\n\n<\/div>\n<\/div><\/div><\/div>\n<\/div>\n<\/div><\/div><\/div>\n<\/div>\n<\/div><\/div>\n\n\n<p><\/p>\n","protected":false},"excerpt":{"rendered":"<p>Actualidad<\/p>\n","protected":false},"author":12,"featured_media":0,"parent":0,"menu_order":0,"comment_status":"closed","ping_status":"closed","template":"","meta":{"footnotes":""},"class_list":{"0":"post-1516","1":"page","2":"type-page","3":"status-publish","5":"infinite-scroll-item","6":"no-featured-image-padding"},"_links":{"self":[{"href":"https:\/\/albergueweb1.uva.es\/filosofia-departamento\/wp-json\/wp\/v2\/pages\/1516","targetHints":{"allow":["GET"]}}],"collection":[{"href":"https:\/\/albergueweb1.uva.es\/filosofia-departamento\/wp-json\/wp\/v2\/pages"}],"about":[{"href":"https:\/\/albergueweb1.uva.es\/filosofia-departamento\/wp-json\/wp\/v2\/types\/page"}],"author":[{"embeddable":true,"href":"https:\/\/albergueweb1.uva.es\/filosofia-departamento\/wp-json\/wp\/v2\/users\/12"}],"replies":[{"embeddable":true,"href":"https:\/\/albergueweb1.uva.es\/filosofia-departamento\/wp-json\/wp\/v2\/comments?post=1516"}],"version-history":[{"count":373,"href":"https:\/\/albergueweb1.uva.es\/filosofia-departamento\/wp-json\/wp\/v2\/pages\/1516\/revisions"}],"predecessor-version":[{"id":6169,"href":"https:\/\/albergueweb1.uva.es\/filosofia-departamento\/wp-json\/wp\/v2\/pages\/1516\/revisions\/6169"}],"wp:attachment":[{"href":"https:\/\/albergueweb1.uva.es\/filosofia-departamento\/wp-json\/wp\/v2\/media?parent=1516"}],"curies":[{"name":"wp","href":"https:\/\/api.w.org\/{rel}","templated":true}]}}