{"id":2219,"date":"2022-07-07T07:30:17","date_gmt":"2022-07-07T07:30:17","guid":{"rendered":"https:\/\/albergueweb1.uva.es\/filosofia-departamento\/?page_id=2219"},"modified":"2022-10-01T15:15:30","modified_gmt":"2022-10-01T15:15:30","slug":"investigacion","status":"publish","type":"page","link":"https:\/\/albergueweb1.uva.es\/filosofia-departamento\/investigacion\/","title":{"rendered":"Investigaci\u00f3n"},"content":{"rendered":"<div class=\"gb-container gb-container-82a68229\"><div class=\"gb-inside-container\">\n\n<h2 class=\"gb-headline gb-headline-f05a7b7d gb-headline-text tituloT\">Grupos de investigaci\u00f3n<\/h2>\n\n<\/div><div class=\"gb-shapes\"><div class=\"gb-shape gb-shape-1\"><svg xmlns=\"http:\/\/www.w3.org\/2000\/svg\" viewBox=\"0 0 1200 137.6\" preserveAspectRatio=\"none\"><path d=\"M0 137.6h1200V21.9l-66.7 26.7c-66.7 26.7-200 80-333.3 66.7S533.3 21.9 400 4.2C266.7-13.9 133.3 31.1 66.7 53L0 75.3v62.3z\"\/><\/svg><\/div><\/div><\/div>\n\n<div class=\"gb-container gb-container-ba0cdd6d\"><div class=\"gb-inside-container\">\n<div class=\"gb-container gb-container-1f9e3f1a\"><div class=\"gb-inside-container\">\n<div class=\"gb-grid-wrapper gb-grid-wrapper-a2e16ddc\">\n<div class=\"gb-grid-column gb-grid-column-127ed135\"><div class=\"gb-container gb-container-127ed135\"><div class=\"gb-inside-container\">\n<div class=\"gb-container gb-container-7222bfd8\"><div class=\"gb-inside-container\">\n<div class=\"wp-block-image investiga imagenlace\">\n<figure class=\"aligncenter size-full is-resized\"><a href=\"https:\/\/investiga.uva.es\/estructuras-i-d-i\/grupos-de-investigacion\/mas-informacion-del-grupo-de-investigacion\/?grupo=276\" target=\"_blank\" rel=\"noopener\"><img loading=\"lazy\" decoding=\"async\" src=\"https:\/\/albergueweb1.uva.es\/filosofia-departamento\/wp-content\/uploads\/2022\/07\/uvainvestigap.png\" alt=\"\" class=\"wp-image-3704\" width=\"200\" height=\"200\" srcset=\"https:\/\/albergueweb1.uva.es\/filosofia-departamento\/wp-content\/uploads\/2022\/07\/uvainvestigap.png 300w, https:\/\/albergueweb1.uva.es\/filosofia-departamento\/wp-content\/uploads\/2022\/07\/uvainvestigap-150x150.png 150w\" sizes=\"auto, (max-width: 200px) 100vw, 200px\" \/><\/a><\/figure>\n<\/div>\n<\/div><\/div>\n\n<div class=\"gb-button-wrapper gb-button-wrapper-607e47b3\">\n\n<a class=\"gb-button gb-button-e526f7db gb-button-text\" href=\"https:\/\/investiga.uva.es\/estructuras-i-d-i\/grupos-de-investigacion\/mas-informacion-del-grupo-de-investigacion\/?grupo=276\" target=\"_blank\" rel=\"noopener noreferrer\">Ciencia y Arte en Filosof\u00eda<\/a>\n\n<\/div>\n<\/div><\/div><\/div>\n\n<div class=\"gb-grid-column gb-grid-column-9e105f81\"><div class=\"gb-container gb-container-9e105f81\"><div class=\"gb-inside-container\">\n<div class=\"gb-container gb-container-50a2e96b\"><div class=\"gb-inside-container\">\n<div class=\"wp-block-image investiga imagenlace\">\n<figure class=\"aligncenter size-full is-resized\"><a href=\"https:\/\/investiga.uva.es\/estructuras-i-d-i\/grupos-de-investigacion\/mas-informacion-del-grupo-de-investigacion\/?grupo=258\" target=\"_blank\" rel=\"noopener\"><img loading=\"lazy\" decoding=\"async\" src=\"https:\/\/albergueweb1.uva.es\/filosofia-departamento\/wp-content\/uploads\/2022\/07\/UVainvestiga_Iconos_Color_02_grupos_investigacion-300x300-1.png\" alt=\"\" class=\"wp-image-2533\" width=\"200\" height=\"200\" srcset=\"https:\/\/albergueweb1.uva.es\/filosofia-departamento\/wp-content\/uploads\/2022\/07\/UVainvestiga_Iconos_Color_02_grupos_investigacion-300x300-1.png 300w, https:\/\/albergueweb1.uva.es\/filosofia-departamento\/wp-content\/uploads\/2022\/07\/UVainvestiga_Iconos_Color_02_grupos_investigacion-300x300-1-150x150.png 150w\" sizes=\"auto, (max-width: 200px) 100vw, 200px\" \/><\/a><\/figure>\n<\/div>\n<\/div><\/div>\n\n<div class=\"gb-button-wrapper gb-button-wrapper-3bd8c0ae\">\n\n<a class=\"gb-button gb-button-29cac7e5 gb-button-text\" href=\"https:\/\/investiga.uva.es\/estructuras-i-d-i\/grupos-de-investigacion\/mas-informacion-del-grupo-de-investigacion\/?grupo=258\" target=\"_blank\" rel=\"noopener noreferrer\">Sem\u00e1ntica y composicionalidad<\/a>\n\n<\/div>\n<\/div><\/div><\/div>\n\n<div class=\"gb-grid-column gb-grid-column-350c11b9\"><div class=\"gb-container gb-container-350c11b9\"><div class=\"gb-inside-container\">\n<div class=\"gb-container gb-container-da84c9de\"><div class=\"gb-inside-container\">\n<div class=\"wp-block-image investiga imagenlace\">\n<figure class=\"aligncenter size-full is-resized\"><a href=\"https:\/\/investigacion.uva.es\/CawDOS\/\/jsf\/seleccionPersonalEstamento\/seleccionPersonal.jsf?tipus=grup&amp;figura=275&amp;idioma=es\" target=\"_blank\" rel=\"noopener\"><img loading=\"lazy\" decoding=\"async\" src=\"https:\/\/albergueweb1.uva.es\/filosofia-departamento\/wp-content\/uploads\/2022\/07\/pngegg3.png\" alt=\"\" class=\"wp-image-2572\" width=\"200\" height=\"200\" srcset=\"https:\/\/albergueweb1.uva.es\/filosofia-departamento\/wp-content\/uploads\/2022\/07\/pngegg3.png 300w, https:\/\/albergueweb1.uva.es\/filosofia-departamento\/wp-content\/uploads\/2022\/07\/pngegg3-150x150.png 150w\" sizes=\"auto, (max-width: 200px) 100vw, 200px\" \/><\/a><\/figure>\n<\/div>\n<\/div><\/div>\n\n<div class=\"gb-button-wrapper gb-button-wrapper-0d4face9\">\n\n<a class=\"gb-button gb-button-a43e6a92 gb-button-text\" href=\"https:\/\/investigacion.uva.es\/CawDOS\/\/jsf\/seleccionPersonalEstamento\/seleccionPersonal.jsf?tipus=grup&amp;figura=275&amp;idioma=es\" target=\"_blank\" rel=\"noopener noreferrer\">Teor\u00edas jur\u00eddicas y pol\u00edticas de la modernidad<\/a>\n\n<\/div>\n<\/div><\/div><\/div>\n<\/div>\n<\/div><\/div>\n<\/div><\/div>","protected":false},"excerpt":{"rendered":"<p>Grupos de investigaci\u00f3n<\/p>\n","protected":false},"author":12,"featured_media":0,"parent":0,"menu_order":0,"comment_status":"closed","ping_status":"closed","template":"","meta":{"footnotes":""},"class_list":{"0":"post-2219","1":"page","2":"type-page","3":"status-publish","5":"infinite-scroll-item","6":"no-featured-image-padding"},"_links":{"self":[{"href":"https:\/\/albergueweb1.uva.es\/filosofia-departamento\/wp-json\/wp\/v2\/pages\/2219","targetHints":{"allow":["GET"]}}],"collection":[{"href":"https:\/\/albergueweb1.uva.es\/filosofia-departamento\/wp-json\/wp\/v2\/pages"}],"about":[{"href":"https:\/\/albergueweb1.uva.es\/filosofia-departamento\/wp-json\/wp\/v2\/types\/page"}],"author":[{"embeddable":true,"href":"https:\/\/albergueweb1.uva.es\/filosofia-departamento\/wp-json\/wp\/v2\/users\/12"}],"replies":[{"embeddable":true,"href":"https:\/\/albergueweb1.uva.es\/filosofia-departamento\/wp-json\/wp\/v2\/comments?post=2219"}],"version-history":[{"count":160,"href":"https:\/\/albergueweb1.uva.es\/filosofia-departamento\/wp-json\/wp\/v2\/pages\/2219\/revisions"}],"predecessor-version":[{"id":5750,"href":"https:\/\/albergueweb1.uva.es\/filosofia-departamento\/wp-json\/wp\/v2\/pages\/2219\/revisions\/5750"}],"wp:attachment":[{"href":"https:\/\/albergueweb1.uva.es\/filosofia-departamento\/wp-json\/wp\/v2\/media?parent=2219"}],"curies":[{"name":"wp","href":"https:\/\/api.w.org\/{rel}","templated":true}]}}