{"id":2674,"date":"2022-07-12T11:17:50","date_gmt":"2022-07-12T11:17:50","guid":{"rendered":"https:\/\/albergueweb1.uva.es\/filosofia-departamento\/?page_id=2674"},"modified":"2026-03-03T21:11:31","modified_gmt":"2026-03-03T21:11:31","slug":"alfredo-marcos","status":"publish","type":"page","link":"https:\/\/albergueweb1.uva.es\/filosofia-departamento\/alfredo-marcos\/","title":{"rendered":"Alfredo Marcos"},"content":{"rendered":"<div class=\"gb-container gb-container-5614a8aa\"><div class=\"gb-inside-container\">\n<div class=\"gb-container gb-container-83c87103\"><div class=\"gb-inside-container\">\n\n<h2 class=\"gb-headline gb-headline-d849a2fd gb-headline-text tituloT\">Alfredo Marcos<\/h2>\n\n<\/div><\/div>\n\n<div class=\"gb-container gb-container-93c98117\"><div class=\"gb-inside-container\">\n<div class=\"gb-grid-wrapper gb-grid-wrapper-70de1bb0\">\n<div class=\"gb-grid-column gb-grid-column-43661613\"><div class=\"gb-container gb-container-43661613\"><div class=\"gb-inside-container\">\n\n<figure class=\"wp-block-image size-full is-resized\"><img loading=\"lazy\" decoding=\"async\" width=\"916\" height=\"916\" src=\"https:\/\/albergueweb1.uva.es\/filosofia-departamento\/wp-content\/uploads\/2026\/03\/Alfredo-Marcos-Martinez-2025-e1772572274417.jpeg\" alt=\"\" class=\"wp-image-6423\" style=\"aspect-ratio:1;object-fit:cover;width:400px\" srcset=\"https:\/\/albergueweb1.uva.es\/filosofia-departamento\/wp-content\/uploads\/2026\/03\/Alfredo-Marcos-Martinez-2025-e1772572274417.jpeg 916w, https:\/\/albergueweb1.uva.es\/filosofia-departamento\/wp-content\/uploads\/2026\/03\/Alfredo-Marcos-Martinez-2025-e1772572274417-300x300.jpeg 300w, https:\/\/albergueweb1.uva.es\/filosofia-departamento\/wp-content\/uploads\/2026\/03\/Alfredo-Marcos-Martinez-2025-e1772572274417-150x150.jpeg 150w, https:\/\/albergueweb1.uva.es\/filosofia-departamento\/wp-content\/uploads\/2026\/03\/Alfredo-Marcos-Martinez-2025-e1772572274417-768x768.jpeg 768w\" sizes=\"auto, (max-width: 916px) 100vw, 916px\" \/><\/figure>\n\n\n<div class=\"gb-container gb-container-82495d80\"><div class=\"gb-inside-container\">\n\n<h4 class=\"gb-headline gb-headline-87b440f7 gb-headline-text\">Alfredo Faustino Marcos Mart\u00ednez<\/h4>\n\n\n\n<h5 class=\"gb-headline gb-headline-804e1749 gb-headline-text\">Catedr\u00e1tico de Universidad.<br>L\u00f3gica y Filosof\u00eda de la Ciencia<\/h5>\n\n\n\n<h5 class=\"gb-headline gb-headline-a873f069 gb-headline-text parrafo\">Campus de Valladolid<\/h5>\n\n\n\n<h5 class=\"gb-headline gb-headline-bddae5cd parrafo\"><span class=\"gb-icon\"><svg aria-hidden=\"true\" role=\"img\" height=\"1em\" width=\"1em\" viewBox=\"0 0 512 512\" xmlns=\"http:\/\/www.w3.org\/2000\/svg\"><path fill=\"currentColor\" d=\"M493.4 24.6l-104-24c-11.3-2.6-22.9 3.3-27.5 13.9l-48 112c-4.2 9.8-1.4 21.3 6.9 28l60.6 49.6c-36 76.7-98.9 140.5-177.2 177.2l-49.6-60.6c-6.8-8.3-18.2-11.1-28-6.9l-112 48C3.9 366.5-2 378.1.6 389.4l24 104C27.1 504.2 36.7 512 48 512c256.1 0 464-207.5 464-464 0-11.2-7.7-20.9-18.6-23.4z\"><\/path><\/svg><\/span><span class=\"gb-headline-text\"> 983 186 558<\/span><\/h5>\n\n\n\n<h5 class=\"gb-headline gb-headline-bc07e670 parrafo\"><span class=\"gb-icon\"><svg aria-hidden=\"true\" role=\"img\" height=\"1em\" width=\"1em\" viewBox=\"0 0 512 512\" xmlns=\"http:\/\/www.w3.org\/2000\/svg\"><path fill=\"currentColor\" d=\"M464 64H48C21.49 64 0 85.49 0 112v288c0 26.51 21.49 48 48 48h416c26.51 0 48-21.49 48-48V112c0-26.51-21.49-48-48-48zm0 48v40.805c-22.422 18.259-58.168 46.651-134.587 106.49-16.841 13.247-50.201 45.072-73.413 44.701-23.208.375-56.579-31.459-73.413-44.701C106.18 199.465 70.425 171.067 48 152.805V112h416zM48 400V214.398c22.914 18.251 55.409 43.862 104.938 82.646 21.857 17.205 60.134 55.186 103.062 54.955 42.717.231 80.509-37.199 103.053-54.947 49.528-38.783 82.032-64.401 104.947-82.653V400H48z\"><\/path><\/svg><\/span><span class=\"gb-headline-text\">amarcos@uva.es<\/span><\/h5>\n\n\n\n<h5 class=\"gb-headline gb-headline-e1244892 gb-headline-text parrafo\">N\u00ba de sexenios de investigaci\u00f3n: <strong>6<\/strong><\/h5>\n\n<\/div><\/div>\n<\/div><\/div><\/div>\n\n<div class=\"gb-grid-column gb-grid-column-2489bac5\"><div class=\"gb-container gb-container-2489bac5\"><div class=\"gb-inside-container\">\n\n<h2 class=\"gb-headline gb-headline-21228abb gb-headline-text\">BIO<\/h2>\n\n\n<div class=\"gb-container gb-container-ae09a9d8\"><div class=\"gb-inside-container\">\n\n<p class=\"parrafo\">La docencia e investigaci\u00f3n de Alfredo Marcos se centran en la filosof\u00eda de la ciencia, historia y comunicaci\u00f3n de la ciencia, filosof\u00eda de la biolog\u00eda, \u00e9tica ambiental, bio\u00e9tica y estudios aristot\u00e9licos. En la Universidad de Valladolid ha sido director del Departamento de Filosof\u00eda y coordinador del Doctorado en L\u00f3gica y Filosof\u00eda de la Ciencia. Ha pertenecido a diversos comit\u00e9s hospitalarios de bio\u00e9tica. Ha impartido clases y conferencias en numerosas universidades europeas y americanas. Ha dirigido una veintena de tesis doctorales. Ha publicado tambi\u00e9n una veintena de libros y cerca de doscientos art\u00edculos y cap\u00edtulos.<\/p>\n\n\n\n<p>Algunas de sus publicaciones:<\/p>\n\n\n\n<p class=\"parrafobio\"><em>Ciencia y acci\u00f3n <\/em>(Fondo de Cultura Econ\u00f3mica, colecci\u00f3n Breviarios, M\u00e9xico, 2010, reed. 2013, 2018; traducido al italiano y al polaco).<\/p>\n\n\n\n<p class=\"parrafobio\"><em>Postmodern Aristotle<\/em> (Cambridge Scholars Publishing, Newcastle, UK, 2012).<\/p>\n\n\n\n<p class=\"parrafobio\"><em>Meditaci\u00f3n de la naturaleza humana<\/em> (BAC, Madrid, 2018; en coautor\u00eda con Mois\u00e9s P\u00e9rez).<\/p>\n\n\n\n<p class=\"parrafobio\"><em>El testamento de Arist\u00f3teles. Memorias desde el exilio<\/em> (Edilesa, colecci\u00f3n Novela Hist\u00f3rica, Le\u00f3n, 2000).<\/p>\n\n\n\n<p class=\"parrafobio\">\u201cBioinformation as a triadic relation\u201d, en R. Arp and G. Terzis (eds.), <em>Information and Living Systems<\/em> (M.I.T. Press, Massachusetts, 2011).<\/p>\n\n\n\n<p class=\"parrafobio\">\u201cLa pregunta por el ser humano\u201d, <em>Investigaci\u00f3n y Ciencia<\/em>, noviembre, 2020, n\u00ba 530, pp. 68-74.<\/p>\n\n\n\n<p class=\"parrafobio\">\u201cPhilosophy of Science and Philosophy: The Long Flight Home\u201d,&nbsp;<em>Axiomathes<\/em>, 31,&nbsp;695\u2013702 (2021). <\/p>\n\n<\/div><\/div>\n<\/div><\/div><\/div>\n<\/div>\n<\/div><\/div>\n\n<div class=\"gb-container gb-container-d866c68f\"><div class=\"gb-inside-container\">\n<div class=\"gb-container gb-container-1354350b\"><div class=\"gb-inside-container\">\n\n<h2 class=\"gb-headline gb-headline-79253eed gb-headline-text\">Puedes encontrar informaci\u00f3n m\u00e1s detallada en:<\/h2>\n\n\n<div class=\"gb-grid-wrapper gb-grid-wrapper-9c153803\">\n<div class=\"gb-grid-column gb-grid-column-c24fe992\"><div class=\"gb-container gb-container-c24fe992\"><div class=\"gb-inside-container\">\n\n<figure class=\"wp-block-image size-full is-resized\"><a href=\"http:\/\/www.fyl.uva.es\/~wfilosof\/webMarcos\/\" target=\"_blank\" rel=\"noopener\"><img loading=\"lazy\" decoding=\"async\" width=\"283\" height=\"283\" src=\"https:\/\/albergueweb1.uva.es\/filosofia-departamento\/wp-content\/uploads\/2022\/07\/fyl.png\" alt=\"\" class=\"wp-image-2680\" style=\"width:60px;height:60px\" srcset=\"https:\/\/albergueweb1.uva.es\/filosofia-departamento\/wp-content\/uploads\/2022\/07\/fyl.png 283w, https:\/\/albergueweb1.uva.es\/filosofia-departamento\/wp-content\/uploads\/2022\/07\/fyl-150x150.png 150w\" sizes=\"auto, (max-width: 283px) 100vw, 283px\" \/><\/a><\/figure>\n\n<\/div><\/div><\/div>\n\n<div class=\"gb-grid-column gb-grid-column-0bd0067b\"><div class=\"gb-container gb-container-0bd0067b\"><div class=\"gb-inside-container\"><\/div><\/div><\/div>\n<\/div>\n<\/div><\/div>\n<\/div><\/div>\n<\/div><\/div>","protected":false},"excerpt":{"rendered":"<p>Alfredo Marcos Puedes encontrar informaci\u00f3n m\u00e1s detallada en:<\/p>\n","protected":false},"author":12,"featured_media":6423,"parent":0,"menu_order":0,"comment_status":"closed","ping_status":"closed","template":"","meta":{"footnotes":""},"class_list":{"0":"post-2674","1":"page","2":"type-page","3":"status-publish","4":"has-post-thumbnail","6":"infinite-scroll-item","7":"no-featured-image-padding","8":"resize-featured-image"},"_links":{"self":[{"href":"https:\/\/albergueweb1.uva.es\/filosofia-departamento\/wp-json\/wp\/v2\/pages\/2674","targetHints":{"allow":["GET"]}}],"collection":[{"href":"https:\/\/albergueweb1.uva.es\/filosofia-departamento\/wp-json\/wp\/v2\/pages"}],"about":[{"href":"https:\/\/albergueweb1.uva.es\/filosofia-departamento\/wp-json\/wp\/v2\/types\/page"}],"author":[{"embeddable":true,"href":"https:\/\/albergueweb1.uva.es\/filosofia-departamento\/wp-json\/wp\/v2\/users\/12"}],"replies":[{"embeddable":true,"href":"https:\/\/albergueweb1.uva.es\/filosofia-departamento\/wp-json\/wp\/v2\/comments?post=2674"}],"version-history":[{"count":55,"href":"https:\/\/albergueweb1.uva.es\/filosofia-departamento\/wp-json\/wp\/v2\/pages\/2674\/revisions"}],"predecessor-version":[{"id":6424,"href":"https:\/\/albergueweb1.uva.es\/filosofia-departamento\/wp-json\/wp\/v2\/pages\/2674\/revisions\/6424"}],"wp:featuredmedia":[{"embeddable":true,"href":"https:\/\/albergueweb1.uva.es\/filosofia-departamento\/wp-json\/wp\/v2\/media\/6423"}],"wp:attachment":[{"href":"https:\/\/albergueweb1.uva.es\/filosofia-departamento\/wp-json\/wp\/v2\/media?parent=2674"}],"curies":[{"name":"wp","href":"https:\/\/api.w.org\/{rel}","templated":true}]}}