{"id":2841,"date":"2022-07-13T11:08:49","date_gmt":"2022-07-13T11:08:49","guid":{"rendered":"https:\/\/albergueweb1.uva.es\/filosofia-departamento\/?page_id=2841"},"modified":"2022-10-01T15:13:32","modified_gmt":"2022-10-01T15:13:32","slug":"alicia-puleo","status":"publish","type":"page","link":"https:\/\/albergueweb1.uva.es\/filosofia-departamento\/alicia-puleo\/","title":{"rendered":"Alicia Puleo"},"content":{"rendered":"<div class=\"gb-container gb-container-5614a8aa\"><div class=\"gb-inside-container\">\n<div class=\"gb-container gb-container-83c87103\"><div class=\"gb-inside-container\">\n\n<h2 class=\"gb-headline gb-headline-d849a2fd gb-headline-text tituloT\">Alicia H. Puleo<\/h2>\n\n<\/div><\/div>\n\n<div class=\"gb-container gb-container-93c98117\"><div class=\"gb-inside-container\">\n<div class=\"gb-grid-wrapper gb-grid-wrapper-70de1bb0\">\n<div class=\"gb-grid-column gb-grid-column-43661613\"><div class=\"gb-container gb-container-43661613\"><div class=\"gb-inside-container\">\n\n<figure class=\"wp-block-image size-full\"><img loading=\"lazy\" decoding=\"async\" width=\"400\" height=\"400\" src=\"https:\/\/albergueweb1.uva.es\/filosofia-departamento\/wp-content\/uploads\/2022\/06\/AliciaPuleo.png\" alt=\"\" class=\"wp-image-1758\" srcset=\"https:\/\/albergueweb1.uva.es\/filosofia-departamento\/wp-content\/uploads\/2022\/06\/AliciaPuleo.png 400w, https:\/\/albergueweb1.uva.es\/filosofia-departamento\/wp-content\/uploads\/2022\/06\/AliciaPuleo-300x300.png 300w, https:\/\/albergueweb1.uva.es\/filosofia-departamento\/wp-content\/uploads\/2022\/06\/AliciaPuleo-150x150.png 150w\" sizes=\"auto, (max-width: 400px) 100vw, 400px\" \/><\/figure>\n\n\n<div class=\"gb-container gb-container-82495d80\"><div class=\"gb-inside-container\">\n\n<h4 class=\"gb-headline gb-headline-87b440f7 gb-headline-text\">Alicia Helda Puleo Garc\u00eda<\/h4>\n\n\n\n<h5 class=\"gb-headline gb-headline-804e1749 gb-headline-text\">Catedr\u00e1tica de Universidad. Filosof\u00eda Moral<\/h5>\n\n\n\n<h5 class=\"gb-headline gb-headline-bbdc9fc6 gb-headline-text\">Campus de Palencia<\/h5>\n\n\n\n<h5 class=\"gb-headline gb-headline-0cc62f0c parrafo\"><span class=\"gb-icon\"><svg aria-hidden=\"true\" role=\"img\" height=\"1em\" width=\"1em\" viewBox=\"0 0 512 512\" xmlns=\"http:\/\/www.w3.org\/2000\/svg\"><path fill=\"currentColor\" d=\"M493.4 24.6l-104-24c-11.3-2.6-22.9 3.3-27.5 13.9l-48 112c-4.2 9.8-1.4 21.3 6.9 28l60.6 49.6c-36 76.7-98.9 140.5-177.2 177.2l-49.6-60.6c-6.8-8.3-18.2-11.1-28-6.9l-112 48C3.9 366.5-2 378.1.6 389.4l24 104C27.1 504.2 36.7 512 48 512c256.1 0 464-207.5 464-464 0-11.2-7.7-20.9-18.6-23.4z\"><\/path><\/svg><\/span><span class=\"gb-headline-text\">979 108 288<\/span><\/h5>\n\n\n\n<h5 class=\"gb-headline gb-headline-a873f069 parrafo\"><span class=\"gb-icon\"><svg aria-hidden=\"true\" role=\"img\" height=\"1em\" width=\"1em\" viewBox=\"0 0 512 512\" xmlns=\"http:\/\/www.w3.org\/2000\/svg\"><path fill=\"currentColor\" d=\"M493.4 24.6l-104-24c-11.3-2.6-22.9 3.3-27.5 13.9l-48 112c-4.2 9.8-1.4 21.3 6.9 28l60.6 49.6c-36 76.7-98.9 140.5-177.2 177.2l-49.6-60.6c-6.8-8.3-18.2-11.1-28-6.9l-112 48C3.9 366.5-2 378.1.6 389.4l24 104C27.1 504.2 36.7 512 48 512c256.1 0 464-207.5 464-464 0-11.2-7.7-20.9-18.6-23.4z\"><\/path><\/svg><\/span><span class=\"gb-headline-text\">983 186 557<\/span><\/h5>\n\n\n\n<h5 class=\"gb-headline gb-headline-a8aa3cb2 parrafo\"><span class=\"gb-icon\"><svg aria-hidden=\"true\" role=\"img\" height=\"1em\" width=\"1em\" viewBox=\"0 0 512 512\" xmlns=\"http:\/\/www.w3.org\/2000\/svg\"><path fill=\"currentColor\" d=\"M464 64H48C21.49 64 0 85.49 0 112v288c0 26.51 21.49 48 48 48h416c26.51 0 48-21.49 48-48V112c0-26.51-21.49-48-48-48zm0 48v40.805c-22.422 18.259-58.168 46.651-134.587 106.49-16.841 13.247-50.201 45.072-73.413 44.701-23.208.375-56.579-31.459-73.413-44.701C106.18 199.465 70.425 171.067 48 152.805V112h416zM48 400V214.398c22.914 18.251 55.409 43.862 104.938 82.646 21.857 17.205 60.134 55.186 103.062 54.955 42.717.231 80.509-37.199 103.053-54.947 49.528-38.783 82.032-64.401 104.947-82.653V400H48z\"><\/path><\/svg><\/span><span class=\"gb-headline-text\">aliciahelda.puleo@uva.es<\/span><\/h5>\n\n<\/div><\/div>\n<\/div><\/div><\/div>\n\n<div class=\"gb-grid-column gb-grid-column-2489bac5\"><div class=\"gb-container gb-container-2489bac5\"><div class=\"gb-inside-container\">\n\n<h2 class=\"gb-headline gb-headline-21228abb gb-headline-text\">BIO<\/h2>\n\n\n<div class=\"gb-container gb-container-ae09a9d8\"><div class=\"gb-inside-container\">\n\n<p class=\"parrafo\">Alicia H. Puleo es Doctora en Filosof\u00eda por la Universidad Complutense de Madrid y Catedr\u00e1tica de Filosof\u00eda Moral y Pol\u00edtica del Departamento de Filosof\u00eda de la Universidad de Valladolid. Posee 5 sexenios reconocidos por la CNEAI. Sus l\u00edneas fundamentales de investigaci\u00f3n son los valores \u00e9ticos y las ideas pol\u00edticas de la Ilustraci\u00f3n, la praxis emancipatoria derivada de ellos y diversos aspectos de Filosof\u00eda Moral y Pol\u00edtica relacionados con los principios de libertad e igualdad de las democracias modernas: la teor\u00eda feminista y ecofeminista y la \u00e9tica ambiental. Sus publicaciones en distintos idiomas (espa\u00f1ol, ingl\u00e9s, franc\u00e9s, alem\u00e1n, portugu\u00e9s e italiano) superan el centenar. Algunos de sus libros son <em>Filosof\u00eda, G\u00e9nero y pensamiento cr\u00edtico, C\u00f3mo leer a Schopenhauer, Ecofeminismo para otro mundo posible y Claves ecofeministas.<\/em> <\/p>\n\n\n\n<p class=\"parrafo\">Ha sido finalista del Premio Nacional de Ensayo con <em>Dial\u00e9ctica de la sexualidad: G\u00e9nero y sexo en la Filosof\u00eda Contempor\u00e1nea<\/em>. Es autora de numerosos art\u00edculos en revistas indexadas y de m\u00e1s de 50 cap\u00edtulos de libro en editoriales de prestigio entre las que se encuentran Plaza y Vald\u00e9s, C\u00e1tedra, Icaria, Lit Verlag, Rodopi, Trotta, Anthropos, Fundamentos, S\u00edntesis y Biblioteca Nueva. Ha dirigido la C\u00e1tedra de Estudios de G\u00e9nero de la UVA durante 11 a\u00f1os. Actualmente forma parte de su Consejo directivo. Ha sido Investigadora Principal de I+D+I y miembro de proyectos de investigaci\u00f3n del Consejo Superior de Investigaciones Cient\u00edficas (CSIC), as\u00ed como de consejos editoriales de revistas acad\u00e9micas. Desde 2014 hasta la actualidad, dirige la Colecci\u00f3n Feminismos de Editorial C\u00e1tedra.<\/p>\n\n<\/div><\/div>\n<\/div><\/div><\/div>\n<\/div>\n<\/div><\/div>\n\n<div class=\"gb-container gb-container-d866c68f\"><div class=\"gb-inside-container\">\n<div class=\"gb-container gb-container-1354350b\"><div class=\"gb-inside-container\">\n\n<h2 class=\"gb-headline gb-headline-79253eed gb-headline-text\">Puedes encontrar informaci\u00f3n m\u00e1s detallada en:<\/h2>\n\n\n<div class=\"gb-grid-wrapper gb-grid-wrapper-9c153803\">\n<div class=\"gb-grid-column gb-grid-column-c24fe992\"><div class=\"gb-container gb-container-c24fe992\"><div class=\"gb-inside-container\">\n\n<figure class=\"wp-block-image size-full is-resized\"><a href=\"http:\/\/aliciapuleo.net\/\" target=\"_blank\" rel=\"noopener\"><img loading=\"lazy\" decoding=\"async\" src=\"https:\/\/albergueweb1.uva.es\/filosofia-departamento\/wp-content\/uploads\/2022\/07\/iconoweb.png\" alt=\"\" class=\"wp-image-2842\" width=\"50\" height=\"50\" srcset=\"https:\/\/albergueweb1.uva.es\/filosofia-departamento\/wp-content\/uploads\/2022\/07\/iconoweb.png 375w, https:\/\/albergueweb1.uva.es\/filosofia-departamento\/wp-content\/uploads\/2022\/07\/iconoweb-300x300.png 300w, https:\/\/albergueweb1.uva.es\/filosofia-departamento\/wp-content\/uploads\/2022\/07\/iconoweb-150x150.png 150w\" sizes=\"auto, (max-width: 50px) 100vw, 50px\" \/><\/a><\/figure>\n\n<\/div><\/div><\/div>\n\n<div class=\"gb-grid-column gb-grid-column-0bd0067b\"><div class=\"gb-container gb-container-0bd0067b\"><div class=\"gb-inside-container\">\n\n<figure class=\"wp-block-image size-full is-resized\"><a href=\"https:\/\/es.wikipedia.org\/wiki\/Alicia_Puleo\" target=\"_blank\" rel=\"noopener\"><img loading=\"lazy\" decoding=\"async\" src=\"https:\/\/albergueweb1.uva.es\/filosofia-departamento\/wp-content\/uploads\/2022\/07\/Wikipedia.png\" alt=\"\" class=\"wp-image-2843\" width=\"56\" height=\"50\" srcset=\"https:\/\/albergueweb1.uva.es\/filosofia-departamento\/wp-content\/uploads\/2022\/07\/Wikipedia.png 560w, https:\/\/albergueweb1.uva.es\/filosofia-departamento\/wp-content\/uploads\/2022\/07\/Wikipedia-300x274.png 300w\" sizes=\"auto, (max-width: 56px) 100vw, 56px\" \/><\/a><\/figure>\n\n<\/div><\/div><\/div>\n<\/div>\n<\/div><\/div>\n<\/div><\/div>\n<\/div><\/div>","protected":false},"excerpt":{"rendered":"<p>Alicia H. Puleo Puedes encontrar informaci\u00f3n m\u00e1s detallada en:<\/p>\n","protected":false},"author":12,"featured_media":0,"parent":0,"menu_order":0,"comment_status":"closed","ping_status":"closed","template":"","meta":{"footnotes":""},"class_list":{"0":"post-2841","1":"page","2":"type-page","3":"status-publish","5":"infinite-scroll-item","6":"no-featured-image-padding"},"_links":{"self":[{"href":"https:\/\/albergueweb1.uva.es\/filosofia-departamento\/wp-json\/wp\/v2\/pages\/2841","targetHints":{"allow":["GET"]}}],"collection":[{"href":"https:\/\/albergueweb1.uva.es\/filosofia-departamento\/wp-json\/wp\/v2\/pages"}],"about":[{"href":"https:\/\/albergueweb1.uva.es\/filosofia-departamento\/wp-json\/wp\/v2\/types\/page"}],"author":[{"embeddable":true,"href":"https:\/\/albergueweb1.uva.es\/filosofia-departamento\/wp-json\/wp\/v2\/users\/12"}],"replies":[{"embeddable":true,"href":"https:\/\/albergueweb1.uva.es\/filosofia-departamento\/wp-json\/wp\/v2\/comments?post=2841"}],"version-history":[{"count":28,"href":"https:\/\/albergueweb1.uva.es\/filosofia-departamento\/wp-json\/wp\/v2\/pages\/2841\/revisions"}],"predecessor-version":[{"id":4667,"href":"https:\/\/albergueweb1.uva.es\/filosofia-departamento\/wp-json\/wp\/v2\/pages\/2841\/revisions\/4667"}],"wp:attachment":[{"href":"https:\/\/albergueweb1.uva.es\/filosofia-departamento\/wp-json\/wp\/v2\/media?parent=2841"}],"curies":[{"name":"wp","href":"https:\/\/api.w.org\/{rel}","templated":true}]}}