{"id":2849,"date":"2022-07-13T11:20:41","date_gmt":"2022-07-13T11:20:41","guid":{"rendered":"https:\/\/albergueweb1.uva.es\/filosofia-departamento\/?page_id=2849"},"modified":"2025-05-20T18:50:41","modified_gmt":"2025-05-20T18:50:41","slug":"angelica-velasco","status":"publish","type":"page","link":"https:\/\/albergueweb1.uva.es\/filosofia-departamento\/angelica-velasco\/","title":{"rendered":"Angelica Velasco"},"content":{"rendered":"<div class=\"gb-container gb-container-5614a8aa\"><div class=\"gb-inside-container\">\n<div class=\"gb-container gb-container-83c87103\"><div class=\"gb-inside-container\">\n\n<h2 class=\"gb-headline gb-headline-d849a2fd gb-headline-text tituloT\">Ang\u00e9lica Velasco<\/h2>\n\n<\/div><\/div>\n\n<div class=\"gb-container gb-container-93c98117\"><div class=\"gb-inside-container\">\n<div class=\"gb-grid-wrapper gb-grid-wrapper-70de1bb0\">\n<div class=\"gb-grid-column gb-grid-column-43661613\"><div class=\"gb-container gb-container-43661613\"><div class=\"gb-inside-container\">\n\n<figure class=\"wp-block-image size-full\"><img loading=\"lazy\" decoding=\"async\" width=\"400\" height=\"400\" src=\"https:\/\/albergueweb1.uva.es\/filosofia-departamento\/wp-content\/uploads\/2022\/06\/Angelica-Velasco.png\" alt=\"\" class=\"wp-image-1759\" srcset=\"https:\/\/albergueweb1.uva.es\/filosofia-departamento\/wp-content\/uploads\/2022\/06\/Angelica-Velasco.png 400w, https:\/\/albergueweb1.uva.es\/filosofia-departamento\/wp-content\/uploads\/2022\/06\/Angelica-Velasco-300x300.png 300w, https:\/\/albergueweb1.uva.es\/filosofia-departamento\/wp-content\/uploads\/2022\/06\/Angelica-Velasco-150x150.png 150w\" sizes=\"auto, (max-width: 400px) 100vw, 400px\" \/><\/figure>\n\n\n<div class=\"gb-container gb-container-82495d80\"><div class=\"gb-inside-container\">\n\n<h4 class=\"gb-headline gb-headline-87b440f7 gb-headline-text\">Ang\u00e9lica Velasco Sesma<\/h4>\n\n\n\n<h5 class=\"gb-headline gb-headline-804e1749 gb-headline-text\">Profesora Titular de Universidad. Filosof\u00eda Moral<\/h5>\n\n\n\n<h5 class=\"gb-headline gb-headline-a873f069 gb-headline-text parrafo\">Campus de Valaldolid<\/h5>\n\n\n\n<h5 class=\"gb-headline gb-headline-6c24a22b parrafo\"><span class=\"gb-icon\"><svg aria-hidden=\"true\" role=\"img\" height=\"1em\" width=\"1em\" viewBox=\"0 0 512 512\" xmlns=\"http:\/\/www.w3.org\/2000\/svg\"><path fill=\"currentColor\" d=\"M493.4 24.6l-104-24c-11.3-2.6-22.9 3.3-27.5 13.9l-48 112c-4.2 9.8-1.4 21.3 6.9 28l60.6 49.6c-36 76.7-98.9 140.5-177.2 177.2l-49.6-60.6c-6.8-8.3-18.2-11.1-28-6.9l-112 48C3.9 366.5-2 378.1.6 389.4l24 104C27.1 504.2 36.7 512 48 512c256.1 0 464-207.5 464-464 0-11.2-7.7-20.9-18.6-23.4z\"><\/path><\/svg><\/span><span class=\"gb-headline-text\">983 423 129<\/span><\/h5>\n\n\n\n<h5 class=\"gb-headline gb-headline-71f0900e parrafo\"><span class=\"gb-icon\"><svg aria-hidden=\"true\" role=\"img\" height=\"1em\" width=\"1em\" viewBox=\"0 0 512 512\" xmlns=\"http:\/\/www.w3.org\/2000\/svg\"><path fill=\"currentColor\" d=\"M464 64H48C21.49 64 0 85.49 0 112v288c0 26.51 21.49 48 48 48h416c26.51 0 48-21.49 48-48V112c0-26.51-21.49-48-48-48zm0 48v40.805c-22.422 18.259-58.168 46.651-134.587 106.49-16.841 13.247-50.201 45.072-73.413 44.701-23.208.375-56.579-31.459-73.413-44.701C106.18 199.465 70.425 171.067 48 152.805V112h416zM48 400V214.398c22.914 18.251 55.409 43.862 104.938 82.646 21.857 17.205 60.134 55.186 103.062 54.955 42.717.231 80.509-37.199 103.053-54.947 49.528-38.783 82.032-64.401 104.947-82.653V400H48z\"><\/path><\/svg><\/span><span class=\"gb-headline-text\">angelica.velasco@uva.es<\/span><\/h5>\n\n\n\n<h5 class=\"gb-headline gb-headline-e1244892 gb-headline-text parrafo\">N\u00ba de sexenios de investigaci\u00f3n: <strong>1<\/strong><\/h5>\n\n<\/div><\/div>\n<\/div><\/div><\/div>\n\n<div class=\"gb-grid-column gb-grid-column-2489bac5\"><div class=\"gb-container gb-container-2489bac5\"><div class=\"gb-inside-container\">\n\n<h2 class=\"gb-headline gb-headline-21228abb gb-headline-text\">BIO<\/h2>\n\n\n<div class=\"gb-container gb-container-ae09a9d8\"><div class=\"gb-inside-container\">\n\n<p class=\"parrafo\">Ang\u00e9lica Velasco Sesma es Profesora Titular de Universidad del \u00e1rea de Filosof\u00eda moral. Es doctora en Filosof\u00eda (2015) por la Universidad de Valladolid y la Universidad de Salamanca con Premio Extraordinario de Doctorado. M\u00e1ster en Estudios Avanzados en Filosof\u00eda por la UVa y la USAL (2010), M\u00e1ster en Estudios de G\u00e9nero y Pol\u00edticas de Igualdad (2011) por la UVa y Licenciada en Filosof\u00eda (2009) por la UVa. Sus intereses investigadores est\u00e1n centrados en aspectos de la Filosof\u00eda Moral y Pol\u00edtica, en particular, en diferentes temas de la \u00c9tica Aplicada. Su objetivo fundamental es el desarrollo de propuestas \u00e9ticas y pol\u00edticas enfocadas a solventar los problemas socio-ambientales de la actualidad desde la perspectiva de g\u00e9nero. En este sentido, est\u00e1 especializada en la \u00c9tica del Cuidado, la \u00c9tica Ambiental, la \u00c9tica Animal y el feminismo filos\u00f3fico. La singularidad de sus estudios radica en el establecimiento de puntos de contacto entre tem\u00e1ticas que se han considerado independientes dentro del \u00e1rea de conocimiento. Entre sus publicaciones, cabe destacar su libro\u202f<em>La \u00c9tica Animal, \u00bfuna cuesti\u00f3n feminista?<\/em>\u202f(Ed. C\u00e1tedra, 2017. 5\u00aa edici\u00f3n 2021). Este libro es una obra pionera en castellano en la construcci\u00f3n de puentes entre las propuestas \u00e9tico-pol\u00edticas feministas y aquellas que apuestan por la no violencia y el cuidado de la naturaleza y del resto de seres vivos.&nbsp;<\/p>\n\n\n\n<p class=\"parrafo\">Es miembro de la C\u00e1tedra de Estudios de G\u00e9nero de la UVa y de su Consejo de Gobierno. Forma parte del Grupo de Investigaci\u00f3n Reconocido Ciencia y Arte en Filosof\u00eda. Ha sido Vicedecana de la Facultad de Educaci\u00f3n de Palencia. Es coordinadora del M\u00e1ster Universitario Estudios Avanzados en Filosof\u00eda (UVA-USAL). Es miembro del Consejo de Redacci\u00f3n de <em>Isegor\u00eda. Revista de Filosof\u00eda moral y pol\u00edtica<\/em>. Actualmente, forma parte del Proyecto I+D\u202f<em>INconRES: Incertidumbre, confianza y responsabilidad. Claves \u00e9tico- epistemol\u00f3gicas de las nuevas din\u00e1micas sociales en la era digital<\/em>\u202f(PID2020- 117219GB-I00) coordinado desde el CSIC.<\/p>\n\n<\/div><\/div>\n<\/div><\/div><\/div>\n<\/div>\n<\/div><\/div>\n\n<div class=\"gb-container gb-container-d866c68f\"><div class=\"gb-inside-container\">\n<div class=\"gb-container gb-container-1354350b\"><div class=\"gb-inside-container\">\n\n<h2 class=\"gb-headline gb-headline-79253eed gb-headline-text\">Puedes encontrar informaci\u00f3n m\u00e1s detallada en:<\/h2>\n\n\n<div class=\"gb-grid-wrapper gb-grid-wrapper-c450bafc\">\n<div class=\"gb-grid-column gb-grid-column-a1200246\"><div class=\"gb-container gb-container-a1200246\"><div class=\"gb-inside-container\">\n\n<figure class=\"wp-block-image size-full is-resized\"><a href=\"https:\/\/www.researchgate.net\/profile\/Angelica-Velasco-Sesma\" target=\"_blank\" rel=\"noopener\"><img loading=\"lazy\" decoding=\"async\" width=\"450\" height=\"141\" src=\"https:\/\/albergueweb1.uva.es\/filosofia-departamento\/wp-content\/uploads\/2022\/07\/ResearchGate_Logo.png\" alt=\"\" class=\"wp-image-2897\" style=\"width:128px;height:40px\" srcset=\"https:\/\/albergueweb1.uva.es\/filosofia-departamento\/wp-content\/uploads\/2022\/07\/ResearchGate_Logo.png 450w, https:\/\/albergueweb1.uva.es\/filosofia-departamento\/wp-content\/uploads\/2022\/07\/ResearchGate_Logo-300x94.png 300w\" sizes=\"auto, (max-width: 450px) 100vw, 450px\" \/><\/a><\/figure>\n\n<\/div><\/div><\/div>\n\n<div class=\"gb-grid-column gb-grid-column-805355b1\"><div class=\"gb-container gb-container-805355b1\"><div class=\"gb-inside-container\">\n\n<figure class=\"wp-block-image size-full is-resized\"><a href=\"https:\/\/es.wikipedia.org\/wiki\/Ang%C3%A9lica_Velasco\" target=\"_blank\" rel=\"noopener\"><img loading=\"lazy\" decoding=\"async\" width=\"560\" height=\"511\" src=\"https:\/\/albergueweb1.uva.es\/filosofia-departamento\/wp-content\/uploads\/2022\/07\/Wikipedia.png\" alt=\"\" class=\"wp-image-2843\" style=\"width:55px;height:50px\" srcset=\"https:\/\/albergueweb1.uva.es\/filosofia-departamento\/wp-content\/uploads\/2022\/07\/Wikipedia.png 560w, https:\/\/albergueweb1.uva.es\/filosofia-departamento\/wp-content\/uploads\/2022\/07\/Wikipedia-300x274.png 300w\" sizes=\"auto, (max-width: 560px) 100vw, 560px\" \/><\/a><\/figure>\n\n<\/div><\/div><\/div>\n\n<div class=\"gb-grid-column gb-grid-column-1073c2a2\"><div class=\"gb-container gb-container-1073c2a2\"><div class=\"gb-inside-container\">\n\n<figure class=\"wp-block-image size-full is-resized\"><a href=\"https:\/\/uva-es.academia.edu\/Ang%C3%A9licaVelascoSesma\" target=\"_blank\" rel=\"noopener\"><img loading=\"lazy\" decoding=\"async\" width=\"613\" height=\"150\" src=\"https:\/\/albergueweb1.uva.es\/filosofia-departamento\/wp-content\/uploads\/2022\/07\/academia-1.png\" alt=\"\" class=\"wp-image-2646\" style=\"width:167px;height:40px\" srcset=\"https:\/\/albergueweb1.uva.es\/filosofia-departamento\/wp-content\/uploads\/2022\/07\/academia-1.png 613w, https:\/\/albergueweb1.uva.es\/filosofia-departamento\/wp-content\/uploads\/2022\/07\/academia-1-300x73.png 300w\" sizes=\"auto, (max-width: 613px) 100vw, 613px\" \/><\/a><\/figure>\n\n<\/div><\/div><\/div>\n<\/div>\n<\/div><\/div>\n<\/div><\/div>\n<\/div><\/div>","protected":false},"excerpt":{"rendered":"<p>Ang\u00e9lica Velasco Puedes encontrar informaci\u00f3n m\u00e1s detallada en:<\/p>\n","protected":false},"author":12,"featured_media":1759,"parent":0,"menu_order":0,"comment_status":"closed","ping_status":"closed","template":"","meta":{"footnotes":""},"class_list":{"0":"post-2849","1":"page","2":"type-page","3":"status-publish","4":"has-post-thumbnail","6":"infinite-scroll-item","7":"no-featured-image-padding","8":"resize-featured-image"},"_links":{"self":[{"href":"https:\/\/albergueweb1.uva.es\/filosofia-departamento\/wp-json\/wp\/v2\/pages\/2849","targetHints":{"allow":["GET"]}}],"collection":[{"href":"https:\/\/albergueweb1.uva.es\/filosofia-departamento\/wp-json\/wp\/v2\/pages"}],"about":[{"href":"https:\/\/albergueweb1.uva.es\/filosofia-departamento\/wp-json\/wp\/v2\/types\/page"}],"author":[{"embeddable":true,"href":"https:\/\/albergueweb1.uva.es\/filosofia-departamento\/wp-json\/wp\/v2\/users\/12"}],"replies":[{"embeddable":true,"href":"https:\/\/albergueweb1.uva.es\/filosofia-departamento\/wp-json\/wp\/v2\/comments?post=2849"}],"version-history":[{"count":30,"href":"https:\/\/albergueweb1.uva.es\/filosofia-departamento\/wp-json\/wp\/v2\/pages\/2849\/revisions"}],"predecessor-version":[{"id":6331,"href":"https:\/\/albergueweb1.uva.es\/filosofia-departamento\/wp-json\/wp\/v2\/pages\/2849\/revisions\/6331"}],"wp:featuredmedia":[{"embeddable":true,"href":"https:\/\/albergueweb1.uva.es\/filosofia-departamento\/wp-json\/wp\/v2\/media\/1759"}],"wp:attachment":[{"href":"https:\/\/albergueweb1.uva.es\/filosofia-departamento\/wp-json\/wp\/v2\/media?parent=2849"}],"curies":[{"name":"wp","href":"https:\/\/api.w.org\/{rel}","templated":true}]}}