{"id":2859,"date":"2022-07-13T11:35:12","date_gmt":"2022-07-13T11:35:12","guid":{"rendered":"https:\/\/albergueweb1.uva.es\/filosofia-departamento\/?page_id=2859"},"modified":"2025-11-11T18:52:05","modified_gmt":"2025-11-11T18:52:05","slug":"donald-bello","status":"publish","type":"page","link":"https:\/\/albergueweb1.uva.es\/filosofia-departamento\/donald-bello\/","title":{"rendered":"Donald Bello"},"content":{"rendered":"<div class=\"gb-container gb-container-5614a8aa\"><div class=\"gb-inside-container\">\n<div class=\"gb-container gb-container-83c87103\"><div class=\"gb-inside-container\">\n\n<h2 class=\"gb-headline gb-headline-d849a2fd gb-headline-text tituloT\">Donald Bello Hutt<\/h2>\n\n<\/div><\/div>\n\n<div class=\"gb-container gb-container-93c98117\"><div class=\"gb-inside-container\">\n<div class=\"gb-grid-wrapper gb-grid-wrapper-70de1bb0\">\n<div class=\"gb-grid-column gb-grid-column-43661613\"><div class=\"gb-container gb-container-43661613\"><div class=\"gb-inside-container\">\n\n<figure class=\"wp-block-image size-full\"><img loading=\"lazy\" decoding=\"async\" width=\"400\" height=\"400\" src=\"https:\/\/albergueweb1.uva.es\/filosofia-departamento\/wp-content\/uploads\/2022\/06\/DonaldBello.png\" alt=\"\" class=\"wp-image-1760\" srcset=\"https:\/\/albergueweb1.uva.es\/filosofia-departamento\/wp-content\/uploads\/2022\/06\/DonaldBello.png 400w, https:\/\/albergueweb1.uva.es\/filosofia-departamento\/wp-content\/uploads\/2022\/06\/DonaldBello-300x300.png 300w, https:\/\/albergueweb1.uva.es\/filosofia-departamento\/wp-content\/uploads\/2022\/06\/DonaldBello-150x150.png 150w\" sizes=\"auto, (max-width: 400px) 100vw, 400px\" \/><\/figure>\n\n\n<div class=\"gb-container gb-container-82495d80\"><div class=\"gb-inside-container\">\n\n<h4 class=\"gb-headline gb-headline-87b440f7 gb-headline-text\">Donald Bello Hutt<\/h4>\n\n\n\n<h5 class=\"gb-headline gb-headline-804e1749 gb-headline-text\">Profesor Permanente Laboral. Filosof\u00eda Moral y Pol\u00edtica<\/h5>\n\n\n\n<h4 class=\"gb-headline gb-headline-a873f069 gb-headline-text parrafo\">Campus de Valladolid<\/h4>\n\n\n\n<h4 class=\"gb-headline gb-headline-90505d6f parrafo\"><span class=\"gb-icon\"><svg aria-hidden=\"true\" role=\"img\" height=\"1em\" width=\"1em\" viewBox=\"0 0 512 512\" xmlns=\"http:\/\/www.w3.org\/2000\/svg\"><path fill=\"currentColor\" d=\"M464 64H48C21.49 64 0 85.49 0 112v288c0 26.51 21.49 48 48 48h416c26.51 0 48-21.49 48-48V112c0-26.51-21.49-48-48-48zm0 48v40.805c-22.422 18.259-58.168 46.651-134.587 106.49-16.841 13.247-50.201 45.072-73.413 44.701-23.208.375-56.579-31.459-73.413-44.701C106.18 199.465 70.425 171.067 48 152.805V112h416zM48 400V214.398c22.914 18.251 55.409 43.862 104.938 82.646 21.857 17.205 60.134 55.186 103.062 54.955 42.717.231 80.509-37.199 103.053-54.947 49.528-38.783 82.032-64.401 104.947-82.653V400H48z\"><\/path><\/svg><\/span><span class=\"gb-headline-text\">donald.bello@uva.es<\/span><\/h4>\n\n\n\n<h4 class=\"gb-headline gb-headline-66e46211 gb-headline-text parrafo\">N\u00ba de sexenios de investigaci\u00f3n: <strong>1<\/strong><\/h4>\n\n<\/div><\/div>\n<\/div><\/div><\/div>\n\n<div class=\"gb-grid-column gb-grid-column-2489bac5\"><div class=\"gb-container gb-container-2489bac5\"><div class=\"gb-inside-container\">\n\n<h2 class=\"gb-headline gb-headline-21228abb gb-headline-text\">BIO<\/h2>\n\n\n<div class=\"gb-container gb-container-ae09a9d8\"><div class=\"gb-inside-container\">\n\n<p class=\"parrafobio\">Donald Bello Hutt es Doctor en Filosof\u00eda por las universidades de Valladolid y de Salamanca, y Doctor en Teor\u00eda Pol\u00edtica (<em>PhD in&nbsp;<\/em>Politics) por&nbsp;<em>King\u2019s College London<\/em>. Actualmente es profesor de filosof\u00eda moral y pol\u00edtica de la universidad de Valladolid.<\/p>\n\n\n\n<p>Donald es investigador visitante del Instituto de Filosof\u00eda del CSIC, ha sido By-Fellow del Churchill College de la Universidad de Cambridge e investigador del instituto de filosof\u00eda de KU Leuven, en B\u00e9lgica. Ha sido tambi\u00e9n investigador visitante del\u00a0<em><a href=\"https:\/\/www.cflpp.law.cam.ac.uk\/\" target=\"_blank\" rel=\"noreferrer noopener\">Cambridge Forum for Legal and Political Philosophy<\/a><\/em>\u00a0(del cual es miembro de su seminario permanente), del\u00a0<em><a href=\"https:\/\/www.ucl.ac.uk\/laws\/ucl-institute-law-politics-and-philosophy-ilpp\" target=\"_blank\" rel=\"noreferrer noopener\">Institute for Law, Politics and Philosophy<\/a>\u00a0<\/em>de\u00a0<em>University College London<\/em>, del\u00a0<a href=\"https:\/\/www.cepc.gob.es\/\" target=\"_blank\" rel=\"noreferrer noopener\">Centro de estudios pol\u00edticos y constitucionales de Madrid<\/a>, y del Instituto\u00a0<a href=\"https:\/\/istitutotarello.org\/\" target=\"_blank\" rel=\"noreferrer noopener\">Tarello para la filosof\u00eda del derecho<\/a>, en G\u00e9nova. Antes de asumir como profesor del departamento, Donald fue investigador postdoctoral FWO del\u00a0<em>Centre for Ethics and Social Philosophy<\/em>\u00a0de KU Leuven donde fue miembro de\u00a0<a href=\"https:\/\/hiw.kuleuven.be\/ripple\/index.html\" target=\"_blank\" rel=\"noreferrer noopener\">RIPPLE (<em>Research in Political Philosophy Leuven)<\/em><\/a>. Fue tambi\u00e9n adjudicatario de un contrato postdoctoral Juan de la Cierva-Incorporaci\u00f3n (renunciado).<\/p>\n\n\n\n<p>Su investigaci\u00f3n se centra en la intersecci\u00f3n entre la filosof\u00eda pol\u00edtica moderna y contempor\u00e1nea y la teor\u00eda del derecho y el constitucionalismo. Es parte del comit\u00e9 cient\u00edfico y editorial de&nbsp;<a href=\"https:\/\/journals.openedition.org\/revus\/\" target=\"_blank\" rel=\"noreferrer noopener\">Revus<\/a>&nbsp;y de Las&nbsp;<a href=\"https:\/\/revistas.ucm.es\/index.php\/LTDL\/index\" target=\"_blank\" rel=\"noreferrer noopener\">Torres de Lucca<\/a>&nbsp;y miembro fundador de&nbsp;<a href=\"https:\/\/sites.google.com\/view\/reconnet\/about-us\" target=\"_blank\" rel=\"noreferrer noopener\">RECONNET<\/a>, red internacional de teor\u00eda constitucional.<\/p>\n\n\n\n<p>En cuanto a docencia, Donald es profesor de Filosof\u00eda Pol\u00edtica, Filosof\u00eda Moral y \u00c9tica Aplicada en el Grado en Filosof\u00eda y profesor de Historia del Pensamiento Pol\u00edtico en el grado en Historia. Tambi\u00e9n ha sido docente en las universidades de Bologna (Erasmus), KU Leuven, Austral de Chile, y tutor de tesis de M\u00e1ster en el Centro de Estudios Pol\u00edticos y Constitucionales (CEPC) de Madrid.<\/p>\n\n\n\n<p class=\"parrafobio\">Donald est\u00e1 interesado en supervisar tesis doctorales en teor\u00eda democr\u00e1tica (especial, aunque no exclusivamente, democracia deliberativa), constitucionalismo, libertad pol\u00edtica, representaci\u00f3n pol\u00edtica,&nbsp;<em>Rule of Law,&nbsp;<\/em>Estado de derecho, teor\u00eda del Estado, filosof\u00eda del derecho, historia del pensamiento pol\u00edtico moderno y contempor\u00e1neo, interpretaci\u00f3n constitucional, liberalismo y republicanismo.<\/p>\n\n\n<div class=\"gb-container gb-container-03833761\"><\/div>\n\n\n<p class=\"parrafobio\">Algunas publicaciones:<\/p>\n\n\n\n<p><a href=\"https:\/\/doi.org\/10.1017\/S2045381725100099\">(2025). \u00abThe Deliberative Right to Constitutional Silence\u00bb,<em>&nbsp;Global Constitutionalism<\/em><\/a><\/p>\n\n\n\n<p>(2025). \u00abNo Rule of Law without the Hobbesian State\u00bb, <em><a href=\"https:\/\/doi.org\/10.1111\/raju.12428\" data-type=\"link\" data-id=\"https:\/\/doi.org\/10.1111\/raju.12428\" target=\"_blank\" rel=\"noreferrer noopener nofollow\">Ratio Juris<\/a><\/em><\/p>\n\n\n\n<p>(2024). \u00abPhilip Pettit: The State\u00bb, <em><a href=\"https:\/\/link.springer.com\/article\/10.1007\/s11158-023-09653-9\">Res Publica<\/a><\/em> (con Victoria Kristan)<\/p>\n\n\n\n<p>(2024). \u00abEl Estado\u00bb, <em><a href=\"https:\/\/www.revistadelibros.com\/el-estado\/\">Revista de libros<\/a> <\/em>(3\/01\/2024)<\/p>\n\n\n\n<p><a href=\"https:\/\/revistas.uam.es\/bajopalabra\/article\/view\/18421\/16654\" data-type=\"link\" data-id=\"https:\/\/revistas.uam.es\/bajopalabra\/article\/view\/18421\/16654\">(2023). \u00abHobbes y la libertad pol\u00edtica como no-arbitrariedad\u00bb. <em>Bajo Palabra.<\/em><\/a><\/p>\n\n\n\n<p><a rel=\"noreferrer noopener\" href=\"https:\/\/doi.org\/10.1007\/s40803-021-00163-5\" target=\"_blank\">(2022). \u201cRule of Law and Political Representation\u201d, <em>The Hague Journal on the Rule of Law<\/em>, 14, 1-25.<\/a><\/p>\n\n\n\n<p><a rel=\"noreferrer noopener\" href=\"https:\/\/www.revistadelibros.com\/vallespin-sobre-hobbes-y-la-vida-en-babel-solitaria-pobre-tosca-embrutecida-y-breve\/\" target=\"_blank\">(2022). \u00abVallespin sobre Hobbes y la vida en Babel: solitaria, pobre, tosca, embrutecida y breve\u00bb, <em>Revista de libros <\/em>(29\/09\/2022<\/a>) <\/p>\n\n\n\n<p><a href=\"https:\/\/www.e-elgar.com\/shop\/gbp\/objectivity-in-jurisprudence-legal-interpretation-and-practical-reasoning-9781803922621.html\" target=\"_blank\" rel=\"noreferrer noopener\">(2022). \u00abSocial Sciences and Jurisprudence Through Weberian and Hartian Eyes: Suggesting an Explanation for a Puzzle\u00bb, G. Villa-Rosas y J.L. Fabra Zamora, Objectivity in Jurisprudence, Legal Interpretation and Practical Reasoning (Edward Elgar), pp. 86-104<\/a><\/p>\n\n\n\n<p class=\"parrafobio\"><a href=\"https:\/\/doi.org\/10.1017\/cjlj.2021.6\" target=\"_blank\" rel=\"noreferrer noopener\">(2021) \u201cMaking What Present Again: A Critique of Judicial Argumentative Representation\u201d, <em>Canadian Journal of Law and Jurisprudence, <\/em>XXXIV (2), 259-281<\/a><\/p>\n\n\n\n<p><a rel=\"noreferrer noopener\" href=\"https:\/\/onlinelibrary.wiley.com\/doi\/epdf\/10.1111\/spsr.12416\" target=\"_blank\">(2021). \u201cSelecting Constitutional Judges Randomly\u201d, Swiss Political Science Review, 27 (1),<\/a> <a rel=\"noreferrer noopener\" href=\"https:\/\/onlinelibrary.wiley.com\/doi\/epdf\/10.1111\/spsr.12416\" target=\"_blank\">107-127 (con P\u00c9 Vandamme)<\/a><\/p>\n\n\n\n<p class=\"parrafobio\"><a rel=\"noreferrer noopener\" href=\"https:\/\/doi.org\/10.1111\/raju.12300\" target=\"_blank\">(202<\/a><a rel=\"noreferrer noopener\" href=\"https:\/\/doi.org\/10.1111\/raju.12300\" target=\"_blank\">1<\/a><a rel=\"noreferrer noopener\" href=\"https:\/\/doi.org\/10.1111\/raju.12300\" target=\"_blank\">). \u201cPolitical Representation as Interpretation: A Contribution to Deliberative Constitutionalism\u201d, <em>Ratio Juris, <\/em>33 (4), 351-367<\/a><\/p>\n\n\n\n<p><a rel=\"noreferrer noopener\" href=\"https:\/\/biblioscout.net\/article\/10.25162\/arsp-2021-0009\" target=\"_blank\">(2021). \u201cPolitical Freedom in a Deliberative System\u201d, Archiv f\u00fcr Rechts-und Sozialphilosophie, 17 (2), 167-184<\/a><\/p>\n\n\n\n<p class=\"parrafobio\"><a rel=\"noreferrer noopener\" href=\"https:\/\/www.tandfonline.com\/doi\/abs\/10.1080\/20403313.2020.1785259\" target=\"_blank\">(2020). \u201cState-of-the-Art. Deliberative Constitutionalism: Features, Shortcomings, and a Republican Way Forward\u201d, <em>Jurisprudence, <\/em>12 (1), 69-88<\/a><\/p>\n\n\n\n<p><a rel=\"noreferrer noopener\" href=\"https:\/\/revistas.uexternado.edu.co\/index.php\/derest\/article\/view\/6960\" target=\"_blank\">(2020). \u201cDeliberative, Republican, and Egalitarian Institutional Alternatives for Popular Constitutionalism\u201d, Revista Derecho del Estado, 48, 183-214<\/a><\/p>\n\n\n\n<p class=\"parrafobio\"><a rel=\"noreferrer noopener\" href=\"https:\/\/onlinelibrary.wiley.com\/doi\/10.1111\/theo.12138\" target=\"_blank\">(2018). \u201cRepublicanism, Deliberative Democracy, and Equality of Access and Deliberation\u201d, <em>Theoria \u2013 Sweden (Wiley)<\/em>, 84 (1), 83-111<\/a><\/p>\n\n\n\n<p class=\"parrafobio\"><a rel=\"noreferrer noopener\" href=\"https:\/\/academic.oup.com\/icon\/article-abstract\/16\/4\/1121\/5297600\" target=\"_blank\">(2018). \u201cMeasuring Popular and Judicial Deliberation: A Critical Comparison\u201d, <em>International Journal of Constitutional Law (ICon),<\/em> Oxford-NYU, 16 (4), 1121-1147<\/a><\/p>\n\n\n\n<p class=\"parrafobio\"><a rel=\"noreferrer noopener\" href=\"https:\/\/doi.org\/10.1017\/cjlj.2018.23\" target=\"_blank\">(2018). \u201cConstitutional Interpretation and Institutional Perspectives: A Deliberative Proposal\u201d, <em>Canadian Journal of Law and Jurisprudence, <\/em>XXXI (2), 235-255<\/a><\/p>\n\n\n\n<p><\/p>\n\n<\/div><\/div>\n<\/div><\/div><\/div>\n<\/div>\n<\/div><\/div>\n\n<div class=\"gb-container gb-container-d866c68f\"><div class=\"gb-inside-container\">\n<div class=\"gb-container gb-container-1354350b\"><div class=\"gb-inside-container\">\n\n<h2 class=\"gb-headline gb-headline-79253eed gb-headline-text\">Para una lista completa de publicaciones e informaci\u00f3n m\u00e1s detallada:<\/h2>\n\n\n<div class=\"gb-grid-wrapper gb-grid-wrapper-9c153803\">\n<div class=\"gb-grid-column gb-grid-column-c24fe992\"><div class=\"gb-container gb-container-c24fe992\"><div class=\"gb-inside-container\">\n\n<figure class=\"wp-block-image size-full is-resized\"><a href=\"https:\/\/orcid.org\/0000-0003-2979-6631\" target=\"_blank\" rel=\"noopener\"><img loading=\"lazy\" decoding=\"async\" width=\"740\" height=\"280\" src=\"https:\/\/albergueweb1.uva.es\/filosofia-departamento\/wp-content\/uploads\/2022\/07\/orcid.jpg\" alt=\"\" class=\"wp-image-2652\" style=\"width:108px;height:40px\" srcset=\"https:\/\/albergueweb1.uva.es\/filosofia-departamento\/wp-content\/uploads\/2022\/07\/orcid.jpg 740w, https:\/\/albergueweb1.uva.es\/filosofia-departamento\/wp-content\/uploads\/2022\/07\/orcid-300x114.jpg 300w\" sizes=\"auto, (max-width: 740px) 100vw, 740px\" \/><\/a><\/figure>\n\n<\/div><\/div><\/div>\n\n<div class=\"gb-grid-column gb-grid-column-0bd0067b\"><div class=\"gb-container gb-container-0bd0067b\"><div class=\"gb-inside-container\">\n\n<figure class=\"wp-block-image size-full is-resized\"><a href=\"https:\/\/scholar.google.com\/citations?user=yRGcrqwAAAAJ&amp;hl=en\" target=\"_blank\" rel=\"noopener\"><img loading=\"lazy\" decoding=\"async\" width=\"998\" height=\"250\" src=\"https:\/\/albergueweb1.uva.es\/filosofia-departamento\/wp-content\/uploads\/2022\/07\/Google_Scholar.png\" alt=\"\" class=\"wp-image-2626\" style=\"width:133px;height:33px\" srcset=\"https:\/\/albergueweb1.uva.es\/filosofia-departamento\/wp-content\/uploads\/2022\/07\/Google_Scholar.png 998w, https:\/\/albergueweb1.uva.es\/filosofia-departamento\/wp-content\/uploads\/2022\/07\/Google_Scholar-300x75.png 300w, https:\/\/albergueweb1.uva.es\/filosofia-departamento\/wp-content\/uploads\/2022\/07\/Google_Scholar-768x192.png 768w\" sizes=\"auto, (max-width: 998px) 100vw, 998px\" \/><\/a><\/figure>\n\n<\/div><\/div><\/div>\n\n<div class=\"gb-grid-column gb-grid-column-51be41fe\"><div class=\"gb-container gb-container-51be41fe\"><div class=\"gb-inside-container\">\n\n<figure class=\"wp-block-image size-full is-resized\"><a href=\"https:\/\/investigacion.uva.es\/CawDOS\/?id=9f40e4e296dc46d6&amp;idioma=es&amp;tipo=activ&amp;elmeucv=N\"><img loading=\"lazy\" decoding=\"async\" width=\"378\" height=\"189\" src=\"https:\/\/albergueweb1.uva.es\/filosofia-departamento\/wp-content\/uploads\/2022\/10\/Produccion-investigadora-1.png\" alt=\"\" class=\"wp-image-5710\" style=\"width:297px;height:149px\" srcset=\"https:\/\/albergueweb1.uva.es\/filosofia-departamento\/wp-content\/uploads\/2022\/10\/Produccion-investigadora-1.png 378w, https:\/\/albergueweb1.uva.es\/filosofia-departamento\/wp-content\/uploads\/2022\/10\/Produccion-investigadora-1-300x150.png 300w\" sizes=\"auto, (max-width: 378px) 100vw, 378px\" \/><\/a><\/figure>\n\n<\/div><\/div><\/div>\n<\/div>\n<\/div><\/div>\n<\/div><\/div>\n<\/div><\/div>","protected":false},"excerpt":{"rendered":"<p>Donald Bello Hutt Para una lista completa de publicaciones e informaci\u00f3n m\u00e1s &#8230; <\/p>\n<p class=\"read-more-container\"><a title=\"Donald Bello\" class=\"read-more button\" href=\"https:\/\/albergueweb1.uva.es\/filosofia-departamento\/donald-bello\/#more-2859\" aria-label=\"M\u00e1s en Donald Bello\">Leer m\u00e1s<\/a><\/p>\n","protected":false},"author":12,"featured_media":0,"parent":0,"menu_order":0,"comment_status":"closed","ping_status":"closed","template":"","meta":{"footnotes":""},"class_list":{"0":"post-2859","1":"page","2":"type-page","3":"status-publish","5":"infinite-scroll-item","6":"no-featured-image-padding"},"_links":{"self":[{"href":"https:\/\/albergueweb1.uva.es\/filosofia-departamento\/wp-json\/wp\/v2\/pages\/2859","targetHints":{"allow":["GET"]}}],"collection":[{"href":"https:\/\/albergueweb1.uva.es\/filosofia-departamento\/wp-json\/wp\/v2\/pages"}],"about":[{"href":"https:\/\/albergueweb1.uva.es\/filosofia-departamento\/wp-json\/wp\/v2\/types\/page"}],"author":[{"embeddable":true,"href":"https:\/\/albergueweb1.uva.es\/filosofia-departamento\/wp-json\/wp\/v2\/users\/12"}],"replies":[{"embeddable":true,"href":"https:\/\/albergueweb1.uva.es\/filosofia-departamento\/wp-json\/wp\/v2\/comments?post=2859"}],"version-history":[{"count":47,"href":"https:\/\/albergueweb1.uva.es\/filosofia-departamento\/wp-json\/wp\/v2\/pages\/2859\/revisions"}],"predecessor-version":[{"id":6381,"href":"https:\/\/albergueweb1.uva.es\/filosofia-departamento\/wp-json\/wp\/v2\/pages\/2859\/revisions\/6381"}],"wp:attachment":[{"href":"https:\/\/albergueweb1.uva.es\/filosofia-departamento\/wp-json\/wp\/v2\/media?parent=2859"}],"curies":[{"name":"wp","href":"https:\/\/api.w.org\/{rel}","templated":true}]}}