{"id":2878,"date":"2022-07-13T12:09:09","date_gmt":"2022-07-13T12:09:09","guid":{"rendered":"https:\/\/albergueweb1.uva.es\/filosofia-departamento\/?page_id=2878"},"modified":"2025-05-20T18:30:42","modified_gmt":"2025-05-20T18:30:42","slug":"fernando-calderon","status":"publish","type":"page","link":"https:\/\/albergueweb1.uva.es\/filosofia-departamento\/fernando-calderon\/","title":{"rendered":"Fernando Calderon"},"content":{"rendered":"<div class=\"gb-container gb-container-5614a8aa\"><div class=\"gb-inside-container\">\n<div class=\"gb-container gb-container-83c87103\"><div class=\"gb-inside-container\">\n\n<h2 class=\"gb-headline gb-headline-d849a2fd gb-headline-text tituloT\">Fernando Calder\u00f3n<\/h2>\n\n<\/div><\/div>\n\n<div class=\"gb-container gb-container-93c98117\"><div class=\"gb-inside-container\">\n<div class=\"gb-grid-wrapper gb-grid-wrapper-70de1bb0\">\n<div class=\"gb-grid-column gb-grid-column-43661613\"><div class=\"gb-container gb-container-43661613\"><div class=\"gb-inside-container\">\n\n<figure class=\"wp-block-image size-full\"><img loading=\"lazy\" decoding=\"async\" width=\"400\" height=\"400\" src=\"https:\/\/albergueweb1.uva.es\/filosofia-departamento\/wp-content\/uploads\/2022\/06\/FernandoCalderon.png\" alt=\"\" class=\"wp-image-1762\" srcset=\"https:\/\/albergueweb1.uva.es\/filosofia-departamento\/wp-content\/uploads\/2022\/06\/FernandoCalderon.png 400w, https:\/\/albergueweb1.uva.es\/filosofia-departamento\/wp-content\/uploads\/2022\/06\/FernandoCalderon-300x300.png 300w, https:\/\/albergueweb1.uva.es\/filosofia-departamento\/wp-content\/uploads\/2022\/06\/FernandoCalderon-150x150.png 150w\" sizes=\"auto, (max-width: 400px) 100vw, 400px\" \/><\/figure>\n\n\n<div class=\"gb-container gb-container-82495d80\"><div class=\"gb-inside-container\">\n\n<h4 class=\"gb-headline gb-headline-87b440f7 gb-headline-text\">Fernando Calder\u00f3n Quind\u00f3s<\/h4>\n\n\n\n<h5 class=\"gb-headline gb-headline-804e1749 gb-headline-text\">Profesor Contratado Doctor. Filosof\u00eda<\/h5>\n\n\n\n<h5 class=\"gb-headline gb-headline-a873f069 gb-headline-text parrafo\">Campus de Valladolid<\/h5>\n\n\n\n<h5 class=\"gb-headline gb-headline-85015986 parrafo\"><span class=\"gb-icon\"><svg aria-hidden=\"true\" role=\"img\" height=\"1em\" width=\"1em\" viewBox=\"0 0 512 512\" xmlns=\"http:\/\/www.w3.org\/2000\/svg\"><path fill=\"currentColor\" d=\"M493.4 24.6l-104-24c-11.3-2.6-22.9 3.3-27.5 13.9l-48 112c-4.2 9.8-1.4 21.3 6.9 28l60.6 49.6c-36 76.7-98.9 140.5-177.2 177.2l-49.6-60.6c-6.8-8.3-18.2-11.1-28-6.9l-112 48C3.9 366.5-2 378.1.6 389.4l24 104C27.1 504.2 36.7 512 48 512c256.1 0 464-207.5 464-464 0-11.2-7.7-20.9-18.6-23.4z\"><\/path><\/svg><\/span><span class=\"gb-headline-text\">983 186 542<\/span><\/h5>\n\n\n\n<h5 class=\"gb-headline gb-headline-c40c70ec parrafo\"><span class=\"gb-icon\"><svg aria-hidden=\"true\" role=\"img\" height=\"1em\" width=\"1em\" viewBox=\"0 0 512 512\" xmlns=\"http:\/\/www.w3.org\/2000\/svg\"><path fill=\"currentColor\" d=\"M464 64H48C21.49 64 0 85.49 0 112v288c0 26.51 21.49 48 48 48h416c26.51 0 48-21.49 48-48V112c0-26.51-21.49-48-48-48zm0 48v40.805c-22.422 18.259-58.168 46.651-134.587 106.49-16.841 13.247-50.201 45.072-73.413 44.701-23.208.375-56.579-31.459-73.413-44.701C106.18 199.465 70.425 171.067 48 152.805V112h416zM48 400V214.398c22.914 18.251 55.409 43.862 104.938 82.646 21.857 17.205 60.134 55.186 103.062 54.955 42.717.231 80.509-37.199 103.053-54.947 49.528-38.783 82.032-64.401 104.947-82.653V400H48z\"><\/path><\/svg><\/span><span class=\"gb-headline-text\">quindos@fyl.uva.es<\/span><\/h5>\n\n\n\n<h5 class=\"gb-headline gb-headline-5be06112 gb-headline-text parrafo\">N\u00ba de sexenios de investigaci\u00f3n: <strong>2<\/strong><\/h5>\n\n<\/div><\/div>\n<\/div><\/div><\/div>\n\n<div class=\"gb-grid-column gb-grid-column-2489bac5\"><div class=\"gb-container gb-container-2489bac5\"><div class=\"gb-inside-container\">\n\n<h2 class=\"gb-headline gb-headline-21228abb gb-headline-text\">BIO<\/h2>\n\n\n<div class=\"gb-container gb-container-ae09a9d8\"><div class=\"gb-inside-container\">\n\n<p class=\"parrafobio\">Doctor en Filosof\u00eda, es Profesor Contratado Doctor desde 2011. Concluidos sus estudios de doctorado, realiz\u00f3 varias estancias de investigaci\u00f3n en la Universit\u00e9 Paris-Sorbonne (Paris-IV). Su investigaci\u00f3n se centra en el pensamiento franc\u00e9s del siglo XVIII, sobre el que ha escrito cerca de una treintena de art\u00edculos publicados en obras colectivas y revistas de prestigio nacional e internacional. Dentro del Siglo de las Luces, buena parte de sus esfuerzos buscan difundir la actividad naturalista del \u201c\u00faltimo Rousseau\u201d. Suya es la traducci\u00f3n de las <em>Cartas sobre Bot\u00e1nica<\/em> (KRK, 2017), t\u00edtulo que re\u00fane la correspondencia que el fil\u00f3sofo de Ginebra escribi\u00f3 a petici\u00f3n de su destinataria, su amiga Madame Delessert, para instrucci\u00f3n de su hija \u201cla petite Madelon\u201d, una ni\u00f1a de solo cuatro a\u00f1os.<\/p>\n\n\n\n<p class=\"parrafobio\">En su doble faceta de traductor y dieciochista, ha preparado para la editorial ovetense KRK la primera edici\u00f3n en espa\u00f1ol de <em>Viaje a isla Mauricio<\/em>, relato del ingeniero, fil\u00f3sofo y novelista franc\u00e9s Bernardin de Saint-Pierre escrito tras su estancia en esta isla del \u00cdndico entre 1768 y 1770. En la actualidad, su investigaci\u00f3n se centra en el examen de las relaciones entre la Filosof\u00eda y la Historia Natural en \u00e9poca lamarckiana, asunto sobre el que tiene escrita una obra, <em>Filosof\u00eda vegetal<\/em> (Abada, 2018).<\/p>\n\n<\/div><\/div>\n<\/div><\/div><\/div>\n<\/div>\n<\/div><\/div>\n\n<div class=\"gb-container gb-container-d866c68f\"><div class=\"gb-inside-container\">\n<div class=\"gb-container gb-container-1354350b\"><div class=\"gb-inside-container\">\n\n<h2 class=\"gb-headline gb-headline-79253eed gb-headline-text\">Puedes encontrar informaci\u00f3n m\u00e1s detallada en:<\/h2>\n\n\n<div class=\"gb-grid-wrapper gb-grid-wrapper-9c153803\">\n<div class=\"gb-grid-column gb-grid-column-c24fe992\"><div class=\"gb-container gb-container-c24fe992\"><div class=\"gb-inside-container\">\n\n<figure class=\"wp-block-image size-full is-resized\"><a href=\"https:\/\/orcid.org\/0000-0003-0729-0250\" target=\"_blank\" rel=\"noopener\"><img loading=\"lazy\" decoding=\"async\" width=\"740\" height=\"280\" src=\"https:\/\/albergueweb1.uva.es\/filosofia-departamento\/wp-content\/uploads\/2022\/07\/orcid.jpg\" alt=\"\" class=\"wp-image-2652\" style=\"width:113px;height:43px\" srcset=\"https:\/\/albergueweb1.uva.es\/filosofia-departamento\/wp-content\/uploads\/2022\/07\/orcid.jpg 740w, https:\/\/albergueweb1.uva.es\/filosofia-departamento\/wp-content\/uploads\/2022\/07\/orcid-300x114.jpg 300w\" sizes=\"auto, (max-width: 740px) 100vw, 740px\" \/><\/a><\/figure>\n\n<\/div><\/div><\/div>\n<\/div>\n<\/div><\/div>\n<\/div><\/div>\n<\/div><\/div>","protected":false},"excerpt":{"rendered":"<p>Fernando Calder\u00f3n Puedes encontrar informaci\u00f3n m\u00e1s detallada en:<\/p>\n","protected":false},"author":12,"featured_media":0,"parent":0,"menu_order":0,"comment_status":"closed","ping_status":"closed","template":"","meta":{"footnotes":""},"class_list":{"0":"post-2878","1":"page","2":"type-page","3":"status-publish","5":"infinite-scroll-item","6":"no-featured-image-padding"},"_links":{"self":[{"href":"https:\/\/albergueweb1.uva.es\/filosofia-departamento\/wp-json\/wp\/v2\/pages\/2878","targetHints":{"allow":["GET"]}}],"collection":[{"href":"https:\/\/albergueweb1.uva.es\/filosofia-departamento\/wp-json\/wp\/v2\/pages"}],"about":[{"href":"https:\/\/albergueweb1.uva.es\/filosofia-departamento\/wp-json\/wp\/v2\/types\/page"}],"author":[{"embeddable":true,"href":"https:\/\/albergueweb1.uva.es\/filosofia-departamento\/wp-json\/wp\/v2\/users\/12"}],"replies":[{"embeddable":true,"href":"https:\/\/albergueweb1.uva.es\/filosofia-departamento\/wp-json\/wp\/v2\/comments?post=2878"}],"version-history":[{"count":18,"href":"https:\/\/albergueweb1.uva.es\/filosofia-departamento\/wp-json\/wp\/v2\/pages\/2878\/revisions"}],"predecessor-version":[{"id":6314,"href":"https:\/\/albergueweb1.uva.es\/filosofia-departamento\/wp-json\/wp\/v2\/pages\/2878\/revisions\/6314"}],"wp:attachment":[{"href":"https:\/\/albergueweb1.uva.es\/filosofia-departamento\/wp-json\/wp\/v2\/media?parent=2878"}],"curies":[{"name":"wp","href":"https:\/\/api.w.org\/{rel}","templated":true}]}}