{"id":2883,"date":"2022-07-13T12:19:53","date_gmt":"2022-07-13T12:19:53","guid":{"rendered":"https:\/\/albergueweb1.uva.es\/filosofia-departamento\/?page_id=2883"},"modified":"2025-05-20T18:44:51","modified_gmt":"2025-05-20T18:44:51","slug":"fernando-longas","status":"publish","type":"page","link":"https:\/\/albergueweb1.uva.es\/filosofia-departamento\/fernando-longas\/","title":{"rendered":"Fernando Longas"},"content":{"rendered":"<div class=\"gb-container gb-container-5614a8aa\"><div class=\"gb-inside-container\">\n<div class=\"gb-container gb-container-83c87103\"><div class=\"gb-inside-container\">\n\n<h2 class=\"gb-headline gb-headline-d849a2fd gb-headline-text tituloT\">Fernando Long\u00e1s<\/h2>\n\n<\/div><\/div>\n\n<div class=\"gb-container gb-container-93c98117\"><div class=\"gb-inside-container\">\n<div class=\"gb-grid-wrapper gb-grid-wrapper-70de1bb0\">\n<div class=\"gb-grid-column gb-grid-column-43661613\"><div class=\"gb-container gb-container-43661613\"><div class=\"gb-inside-container\">\n\n<figure class=\"wp-block-image size-full\"><img loading=\"lazy\" decoding=\"async\" width=\"400\" height=\"400\" src=\"https:\/\/albergueweb1.uva.es\/filosofia-departamento\/wp-content\/uploads\/2022\/06\/LongasUrangaF.png\" alt=\"\" class=\"wp-image-1768\" srcset=\"https:\/\/albergueweb1.uva.es\/filosofia-departamento\/wp-content\/uploads\/2022\/06\/LongasUrangaF.png 400w, https:\/\/albergueweb1.uva.es\/filosofia-departamento\/wp-content\/uploads\/2022\/06\/LongasUrangaF-300x300.png 300w, https:\/\/albergueweb1.uva.es\/filosofia-departamento\/wp-content\/uploads\/2022\/06\/LongasUrangaF-150x150.png 150w\" sizes=\"auto, (max-width: 400px) 100vw, 400px\" \/><\/figure>\n\n\n<div class=\"gb-container gb-container-82495d80\"><div class=\"gb-inside-container\">\n\n<h4 class=\"gb-headline gb-headline-87b440f7 gb-headline-text\">Fernando Daniel Long\u00e1s Uranga<\/h4>\n\n\n\n<h5 class=\"gb-headline gb-headline-804e1749 gb-headline-text\">Profesor Contratado Doctor. Filosof\u00eda Moral <\/h5>\n\n\n\n<h5 class=\"gb-headline gb-headline-a873f069 gb-headline-text parrafo\">Campus de Valladolid<\/h5>\n\n\n\n<h5 class=\"gb-headline gb-headline-8f5fb101 parrafo\"><span class=\"gb-icon\"><svg aria-hidden=\"true\" role=\"img\" height=\"1em\" width=\"1em\" viewBox=\"0 0 512 512\" xmlns=\"http:\/\/www.w3.org\/2000\/svg\"><path fill=\"currentColor\" d=\"M493.4 24.6l-104-24c-11.3-2.6-22.9 3.3-27.5 13.9l-48 112c-4.2 9.8-1.4 21.3 6.9 28l60.6 49.6c-36 76.7-98.9 140.5-177.2 177.2l-49.6-60.6c-6.8-8.3-18.2-11.1-28-6.9l-112 48C3.9 366.5-2 378.1.6 389.4l24 104C27.1 504.2 36.7 512 48 512c256.1 0 464-207.5 464-464 0-11.2-7.7-20.9-18.6-23.4z\"><\/path><\/svg><\/span><span class=\"gb-headline-text\">983 186 551<\/span><\/h5>\n\n\n\n<h5 class=\"gb-headline gb-headline-f1d81880 parrafo\"><span class=\"gb-icon\"><svg aria-hidden=\"true\" role=\"img\" height=\"1em\" width=\"1em\" viewBox=\"0 0 512 512\" xmlns=\"http:\/\/www.w3.org\/2000\/svg\"><path fill=\"currentColor\" d=\"M464 64H48C21.49 64 0 85.49 0 112v288c0 26.51 21.49 48 48 48h416c26.51 0 48-21.49 48-48V112c0-26.51-21.49-48-48-48zm0 48v40.805c-22.422 18.259-58.168 46.651-134.587 106.49-16.841 13.247-50.201 45.072-73.413 44.701-23.208.375-56.579-31.459-73.413-44.701C106.18 199.465 70.425 171.067 48 152.805V112h416zM48 400V214.398c22.914 18.251 55.409 43.862 104.938 82.646 21.857 17.205 60.134 55.186 103.062 54.955 42.717.231 80.509-37.199 103.053-54.947 49.528-38.783 82.032-64.401 104.947-82.653V400H48z\"><\/path><\/svg><\/span><span class=\"gb-headline-text\">fernandodaniel.longas@uva.es<\/span><\/h5>\n\n\n\n<h5 class=\"gb-headline gb-headline-e1244892 gb-headline-text parrafo\">N\u00ba de sexenios de investigaci\u00f3n: <strong>1<\/strong><\/h5>\n\n<\/div><\/div>\n<\/div><\/div><\/div>\n\n<div class=\"gb-grid-column gb-grid-column-2489bac5\"><div class=\"gb-container gb-container-2489bac5\"><div class=\"gb-inside-container\">\n\n<h2 class=\"gb-headline gb-headline-21228abb gb-headline-text\">BIO<\/h2>\n\n\n<div class=\"gb-container gb-container-ae09a9d8\"><div class=\"gb-inside-container\">\n\n<p class=\"parrafobio\">Fernando Long\u00e1s Uranga es Doctor en Filosof\u00eda por la Universidad de Valladolid, Espa\u00f1a, y Licenciado y Mag\u00edster en Filosof\u00eda por la Pontificia Universidad Cat\u00f3lica de Chile. Su campo de investigaci\u00f3n se centra en las \u00e1reas de \u00c9tica, Filosof\u00eda Pol\u00edtica y Filosof\u00eda Moderna, campos a los que pertenecen los libros, \u201cLa Moderna Condici\u00f3n Humana\u201d (2003) &nbsp;y \u201cLa libertad en el Laberinto del Minotauro\u201d (2005), ambos premiados por el Consejo Nacional del Libro y la Lectura de Chile en Categor\u00eda de Ensayo. En esta misma \u00e1rea ha sido co-editor y autor del pr\u00f3logo de \u201cLa \u00e9tica en la pol\u00edtica\u201d (KrK, 2015), co-autor de \u201cLa Pol\u00edtica en la Era de la Globalizaci\u00f3n\u201d (Cuarto Propio, 2007) y coordinador y autor del pr\u00f3logo del libro \u201cPensar Iberoam\u00e9rica. Historia, memoria y nuevas tramas regionales\u201d (UVa, 2013). Es autor de numerosos art\u00edculos publicados en revistas nacionales e internacionales sobre filosof\u00eda moderna, contempor\u00e1nea y pensamiento kantiano, y desde 2003 forma parte del Consejo de la Asociaci\u00f3n Iberoamericana de Filosof\u00eda Pol\u00edtica (AIFP).<\/p>\n\n\n\n<p class=\"parrafobio\">Ha sido docente en diversas universidades chilenas entre las que destacan la U. Cat\u00f3lica de Chile, la U. Alberto Hurtado, y la U. Metropolitana de Ciencias de la Educaci\u00f3n. En esta \u00faltima se desempe\u00f1\u00f3 como Director del Departamento de Filosof\u00eda por dos per\u00edodos, fue coordinador de dos proyectos MECESUP (proyectos financiados por el Fondo Monetario Internacional destinados al mejoramiento de la calidad y equidad de la educaci\u00f3n en Am\u00e9rica Latina) y presidente del Consejo Nacional de Departamentos de Filosof\u00eda desde donde tuvo una destacada participaci\u00f3n en el movimiento de defensa de la filosof\u00eda en Chile, labor en la que cabe mencionar tambi\u00e9n otras&nbsp; publicaciones en reconocidos medios del espacio cultural y pol\u00edtico chileno. Desde 2008 ha trasladado su residencia a Espa\u00f1a y actualmente se desempe\u00f1a como Profesor Contratado Doctor en la Facultad de Filosof\u00eda y Letras de la Universidad de Valladolid. En los \u00faltimos a\u00f1os ha sido profesor visitante de la Universidad de Chile en el Programa de Doctorado en Filosof\u00eda menci\u00f3n en Est\u00e9tica y Teor\u00eda del Arte y tambi\u00e9n en la Universidad de Valpara\u00edso en el Doctorado de Humanidades invitado desde el Programa de Desempe\u00f1o financiado por el Ministerio de Educaci\u00f3n. Tambi\u00e9n se ha desempe\u00f1ado como coordinador para Am\u00e9rica Latina del proyecto VECCEU, dentro del Programa Erasmus Mundus de la Comisi\u00f3n Europea.<\/p>\n\n<\/div><\/div>\n<\/div><\/div><\/div>\n<\/div>\n<\/div><\/div>\n\n<div class=\"gb-container gb-container-d866c68f\"><div class=\"gb-inside-container\">\n<div class=\"gb-container gb-container-1354350b\"><div class=\"gb-inside-container\">\n\n<h2 class=\"gb-headline gb-headline-79253eed gb-headline-text\">Puedes encontrar informaci\u00f3n m\u00e1s detallada en:<\/h2>\n\n\n<div class=\"gb-grid-wrapper gb-grid-wrapper-9c153803\">\n<div class=\"gb-grid-column gb-grid-column-c24fe992\"><div class=\"gb-container gb-container-c24fe992\"><div class=\"gb-inside-container\"><\/div><\/div><\/div>\n\n<div class=\"gb-grid-column gb-grid-column-0bd0067b\"><div class=\"gb-container gb-container-0bd0067b\"><div class=\"gb-inside-container\"><\/div><\/div><\/div>\n<\/div>\n<\/div><\/div>\n<\/div><\/div>\n<\/div><\/div>","protected":false},"excerpt":{"rendered":"<p>Fernando Long\u00e1s Puedes encontrar informaci\u00f3n m\u00e1s detallada en:<\/p>\n","protected":false},"author":12,"featured_media":0,"parent":0,"menu_order":0,"comment_status":"closed","ping_status":"closed","template":"","meta":{"footnotes":""},"class_list":{"0":"post-2883","1":"page","2":"type-page","3":"status-publish","5":"infinite-scroll-item","6":"no-featured-image-padding"},"_links":{"self":[{"href":"https:\/\/albergueweb1.uva.es\/filosofia-departamento\/wp-json\/wp\/v2\/pages\/2883","targetHints":{"allow":["GET"]}}],"collection":[{"href":"https:\/\/albergueweb1.uva.es\/filosofia-departamento\/wp-json\/wp\/v2\/pages"}],"about":[{"href":"https:\/\/albergueweb1.uva.es\/filosofia-departamento\/wp-json\/wp\/v2\/types\/page"}],"author":[{"embeddable":true,"href":"https:\/\/albergueweb1.uva.es\/filosofia-departamento\/wp-json\/wp\/v2\/users\/12"}],"replies":[{"embeddable":true,"href":"https:\/\/albergueweb1.uva.es\/filosofia-departamento\/wp-json\/wp\/v2\/comments?post=2883"}],"version-history":[{"count":21,"href":"https:\/\/albergueweb1.uva.es\/filosofia-departamento\/wp-json\/wp\/v2\/pages\/2883\/revisions"}],"predecessor-version":[{"id":6323,"href":"https:\/\/albergueweb1.uva.es\/filosofia-departamento\/wp-json\/wp\/v2\/pages\/2883\/revisions\/6323"}],"wp:attachment":[{"href":"https:\/\/albergueweb1.uva.es\/filosofia-departamento\/wp-json\/wp\/v2\/media?parent=2883"}],"curies":[{"name":"wp","href":"https:\/\/api.w.org\/{rel}","templated":true}]}}