{"id":3007,"date":"2022-07-13T16:04:51","date_gmt":"2022-07-13T16:04:51","guid":{"rendered":"https:\/\/albergueweb1.uva.es\/filosofia-departamento\/?page_id=3007"},"modified":"2025-11-11T18:45:16","modified_gmt":"2025-11-11T18:45:16","slug":"jose-hernandez-conde","status":"publish","type":"page","link":"https:\/\/albergueweb1.uva.es\/filosofia-departamento\/jose-hernandez-conde\/","title":{"rendered":"Jose Hernandez-Conde"},"content":{"rendered":"<div class=\"gb-container gb-container-5614a8aa\"><div class=\"gb-inside-container\">\n<div class=\"gb-container gb-container-83c87103\"><div class=\"gb-inside-container\">\n\n<h2 class=\"gb-headline gb-headline-d849a2fd gb-headline-text tituloT\">Jos\u00e9 Hern\u00e1ndez Conde<\/h2>\n\n<\/div><\/div>\n\n<div class=\"gb-container gb-container-93c98117\"><div class=\"gb-inside-container\">\n<div class=\"gb-grid-wrapper gb-grid-wrapper-70de1bb0\">\n<div class=\"gb-grid-column gb-grid-column-43661613\"><div class=\"gb-container gb-container-43661613\"><div class=\"gb-inside-container\">\n\n<figure class=\"wp-block-image size-full\"><img loading=\"lazy\" decoding=\"async\" width=\"400\" height=\"400\" src=\"https:\/\/albergueweb1.uva.es\/filosofia-departamento\/wp-content\/uploads\/2023\/04\/JoseHernandez.jpg\" alt=\"\" class=\"wp-image-5834\" srcset=\"https:\/\/albergueweb1.uva.es\/filosofia-departamento\/wp-content\/uploads\/2023\/04\/JoseHernandez.jpg 400w, https:\/\/albergueweb1.uva.es\/filosofia-departamento\/wp-content\/uploads\/2023\/04\/JoseHernandez-300x300.jpg 300w, https:\/\/albergueweb1.uva.es\/filosofia-departamento\/wp-content\/uploads\/2023\/04\/JoseHernandez-150x150.jpg 150w\" sizes=\"auto, (max-width: 400px) 100vw, 400px\" \/><\/figure>\n\n\n<div class=\"gb-container gb-container-82495d80\"><div class=\"gb-inside-container\">\n\n<h4 class=\"gb-headline gb-headline-87b440f7 gb-headline-text\">Jos\u00e9 Vicente Hern\u00e1ndez Conde<\/h4>\n\n\n\n<h5 class=\"gb-headline gb-headline-804e1749 gb-headline-text\">Profesor Permanente Laboral. L\u00f3gica y Filosof\u00eda de la Ciencia<\/h5>\n\n\n\n<h5 class=\"gb-headline gb-headline-a873f069 gb-headline-text parrafo\">Campus de Valladolid<\/h5>\n\n\n\n<h5 class=\"gb-headline gb-headline-203e2aa4 parrafo\"><span class=\"gb-icon\"><svg aria-hidden=\"true\" role=\"img\" height=\"1em\" width=\"1em\" viewBox=\"0 0 512 512\" xmlns=\"http:\/\/www.w3.org\/2000\/svg\"><path fill=\"currentColor\" d=\"M493.4 24.6l-104-24c-11.3-2.6-22.9 3.3-27.5 13.9l-48 112c-4.2 9.8-1.4 21.3 6.9 28l60.6 49.6c-36 76.7-98.9 140.5-177.2 177.2l-49.6-60.6c-6.8-8.3-18.2-11.1-28-6.9l-112 48C3.9 366.5-2 378.1.6 389.4l24 104C27.1 504.2 36.7 512 48 512c256.1 0 464-207.5 464-464 0-11.2-7.7-20.9-18.6-23.4z\"><\/path><\/svg><\/span><span class=\"gb-headline-text\"> 983 186 562<\/span><\/h5>\n\n\n\n<h5 class=\"gb-headline gb-headline-eba8f625 parrafo\"><span class=\"gb-icon\"><svg aria-hidden=\"true\" role=\"img\" height=\"1em\" width=\"1em\" viewBox=\"0 0 512 512\" xmlns=\"http:\/\/www.w3.org\/2000\/svg\"><path fill=\"currentColor\" d=\"M464 64H48C21.49 64 0 85.49 0 112v288c0 26.51 21.49 48 48 48h416c26.51 0 48-21.49 48-48V112c0-26.51-21.49-48-48-48zm0 48v40.805c-22.422 18.259-58.168 46.651-134.587 106.49-16.841 13.247-50.201 45.072-73.413 44.701-23.208.375-56.579-31.459-73.413-44.701C106.18 199.465 70.425 171.067 48 152.805V112h416zM48 400V214.398c22.914 18.251 55.409 43.862 104.938 82.646 21.857 17.205 60.134 55.186 103.062 54.955 42.717.231 80.509-37.199 103.053-54.947 49.528-38.783 82.032-64.401 104.947-82.653V400H48z\"><\/path><\/svg><\/span><span class=\"gb-headline-text\">jhercon@uva.es<\/span><\/h5>\n\n\n\n<h5 class=\"gb-headline gb-headline-e1244892 gb-headline-text parrafo\">N\u00ba de sexenios de investigaci\u00f3n: <strong>1<\/strong><\/h5>\n\n<\/div><\/div>\n<\/div><\/div><\/div>\n\n<div class=\"gb-grid-column gb-grid-column-2489bac5\"><div class=\"gb-container gb-container-2489bac5\"><div class=\"gb-inside-container\">\n\n<h2 class=\"gb-headline gb-headline-21228abb gb-headline-text\">BIO<\/h2>\n\n\n<div class=\"gb-container gb-container-ae09a9d8\"><div class=\"gb-inside-container\">\n\n<p>Jos\u00e9 V. Hern\u00e1ndez-Conde es profesor de filosof\u00eda del lenguaje, filosof\u00eda de la mente, de la conciencia e inteligencia artificial. Desde 2025 es Vicedecano de Ordenaci\u00f3n Acad\u00e9mica de la Facultad de Filosof\u00eda y Letras, y director del laboratorio HumanIA Lab.<\/p>\n\n\n\n<p>Se doctor\u00f3 en Filosof\u00eda por la Universidad del Pa\u00eds Vasco (UPV\/EHU) en 2019, con una tesis sobre el origen y formaci\u00f3n del significado y los conceptos, dirigida por Agust\u00edn Vicente (Ikerbasque). Durante su doctorado fue investigador visitante en la Universidad de Salzburgo (2015) y en la Universidad de Pittsburgh (2016), bajo la direcci\u00f3n de Christopher Gauker y Edouard Machery, respectivamente.<\/p>\n\n\n\n<p>Sus \u00e1reas de especializaci\u00f3n son la epistemolog\u00eda, filosof\u00edas del lenguaje y de la mente, e inteligencia artificial, estando altamente interesado en los enfoques de tipo experimental. Su trabajo reciente se ha centrado en la investigaci\u00f3n de la posibilidad de concebir la comunicaci\u00f3n humana en t\u00e9rminos de expectativas, en los fen\u00f3menos de dependencia contextual en filosof\u00eda del lenguaje y epistemolog\u00eda, y en el estudio experimental de la adquisici\u00f3n y desarrollo la cognici\u00f3n y el lenguaje en sujetos con trayectorias de desarrollo no t\u00edpicas.<\/p>\n\n\n\n<p>Entre 2016 y 2018 fue miembro del proyecto de <em>XPhi Replicability Project<\/em> (PIs: Florian Cova y Brent Strickland), y en la actualidad es miembro del grupo <a href=\"https:\/\/lindy-lab.eus\/\">Lindy Lab<\/a> (Language in Neurodiversity) de la UPV\/EHU. Su trabajo ha aparecido en revistas tales como <em>Synthese<\/em>, <em>Theoria<\/em>, <em>Review of Philosophy and Psychology<\/em> o <em>Language Learning &amp; Development<\/em>.<\/p>\n\n\n\n<p>En septiembre de 2022 le fue concedida la <a href=\"https:\/\/www.redleonardo.es\/beneficiario\/jose-vicente-hernandez-conde\/\">Beca Leonardo a Investigadores y Creadores Culturales de la Fundaci\u00f3n BBVA<\/a> con el proyecto \u00ab<a href=\"https:\/\/keama.uva.es\/\">Estudio del efecto Knobe para condiciones de tipo moral, est\u00e9tico y al\u00e9tico<\/a>\u00bb (<a href=\"https:\/\/keama.uva.es\/\" target=\"_blank\" rel=\"noreferrer noopener\">Proyecto KEAMA<\/a>). Desde 2024 pertenece al <em>Centro de Inteligencia Artificial<\/em> (UVaIA) de la Universidad de Valladolid.<\/p>\n\n\n\n<p>Desde octubre de 2021 coordina el <a href=\"https:\/\/philid.uva.es\/proyectos\/\" target=\"_blank\" rel=\"noreferrer noopener\">Proyecto de Innovaci\u00f3n Docente (PID) <em>PHIL-GAMES<\/em><\/a> centrado en el empleo de nuevas estrategias did\u00e1cticas basadas en la gamificaci\u00f3n en asignaturas del Grado en Filosof\u00eda, y desde 2023 es miembro del PID <em><a href=\"https:\/\/philid.uva.es\/proyectos\/\" target=\"_blank\" rel=\"noreferrer noopener\">PENSA-FIL<\/a><\/em>, cuyo objetivo es visibilizar el pensamiento cr\u00edtico en la docencia del grado.<\/p>\n\n\n\n<p>En noviembre de 2023 fue publicado su primer libro <em><a href=\"https:\/\/latam.casadellibro.com\/libro-iniciacion-filosofica-para-universitarios\/9788413202655\/14398557\" target=\"_blank\" rel=\"noreferrer noopener\">Iniciaci\u00f3n filos\u00f3fica para universitarios<\/a><\/em>, un texto acad\u00e9mico orientado a un p\u00fablico universitario que introduce al lector en los principales temas, ideas y problemas que conforman la disciplina filos\u00f3fica.<\/p>\n\n\n\n<p>Adem\u00e1s de Licenciado en Filosof\u00eda (2012) por la Universidad de Valladolid, es tambi\u00e9n Ingeniero de Telecomunicaciones (1999) y Licenciado en Investigaci\u00f3n y T\u00e9cnicas de Mercado (2001) por dicha misma universidad.<\/p>\n\n\n\n<div class=\"wp-block-columns is-layout-flex wp-container-core-columns-is-layout-9d6595d7 wp-block-columns-is-layout-flex\">\n<div class=\"wp-block-column is-layout-flow wp-block-column-is-layout-flow\"><div class=\"wp-block-image\">\n<figure class=\"aligncenter size-large is-resized\"><a href=\"https:\/\/keama.blogs.uva.es\/\" target=\"_blank\" rel=\"noreferrer noopener\"><img loading=\"lazy\" decoding=\"async\" width=\"1024\" height=\"397\" src=\"https:\/\/albergueweb1.uva.es\/filosofia-departamento\/wp-content\/uploads\/2023\/12\/Keama-Logo-1-1024x397.png\" alt=\"\" class=\"wp-image-5876\" style=\"width:212px;height:auto\" srcset=\"https:\/\/albergueweb1.uva.es\/filosofia-departamento\/wp-content\/uploads\/2023\/12\/Keama-Logo-1-1024x397.png 1024w, https:\/\/albergueweb1.uva.es\/filosofia-departamento\/wp-content\/uploads\/2023\/12\/Keama-Logo-1-300x116.png 300w, https:\/\/albergueweb1.uva.es\/filosofia-departamento\/wp-content\/uploads\/2023\/12\/Keama-Logo-1-768x298.png 768w, https:\/\/albergueweb1.uva.es\/filosofia-departamento\/wp-content\/uploads\/2023\/12\/Keama-Logo-1.png 1324w\" sizes=\"auto, (max-width: 1024px) 100vw, 1024px\" \/><\/a><\/figure>\n<\/div><\/div>\n\n\n\n<div class=\"wp-block-column is-layout-flow wp-block-column-is-layout-flow\"><div class=\"wp-block-image\">\n<figure class=\"aligncenter size-large is-resized\"><a href=\"https:\/\/philid.blogs.uva.es\/\" target=\"_blank\" rel=\"noreferrer noopener\"><img loading=\"lazy\" decoding=\"async\" width=\"1024\" height=\"346\" src=\"https:\/\/albergueweb1.uva.es\/filosofia-departamento\/wp-content\/uploads\/2023\/12\/PhilID-Logo-2-1024x346.png\" alt=\"\" class=\"wp-image-5875\" style=\"width:246px;height:auto\" srcset=\"https:\/\/albergueweb1.uva.es\/filosofia-departamento\/wp-content\/uploads\/2023\/12\/PhilID-Logo-2-1024x346.png 1024w, https:\/\/albergueweb1.uva.es\/filosofia-departamento\/wp-content\/uploads\/2023\/12\/PhilID-Logo-2-300x101.png 300w, https:\/\/albergueweb1.uva.es\/filosofia-departamento\/wp-content\/uploads\/2023\/12\/PhilID-Logo-2-768x260.png 768w, https:\/\/albergueweb1.uva.es\/filosofia-departamento\/wp-content\/uploads\/2023\/12\/PhilID-Logo-2-1536x519.png 1536w, https:\/\/albergueweb1.uva.es\/filosofia-departamento\/wp-content\/uploads\/2023\/12\/PhilID-Logo-2.png 1612w\" sizes=\"auto, (max-width: 1024px) 100vw, 1024px\" \/><\/a><\/figure>\n<\/div><\/div>\n<\/div>\n\n<\/div><\/div>\n<\/div><\/div><\/div>\n<\/div>\n<\/div><\/div>\n\n<div class=\"gb-container gb-container-d866c68f\"><div class=\"gb-inside-container\">\n<div class=\"gb-container gb-container-1354350b\"><div class=\"gb-inside-container\">\n\n<h2 class=\"gb-headline gb-headline-79253eed gb-headline-text\">Puedes encontrar informaci\u00f3n m\u00e1s detallada en:<\/h2>\n\n\n<div class=\"gb-grid-wrapper gb-grid-wrapper-9c153803\">\n<div class=\"gb-grid-column gb-grid-column-0bd0067b\"><div class=\"gb-container gb-container-0bd0067b\"><div class=\"gb-inside-container\">\n\n<figure class=\"wp-block-image size-large is-resized\"><a href=\"https:\/\/www.researchgate.net\/profile\/Jose-Hernandez-Conde\" target=\"_blank\" rel=\"noopener\"><img decoding=\"async\" src=\"https:\/\/albergueweb1.uva.es\/filosofia-departamento\/wp-content\/uploads\/2022\/07\/ResearchGate_Logo.png\" alt=\"\" style=\"width:137px;height:43px\"\/><\/a><\/figure>\n\n<\/div><\/div><\/div>\n\n<div class=\"gb-grid-column gb-grid-column-2c1a210a\"><div class=\"gb-container gb-container-2c1a210a\"><div class=\"gb-inside-container\">\n\n<figure class=\"wp-block-image size-full is-resized\"><a href=\"https:\/\/orcid.org\/0000-0002-8502-6570\" target=\"_blank\" rel=\"noopener\"><img decoding=\"async\" src=\"https:\/\/albergueweb1.uva.es\/filosofia-departamento\/wp-content\/uploads\/2022\/07\/orcid.jpg\" alt=\"\" class=\"wp-image-5752\" style=\"width:103px;height:39px\"\/><\/a><\/figure>\n\n<\/div><\/div><\/div>\n\n<div class=\"gb-grid-column gb-grid-column-35491cdf\"><div class=\"gb-container gb-container-35491cdf\"><div class=\"gb-inside-container\">\n\n<figure class=\"wp-block-image size-full is-resized\"><a href=\"https:\/\/scholar.google.es\/citations?user=mPmmMOQAAAAJ\" target=\"_blank\" rel=\"noopener\"><img decoding=\"async\" src=\"https:\/\/albergueweb1.uva.es\/filosofia-departamento\/wp-content\/uploads\/2022\/07\/Google_Scholar.png\" alt=\"\" class=\"wp-image-5752\" style=\"width:133px;height:33px\"\/><\/a><\/figure>\n\n<\/div><\/div><\/div>\n<\/div>\n<\/div><\/div>\n<\/div><\/div>\n<\/div><\/div>","protected":false},"excerpt":{"rendered":"<p>Jos\u00e9 Hern\u00e1ndez Conde Puedes encontrar informaci\u00f3n m\u00e1s detallada en:<\/p>\n","protected":false},"author":12,"featured_media":0,"parent":0,"menu_order":0,"comment_status":"closed","ping_status":"closed","template":"","meta":{"footnotes":""},"class_list":{"0":"post-3007","1":"page","2":"type-page","3":"status-publish","5":"infinite-scroll-item","6":"no-featured-image-padding"},"_links":{"self":[{"href":"https:\/\/albergueweb1.uva.es\/filosofia-departamento\/wp-json\/wp\/v2\/pages\/3007","targetHints":{"allow":["GET"]}}],"collection":[{"href":"https:\/\/albergueweb1.uva.es\/filosofia-departamento\/wp-json\/wp\/v2\/pages"}],"about":[{"href":"https:\/\/albergueweb1.uva.es\/filosofia-departamento\/wp-json\/wp\/v2\/types\/page"}],"author":[{"embeddable":true,"href":"https:\/\/albergueweb1.uva.es\/filosofia-departamento\/wp-json\/wp\/v2\/users\/12"}],"replies":[{"embeddable":true,"href":"https:\/\/albergueweb1.uva.es\/filosofia-departamento\/wp-json\/wp\/v2\/comments?post=3007"}],"version-history":[{"count":58,"href":"https:\/\/albergueweb1.uva.es\/filosofia-departamento\/wp-json\/wp\/v2\/pages\/3007\/revisions"}],"predecessor-version":[{"id":6379,"href":"https:\/\/albergueweb1.uva.es\/filosofia-departamento\/wp-json\/wp\/v2\/pages\/3007\/revisions\/6379"}],"wp:attachment":[{"href":"https:\/\/albergueweb1.uva.es\/filosofia-departamento\/wp-json\/wp\/v2\/media?parent=3007"}],"curies":[{"name":"wp","href":"https:\/\/api.w.org\/{rel}","templated":true}]}}