{"id":3024,"date":"2022-07-13T16:24:26","date_gmt":"2022-07-13T16:24:26","guid":{"rendered":"https:\/\/albergueweb1.uva.es\/filosofia-departamento\/?page_id=3024"},"modified":"2026-02-01T11:39:46","modified_gmt":"2026-02-01T11:39:46","slug":"maria-caamano","status":"publish","type":"page","link":"https:\/\/albergueweb1.uva.es\/filosofia-departamento\/maria-caamano\/","title":{"rendered":"Maria Caamano"},"content":{"rendered":"<div class=\"gb-container gb-container-5614a8aa\"><div class=\"gb-inside-container\">\n<div class=\"gb-container gb-container-83c87103\"><div class=\"gb-inside-container\">\n\n<h2 class=\"gb-headline gb-headline-d849a2fd gb-headline-text tituloT\">Mar\u00eda Caama\u00f1o<\/h2>\n\n<\/div><\/div>\n\n<div class=\"gb-container gb-container-93c98117\"><div class=\"gb-inside-container\">\n<div class=\"gb-grid-wrapper gb-grid-wrapper-70de1bb0\">\n<div class=\"gb-grid-column gb-grid-column-43661613\"><div class=\"gb-container gb-container-43661613\"><div class=\"gb-inside-container\">\n\n<figure class=\"wp-block-image size-full\"><img decoding=\"async\" src=\"https:\/\/albergueweb1.uva.es\/filosofia-departamento\/wp-content\/uploads\/2025\/05\/maria-caamano.jpg\" alt=\"\" class=\"wp-image-6097\" style=\"aspect-ratio:1;object-fit:cover\"\/><\/figure>\n\n\n<div class=\"gb-container gb-container-82495d80\"><div class=\"gb-inside-container\">\n\n<h4 class=\"gb-headline gb-headline-87b440f7 gb-headline-text\">Mar\u00eda C. Caama\u00f1o Alegre<\/h4>\n\n\n\n<h5 class=\"gb-headline gb-headline-804e1749 gb-headline-text\">Profesora Titular de Universidad. L\u00f3gica y Filosof\u00eda de la Ciencia<\/h5>\n\n\n\n<h5 class=\"gb-headline gb-headline-a873f069 gb-headline-text parrafo\">Campus de Valladolid<\/h5>\n\n\n\n<h5 class=\"gb-headline gb-headline-a7a2740e parrafo\"><span class=\"gb-icon\"><svg aria-hidden=\"true\" role=\"img\" height=\"1em\" width=\"1em\" viewBox=\"0 0 512 512\" xmlns=\"http:\/\/www.w3.org\/2000\/svg\"><path fill=\"currentColor\" d=\"M493.4 24.6l-104-24c-11.3-2.6-22.9 3.3-27.5 13.9l-48 112c-4.2 9.8-1.4 21.3 6.9 28l60.6 49.6c-36 76.7-98.9 140.5-177.2 177.2l-49.6-60.6c-6.8-8.3-18.2-11.1-28-6.9l-112 48C3.9 366.5-2 378.1.6 389.4l24 104C27.1 504.2 36.7 512 48 512c256.1 0 464-207.5 464-464 0-11.2-7.7-20.9-18.6-23.4z\"><\/path><\/svg><\/span><span class=\"gb-headline-text\">983 184 186<\/span><\/h5>\n\n\n\n<h5 class=\"gb-headline gb-headline-1643b780\"><span class=\"gb-icon\"><svg aria-hidden=\"true\" role=\"img\" height=\"1em\" width=\"1em\" viewBox=\"0 0 512 512\" xmlns=\"http:\/\/www.w3.org\/2000\/svg\"><path fill=\"currentColor\" d=\"M464 64H48C21.49 64 0 85.49 0 112v288c0 26.51 21.49 48 48 48h416c26.51 0 48-21.49 48-48V112c0-26.51-21.49-48-48-48zm0 48v40.805c-22.422 18.259-58.168 46.651-134.587 106.49-16.841 13.247-50.201 45.072-73.413 44.701-23.208.375-56.579-31.459-73.413-44.701C106.18 199.465 70.425 171.067 48 152.805V112h416zM48 400V214.398c22.914 18.251 55.409 43.862 104.938 82.646 21.857 17.205 60.134 55.186 103.062 54.955 42.717.231 80.509-37.199 103.053-54.947 49.528-38.783 82.032-64.401 104.947-82.653V400H48z\"><\/path><\/svg><\/span><span class=\"gb-headline-text\">mariaconcepcion.caamano@uva.es<\/span><\/h5>\n\n\n\n<h5 class=\"gb-headline gb-headline-454df7b2 gb-headline-text parrafo\">N\u00ba de sexenios de investigaci\u00f3n: <strong>3<\/strong><\/h5>\n\n<\/div><\/div>\n<\/div><\/div><\/div>\n\n<div class=\"gb-grid-column gb-grid-column-2489bac5\"><div class=\"gb-container gb-container-2489bac5\"><div class=\"gb-inside-container\">\n\n<h2 class=\"gb-headline gb-headline-21228abb gb-headline-text\">BIO<\/h2>\n\n\n<div class=\"gb-container gb-container-ae09a9d8\"><div class=\"gb-inside-container\">\n\n<p class=\"parrafobio\">Doctora en Filosof\u00eda por la Universidad de Santiago de Compostela (2004), fue becaria posdoctoral Fulbright en la Universidad de Stanford antes de incorporarse a la Universidad de Valladolid (2007), donde actualmente es Profesora Titular en el \u00c1rea de L\u00f3gica y Filosof\u00eda de la Ciencia. Sus principales \u00e1reas de inter\u00e9s son la filosof\u00eda y metodolog\u00eda de la ciencia, aunque tambi\u00e9n considera \u00e1reas cercanas la filosof\u00eda del lenguaje y la epistemolog\u00eda. En su investigaci\u00f3n ha abordado cuestiones como la inconmensurabilidad entre teor\u00edas cient\u00edficas, la evaluaci\u00f3n de teor\u00edas, la validez experimental y las peculiaridades metodol\u00f3gicas de las ciencias sociales, cuestiones sobre las que ha publicado extensamente en revistas como\u202f<em>Erkenntnis, Synthese, International Studies in the Philosophy of Science, Foundations of Science, Journal for General Philosophy of Science<\/em>, <em>Philosophy Compass<\/em>, entre otras.&nbsp;<\/p>\n\n\n\n<p class=\"parrafobio\">Algunas de sus publicaciones recientes se centran en el problema de la infradeterminaci\u00f3n te\u00f3rica y la modelizaci\u00f3n de datos. Es miembro del Grupo de Investigaci\u00f3n Reconocido \u201cSem\u00e1ntica y Composicionalidad\u201d e IP del proyecto \u201cModelizaci\u00f3n de datos y el problema de la ambig\u00fcedad de los resultados experimentales\u201d, financiado por el Ministerio de Ciencia, Innovaci\u00f3n y Universidades. Actualmente, ejerce como Coordinadora (por la UVa) del Programa de Doctorado Interuniversitario en L\u00f3gica y Filosof\u00eda de la Ciencia, como gestora de la sub\u00e1rea cient\u00edfica de\u202fFilosof\u00eda en la Agencia Estatal de Investigaci\u00f3n y codirige, desde 2017, el festival de filosof\u00eda\u202f<em>Valladolid Piensa<\/em>.\u00a0<\/p>\n\n<\/div><\/div>\n<\/div><\/div><\/div>\n<\/div>\n<\/div><\/div>\n\n<div class=\"gb-container gb-container-d866c68f\"><div class=\"gb-inside-container\">\n<div class=\"gb-container gb-container-1354350b\"><div class=\"gb-inside-container\">\n\n<h2 class=\"gb-headline gb-headline-79253eed gb-headline-text\">Puedes encontrar informaci\u00f3n m\u00e1s detallada en:<\/h2>\n\n\n<div class=\"gb-grid-wrapper gb-grid-wrapper-9c153803\">\n<div class=\"gb-grid-column gb-grid-column-c24fe992\"><div class=\"gb-container gb-container-c24fe992\"><div class=\"gb-inside-container\">\n\n<figure class=\"wp-block-image size-full is-resized\"><a href=\"https:\/\/www.researchgate.net\/profile\/Maria-Caamano-Alegre?ev=hdr_xprf\" target=\"_blank\" rel=\"noopener\"><img loading=\"lazy\" decoding=\"async\" width=\"450\" height=\"141\" src=\"https:\/\/albergueweb1.uva.es\/filosofia-departamento\/wp-content\/uploads\/2022\/07\/ResearchGate_Logo.png\" alt=\"\" class=\"wp-image-2897\" style=\"width:137px;height:43px\" srcset=\"https:\/\/albergueweb1.uva.es\/filosofia-departamento\/wp-content\/uploads\/2022\/07\/ResearchGate_Logo.png 450w, https:\/\/albergueweb1.uva.es\/filosofia-departamento\/wp-content\/uploads\/2022\/07\/ResearchGate_Logo-300x94.png 300w\" sizes=\"auto, (max-width: 450px) 100vw, 450px\" \/><\/a><\/figure>\n\n<\/div><\/div><\/div>\n\n<div class=\"gb-grid-column gb-grid-column-0bd0067b\"><div class=\"gb-container gb-container-0bd0067b\"><div class=\"gb-inside-container\"><\/div><\/div><\/div>\n<\/div>\n<\/div><\/div>\n<\/div><\/div>\n<\/div><\/div>","protected":false},"excerpt":{"rendered":"<p>Mar\u00eda Caama\u00f1o Puedes encontrar informaci\u00f3n m\u00e1s detallada en:<\/p>\n","protected":false},"author":12,"featured_media":0,"parent":0,"menu_order":0,"comment_status":"closed","ping_status":"closed","template":"","meta":{"footnotes":""},"class_list":{"0":"post-3024","1":"page","2":"type-page","3":"status-publish","5":"infinite-scroll-item","6":"no-featured-image-padding"},"_links":{"self":[{"href":"https:\/\/albergueweb1.uva.es\/filosofia-departamento\/wp-json\/wp\/v2\/pages\/3024","targetHints":{"allow":["GET"]}}],"collection":[{"href":"https:\/\/albergueweb1.uva.es\/filosofia-departamento\/wp-json\/wp\/v2\/pages"}],"about":[{"href":"https:\/\/albergueweb1.uva.es\/filosofia-departamento\/wp-json\/wp\/v2\/types\/page"}],"author":[{"embeddable":true,"href":"https:\/\/albergueweb1.uva.es\/filosofia-departamento\/wp-json\/wp\/v2\/users\/12"}],"replies":[{"embeddable":true,"href":"https:\/\/albergueweb1.uva.es\/filosofia-departamento\/wp-json\/wp\/v2\/comments?post=3024"}],"version-history":[{"count":36,"href":"https:\/\/albergueweb1.uva.es\/filosofia-departamento\/wp-json\/wp\/v2\/pages\/3024\/revisions"}],"predecessor-version":[{"id":6411,"href":"https:\/\/albergueweb1.uva.es\/filosofia-departamento\/wp-json\/wp\/v2\/pages\/3024\/revisions\/6411"}],"wp:attachment":[{"href":"https:\/\/albergueweb1.uva.es\/filosofia-departamento\/wp-json\/wp\/v2\/media?parent=3024"}],"curies":[{"name":"wp","href":"https:\/\/api.w.org\/{rel}","templated":true}]}}