{"id":3032,"date":"2022-07-13T16:32:32","date_gmt":"2022-07-13T16:32:32","guid":{"rendered":"https:\/\/albergueweb1.uva.es\/filosofia-departamento\/?page_id=3032"},"modified":"2025-05-20T18:41:44","modified_gmt":"2025-05-20T18:41:44","slug":"maria-jesus-hermoso","status":"publish","type":"page","link":"https:\/\/albergueweb1.uva.es\/filosofia-departamento\/maria-jesus-hermoso\/","title":{"rendered":"Maria Jesus Hermoso"},"content":{"rendered":"<div class=\"gb-container gb-container-5614a8aa\"><div class=\"gb-inside-container\">\n<div class=\"gb-container gb-container-83c87103\"><div class=\"gb-inside-container\">\n\n<h2 class=\"gb-headline gb-headline-d849a2fd gb-headline-text tituloT\">Mar\u00eda Jes\u00fas Hermoso<\/h2>\n\n<\/div><\/div>\n\n<div class=\"gb-container gb-container-93c98117\"><div class=\"gb-inside-container\">\n<div class=\"gb-grid-wrapper gb-grid-wrapper-70de1bb0\">\n<div class=\"gb-grid-column gb-grid-column-43661613\"><div class=\"gb-container gb-container-43661613\"><div class=\"gb-inside-container\">\n\n<figure class=\"wp-block-image size-full\"><img loading=\"lazy\" decoding=\"async\" width=\"400\" height=\"400\" src=\"https:\/\/albergueweb1.uva.es\/filosofia-departamento\/wp-content\/uploads\/2025\/05\/maria-jesus-hermoso.jpg\" alt=\"\" class=\"wp-image-6244\" srcset=\"https:\/\/albergueweb1.uva.es\/filosofia-departamento\/wp-content\/uploads\/2025\/05\/maria-jesus-hermoso.jpg 400w, https:\/\/albergueweb1.uva.es\/filosofia-departamento\/wp-content\/uploads\/2025\/05\/maria-jesus-hermoso-300x300.jpg 300w, https:\/\/albergueweb1.uva.es\/filosofia-departamento\/wp-content\/uploads\/2025\/05\/maria-jesus-hermoso-150x150.jpg 150w\" sizes=\"auto, (max-width: 400px) 100vw, 400px\" \/><\/figure>\n\n\n<div class=\"gb-container gb-container-82495d80\"><div class=\"gb-inside-container\">\n\n<h4 class=\"gb-headline gb-headline-87b440f7 gb-headline-text\">Mar\u00eda Jes\u00fas Hermoso F\u00e9lix<\/h4>\n\n\n\n<h5 class=\"gb-headline gb-headline-804e1749 gb-headline-text\">Profesora Contratada Doctora. Filosof\u00eda<\/h5>\n\n\n\n<h5 class=\"gb-headline gb-headline-a873f069 gb-headline-text parrafo\">Campus de Valladolid<\/h5>\n\n\n\n<h5 class=\"gb-headline gb-headline-097a6d98 parrafo\"><span class=\"gb-icon\"><svg aria-hidden=\"true\" role=\"img\" height=\"1em\" width=\"1em\" viewBox=\"0 0 512 512\" xmlns=\"http:\/\/www.w3.org\/2000\/svg\"><path fill=\"currentColor\" d=\"M464 64H48C21.49 64 0 85.49 0 112v288c0 26.51 21.49 48 48 48h416c26.51 0 48-21.49 48-48V112c0-26.51-21.49-48-48-48zm0 48v40.805c-22.422 18.259-58.168 46.651-134.587 106.49-16.841 13.247-50.201 45.072-73.413 44.701-23.208.375-56.579-31.459-73.413-44.701C106.18 199.465 70.425 171.067 48 152.805V112h416zM48 400V214.398c22.914 18.251 55.409 43.862 104.938 82.646 21.857 17.205 60.134 55.186 103.062 54.955 42.717.231 80.509-37.199 103.053-54.947 49.528-38.783 82.032-64.401 104.947-82.653V400H48z\"><\/path><\/svg><\/span><span class=\"gb-headline-text\">mariajesus.hermoso@uva.es<\/span><\/h5>\n\n\n\n<h5 class=\"gb-headline gb-headline-e1244892 gb-headline-text parrafo\">N\u00ba de sexenios de investigaci\u00f3n: <strong>1<\/strong><\/h5>\n\n<\/div><\/div>\n<\/div><\/div><\/div>\n\n<div class=\"gb-grid-column gb-grid-column-2489bac5\"><div class=\"gb-container gb-container-2489bac5\"><div class=\"gb-inside-container\">\n\n<h2 class=\"gb-headline gb-headline-21228abb gb-headline-text\">BIO<\/h2>\n\n\n<div class=\"gb-container gb-container-ae09a9d8\"><div class=\"gb-inside-container\">\n\n<p class=\"parrafobio\">Mar\u00eda Jes\u00fas Hermoso F\u00e9lix es doctora en Filosof\u00eda por la Universidad Complutense de Madrid, con Premio extraordinario de doctorado. Se doctor\u00f3 con la tesis: <em>El s\u00edmbolo en el De Mysteriis de J\u00e1mblico: la mediaci\u00f3n entre el hombre y lo divino<\/em>; dirigida por el Catedr\u00e1tico Tom\u00e1s Calvo Mart\u00ednez.&nbsp;<\/p>\n\n\n\n<p>Su experiencia investigadora ha estado vinculada desde su inicio al estudio de la Filosof\u00eda Antigua. Sus l\u00edneas de investigaci\u00f3n se han centrado en la Filosof\u00eda de Plat\u00f3n, Arist\u00f3teles, el Platonismo Medio y el Neoplatonismo, en sus diferentes aspectos ontol\u00f3gico, antropol\u00f3gico y epistemol\u00f3gico.&nbsp;<\/p>\n\n\n\n<p class=\"parrafobio\">Entre sus publicaciones se encuentran: \u201cIndividualidad y conciencia en Plotino\u201d, en <em>T\u00f3picos<\/em>. pp.&nbsp; 304-332, 2022; \u201cEl hombre divino y su car\u00e1cter mediador en el <em>De Mysteriis<\/em> de J\u00e1mblico\u201d, en <em>El concepto de hombre divino en el mundo antiguo y su recepci\u00f3n<\/em> (Marco Alviz y David Hern\u00e1ndez, eds.). Madrid: Dykinson, 2023, pp. 145-163 o \u00abLas ra\u00edces plat\u00f3nicas de la noci\u00f3n de verdad pr\u00e1ctica\u00bb, en <em>Verdad Pr\u00e1ctica. Un concepto en expansi\u00f3n<\/em>, (Jos\u00e9 Manuel Chill\u00f3n, \u00c1ngel Mart\u00ednez y Luca Valera eds.). Granada: Comares, 2022, pp. 41-49.&nbsp;<\/p>\n\n<\/div><\/div>\n<\/div><\/div><\/div>\n<\/div>\n<\/div><\/div>\n<\/div><\/div>\n\n\n<p><\/p>\n","protected":false},"excerpt":{"rendered":"<p>Mar\u00eda Jes\u00fas Hermoso<\/p>\n","protected":false},"author":12,"featured_media":6244,"parent":0,"menu_order":0,"comment_status":"closed","ping_status":"closed","template":"","meta":{"footnotes":""},"class_list":{"0":"post-3032","1":"page","2":"type-page","3":"status-publish","4":"has-post-thumbnail","6":"infinite-scroll-item","7":"no-featured-image-padding","8":"resize-featured-image"},"_links":{"self":[{"href":"https:\/\/albergueweb1.uva.es\/filosofia-departamento\/wp-json\/wp\/v2\/pages\/3032","targetHints":{"allow":["GET"]}}],"collection":[{"href":"https:\/\/albergueweb1.uva.es\/filosofia-departamento\/wp-json\/wp\/v2\/pages"}],"about":[{"href":"https:\/\/albergueweb1.uva.es\/filosofia-departamento\/wp-json\/wp\/v2\/types\/page"}],"author":[{"embeddable":true,"href":"https:\/\/albergueweb1.uva.es\/filosofia-departamento\/wp-json\/wp\/v2\/users\/12"}],"replies":[{"embeddable":true,"href":"https:\/\/albergueweb1.uva.es\/filosofia-departamento\/wp-json\/wp\/v2\/comments?post=3032"}],"version-history":[{"count":17,"href":"https:\/\/albergueweb1.uva.es\/filosofia-departamento\/wp-json\/wp\/v2\/pages\/3032\/revisions"}],"predecessor-version":[{"id":6320,"href":"https:\/\/albergueweb1.uva.es\/filosofia-departamento\/wp-json\/wp\/v2\/pages\/3032\/revisions\/6320"}],"wp:featuredmedia":[{"embeddable":true,"href":"https:\/\/albergueweb1.uva.es\/filosofia-departamento\/wp-json\/wp\/v2\/media\/6244"}],"wp:attachment":[{"href":"https:\/\/albergueweb1.uva.es\/filosofia-departamento\/wp-json\/wp\/v2\/media?parent=3032"}],"curies":[{"name":"wp","href":"https:\/\/api.w.org\/{rel}","templated":true}]}}