{"id":5726,"date":"2022-10-19T19:43:42","date_gmt":"2022-10-19T19:43:42","guid":{"rendered":"https:\/\/albergueweb1.uva.es\/filosofia-departamento\/?page_id=5726"},"modified":"2022-10-19T20:13:35","modified_gmt":"2022-10-19T20:13:35","slug":"maria-garcia","status":"publish","type":"page","link":"https:\/\/albergueweb1.uva.es\/filosofia-departamento\/maria-garcia\/","title":{"rendered":"Maria Garcia"},"content":{"rendered":"<div class=\"gb-container gb-container-5614a8aa\"><div class=\"gb-inside-container\">\n<div class=\"gb-container gb-container-83c87103\"><div class=\"gb-inside-container\">\n\n<h2 class=\"gb-headline gb-headline-d849a2fd gb-headline-text tituloT\">Mar\u00eda Garc\u00eda<\/h2>\n\n<\/div><\/div>\n\n<div class=\"gb-container gb-container-93c98117\"><div class=\"gb-inside-container\">\n<div class=\"gb-grid-wrapper gb-grid-wrapper-70de1bb0\">\n<div class=\"gb-grid-column gb-grid-column-43661613\"><div class=\"gb-container gb-container-43661613\"><div class=\"gb-inside-container\">\n\n<figure class=\"wp-block-image size-full\"><img loading=\"lazy\" decoding=\"async\" width=\"400\" height=\"400\" src=\"https:\/\/albergueweb1.uva.es\/filosofia-departamento\/wp-content\/uploads\/2022\/10\/MariaGarcia.png\" alt=\"\" class=\"wp-image-5725\" srcset=\"https:\/\/albergueweb1.uva.es\/filosofia-departamento\/wp-content\/uploads\/2022\/10\/MariaGarcia.png 400w, https:\/\/albergueweb1.uva.es\/filosofia-departamento\/wp-content\/uploads\/2022\/10\/MariaGarcia-300x300.png 300w, https:\/\/albergueweb1.uva.es\/filosofia-departamento\/wp-content\/uploads\/2022\/10\/MariaGarcia-150x150.png 150w\" sizes=\"auto, (max-width: 400px) 100vw, 400px\" \/><\/figure>\n\n\n<div class=\"gb-container gb-container-82495d80\"><div class=\"gb-inside-container\">\n\n<h4 class=\"gb-headline gb-headline-87b440f7 gb-headline-text\">Mar\u00eda Garc\u00eda P\u00e9rez<\/h4>\n\n\n\n<h5 class=\"gb-headline gb-headline-804e1749 gb-headline-text\">Profesora Ayudante Doctora. Filosof\u00eda<\/h5>\n\n\n\n<h5 class=\"gb-headline gb-headline-a873f069 gb-headline-text parrafo\">Campus de Valladolid<\/h5>\n\n\n\n<h5 class=\"gb-headline gb-headline-51adb4c1\"><span class=\"gb-icon\"><svg aria-hidden=\"true\" role=\"img\" height=\"1em\" width=\"1em\" viewBox=\"0 0 512 512\" xmlns=\"http:\/\/www.w3.org\/2000\/svg\"><path fill=\"currentColor\" d=\"M464 64H48C21.49 64 0 85.49 0 112v288c0 26.51 21.49 48 48 48h416c26.51 0 48-21.49 48-48V112c0-26.51-21.49-48-48-48zm0 48v40.805c-22.422 18.259-58.168 46.651-134.587 106.49-16.841 13.247-50.201 45.072-73.413 44.701-23.208.375-56.579-31.459-73.413-44.701C106.18 199.465 70.425 171.067 48 152.805V112h416zM48 400V214.398c22.914 18.251 55.409 43.862 104.938 82.646 21.857 17.205 60.134 55.186 103.062 54.955 42.717.231 80.509-37.199 103.053-54.947 49.528-38.783 82.032-64.401 104.947-82.653V400H48z\"><\/path><\/svg><\/span><span class=\"gb-headline-text\">maria.garcia.perez@uva.es<\/span><\/h5>\n\n<\/div><\/div>\n<\/div><\/div><\/div>\n\n<div class=\"gb-grid-column gb-grid-column-2489bac5\"><div class=\"gb-container gb-container-2489bac5\"><div class=\"gb-inside-container\">\n\n<h2 class=\"gb-headline gb-headline-21228abb gb-headline-text\">BIO<\/h2>\n\n\n<div class=\"gb-container gb-container-ae09a9d8\"><div class=\"gb-inside-container\">\n\n<p class=\"parrafobio\">Mar\u00eda Garc\u00eda P\u00e9rez es profesora del Departamento de Filosof\u00eda de la Universidad de Valladolid, Doctora en Filosof\u00eda menci\u00f3n <em>cum laude<\/em> por la Universidad de Granada con la tesis <em>Erosof\u00eda y caosmunidad. Pensar la comunidad desde el v\u00ednculo entre Gilles Deleuze y Georges Bataille.<\/em> Licenciada en Filosof\u00eda y M\u00e1ster en Pensamiento contempor\u00e1neo por la Universidad de Murcia, ha realizado diversas estancias de investigaci\u00f3n en l\u2019Universit\u00e9 Paris-Est Cr\u00e9teil (UPEC), tambi\u00e9n ha ejercido como profesora colaboradora en el \u00c1rea de Artes y Humanidades de la Universitat Oberta de Catalunya (UOC) y como profesora colaboradora en la Universidad Nacional a Distancia (UNED).<\/p>\n\n\n\n<p class=\"parrafobio\">Investigadora contratada postdoctoral hasta septiembre de 2022 por la Universidad de Granada (Departamento de Filosof\u00eda II), es miembro del proyecto de investigaci\u00f3n \u00abHerencia y reactualizaci\u00f3n del Barroco como <em>ethos<\/em> inclusivo\u00bb, del que es Investigador Principal (IP) D. Luis S\u00e1ez Rueda. Asimismo, forma parte del grupo de investigaci\u00f3n \u201cMussol, Filosof\u00eda para los retos contempor\u00e1neos\u201d, dirigido por Marina Garc\u00e9s Mascare\u00f1as en la UOC.<\/p>\n\n\n\n<p class=\"parrafobio\">Es autora del libro <em>Pol\u00edticas del amor<\/em> (EUG, 2020), de la publicaci\u00f3n de diversos art\u00edculos en revistas cient\u00edficas de filosof\u00eda y filosof\u00eda pol\u00edtica y moral y miembro del comit\u00e9 editorial de la revista Pensamiento al margen.<\/p>\n\n\n\n<p class=\"parrafobio\">Sus principales l\u00edneas de investigaci\u00f3n son, fundamentalmente: ontolog\u00eda, ontolog\u00eda pol\u00edtica, biopol\u00edtica, pensamiento de la diferencia y pensamiento impol\u00edtico.<\/p>\n\n<\/div><\/div>\n<\/div><\/div><\/div>\n<\/div>\n<\/div><\/div>\n\n<div class=\"gb-container gb-container-d866c68f\"><div class=\"gb-inside-container\">\n<div class=\"gb-container gb-container-1354350b\"><div class=\"gb-inside-container\">\n\n<h2 class=\"gb-headline gb-headline-79253eed gb-headline-text\">Puedes encontrar informaci\u00f3n m\u00e1s detallada en:<\/h2>\n\n\n<div class=\"gb-grid-wrapper gb-grid-wrapper-117c2685\">\n<div class=\"gb-grid-column gb-grid-column-45f3625d\"><div class=\"gb-container gb-container-45f3625d\"><div class=\"gb-inside-container\">\n\n<figure class=\"wp-block-image size-full is-resized\"><a href=\"https:\/\/orcid.org\/0000-0002-3617-4374\" target=\"_blank\" rel=\"noopener\"><img loading=\"lazy\" decoding=\"async\" src=\"https:\/\/albergueweb1.uva.es\/filosofia-departamento\/wp-content\/uploads\/2022\/07\/orcid.jpg\" alt=\"\" class=\"wp-image-2652\" width=\"107\" height=\"40\" srcset=\"https:\/\/albergueweb1.uva.es\/filosofia-departamento\/wp-content\/uploads\/2022\/07\/orcid.jpg 740w, https:\/\/albergueweb1.uva.es\/filosofia-departamento\/wp-content\/uploads\/2022\/07\/orcid-300x114.jpg 300w\" sizes=\"auto, (max-width: 107px) 100vw, 107px\" \/><\/a><\/figure>\n\n<\/div><\/div><\/div>\n<\/div>\n<\/div><\/div>\n<\/div><\/div>\n<\/div><\/div>","protected":false},"excerpt":{"rendered":"<p>Mar\u00eda Garc\u00eda Puedes encontrar informaci\u00f3n m\u00e1s detallada en:<\/p>\n","protected":false},"author":12,"featured_media":0,"parent":0,"menu_order":0,"comment_status":"closed","ping_status":"closed","template":"","meta":{"footnotes":""},"class_list":{"0":"post-5726","1":"page","2":"type-page","3":"status-publish","5":"infinite-scroll-item","6":"no-featured-image-padding"},"_links":{"self":[{"href":"https:\/\/albergueweb1.uva.es\/filosofia-departamento\/wp-json\/wp\/v2\/pages\/5726","targetHints":{"allow":["GET"]}}],"collection":[{"href":"https:\/\/albergueweb1.uva.es\/filosofia-departamento\/wp-json\/wp\/v2\/pages"}],"about":[{"href":"https:\/\/albergueweb1.uva.es\/filosofia-departamento\/wp-json\/wp\/v2\/types\/page"}],"author":[{"embeddable":true,"href":"https:\/\/albergueweb1.uva.es\/filosofia-departamento\/wp-json\/wp\/v2\/users\/12"}],"replies":[{"embeddable":true,"href":"https:\/\/albergueweb1.uva.es\/filosofia-departamento\/wp-json\/wp\/v2\/comments?post=5726"}],"version-history":[{"count":3,"href":"https:\/\/albergueweb1.uva.es\/filosofia-departamento\/wp-json\/wp\/v2\/pages\/5726\/revisions"}],"predecessor-version":[{"id":5740,"href":"https:\/\/albergueweb1.uva.es\/filosofia-departamento\/wp-json\/wp\/v2\/pages\/5726\/revisions\/5740"}],"wp:attachment":[{"href":"https:\/\/albergueweb1.uva.es\/filosofia-departamento\/wp-json\/wp\/v2\/media?parent=5726"}],"curies":[{"name":"wp","href":"https:\/\/api.w.org\/{rel}","templated":true}]}}