{"id":5733,"date":"2022-10-19T20:07:07","date_gmt":"2022-10-19T20:07:07","guid":{"rendered":"https:\/\/albergueweb1.uva.es\/filosofia-departamento\/?page_id=5733"},"modified":"2025-05-20T18:38:47","modified_gmt":"2025-05-20T18:38:47","slug":"joaquin-esteban","status":"publish","type":"page","link":"https:\/\/albergueweb1.uva.es\/filosofia-departamento\/joaquin-esteban\/","title":{"rendered":"Joaquin Esteban"},"content":{"rendered":"<div class=\"gb-container gb-container-5614a8aa\"><div class=\"gb-inside-container\">\n<div class=\"gb-container gb-container-83c87103\"><div class=\"gb-inside-container\">\n\n<h2 class=\"gb-headline gb-headline-d849a2fd gb-headline-text tituloT\">Joaqu\u00edn Esteban<\/h2>\n\n<\/div><\/div>\n\n<div class=\"gb-container gb-container-93c98117\"><div class=\"gb-inside-container\">\n<div class=\"gb-grid-wrapper gb-grid-wrapper-70de1bb0\">\n<div class=\"gb-grid-column gb-grid-column-43661613\"><div class=\"gb-container gb-container-43661613\"><div class=\"gb-inside-container\">\n\n<figure class=\"wp-block-image size-full\"><img loading=\"lazy\" decoding=\"async\" width=\"400\" height=\"400\" src=\"https:\/\/albergueweb1.uva.es\/filosofia-departamento\/wp-content\/uploads\/2022\/10\/JoaquinEsteban.png\" alt=\"\" class=\"wp-image-5724\" srcset=\"https:\/\/albergueweb1.uva.es\/filosofia-departamento\/wp-content\/uploads\/2022\/10\/JoaquinEsteban.png 400w, https:\/\/albergueweb1.uva.es\/filosofia-departamento\/wp-content\/uploads\/2022\/10\/JoaquinEsteban-300x300.png 300w, https:\/\/albergueweb1.uva.es\/filosofia-departamento\/wp-content\/uploads\/2022\/10\/JoaquinEsteban-150x150.png 150w\" sizes=\"auto, (max-width: 400px) 100vw, 400px\" \/><\/figure>\n\n\n<div class=\"gb-container gb-container-82495d80\"><div class=\"gb-inside-container\">\n\n<h4 class=\"gb-headline gb-headline-87b440f7 gb-headline-text\">Joaqu\u00edn Esteban Ortega<\/h4>\n\n\n\n<h5 class=\"gb-headline gb-headline-804e1749 gb-headline-text\">Profesor Permanente Laboral. Filosof\u00eda<\/h5>\n\n\n\n<h5 class=\"gb-headline gb-headline-a873f069 gb-headline-text parrafo\">Campus de Valladolid<\/h5>\n\n\n\n<h5 class=\"gb-headline gb-headline-51adb4c1\"><span class=\"gb-icon\"><svg aria-hidden=\"true\" role=\"img\" height=\"1em\" width=\"1em\" viewBox=\"0 0 512 512\" xmlns=\"http:\/\/www.w3.org\/2000\/svg\"><path fill=\"currentColor\" d=\"M493.4 24.6l-104-24c-11.3-2.6-22.9 3.3-27.5 13.9l-48 112c-4.2 9.8-1.4 21.3 6.9 28l60.6 49.6c-36 76.7-98.9 140.5-177.2 177.2l-49.6-60.6c-6.8-8.3-18.2-11.1-28-6.9l-112 48C3.9 366.5-2 378.1.6 389.4l24 104C27.1 504.2 36.7 512 48 512c256.1 0 464-207.5 464-464 0-11.2-7.7-20.9-18.6-23.4z\"><\/path><\/svg><\/span><span class=\"gb-headline-text\">983 186 559<\/span><\/h5>\n\n\n\n<h5 class=\"gb-headline gb-headline-cfbe542b\"><span class=\"gb-icon\"><svg aria-hidden=\"true\" role=\"img\" height=\"1em\" width=\"1em\" viewBox=\"0 0 512 512\" xmlns=\"http:\/\/www.w3.org\/2000\/svg\"><path fill=\"currentColor\" d=\"M464 64H48C21.49 64 0 85.49 0 112v288c0 26.51 21.49 48 48 48h416c26.51 0 48-21.49 48-48V112c0-26.51-21.49-48-48-48zm0 48v40.805c-22.422 18.259-58.168 46.651-134.587 106.49-16.841 13.247-50.201 45.072-73.413 44.701-23.208.375-56.579-31.459-73.413-44.701C106.18 199.465 70.425 171.067 48 152.805V112h416zM48 400V214.398c22.914 18.251 55.409 43.862 104.938 82.646 21.857 17.205 60.134 55.186 103.062 54.955 42.717.231 80.509-37.199 103.053-54.947 49.528-38.783 82.032-64.401 104.947-82.653V400H48z\"><\/path><\/svg><\/span><span class=\"gb-headline-text\">joaquin.esteban@uva.es<\/span><\/h5>\n\n\n\n<h5 class=\"gb-headline gb-headline-e1244892 gb-headline-text parrafo\">N\u00ba de sexenios de investigaci\u00f3n: <strong>3<\/strong><\/h5>\n\n<\/div><\/div>\n<\/div><\/div><\/div>\n\n<div class=\"gb-grid-column gb-grid-column-2489bac5\"><div class=\"gb-container gb-container-2489bac5\"><div class=\"gb-inside-container\">\n\n<h2 class=\"gb-headline gb-headline-21228abb gb-headline-text\">BIO<\/h2>\n\n\n<div class=\"gb-container gb-container-ae09a9d8\"><div class=\"gb-inside-container\">\n\n<p class=\"parrafobio\">Doctor en Filosof\u00eda por la Universidad de Salamanca (1996) y Doctor en Teor\u00eda de la Educaci\u00f3n por la Universidad de Valladolid (2010). Docente desde 1990 en todos los niveles educativos, ha sido profesor de secundaria durante ocho a\u00f1os, profesor en el Instituto Superior de Filosof\u00eda (UPSA), profesor en la Escuela Universitaria de Magisterio Fray Luis de Le\u00f3n (Adscrita a la UVA) durante seis cursos y profesor director durante veinte a\u00f1os en la Universidad Europea Miguel de Cervantes de Valladolid, en la cual tambi\u00e9n ha ocupado la funci\u00f3n de Vicerrector de Alumnos y Extensi\u00f3n Universitaria durante diez a\u00f1os. En la actualidad es miembro de la C\u00e1tedra de Patrimonio Cultural Inmaterial Europeo de la Universidad de Valladolid.&nbsp;<\/p>\n\n\n\n<p>Fruto de esta actividad docente y acad\u00e9mica ha sido la participaci\u00f3n en diversos proyectos de investigaci\u00f3n nacionales e internacionales (M\u00e9xico, Brasil, Italia) y la publicaci\u00f3n de m\u00faltiples art\u00edculos de investigaci\u00f3n en revistas y de cap\u00edtulos de libros. Ha publicado varios libros cuyo hilo conductor ha sido la aplicaci\u00f3n hermen\u00e9utica:\u202f<em>Emilio Lled\u00f3. Una filosof\u00eda de la memoria<\/em>\u202f(1997);\u202f<em>Memoria, hermen\u00e9utica y educaci\u00f3n<\/em>\u202f(2002)\u202f<em>Universidades reflexivas. Una perspectiva filos\u00f3fica<\/em>\u202f(2005);\u202f<em>La condena hermen\u00e9utica<\/em>\u202f(2010);\u202f<em>El escorzo melanc\u00f3lico de lo real. Ensayo sobre el decrecimiento hermen\u00e9utico y los l\u00edmites de la desnudez<\/em>\u202f(2020);\u202f<em>Antropolog\u00eda hermen\u00e9utica de la gran salud<\/em>\u202f(2021); <em>Surcos antropol\u00f3gicos de arte y literatura<\/em> (2023).&nbsp;<\/p>\n\n\n\n<p>Adem\u00e1s, ha dinamizado un intenso trabajo de edici\u00f3n surgido de su labor como director del Seminario de Sociedad y cultura contempor\u00e1nea (SEMSOCU). Algunos de estos t\u00edtulos editados son\u202f<em>Hermen\u00e9utica anal\u00f3gica en Espa\u00f1a<\/em>\u202f(2008);\u202f<em>Cultura, hermen\u00e9utica y educaci\u00f3n\u202f<\/em>(2008);\u202f<em>Cultura contempor\u00e1nea y pensamiento tr\u00e1gico<\/em>\u202f(2009);\u202f<em>Hermen\u00e9utica del cuerpo y educaci\u00f3n<\/em>\u202f(2009);\u202f<em>Mercado, identidad y espect\u00e1culo en la sociedad de la cultura<\/em>\u202f(2010);\u202f<em>La aceleraci\u00f3n: Velocidad, cultura y comunicaci\u00f3n en los espacios urbanos contempor\u00e1neos<\/em>\u202f(2011);\u202f<em>Palabra y ficci\u00f3n. Literatura, pensamiento y crisis de la cultura<\/em>\u202f(2011);\u202f<em>El imaginario cinematogr\u00e1fico y la sociedad hipermoderna<\/em>\u202f(2013);\u202f<em>La muerte y sus imaginarios (cinematogr\u00e1ficos)\u202f<\/em>(2014);\u202f<em>Marcas del cuerpo en educaci\u00f3n. Imaginarios simb\u00f3licos y materiales<\/em>\u202f(2014).&nbsp;<\/p>\n\n\n\n<p class=\"parrafobio\">Su trabajo de investigaci\u00f3n actual se centra expresamente en cuestiones de hermen\u00e9utica simb\u00f3lica, de la relaci\u00f3n de la literatura con la filosof\u00eda y en la reflexi\u00f3n sobre las claves de la sociedad y el pensamiento contempor\u00e1neos desde un punto de vista transversal, tomando como hilo conductor las diferentes manifestaciones rituales art\u00edsticas y culturales.&nbsp;<\/p>\n\n<\/div><\/div>\n<\/div><\/div><\/div>\n<\/div>\n<\/div><\/div>\n\n<div class=\"gb-container gb-container-7026315e\"><div class=\"gb-inside-container\">\n<div class=\"gb-container gb-container-aa2163d8\"><div class=\"gb-inside-container\">\n\n<h2 class=\"gb-headline gb-headline-081fab67 gb-headline-text\">Puedes encontrar informaci\u00f3n m\u00e1s detallada en:<\/h2>\n\n\n<div class=\"gb-grid-wrapper gb-grid-wrapper-9c153803\">\n<div class=\"gb-grid-column gb-grid-column-0bd0067b\"><div class=\"gb-container gb-container-0bd0067b\"><div class=\"gb-inside-container\">\n\n<figure class=\"wp-block-image size-full is-resized\"><a href=\"https:\/\/dialnet.unirioja.es\/servlet\/autor?codigo=47026\" target=\"_blank\" rel=\"noopener\"><img loading=\"lazy\" decoding=\"async\" width=\"185\" height=\"37\" src=\"https:\/\/albergueweb1.uva.es\/filosofia-departamento\/wp-content\/uploads\/2022\/07\/dialnet.png\" alt=\"\" class=\"wp-image-2956\" style=\"width:auto;height:40px\"\/><\/a><\/figure>\n\n<\/div><\/div><\/div>\n\n<div class=\"gb-grid-column gb-grid-column-2c1a210a\"><div class=\"gb-container gb-container-2c1a210a\"><div class=\"gb-inside-container\">\n\n<figure class=\"wp-block-image size-full is-resized\"><a href=\"https:\/\/orcid.org\/0000-0001-5414-1878\" target=\"_blank\" rel=\"noopener\"><img decoding=\"async\" src=\"https:\/\/albergueweb1.uva.es\/filosofia-departamento\/wp-content\/uploads\/2022\/07\/orcid.jpg\" alt=\"\" class=\"wp-image-5752\" style=\"width:103px;height:39px\"\/><\/a><\/figure>\n\n<\/div><\/div><\/div>\n\n<div class=\"gb-grid-column gb-grid-column-35491cdf\"><div class=\"gb-container gb-container-35491cdf\"><div class=\"gb-inside-container\">\n\n<figure class=\"wp-block-image size-full is-resized\"><a href=\"https:\/\/scholar.google.com\/citations?user=PecJ-YIAAAAJ\" target=\"_blank\" rel=\"noopener\"><img decoding=\"async\" src=\"https:\/\/albergueweb1.uva.es\/filosofia-departamento\/wp-content\/uploads\/2022\/07\/Google_Scholar.png\" alt=\"\" class=\"wp-image-5752\" style=\"width:133px;height:33px\"\/><\/a><\/figure>\n\n<\/div><\/div><\/div>\n<\/div>\n<\/div><\/div>\n<\/div><\/div>\n\n<div class=\"gb-container gb-container-f8c67513\"><div class=\"gb-inside-container\">\n<div class=\"gb-container gb-container-371e2f51\"><div class=\"gb-inside-container\">\n\n<h2 class=\"gb-headline gb-headline-921f6336 gb-headline-text\">Tramos de investigaci\u00f3n reconocidos ANECA-CNEAI:<\/h2>\n\n<\/div><\/div>\n\n<div class=\"gb-container gb-container-8f11f255\"><div class=\"gb-inside-container\">\n\n<p>Primer tramo 2000, 2001, 2002, 2003, 2004, 2005&nbsp;<br>Segundo tramo 2006-2007-2009-2011-2014-2016&nbsp;<br>Tercer tramo 2017-2018-2019-2020-2021-2022 (Vigente)&nbsp;<\/p>\n\n<\/div><\/div>\n<\/div><\/div>\n<\/div><\/div>","protected":false},"excerpt":{"rendered":"<p>Joaqu\u00edn Esteban Puedes encontrar informaci\u00f3n m\u00e1s detallada en: Tramos de investigaci\u00f3n reconocidos &#8230; <\/p>\n<p class=\"read-more-container\"><a title=\"Joaquin Esteban\" class=\"read-more button\" href=\"https:\/\/albergueweb1.uva.es\/filosofia-departamento\/joaquin-esteban\/#more-5733\" aria-label=\"M\u00e1s en Joaquin Esteban\">Leer m\u00e1s<\/a><\/p>\n","protected":false},"author":12,"featured_media":0,"parent":0,"menu_order":0,"comment_status":"closed","ping_status":"closed","template":"","meta":{"footnotes":""},"class_list":{"0":"post-5733","1":"page","2":"type-page","3":"status-publish","5":"infinite-scroll-item","6":"no-featured-image-padding"},"_links":{"self":[{"href":"https:\/\/albergueweb1.uva.es\/filosofia-departamento\/wp-json\/wp\/v2\/pages\/5733","targetHints":{"allow":["GET"]}}],"collection":[{"href":"https:\/\/albergueweb1.uva.es\/filosofia-departamento\/wp-json\/wp\/v2\/pages"}],"about":[{"href":"https:\/\/albergueweb1.uva.es\/filosofia-departamento\/wp-json\/wp\/v2\/types\/page"}],"author":[{"embeddable":true,"href":"https:\/\/albergueweb1.uva.es\/filosofia-departamento\/wp-json\/wp\/v2\/users\/12"}],"replies":[{"embeddable":true,"href":"https:\/\/albergueweb1.uva.es\/filosofia-departamento\/wp-json\/wp\/v2\/comments?post=5733"}],"version-history":[{"count":9,"href":"https:\/\/albergueweb1.uva.es\/filosofia-departamento\/wp-json\/wp\/v2\/pages\/5733\/revisions"}],"predecessor-version":[{"id":6318,"href":"https:\/\/albergueweb1.uva.es\/filosofia-departamento\/wp-json\/wp\/v2\/pages\/5733\/revisions\/6318"}],"wp:attachment":[{"href":"https:\/\/albergueweb1.uva.es\/filosofia-departamento\/wp-json\/wp\/v2\/media?parent=5733"}],"curies":[{"name":"wp","href":"https:\/\/api.w.org\/{rel}","templated":true}]}}