{"id":6188,"date":"2025-05-09T19:07:29","date_gmt":"2025-05-09T19:07:29","guid":{"rendered":"https:\/\/albergueweb1.uva.es\/filosofia-departamento\/?page_id=6188"},"modified":"2026-03-03T20:54:07","modified_gmt":"2026-03-03T20:54:07","slug":"victor-cases","status":"publish","type":"page","link":"https:\/\/albergueweb1.uva.es\/filosofia-departamento\/victor-cases\/","title":{"rendered":"V\u00edctor Cases"},"content":{"rendered":"<div class=\"gb-container gb-container-5614a8aa\"><div class=\"gb-inside-container\">\n<div class=\"gb-container gb-container-83c87103\"><div class=\"gb-inside-container\">\n\n<h2 class=\"gb-headline gb-headline-d849a2fd gb-headline-text tituloT\">V\u00edctor Cases<\/h2>\n\n<\/div><\/div>\n\n<div class=\"gb-container gb-container-93c98117\"><div class=\"gb-inside-container\">\n<div class=\"gb-grid-wrapper gb-grid-wrapper-70de1bb0\">\n<div class=\"gb-grid-column gb-grid-column-43661613\"><div class=\"gb-container gb-container-43661613\"><div class=\"gb-inside-container\">\n\n<figure class=\"wp-block-image size-full\"><img loading=\"lazy\" decoding=\"async\" width=\"400\" height=\"400\" src=\"https:\/\/albergueweb1.uva.es\/filosofia-departamento\/wp-content\/uploads\/2025\/05\/victor-cases.jpg\" alt=\"V\u00edctor Cases Mart\u00ednez\" class=\"wp-image-6184\" srcset=\"https:\/\/albergueweb1.uva.es\/filosofia-departamento\/wp-content\/uploads\/2025\/05\/victor-cases.jpg 400w, https:\/\/albergueweb1.uva.es\/filosofia-departamento\/wp-content\/uploads\/2025\/05\/victor-cases-300x300.jpg 300w, https:\/\/albergueweb1.uva.es\/filosofia-departamento\/wp-content\/uploads\/2025\/05\/victor-cases-150x150.jpg 150w\" sizes=\"auto, (max-width: 400px) 100vw, 400px\" \/><\/figure>\n\n\n<div class=\"gb-container gb-container-82495d80\"><div class=\"gb-inside-container\">\n\n<h4 class=\"gb-headline gb-headline-87b440f7 gb-headline-text\">V\u00edctor Cases Mart\u00ednez<\/h4>\n\n\n\n<h5 class=\"gb-headline gb-headline-804e1749 gb-headline-text\">Profesor Ayudante Doctor.<br>Filosof\u00eda Moral<\/h5>\n\n\n\n<h5 class=\"gb-headline gb-headline-a873f069 gb-headline-text parrafo\">Campus de Valladolid<\/h5>\n\n\n\n<h5 class=\"gb-headline gb-headline-b52c654a parrafo\"><span class=\"gb-icon\"><svg aria-hidden=\"true\" role=\"img\" height=\"1em\" width=\"1em\" viewBox=\"0 0 512 512\" xmlns=\"http:\/\/www.w3.org\/2000\/svg\"><path fill=\"currentColor\" d=\"M464 64H48C21.49 64 0 85.49 0 112v288c0 26.51 21.49 48 48 48h416c26.51 0 48-21.49 48-48V112c0-26.51-21.49-48-48-48zm0 48v40.805c-22.422 18.259-58.168 46.651-134.587 106.49-16.841 13.247-50.201 45.072-73.413 44.701-23.208.375-56.579-31.459-73.413-44.701C106.18 199.465 70.425 171.067 48 152.805V112h416zM48 400V214.398c22.914 18.251 55.409 43.862 104.938 82.646 21.857 17.205 60.134 55.186 103.062 54.955 42.717.231 80.509-37.199 103.053-54.947 49.528-38.783 82.032-64.401 104.947-82.653V400H48z\"><\/path><\/svg><\/span><span class=\"gb-headline-text\"><a href=\"mailto:victor.cases@uva.es\" target=\"_blank\" rel=\"noreferrer noopener\">victor.cases@uva.es<\/a><\/span><\/h5>\n\n<\/div><\/div>\n<\/div><\/div><\/div>\n\n<div class=\"gb-grid-column gb-grid-column-2489bac5\"><div class=\"gb-container gb-container-2489bac5\"><div class=\"gb-inside-container\">\n\n<h2 class=\"gb-headline gb-headline-21228abb gb-headline-text\">BIO<\/h2>\n\n\n<div class=\"gb-container gb-container-ae09a9d8\"><div class=\"gb-inside-container\">\n\n<p class=\"parrafobio\">V\u00edctor Cases Mart\u00ednez es doctor europeo por la Universidad de Murcia, donde obtuvo el premio extraordinario de doctorado. Ha realizado diversas estancias de investigaci\u00f3n en centros de reconocido prestigio internacional, como la \u00c9cole des Hautes \u00c9tudes en Sciences Sociales de Par\u00eds, el Istituto Universitario Suor Orsola Benincasa de N\u00e1poles y el Centro de Ciencias Humanas y Sociales del Consejo Superior de Investigaciones Cient\u00edficas.<\/p>\n\n\n\n<p class=\"parrafobio\">Ha participado en tres proyectos de investigaci\u00f3n financiados por el Ministerio, el \u00faltimo de los cuales fue catalogado como \u201cConsolider\u201d, y en un proyecto de investigaci\u00f3n financiado por la Fundaci\u00f3n S\u00e9neca (Agencia de Ciencia y Tecnolog\u00eda de la Regi\u00f3n de Murcia) vinculado al grupo de excelencia La filosof\u00eda y los procesos sociohist\u00f3ricos. En la actualidad, es miembro del proyecto de investigaci\u00f3n La desigualdad oculta. Sobre las condiciones reales de producci\u00f3n de la vida moderna, de la Universidad de Valladolid, financiado por la Agencia Estatal de Investigaci\u00f3n y el Ministerio de Ciencia, Innovaci\u00f3n y Universidades. Forma parte, asimismo, del grupo de investigaci\u00f3n Teor\u00edas jur\u00eddicas y pol\u00edticas de la modernidad y del proyecto de innovaci\u00f3n docente PHILHUM-Games+, ambos coordinados desde la Universidad de Valladolid.<\/p>\n\n\n\n<p class=\"parrafobio\">Entre sus publicaciones destaca su libro Opini\u00f3n p\u00fablica y opini\u00f3n popular en la Francia del siglo XVIII: el philosophe o el nacimiento del intelectual, que vio la luz en la colecci\u00f3n editorial del Centro de Estudios Pol\u00edticos y Constitucionales. Adem\u00e1s, es autor de un buen n\u00famero de art\u00edculos, cap\u00edtulos de libros y ediciones digitales. Sus investigaciones abordan, desde una decidida apuesta interdisciplinar, la historia de la esfera p\u00fablica y del \u00e1mbito privado, as\u00ed como la historia y filosof\u00eda de las emociones.<\/p>\n\n<\/div><\/div>\n<\/div><\/div><\/div>\n<\/div>\n<\/div><\/div>\n\n<div class=\"gb-container gb-container-d866c68f\"><div class=\"gb-inside-container\">\n<div class=\"gb-container gb-container-1354350b\"><div class=\"gb-inside-container\">\n\n<h2 class=\"gb-headline gb-headline-79253eed gb-headline-text\">Puedes encontrar informaci\u00f3n m\u00e1s detallada en:<\/h2>\n\n\n<div class=\"gb-grid-wrapper gb-grid-wrapper-9c153803\">\n<div class=\"gb-grid-column gb-grid-column-0bd0067b\"><div class=\"gb-container gb-container-0bd0067b\"><div class=\"gb-inside-container\">\n\n<figure class=\"wp-block-image size-full is-resized\"><a href=\"https:\/\/orcid.org\/0000-0001-5665-0481\" target=\"_blank\" rel=\"noopener\"><img loading=\"lazy\" decoding=\"async\" width=\"740\" height=\"280\" src=\"https:\/\/albergueweb1.uva.es\/filosofia-departamento\/wp-content\/uploads\/2022\/07\/orcid.jpg\" alt=\"\" class=\"wp-image-2652\" style=\"width:106px;height:40px\" srcset=\"https:\/\/albergueweb1.uva.es\/filosofia-departamento\/wp-content\/uploads\/2022\/07\/orcid.jpg 740w, https:\/\/albergueweb1.uva.es\/filosofia-departamento\/wp-content\/uploads\/2022\/07\/orcid-300x114.jpg 300w\" sizes=\"auto, (max-width: 740px) 100vw, 740px\" \/><\/a><\/figure>\n\n<\/div><\/div><\/div>\n<\/div>\n<\/div><\/div>\n<\/div><\/div>\n<\/div><\/div>","protected":false},"excerpt":{"rendered":"<p>V\u00edctor Cases Puedes encontrar informaci\u00f3n m\u00e1s detallada en:<\/p>\n","protected":false},"author":13,"featured_media":6184,"parent":0,"menu_order":0,"comment_status":"closed","ping_status":"closed","template":"","meta":{"footnotes":""},"class_list":{"0":"post-6188","1":"page","2":"type-page","3":"status-publish","4":"has-post-thumbnail","6":"infinite-scroll-item","7":"no-featured-image-padding","8":"resize-featured-image"},"_links":{"self":[{"href":"https:\/\/albergueweb1.uva.es\/filosofia-departamento\/wp-json\/wp\/v2\/pages\/6188","targetHints":{"allow":["GET"]}}],"collection":[{"href":"https:\/\/albergueweb1.uva.es\/filosofia-departamento\/wp-json\/wp\/v2\/pages"}],"about":[{"href":"https:\/\/albergueweb1.uva.es\/filosofia-departamento\/wp-json\/wp\/v2\/types\/page"}],"author":[{"embeddable":true,"href":"https:\/\/albergueweb1.uva.es\/filosofia-departamento\/wp-json\/wp\/v2\/users\/13"}],"replies":[{"embeddable":true,"href":"https:\/\/albergueweb1.uva.es\/filosofia-departamento\/wp-json\/wp\/v2\/comments?post=6188"}],"version-history":[{"count":4,"href":"https:\/\/albergueweb1.uva.es\/filosofia-departamento\/wp-json\/wp\/v2\/pages\/6188\/revisions"}],"predecessor-version":[{"id":6417,"href":"https:\/\/albergueweb1.uva.es\/filosofia-departamento\/wp-json\/wp\/v2\/pages\/6188\/revisions\/6417"}],"wp:featuredmedia":[{"embeddable":true,"href":"https:\/\/albergueweb1.uva.es\/filosofia-departamento\/wp-json\/wp\/v2\/media\/6184"}],"wp:attachment":[{"href":"https:\/\/albergueweb1.uva.es\/filosofia-departamento\/wp-json\/wp\/v2\/media?parent=6188"}],"curies":[{"name":"wp","href":"https:\/\/api.w.org\/{rel}","templated":true}]}}