{"id":6200,"date":"2025-05-09T19:51:51","date_gmt":"2025-05-09T19:51:51","guid":{"rendered":"https:\/\/albergueweb1.uva.es\/filosofia-departamento\/?page_id=6200"},"modified":"2025-05-20T18:44:04","modified_gmt":"2025-05-20T18:44:04","slug":"jose-luis-hernandez","status":"publish","type":"page","link":"https:\/\/albergueweb1.uva.es\/filosofia-departamento\/jose-luis-hernandez\/","title":{"rendered":"Jos\u00e9 Luis Hern\u00e1ndez"},"content":{"rendered":"<div class=\"gb-container gb-container-5614a8aa\"><div class=\"gb-inside-container\">\n<div class=\"gb-container gb-container-83c87103\"><div class=\"gb-inside-container\">\n\n<h2 class=\"gb-headline gb-headline-d849a2fd gb-headline-text tituloT\">Jos\u00e9 Luis Hern\u00e1ndez<\/h2>\n\n<\/div><\/div>\n\n<div class=\"gb-container gb-container-93c98117\"><div class=\"gb-inside-container\">\n<div class=\"gb-grid-wrapper gb-grid-wrapper-70de1bb0\">\n<div class=\"gb-grid-column gb-grid-column-43661613\"><div class=\"gb-container gb-container-43661613\"><div class=\"gb-inside-container\">\n\n<figure class=\"wp-block-image size-full\"><img loading=\"lazy\" decoding=\"async\" width=\"400\" height=\"400\" src=\"https:\/\/albergueweb1.uva.es\/filosofia-departamento\/wp-content\/uploads\/2025\/05\/jose-luis-hernandez.jpg\" alt=\"\" class=\"wp-image-6197\" srcset=\"https:\/\/albergueweb1.uva.es\/filosofia-departamento\/wp-content\/uploads\/2025\/05\/jose-luis-hernandez.jpg 400w, https:\/\/albergueweb1.uva.es\/filosofia-departamento\/wp-content\/uploads\/2025\/05\/jose-luis-hernandez-300x300.jpg 300w, https:\/\/albergueweb1.uva.es\/filosofia-departamento\/wp-content\/uploads\/2025\/05\/jose-luis-hernandez-150x150.jpg 150w\" sizes=\"auto, (max-width: 400px) 100vw, 400px\" \/><\/figure>\n\n\n<div class=\"gb-container gb-container-82495d80\"><div class=\"gb-inside-container\">\n\n<h4 class=\"gb-headline gb-headline-87b440f7 gb-headline-text\">Jos\u00e9 Luis Hern\u00e1ndez Huerta&nbsp;<\/h4>\n\n\n\n<h5 class=\"gb-headline gb-headline-804e1749 gb-headline-text\">Profesor Titular de Universidad.<br>Teor\u00eda e Historia de la Educaci\u00f3n<\/h5>\n\n\n\n<h5 class=\"gb-headline gb-headline-a873f069 gb-headline-text parrafo\">Campus de Palencia<br><\/h5>\n\n\n\n<h5 class=\"gb-headline gb-headline-ecd97cbc parrafo\"><span class=\"gb-icon\"><svg aria-hidden=\"true\" role=\"img\" height=\"1em\" width=\"1em\" viewBox=\"0 0 512 512\" xmlns=\"http:\/\/www.w3.org\/2000\/svg\"><path fill=\"currentColor\" d=\"M493.4 24.6l-104-24c-11.3-2.6-22.9 3.3-27.5 13.9l-48 112c-4.2 9.8-1.4 21.3 6.9 28l60.6 49.6c-36 76.7-98.9 140.5-177.2 177.2l-49.6-60.6c-6.8-8.3-18.2-11.1-28-6.9l-112 48C3.9 366.5-2 378.1.6 389.4l24 104C27.1 504.2 36.7 512 48 512c256.1 0 464-207.5 464-464 0-11.2-7.7-20.9-18.6-23.4z\"><\/path><\/svg><\/span><span class=\"gb-headline-text\"><a href=\"tel:\/\/97910-8218\">979108218<\/a><\/span><\/h5>\n\n\n\n<h5 class=\"gb-headline gb-headline-b52c654a parrafo\"><span class=\"gb-icon\"><svg aria-hidden=\"true\" role=\"img\" height=\"1em\" width=\"1em\" viewBox=\"0 0 512 512\" xmlns=\"http:\/\/www.w3.org\/2000\/svg\"><path fill=\"currentColor\" d=\"M464 64H48C21.49 64 0 85.49 0 112v288c0 26.51 21.49 48 48 48h416c26.51 0 48-21.49 48-48V112c0-26.51-21.49-48-48-48zm0 48v40.805c-22.422 18.259-58.168 46.651-134.587 106.49-16.841 13.247-50.201 45.072-73.413 44.701-23.208.375-56.579-31.459-73.413-44.701C106.18 199.465 70.425 171.067 48 152.805V112h416zM48 400V214.398c22.914 18.251 55.409 43.862 104.938 82.646 21.857 17.205 60.134 55.186 103.062 54.955 42.717.231 80.509-37.199 103.053-54.947 49.528-38.783 82.032-64.401 104.947-82.653V400H48z\"><\/path><\/svg><\/span><span class=\"gb-headline-text\">joseluis.hernandez.huerta@uva.es<\/span><\/h5>\n\n\n\n<h5 class=\"gb-headline gb-headline-e1244892 gb-headline-text parrafo\">N\u00ba de sexenios de investigaci\u00f3n: <strong>2<\/strong><\/h5>\n\n<\/div><\/div>\n<\/div><\/div><\/div>\n\n<div class=\"gb-grid-column gb-grid-column-2489bac5\"><div class=\"gb-container gb-container-2489bac5\"><div class=\"gb-inside-container\">\n\n<h2 class=\"gb-headline gb-headline-21228abb gb-headline-text\">BIO<\/h2>\n\n\n<div class=\"gb-container gb-container-ae09a9d8\"><div class=\"gb-inside-container\">\n\n<p class=\"parrafobio\">Doctor Europeus en Pedagog\u00eda por la Universidad de Salamanca (Espa\u00f1a). Profesor Titular de Universidad en la Facultad de Educaci\u00f3n de Palencia \u2013 Universidad de Valladolid (Espa\u00f1a). Investigador visitante en la Universidad de Buenos Aires (Argentina), Universit\u00e0 di Foggia (Italia), Pontificia Universidade do Rio Grande do Sul (Brasil) y Universidade Estadual de Santa Catarina (Brasil). Las l\u00edneas de investigaci\u00f3n especialmente cultivadas est\u00e1n centradas en Historia de la Educaci\u00f3n, destacando, en primer lugar, la influencia de Celestin Freinet en Espa\u00f1a, en segundo t\u00e9rmino, las representaciones de la educaci\u00f3n en los imaginarios colectivos de Argentina, Brasil, Espa\u00f1a e Italia en tiempos de cambio y, en tercer lugar, las redes de internacionalizaci\u00f3n generadas a trav\u00e9s de las revistas cient\u00edficas, as\u00ed como los aspectos pol\u00edticos y t\u00e9cnicos de la gesti\u00f3n editorial en la era de la profesionalizaci\u00f3n. Editor de las revistas <em>Foro de Educaci\u00f3n<\/em> (2003-2024) y <em>Espacio, Tiempo y Educaci\u00f3n<\/em> (2014-2024). Presidente-Editor de la casa editorial FahrenHouse. Coordinador del Grupo de Investigaci\u00f3n <em>\u00c1gora de Educaci\u00f3n. Pensamiento, Cultura y Sociedad<\/em> (Facultad de Educaci\u00f3n de Palencia. Universidad de Valladolid. Espa\u00f1a) y de <em>Connecting History of Education Working Group<\/em>. Forma parte de las sociedades cient\u00edficas Sociedad Espa\u00f1ola de Historia de la Educaci\u00f3n (SEDHE), Sociedad Espa\u00f1ola para el Estudio del Patrimonio Hist\u00f3rico-Educativo (SEPHE) y Sociedade Brasileira de Hist\u00f3ria da Educa\u00e7\u00e3o (SBHE).&nbsp;<\/p>\n\n<\/div><\/div>\n<\/div><\/div><\/div>\n<\/div>\n<\/div><\/div>\n\n<div class=\"gb-container gb-container-d866c68f\"><div class=\"gb-inside-container\">\n<div class=\"gb-container gb-container-1354350b\"><div class=\"gb-inside-container\">\n\n<h2 class=\"gb-headline gb-headline-79253eed gb-headline-text\">Puedes encontrar informaci\u00f3n m\u00e1s detallada en:<\/h2>\n\n\n<div class=\"gb-grid-wrapper gb-grid-wrapper-9c153803\">\n<div class=\"gb-grid-column gb-grid-column-0bd0067b\"><div class=\"gb-container gb-container-0bd0067b\"><div class=\"gb-inside-container\">\n\n<figure class=\"wp-block-image size-full is-resized\"><a href=\"http:\/\/orcid.org\/0000-0001-8876-5451\" target=\"_blank\" rel=\"noopener\"><img loading=\"lazy\" decoding=\"async\" width=\"740\" height=\"280\" src=\"https:\/\/albergueweb1.uva.es\/filosofia-departamento\/wp-content\/uploads\/2022\/07\/orcid.jpg\" alt=\"\" class=\"wp-image-2652\" style=\"aspect-ratio:2.65;width:106px;height:auto\" srcset=\"https:\/\/albergueweb1.uva.es\/filosofia-departamento\/wp-content\/uploads\/2022\/07\/orcid.jpg 740w, https:\/\/albergueweb1.uva.es\/filosofia-departamento\/wp-content\/uploads\/2022\/07\/orcid-300x114.jpg 300w\" sizes=\"auto, (max-width: 740px) 100vw, 740px\" \/><\/a><\/figure>\n\n<\/div><\/div><\/div>\n<\/div>\n<\/div><\/div>\n<\/div><\/div>\n<\/div><\/div>","protected":false},"excerpt":{"rendered":"<p>Jos\u00e9 Luis Hern\u00e1ndez Puedes encontrar informaci\u00f3n m\u00e1s detallada en:<\/p>\n","protected":false},"author":13,"featured_media":6197,"parent":0,"menu_order":0,"comment_status":"closed","ping_status":"closed","template":"","meta":{"footnotes":""},"class_list":{"0":"post-6200","1":"page","2":"type-page","3":"status-publish","4":"has-post-thumbnail","6":"infinite-scroll-item","7":"no-featured-image-padding","8":"resize-featured-image"},"_links":{"self":[{"href":"https:\/\/albergueweb1.uva.es\/filosofia-departamento\/wp-json\/wp\/v2\/pages\/6200","targetHints":{"allow":["GET"]}}],"collection":[{"href":"https:\/\/albergueweb1.uva.es\/filosofia-departamento\/wp-json\/wp\/v2\/pages"}],"about":[{"href":"https:\/\/albergueweb1.uva.es\/filosofia-departamento\/wp-json\/wp\/v2\/types\/page"}],"author":[{"embeddable":true,"href":"https:\/\/albergueweb1.uva.es\/filosofia-departamento\/wp-json\/wp\/v2\/users\/13"}],"replies":[{"embeddable":true,"href":"https:\/\/albergueweb1.uva.es\/filosofia-departamento\/wp-json\/wp\/v2\/comments?post=6200"}],"version-history":[{"count":2,"href":"https:\/\/albergueweb1.uva.es\/filosofia-departamento\/wp-json\/wp\/v2\/pages\/6200\/revisions"}],"predecessor-version":[{"id":6322,"href":"https:\/\/albergueweb1.uva.es\/filosofia-departamento\/wp-json\/wp\/v2\/pages\/6200\/revisions\/6322"}],"wp:featuredmedia":[{"embeddable":true,"href":"https:\/\/albergueweb1.uva.es\/filosofia-departamento\/wp-json\/wp\/v2\/media\/6197"}],"wp:attachment":[{"href":"https:\/\/albergueweb1.uva.es\/filosofia-departamento\/wp-json\/wp\/v2\/media?parent=6200"}],"curies":[{"name":"wp","href":"https:\/\/api.w.org\/{rel}","templated":true}]}}