{"id":6203,"date":"2025-05-09T20:01:53","date_gmt":"2025-05-09T20:01:53","guid":{"rendered":"https:\/\/albergueweb1.uva.es\/filosofia-departamento\/?page_id=6203"},"modified":"2026-03-03T21:05:39","modified_gmt":"2026-03-03T21:05:39","slug":"laura-sanchez","status":"publish","type":"page","link":"https:\/\/albergueweb1.uva.es\/filosofia-departamento\/laura-sanchez\/","title":{"rendered":"Laura S\u00e1nchez"},"content":{"rendered":"<div class=\"gb-container gb-container-5614a8aa\"><div class=\"gb-inside-container\">\n<div class=\"gb-container gb-container-83c87103\"><div class=\"gb-inside-container\">\n\n<h2 class=\"gb-headline gb-headline-d849a2fd gb-headline-text tituloT\">Laura S\u00e1nchez<\/h2>\n\n<\/div><\/div>\n\n<div class=\"gb-container gb-container-93c98117\"><div class=\"gb-inside-container\">\n<div class=\"gb-grid-wrapper gb-grid-wrapper-70de1bb0\">\n<div class=\"gb-grid-column gb-grid-column-43661613\"><div class=\"gb-container gb-container-43661613\"><div class=\"gb-inside-container\">\n\n<figure class=\"wp-block-image size-full\"><img loading=\"lazy\" decoding=\"async\" width=\"400\" height=\"400\" src=\"https:\/\/albergueweb1.uva.es\/filosofia-departamento\/wp-content\/uploads\/2025\/05\/laura-sanchez.jpg\" alt=\"\" class=\"wp-image-6202\" srcset=\"https:\/\/albergueweb1.uva.es\/filosofia-departamento\/wp-content\/uploads\/2025\/05\/laura-sanchez.jpg 400w, https:\/\/albergueweb1.uva.es\/filosofia-departamento\/wp-content\/uploads\/2025\/05\/laura-sanchez-300x300.jpg 300w, https:\/\/albergueweb1.uva.es\/filosofia-departamento\/wp-content\/uploads\/2025\/05\/laura-sanchez-150x150.jpg 150w\" sizes=\"auto, (max-width: 400px) 100vw, 400px\" \/><\/figure>\n\n\n<div class=\"gb-container gb-container-82495d80\"><div class=\"gb-inside-container\">\n\n<h4 class=\"gb-headline gb-headline-87b440f7 gb-headline-text\">Laura S\u00e1nchez Blanco<\/h4>\n\n\n\n<h5 class=\"gb-headline gb-headline-804e1749 gb-headline-text\">Profesora Titular de Universidad. Teor\u00eda e Historia de la Educaci\u00f3n<\/h5>\n\n\n\n<h5 class=\"gb-headline gb-headline-a873f069 gb-headline-text parrafo\">Campus de Palencia<\/h5>\n\n\n\n<h5 class=\"gb-headline gb-headline-203e2aa4 parrafo\"><span class=\"gb-icon\"><svg aria-hidden=\"true\" role=\"img\" height=\"1em\" width=\"1em\" viewBox=\"0 0 512 512\" xmlns=\"http:\/\/www.w3.org\/2000\/svg\"><path fill=\"currentColor\" d=\"M493.4 24.6l-104-24c-11.3-2.6-22.9 3.3-27.5 13.9l-48 112c-4.2 9.8-1.4 21.3 6.9 28l60.6 49.6c-36 76.7-98.9 140.5-177.2 177.2l-49.6-60.6c-6.8-8.3-18.2-11.1-28-6.9l-112 48C3.9 366.5-2 378.1.6 389.4l24 104C27.1 504.2 36.7 512 48 512c256.1 0 464-207.5 464-464 0-11.2-7.7-20.9-18.6-23.4z\"><\/path><\/svg><\/span><span class=\"gb-headline-text\"> <a href=\"tel:\/\/97910-8218\">97910-8218<\/a><\/span><\/h5>\n\n\n\n<h5 class=\"gb-headline gb-headline-eba8f625 parrafo\"><span class=\"gb-icon\"><svg aria-hidden=\"true\" role=\"img\" height=\"1em\" width=\"1em\" viewBox=\"0 0 512 512\" xmlns=\"http:\/\/www.w3.org\/2000\/svg\"><path fill=\"currentColor\" d=\"M464 64H48C21.49 64 0 85.49 0 112v288c0 26.51 21.49 48 48 48h416c26.51 0 48-21.49 48-48V112c0-26.51-21.49-48-48-48zm0 48v40.805c-22.422 18.259-58.168 46.651-134.587 106.49-16.841 13.247-50.201 45.072-73.413 44.701-23.208.375-56.579-31.459-73.413-44.701C106.18 199.465 70.425 171.067 48 152.805V112h416zM48 400V214.398c22.914 18.251 55.409 43.862 104.938 82.646 21.857 17.205 60.134 55.186 103.062 54.955 42.717.231 80.509-37.199 103.053-54.947 49.528-38.783 82.032-64.401 104.947-82.653V400H48z\"><\/path><\/svg><\/span><span class=\"gb-headline-text\">lausabla@uva.es<\/span><\/h5>\n\n\n\n<p><\/p>\n\n\n\n<p>N\u00ba de sexenios de investigaci\u00f3n:\u00a0<strong>2<\/strong><\/p>\n\n<\/div><\/div>\n<\/div><\/div><\/div>\n\n<div class=\"gb-grid-column gb-grid-column-2489bac5\"><div class=\"gb-container gb-container-2489bac5\"><div class=\"gb-inside-container\">\n\n<h2 class=\"gb-headline gb-headline-21228abb gb-headline-text\">BIO<\/h2>\n\n\n<div class=\"gb-container gb-container-ae09a9d8\"><div class=\"gb-inside-container\">\n\n<p>Diplomada en Magisterio. Licenciada en Pedagog\u00eda y Doctora en Ciencias de la Educaci\u00f3n por la Universidad Pontificia de Salamanca (UPSA). Obtuvo calificaci\u00f3n Cum Laude, Menci\u00f3n europea y Premio Extraordinario de Doctorado. Cuenta con dos sexenios de Investigaci\u00f3n (2008-2016 y 2017-2022), dos quinquenios docentes (2011-2016 y 2016-2021) y obtuvo la calificaci\u00f3n excelente en el programa Docentia. Ha sido Encargada de C\u00e1tedra en la Facultad de Educaci\u00f3n de la UPSA y ha desempe\u00f1ado cargos de gesti\u00f3n, como: Vicedecana de Innovaci\u00f3n y Nuevas Propuestas Pedag\u00f3gicas (2018-2021), Coordinadora de Voluntariado (2016-2018) y Subdirectora de Colegio Mayor Nuestra Se\u00f1ora de Guadalupe (2012-2013). Adem\u00e1s, ha sido vocal y miembro fundador de la Unidad de Igualdad de la UPSA (2017-2018) y ha formado parte de diferentes comisiones de calidad (2012-2022) en la UPSA. Actualmente es Profesora Titular en la Universidad de Valladolid e imparte docencia en la Facultad de Educaci\u00f3n de Palencia.<\/p>\n\n\n\n<p>Es miembro de la C\u00e1tedra de Estudios sobre la Escuela Segoviana y la Renovaci\u00f3n Pedag\u00f3gica. Pertenece a la Asociaci\u00f3n Espa\u00f1ola de Investigaci\u00f3n de Historia de las Mujeres (AEIHM) y a la Sociedad Espa\u00f1ola de Historia de la Educaci\u00f3n (SEDHE). Es investigadora colaboradora del Grupo de Investigaci\u00f3n Reconocida (GIR), \u00abHelmantica Paideia\u00bb del \u00e1rea de Teor\u00eda e Historia de la Educaci\u00f3n de la Facultad de Educaci\u00f3n de la Universidad de Salamanca e investigadora del Grupo de Investigaci\u00f3n \u201c\u00c1gora de Educaci\u00f3n. Pensamiento, Cultura y Sociedad\u201d del \u00e1rea Teor\u00eda e Historia de la Educaci\u00f3n de la Universidad de Valladolid (Campus de Palencia).<\/p>\n\n\n\n<p>Ha colaborado en diversos proyectos de investigaci\u00f3n, en numerosos congresos y jornadas, y cuenta con m\u00e1s de sesenta publicaciones, entre art\u00edculos, cap\u00edtulos y libros. Entre las l\u00edneas de investigaci\u00f3n destacan: pol\u00edticas sociales y legislaci\u00f3n educativa, renovaci\u00f3n pedag\u00f3gica y cultura escolar, mujer y educaci\u00f3n, historia de la educaci\u00f3n y teor\u00edas educativas inclusivas en la edad contempor\u00e1nea.<\/p>\n\n<\/div><\/div>\n<\/div><\/div><\/div>\n<\/div>\n<\/div><\/div>\n\n<div class=\"gb-container gb-container-d866c68f\"><div class=\"gb-inside-container\">\n<div class=\"gb-container gb-container-1354350b\"><div class=\"gb-inside-container\">\n\n<h2 class=\"gb-headline gb-headline-79253eed gb-headline-text\">Puedes encontrar informaci\u00f3n m\u00e1s detallada en:<\/h2>\n\n\n<div class=\"gb-grid-wrapper gb-grid-wrapper-9c153803\">\n<div class=\"gb-grid-column gb-grid-column-0bd0067b\"><div class=\"gb-container gb-container-0bd0067b\"><div class=\"gb-inside-container\">\n\n<figure class=\"wp-block-image size-large is-resized\"><a href=\"https:\/\/www.researchgate.net\/profile\/Laura-Sanchez-Blanco\" target=\"_blank\" rel=\"noopener\"><img decoding=\"async\" src=\"https:\/\/albergueweb1.uva.es\/filosofia-departamento\/wp-content\/uploads\/2022\/07\/ResearchGate_Logo.png\" alt=\"\" style=\"width:137px;height:43px\"\/><\/a><\/figure>\n\n<\/div><\/div><\/div>\n\n<div class=\"gb-grid-column gb-grid-column-2c1a210a\"><div class=\"gb-container gb-container-2c1a210a\"><div class=\"gb-inside-container\">\n\n<figure class=\"wp-block-image size-full is-resized\"><a href=\"https:\/\/orcid.org\/0000-0002-5431-6380\" target=\"_blank\" rel=\"noopener\"><img decoding=\"async\" src=\"https:\/\/albergueweb1.uva.es\/filosofia-departamento\/wp-content\/uploads\/2022\/07\/orcid.jpg\" alt=\"\" class=\"wp-image-5752\" style=\"width:103px;height:39px\"\/><\/a><\/figure>\n\n<\/div><\/div><\/div>\n\n<div class=\"gb-grid-column gb-grid-column-35491cdf\"><div class=\"gb-container gb-container-35491cdf\"><div class=\"gb-inside-container\">\n\n<figure class=\"wp-block-image size-full is-resized\"><a href=\"https:\/\/scholar.google.com\/citations?user=PNllXVIAAAAJ&amp;hl=es\" target=\"_blank\" rel=\"noopener\"><img decoding=\"async\" src=\"https:\/\/albergueweb1.uva.es\/filosofia-departamento\/wp-content\/uploads\/2022\/07\/Google_Scholar.png\" alt=\"\" class=\"wp-image-5752\" style=\"width:133px;height:33px\"\/><\/a><\/figure>\n\n<\/div><\/div><\/div>\n\n<div class=\"gb-grid-column gb-grid-column-2847da11\"><div class=\"gb-container gb-container-2847da11\"><div class=\"gb-inside-container\">\n\n<figure class=\"wp-block-image size-full is-resized\"><a href=\"https:\/\/www.scopus.com\/authid\/detail.uri?authorId=57196402751\" target=\"_blank\" rel=\"noopener\"><img loading=\"lazy\" decoding=\"async\" width=\"740\" height=\"280\" src=\"https:\/\/albergueweb1.uva.es\/filosofia-departamento\/wp-content\/uploads\/2025\/05\/logo-scopus.jpg\" alt=\"\" class=\"wp-image-6208\" style=\"width:103px;height:39px\" srcset=\"https:\/\/albergueweb1.uva.es\/filosofia-departamento\/wp-content\/uploads\/2025\/05\/logo-scopus.jpg 740w, https:\/\/albergueweb1.uva.es\/filosofia-departamento\/wp-content\/uploads\/2025\/05\/logo-scopus-300x114.jpg 300w\" sizes=\"auto, (max-width: 740px) 100vw, 740px\" \/><\/a><\/figure>\n\n<\/div><\/div><\/div>\n\n<div class=\"gb-grid-column gb-grid-column-11761db2\"><div class=\"gb-container gb-container-11761db2\"><div class=\"gb-inside-container\">\n\n<figure class=\"wp-block-image size-full\"><a href=\"https:\/\/dialnet.unirioja.es\/servlet\/autor?codigo=1911464\" target=\"_blank\" rel=\"noopener\"><img loading=\"lazy\" decoding=\"async\" width=\"185\" height=\"37\" src=\"https:\/\/albergueweb1.uva.es\/filosofia-departamento\/wp-content\/uploads\/2022\/07\/dialnet.png\" alt=\"\" class=\"wp-image-2956\" style=\"object-fit:cover\"\/><\/a><\/figure>\n\n<\/div><\/div><\/div>\n\n<div class=\"gb-grid-column gb-grid-column-90ba2e8e\"><div class=\"gb-container gb-container-90ba2e8e\"><div class=\"gb-inside-container\">\n\n<figure class=\"wp-block-image size-full is-resized\"><a href=\"https:\/\/explore.openalex.org\/authors\/A5007180660\" target=\"_blank\" rel=\"noopener\"><img loading=\"lazy\" decoding=\"async\" width=\"740\" height=\"280\" src=\"https:\/\/albergueweb1.uva.es\/filosofia-departamento\/wp-content\/uploads\/2025\/05\/logo-open-alex.jpg\" alt=\"\" class=\"wp-image-6213\" style=\"width:103px\" srcset=\"https:\/\/albergueweb1.uva.es\/filosofia-departamento\/wp-content\/uploads\/2025\/05\/logo-open-alex.jpg 740w, https:\/\/albergueweb1.uva.es\/filosofia-departamento\/wp-content\/uploads\/2025\/05\/logo-open-alex-300x114.jpg 300w\" sizes=\"auto, (max-width: 740px) 100vw, 740px\" \/><\/a><\/figure>\n\n<\/div><\/div><\/div>\n\n<div class=\"gb-grid-column gb-grid-column-8ba4482a\"><div class=\"gb-container gb-container-8ba4482a\"><div class=\"gb-inside-container\">\n\n<figure class=\"wp-block-image size-full is-resized\"><a href=\"https:\/\/datos.bne.es\/persona\/XX4909737.html\" target=\"_blank\" rel=\"noopener\"><img loading=\"lazy\" decoding=\"async\" width=\"80\" height=\"100\" src=\"https:\/\/albergueweb1.uva.es\/filosofia-departamento\/wp-content\/uploads\/2025\/05\/logo-bne.jpg\" alt=\"\" class=\"wp-image-6214\" style=\"width:66px\"\/><\/a><\/figure>\n\n<\/div><\/div><\/div>\n\n<div class=\"gb-grid-column gb-grid-column-962a3295\"><div class=\"gb-container gb-container-962a3295\"><div class=\"gb-inside-container\">\n\n<figure class=\"wp-block-image size-full\"><a href=\"https:\/\/www.webofscience.com\/wos\/author\/record\/A-2887-2019\" target=\"_blank\" rel=\"noopener\"><img loading=\"lazy\" decoding=\"async\" width=\"224\" height=\"45\" src=\"https:\/\/albergueweb1.uva.es\/filosofia-departamento\/wp-content\/uploads\/2025\/05\/logo-researcherid.jpg\" alt=\"\" class=\"wp-image-6216\" style=\"object-fit:cover\"\/><\/a><\/figure>\n\n<\/div><\/div><\/div>\n<\/div>\n<\/div><\/div>\n<\/div><\/div>\n<\/div><\/div>\n\n\n<p><\/p>\n","protected":false},"excerpt":{"rendered":"<p>Laura S\u00e1nchez Puedes encontrar informaci\u00f3n m\u00e1s detallada en:<\/p>\n","protected":false},"author":13,"featured_media":6202,"parent":0,"menu_order":0,"comment_status":"closed","ping_status":"closed","template":"","meta":{"footnotes":""},"class_list":{"0":"post-6203","1":"page","2":"type-page","3":"status-publish","4":"has-post-thumbnail","6":"infinite-scroll-item","7":"no-featured-image-padding","8":"resize-featured-image"},"_links":{"self":[{"href":"https:\/\/albergueweb1.uva.es\/filosofia-departamento\/wp-json\/wp\/v2\/pages\/6203","targetHints":{"allow":["GET"]}}],"collection":[{"href":"https:\/\/albergueweb1.uva.es\/filosofia-departamento\/wp-json\/wp\/v2\/pages"}],"about":[{"href":"https:\/\/albergueweb1.uva.es\/filosofia-departamento\/wp-json\/wp\/v2\/types\/page"}],"author":[{"embeddable":true,"href":"https:\/\/albergueweb1.uva.es\/filosofia-departamento\/wp-json\/wp\/v2\/users\/13"}],"replies":[{"embeddable":true,"href":"https:\/\/albergueweb1.uva.es\/filosofia-departamento\/wp-json\/wp\/v2\/comments?post=6203"}],"version-history":[{"count":8,"href":"https:\/\/albergueweb1.uva.es\/filosofia-departamento\/wp-json\/wp\/v2\/pages\/6203\/revisions"}],"predecessor-version":[{"id":6421,"href":"https:\/\/albergueweb1.uva.es\/filosofia-departamento\/wp-json\/wp\/v2\/pages\/6203\/revisions\/6421"}],"wp:featuredmedia":[{"embeddable":true,"href":"https:\/\/albergueweb1.uva.es\/filosofia-departamento\/wp-json\/wp\/v2\/media\/6202"}],"wp:attachment":[{"href":"https:\/\/albergueweb1.uva.es\/filosofia-departamento\/wp-json\/wp\/v2\/media?parent=6203"}],"curies":[{"name":"wp","href":"https:\/\/api.w.org\/{rel}","templated":true}]}}