{"id":6227,"date":"2025-05-11T16:51:31","date_gmt":"2025-05-11T16:51:31","guid":{"rendered":"https:\/\/albergueweb1.uva.es\/filosofia-departamento\/?page_id=6227"},"modified":"2025-05-20T18:46:56","modified_gmt":"2025-05-20T18:46:56","slug":"claudia-moller","status":"publish","type":"page","link":"https:\/\/albergueweb1.uva.es\/filosofia-departamento\/claudia-moller\/","title":{"rendered":"Claudia M\u00f6ller"},"content":{"rendered":"<div class=\"gb-container gb-container-5614a8aa\"><div class=\"gb-inside-container\">\n<div class=\"gb-container gb-container-83c87103\"><div class=\"gb-inside-container\">\n\n<h2 class=\"gb-headline gb-headline-d849a2fd gb-headline-text tituloT\">Claudia M\u00f6ller<\/h2>\n\n<\/div><\/div>\n\n<div class=\"gb-container gb-container-93c98117\"><div class=\"gb-inside-container\">\n<div class=\"gb-grid-wrapper gb-grid-wrapper-70de1bb0\">\n<div class=\"gb-grid-column gb-grid-column-43661613\"><div class=\"gb-container gb-container-43661613\"><div class=\"gb-inside-container\">\n\n<figure class=\"wp-block-image size-full\"><img decoding=\"async\" src=\"https:\/\/albergueweb1.uva.es\/filosofia-departamento\/wp-content\/uploads\/2025\/05\/claudia-moller.jpg\" alt=\"\" class=\"wp-image-6225\"\/><\/figure>\n\n\n<div class=\"gb-container gb-container-82495d80\"><div class=\"gb-inside-container\">\n\n<h4 class=\"gb-headline gb-headline-87b440f7 gb-headline-text\">Claudia M\u00f6ller Recondo<\/h4>\n\n\n\n<h5 class=\"gb-headline gb-headline-804e1749 gb-headline-text\">Profesora Contratada Doctora. Teor\u00eda e Historia de la Educaci\u00f3n<\/h5>\n\n\n\n<h5 class=\"gb-headline gb-headline-a873f069 gb-headline-text parrafo\">Campus de Valladolid<\/h5>\n\n\n\n<h5 class=\"gb-headline gb-headline-eba8f625 parrafo\"><span class=\"gb-icon\"><svg aria-hidden=\"true\" role=\"img\" height=\"1em\" width=\"1em\" viewBox=\"0 0 512 512\" xmlns=\"http:\/\/www.w3.org\/2000\/svg\"><path fill=\"currentColor\" d=\"M464 64H48C21.49 64 0 85.49 0 112v288c0 26.51 21.49 48 48 48h416c26.51 0 48-21.49 48-48V112c0-26.51-21.49-48-48-48zm0 48v40.805c-22.422 18.259-58.168 46.651-134.587 106.49-16.841 13.247-50.201 45.072-73.413 44.701-23.208.375-56.579-31.459-73.413-44.701C106.18 199.465 70.425 171.067 48 152.805V112h416zM48 400V214.398c22.914 18.251 55.409 43.862 104.938 82.646 21.857 17.205 60.134 55.186 103.062 54.955 42.717.231 80.509-37.199 103.053-54.947 49.528-38.783 82.032-64.401 104.947-82.653V400H48z\"><\/path><\/svg><\/span><span class=\"gb-headline-text\">laudiamarcela.moller@uva.es<\/span><\/h5>\n\n\n\n<h5 class=\"gb-headline gb-headline-e1244892 gb-headline-text parrafo\">N\u00ba de sexenios de investigaci\u00f3n: <strong>1<\/strong><\/h5>\n\n<\/div><\/div>\n<\/div><\/div><\/div>\n\n<div class=\"gb-grid-column gb-grid-column-2489bac5\"><div class=\"gb-container gb-container-2489bac5\"><div class=\"gb-inside-container\">\n\n<h2 class=\"gb-headline gb-headline-21228abb gb-headline-text\">BIO<\/h2>\n\n\n<div class=\"gb-container gb-container-ae09a9d8\"><div class=\"gb-inside-container\">\n\n<p>Profesora universitaria, investigadora y emprendedora. Es doctora por la Universidad de Salamanca (1999). Ha sido docente en las Universidades de Mar del Plata (Argentina), Pontificia de Salamanca y Extremadura (Espa\u00f1a), e invitada en Francia (\u00c9cole des Hautes \u00c9tudes en Sciences Sociales), Portugal (Aut\u00f3noma de Lisboa), Italia (Cagliari, Bolonia y Palermo), M\u00e9xico (M\u00e9rida) y Colombia (Santa Marta). Ha participado y dirigido 17 PIDs y en un proyecto de Innovaci\u00f3n Docente Institucional con resultados: \u201cPlaneta Interacci\u00f3n\u201d.&nbsp;&nbsp;<\/p>\n\n\n\n<p>En investigaci\u00f3n, destacan dos l\u00edneas claras. Una est\u00e1 relacionada con la Historia de la Educaci\u00f3n propiamente dicha (Historia de las Universidades en la \u00e9poca moderna) y en esta \u00e1rea es miembro del Instituto Universitario de Historia Simancas de la Universidad de Valladolid; ha publicado numerosos art\u00edculos sobre los comuneros y su vinculaci\u00f3n con la Universidad de Salamanca. Sus \u00faltimas aportaciones giran en torno a la reconstrucci\u00f3n, por un lado, del microclima de ideas en la \u00e9poca de las Comunidades y por el otro, de las familias de poder del Estudio salmantino. La otra l\u00ednea, tiene que ver con la Teor\u00eda de la Educaci\u00f3n y las vinculaciones con la Educaci\u00f3n Social, <strong>dirige el Laboratorio de Emprendimiento Social de la UVa<\/strong>, desarrollando investigaciones vinculadas con las personas m\u00e1s vulnerables.&nbsp;&nbsp;<\/p>\n\n\n\n<p>Ha sido IP de varios proyectos europeos, y <strong>actualmente trabaja en \u201cVivemais\u201d (sobre las tecnolog\u00edas asistivas para las personas mayores) con Portugal en el marco de una financiaci\u00f3n INTERREG;&nbsp; en el BIP Emprendimiento Social (<\/strong><strong>ERASMUS Blended Intensive Project) con las Universidades de Palermo (Italia), Tras os Montes (Portugal) y Caen (Francia), en el <\/strong><strong>EU2SE (European Upskilling of Students for Sustainable Entrepreneurshi) (Erasmus+: Cooperation partnerships in higher education (KA220-HED), con las Universidades de Caen (Francia), Laponia (Finlandia) y Skopje (Macedonia) y es IP de \u201cCo-laboratorios en tecnolog\u00eda social. InBox con soluciones inclusivas para colectivos desfavorecidos\u201d.<\/strong>&nbsp;<\/p>\n\n\n\n<p>Tiene m\u00e1s de 50 publicaciones con \u00edndices de calidad contrastables: JCR-Q1, SCOPUS-SJR Q1 y Q2, y libros y cap\u00edtulos de libros en editoriales de prestigio como Dykinson, Mi\u00f1o y D\u00e1vila, Comares, Tecnos, S\u00edntesis, Tirant lo Blanc y de las universidades de Salamanca o Valladolid, entre otros. Se encuentra dirigiendo 5 tesis doctorales, sumadas a dos que ya se han le\u00eddo y ha dirigido 8 becas de investigaci\u00f3n.<\/p>\n\n<\/div><\/div>\n<\/div><\/div><\/div>\n<\/div>\n<\/div><\/div>\n\n<div class=\"gb-container gb-container-d866c68f\"><div class=\"gb-inside-container\">\n<div class=\"gb-container gb-container-1354350b\"><div class=\"gb-inside-container\">\n\n<h2 class=\"gb-headline gb-headline-79253eed gb-headline-text\">Puedes encontrar informaci\u00f3n m\u00e1s detallada en:<\/h2>\n\n\n<div class=\"gb-grid-wrapper gb-grid-wrapper-9c153803\">\n<div class=\"gb-grid-column gb-grid-column-2c1a210a\"><div class=\"gb-container gb-container-2c1a210a\"><div class=\"gb-inside-container\">\n\n<figure class=\"wp-block-image size-full is-resized\"><a href=\"http:\/\/orcid.org\/0000-0003-1951-504X?lang=es\" target=\"_blank\" rel=\"noopener\"><img decoding=\"async\" src=\"https:\/\/albergueweb1.uva.es\/filosofia-departamento\/wp-content\/uploads\/2022\/07\/orcid.jpg\" alt=\"\" class=\"wp-image-5752\" style=\"width:116px\"\/><\/a><\/figure>\n\n<\/div><\/div><\/div>\n\n<div class=\"gb-grid-column gb-grid-column-962a3295\"><div class=\"gb-container gb-container-962a3295\"><div class=\"gb-inside-container\">\n\n<figure class=\"wp-block-image size-full\"><a href=\"https:\/\/publons.com\/researcher\/W-3140-2018\/\" target=\"_blank\" rel=\"noopener\"><img loading=\"lazy\" decoding=\"async\" width=\"224\" height=\"45\" src=\"https:\/\/albergueweb1.uva.es\/filosofia-departamento\/wp-content\/uploads\/2025\/05\/logo-researcherid.jpg\" alt=\"\" class=\"wp-image-6216\" style=\"object-fit:cover\"\/><\/a><\/figure>\n\n<\/div><\/div><\/div>\n\n<div class=\"gb-grid-column gb-grid-column-2847da11\"><div class=\"gb-container gb-container-2847da11\"><div class=\"gb-inside-container\">\n\n<figure class=\"wp-block-image size-full is-resized\"><a href=\"https:\/\/www.scopus.com\/authid\/detail.uri?authorId=59159362900\" target=\"_blank\" rel=\"noopener\"><img loading=\"lazy\" decoding=\"async\" width=\"740\" height=\"280\" src=\"https:\/\/albergueweb1.uva.es\/filosofia-departamento\/wp-content\/uploads\/2025\/05\/logo-scopus.jpg\" alt=\"\" class=\"wp-image-6208\" style=\"width:118px\" srcset=\"https:\/\/albergueweb1.uva.es\/filosofia-departamento\/wp-content\/uploads\/2025\/05\/logo-scopus.jpg 740w, https:\/\/albergueweb1.uva.es\/filosofia-departamento\/wp-content\/uploads\/2025\/05\/logo-scopus-300x114.jpg 300w\" sizes=\"auto, (max-width: 740px) 100vw, 740px\" \/><\/a><\/figure>\n\n<\/div><\/div><\/div>\n\n<div class=\"gb-grid-column gb-grid-column-e1c427cb\"><div class=\"gb-container gb-container-e1c427cb\"><div class=\"gb-inside-container\">\n\n<figure class=\"wp-block-image size-full is-resized\"><a href=\"https:\/\/portaldelaciencia.uva.es\/investigadores\/179714\/publicaciones?agrTipoPublicacion=BOOK_CHAPTER\" target=\"_blank\" rel=\"noopener\"><img loading=\"lazy\" decoding=\"async\" width=\"300\" height=\"300\" src=\"https:\/\/albergueweb1.uva.es\/filosofia-departamento\/wp-content\/uploads\/2022\/07\/pngegg3.png\" alt=\"\" class=\"wp-image-2572\" style=\"width:48px\" srcset=\"https:\/\/albergueweb1.uva.es\/filosofia-departamento\/wp-content\/uploads\/2022\/07\/pngegg3.png 300w, https:\/\/albergueweb1.uva.es\/filosofia-departamento\/wp-content\/uploads\/2022\/07\/pngegg3-150x150.png 150w\" sizes=\"auto, (max-width: 300px) 100vw, 300px\" \/><\/a><\/figure>\n\n<\/div><\/div><\/div>\n<\/div>\n<\/div><\/div>\n\n<div class=\"gb-container gb-container-32a8f3ce\"><div class=\"gb-inside-container\">\n\n<h2 class=\"gb-headline gb-headline-72d377af gb-headline-text\">Laboratorio de Emprendimiento Social:<\/h2>\n\n\n<div class=\"gb-grid-wrapper gb-grid-wrapper-a679ecea\">\n<div class=\"gb-grid-column gb-grid-column-ef7bbbec\"><div class=\"gb-container gb-container-ef7bbbec\"><div class=\"gb-inside-container\">\n\n<figure class=\"wp-block-image size-full is-resized\"><a href=\"https:\/\/investiga.uva.es\/estructuras-i-d-i\/laboratorios-catedras-aulas-centros\/mas-informacion-de-la-estructura\/?estructura=2\" target=\"_blank\" rel=\"noopener\"><img loading=\"lazy\" decoding=\"async\" width=\"1700\" height=\"310\" src=\"https:\/\/albergueweb1.uva.es\/filosofia-departamento\/wp-content\/uploads\/2025\/05\/Banner-UVainvestiga-web-1.png\" alt=\"\" class=\"wp-image-6228\" style=\"width:267px\" srcset=\"https:\/\/albergueweb1.uva.es\/filosofia-departamento\/wp-content\/uploads\/2025\/05\/Banner-UVainvestiga-web-1.png 1700w, https:\/\/albergueweb1.uva.es\/filosofia-departamento\/wp-content\/uploads\/2025\/05\/Banner-UVainvestiga-web-1-300x55.png 300w, https:\/\/albergueweb1.uva.es\/filosofia-departamento\/wp-content\/uploads\/2025\/05\/Banner-UVainvestiga-web-1-1024x187.png 1024w, https:\/\/albergueweb1.uva.es\/filosofia-departamento\/wp-content\/uploads\/2025\/05\/Banner-UVainvestiga-web-1-768x140.png 768w, https:\/\/albergueweb1.uva.es\/filosofia-departamento\/wp-content\/uploads\/2025\/05\/Banner-UVainvestiga-web-1-1536x280.png 1536w\" sizes=\"auto, (max-width: 1700px) 100vw, 1700px\" \/><\/a><\/figure>\n\n<\/div><\/div><\/div>\n\n<div class=\"gb-grid-column gb-grid-column-0ea3262c\"><div class=\"gb-container gb-container-0ea3262c\"><div class=\"gb-inside-container\">\n\n<figure class=\"wp-block-image size-full\"><a href=\"https:\/\/www.youtube.com\/channel\/UCnPNs_yBBioHGT6gYH59p0g\" target=\"_blank\" rel=\"noopener\"><img loading=\"lazy\" decoding=\"async\" width=\"190\" height=\"50\" src=\"https:\/\/albergueweb1.uva.es\/filosofia-departamento\/wp-content\/uploads\/2025\/05\/logo-youtube.jpg\" alt=\"\" class=\"wp-image-6229\" style=\"object-fit:cover\"\/><\/a><\/figure>\n\n<\/div><\/div><\/div>\n<\/div>\n<\/div><\/div>\n<\/div><\/div>\n<\/div><\/div>\n\n\n<p><\/p>\n","protected":false},"excerpt":{"rendered":"<p>Claudia M\u00f6ller Puedes encontrar informaci\u00f3n m\u00e1s detallada en: Laboratorio de Emprendimiento Social:<\/p>\n","protected":false},"author":13,"featured_media":6231,"parent":0,"menu_order":0,"comment_status":"closed","ping_status":"closed","template":"","meta":{"footnotes":""},"class_list":{"0":"post-6227","1":"page","2":"type-page","3":"status-publish","4":"has-post-thumbnail","6":"infinite-scroll-item","7":"no-featured-image-padding","8":"resize-featured-image"},"_links":{"self":[{"href":"https:\/\/albergueweb1.uva.es\/filosofia-departamento\/wp-json\/wp\/v2\/pages\/6227","targetHints":{"allow":["GET"]}}],"collection":[{"href":"https:\/\/albergueweb1.uva.es\/filosofia-departamento\/wp-json\/wp\/v2\/pages"}],"about":[{"href":"https:\/\/albergueweb1.uva.es\/filosofia-departamento\/wp-json\/wp\/v2\/types\/page"}],"author":[{"embeddable":true,"href":"https:\/\/albergueweb1.uva.es\/filosofia-departamento\/wp-json\/wp\/v2\/users\/13"}],"replies":[{"embeddable":true,"href":"https:\/\/albergueweb1.uva.es\/filosofia-departamento\/wp-json\/wp\/v2\/comments?post=6227"}],"version-history":[{"count":2,"href":"https:\/\/albergueweb1.uva.es\/filosofia-departamento\/wp-json\/wp\/v2\/pages\/6227\/revisions"}],"predecessor-version":[{"id":6326,"href":"https:\/\/albergueweb1.uva.es\/filosofia-departamento\/wp-json\/wp\/v2\/pages\/6227\/revisions\/6326"}],"wp:featuredmedia":[{"embeddable":true,"href":"https:\/\/albergueweb1.uva.es\/filosofia-departamento\/wp-json\/wp\/v2\/media\/6231"}],"wp:attachment":[{"href":"https:\/\/albergueweb1.uva.es\/filosofia-departamento\/wp-json\/wp\/v2\/media?parent=6227"}],"curies":[{"name":"wp","href":"https:\/\/api.w.org\/{rel}","templated":true}]}}