{"id":6241,"date":"2025-05-11T17:14:00","date_gmt":"2025-05-11T17:14:00","guid":{"rendered":"https:\/\/albergueweb1.uva.es\/filosofia-departamento\/?page_id=6241"},"modified":"2025-05-11T17:14:01","modified_gmt":"2025-05-11T17:14:01","slug":"nuria-garcia","status":"publish","type":"page","link":"https:\/\/albergueweb1.uva.es\/filosofia-departamento\/nuria-garcia\/","title":{"rendered":"Nuria Garc\u00eda"},"content":{"rendered":"<div class=\"gb-container gb-container-5614a8aa\"><div class=\"gb-inside-container\">\n<div class=\"gb-container gb-container-83c87103\"><div class=\"gb-inside-container\">\n\n<h2 class=\"gb-headline gb-headline-d849a2fd gb-headline-text tituloT\">Nuria Garc\u00eda<\/h2>\n\n<\/div><\/div>\n\n<div class=\"gb-container gb-container-93c98117\"><div class=\"gb-inside-container\">\n<div class=\"gb-grid-wrapper gb-grid-wrapper-70de1bb0\">\n<div class=\"gb-grid-column gb-grid-column-43661613\"><div class=\"gb-container gb-container-43661613\"><div class=\"gb-inside-container\">\n\n<figure class=\"wp-block-image size-full\"><img loading=\"lazy\" decoding=\"async\" width=\"400\" height=\"400\" src=\"https:\/\/albergueweb1.uva.es\/filosofia-departamento\/wp-content\/uploads\/2025\/05\/nuria-garcia.jpg\" alt=\"\" class=\"wp-image-6238\" srcset=\"https:\/\/albergueweb1.uva.es\/filosofia-departamento\/wp-content\/uploads\/2025\/05\/nuria-garcia.jpg 400w, https:\/\/albergueweb1.uva.es\/filosofia-departamento\/wp-content\/uploads\/2025\/05\/nuria-garcia-300x300.jpg 300w, https:\/\/albergueweb1.uva.es\/filosofia-departamento\/wp-content\/uploads\/2025\/05\/nuria-garcia-150x150.jpg 150w\" sizes=\"auto, (max-width: 400px) 100vw, 400px\" \/><\/figure>\n\n\n<div class=\"gb-container gb-container-82495d80\"><div class=\"gb-inside-container\">\n\n<h4 class=\"gb-headline gb-headline-87b440f7 gb-headline-text\">Nuria Garc\u00eda Perales<\/h4>\n\n\n\n<h5 class=\"gb-headline gb-headline-804e1749 gb-headline-text\">Profesora Contratada Doctora. Teor\u00eda e Historia de la Educaci\u00f3n<\/h5>\n\n\n\n<h5 class=\"gb-headline gb-headline-a873f069 gb-headline-text parrafo\">Campus de Valladolid<\/h5>\n\n\n\n<h5 class=\"gb-headline gb-headline-203e2aa4 parrafo\"><span class=\"gb-icon\"><svg aria-hidden=\"true\" role=\"img\" height=\"1em\" width=\"1em\" viewBox=\"0 0 512 512\" xmlns=\"http:\/\/www.w3.org\/2000\/svg\"><path fill=\"currentColor\" d=\"M493.4 24.6l-104-24c-11.3-2.6-22.9 3.3-27.5 13.9l-48 112c-4.2 9.8-1.4 21.3 6.9 28l60.6 49.6c-36 76.7-98.9 140.5-177.2 177.2l-49.6-60.6c-6.8-8.3-18.2-11.1-28-6.9l-112 48C3.9 366.5-2 378.1.6 389.4l24 104C27.1 504.2 36.7 512 48 512c256.1 0 464-207.5 464-464 0-11.2-7.7-20.9-18.6-23.4z\"><\/path><\/svg><\/span><span class=\"gb-headline-text\">98318-3883<\/span><\/h5>\n\n\n\n<h5 class=\"gb-headline gb-headline-eba8f625 parrafo\"><span class=\"gb-icon\"><svg aria-hidden=\"true\" role=\"img\" height=\"1em\" width=\"1em\" viewBox=\"0 0 512 512\" xmlns=\"http:\/\/www.w3.org\/2000\/svg\"><path fill=\"currentColor\" d=\"M464 64H48C21.49 64 0 85.49 0 112v288c0 26.51 21.49 48 48 48h416c26.51 0 48-21.49 48-48V112c0-26.51-21.49-48-48-48zm0 48v40.805c-22.422 18.259-58.168 46.651-134.587 106.49-16.841 13.247-50.201 45.072-73.413 44.701-23.208.375-56.579-31.459-73.413-44.701C106.18 199.465 70.425 171.067 48 152.805V112h416zM48 400V214.398c22.914 18.251 55.409 43.862 104.938 82.646 21.857 17.205 60.134 55.186 103.062 54.955 42.717.231 80.509-37.199 103.053-54.947 49.528-38.783 82.032-64.401 104.947-82.653V400H48z\"><\/path><\/svg><\/span><span class=\"gb-headline-text\">nuriagarcia@uva.es<\/span><\/h5>\n\n<\/div><\/div>\n<\/div><\/div><\/div>\n\n<div class=\"gb-grid-column gb-grid-column-2489bac5\"><div class=\"gb-container gb-container-2489bac5\"><div class=\"gb-inside-container\">\n\n<h2 class=\"gb-headline gb-headline-21228abb gb-headline-text\">BIO<\/h2>\n\n\n<div class=\"gb-container gb-container-ae09a9d8\"><div class=\"gb-inside-container\">\n\n<p>Nuria Garc\u00eda Perales es profesora en la Facultad de Educaci\u00f3n y Trabajo Social de la Universidad de Valladolid, en el \u00e1rea de Teor\u00eda e Historia de la Educaci\u00f3n. Imparte docencia en los grados de Educaci\u00f3n Social, Educaci\u00f3n Infantil y en los m\u00e1steres de Formaci\u00f3n del Profesorado de Secundaria y de Psicopedagog\u00eda.&nbsp;<\/p>\n\n\n\n<p>Doctora por la Universidad de Extremadura en <em>Innovaci\u00f3n en la formaci\u00f3n del profesorado, asesoramiento y an\u00e1lisis de la pr\u00e1ctica educativa y TIC <\/em>dirigida<em> <\/em>por Jes\u00fas Valverde Berrocoso. Su tesis doctoral, con contrato predoctoral FPU, se centr\u00f3 en el componente afectivo-emocional en entornos virtuales de ense\u00f1anza-aprendizaje en educaci\u00f3n superior.&nbsp;&nbsp;<\/p>\n\n\n\n<p>Estudia distintos campos de la educaci\u00f3n, desde su dimensi\u00f3n \u00e9tica y social, como la tecnolog\u00eda e innovaci\u00f3n educativa, la inclusi\u00f3n y la Historia de la Educaci\u00f3n. Ha investigado y publicado, de manera interdisciplinar, con \u00e1reas de conocimiento como Sociolog\u00eda, Antropolog\u00eda e Ingenier\u00eda Inform\u00e1tica. Actualmente la coeducaci\u00f3n y la historia de la educaci\u00f3n de las mujeres son su proyecto de investigaci\u00f3n principal. Coordina el Proyecto de Innovaci\u00f3n Docente \u201cMiradas que cuentan: un enfoque transformador en Educaci\u00f3n Social mediante Fotovoz\u201d.<\/p>\n\n<\/div><\/div>\n<\/div><\/div><\/div>\n<\/div>\n<\/div><\/div>\n<\/div><\/div>\n\n\n<p><\/p>\n","protected":false},"excerpt":{"rendered":"<p>Nuria Garc\u00eda<\/p>\n","protected":false},"author":13,"featured_media":6238,"parent":0,"menu_order":0,"comment_status":"closed","ping_status":"closed","template":"","meta":{"footnotes":""},"class_list":{"0":"post-6241","1":"page","2":"type-page","3":"status-publish","4":"has-post-thumbnail","6":"infinite-scroll-item","7":"no-featured-image-padding","8":"resize-featured-image"},"_links":{"self":[{"href":"https:\/\/albergueweb1.uva.es\/filosofia-departamento\/wp-json\/wp\/v2\/pages\/6241","targetHints":{"allow":["GET"]}}],"collection":[{"href":"https:\/\/albergueweb1.uva.es\/filosofia-departamento\/wp-json\/wp\/v2\/pages"}],"about":[{"href":"https:\/\/albergueweb1.uva.es\/filosofia-departamento\/wp-json\/wp\/v2\/types\/page"}],"author":[{"embeddable":true,"href":"https:\/\/albergueweb1.uva.es\/filosofia-departamento\/wp-json\/wp\/v2\/users\/13"}],"replies":[{"embeddable":true,"href":"https:\/\/albergueweb1.uva.es\/filosofia-departamento\/wp-json\/wp\/v2\/comments?post=6241"}],"version-history":[{"count":1,"href":"https:\/\/albergueweb1.uva.es\/filosofia-departamento\/wp-json\/wp\/v2\/pages\/6241\/revisions"}],"predecessor-version":[{"id":6242,"href":"https:\/\/albergueweb1.uva.es\/filosofia-departamento\/wp-json\/wp\/v2\/pages\/6241\/revisions\/6242"}],"wp:featuredmedia":[{"embeddable":true,"href":"https:\/\/albergueweb1.uva.es\/filosofia-departamento\/wp-json\/wp\/v2\/media\/6238"}],"wp:attachment":[{"href":"https:\/\/albergueweb1.uva.es\/filosofia-departamento\/wp-json\/wp\/v2\/media?parent=6241"}],"curies":[{"name":"wp","href":"https:\/\/api.w.org\/{rel}","templated":true}]}}