{"id":6369,"date":"2025-09-19T19:00:52","date_gmt":"2025-09-19T19:00:52","guid":{"rendered":"https:\/\/albergueweb1.uva.es\/filosofia-departamento\/?page_id=6369"},"modified":"2025-09-19T19:00:52","modified_gmt":"2025-09-19T19:00:52","slug":"fernando-gilabert","status":"publish","type":"page","link":"https:\/\/albergueweb1.uva.es\/filosofia-departamento\/fernando-gilabert\/","title":{"rendered":"Fernando Gilabert"},"content":{"rendered":"<div class=\"gb-container gb-container-5614a8aa\"><div class=\"gb-inside-container\">\n<div class=\"gb-container gb-container-83c87103\"><div class=\"gb-inside-container\">\n\n<h2 class=\"gb-headline gb-headline-d849a2fd gb-headline-text tituloT\">Fernando Gilabert<\/h2>\n\n<\/div><\/div>\n\n<div class=\"gb-container gb-container-93c98117\"><div class=\"gb-inside-container\">\n<div class=\"gb-grid-wrapper gb-grid-wrapper-70de1bb0\">\n<div class=\"gb-grid-column gb-grid-column-43661613\"><div class=\"gb-container gb-container-43661613\"><div class=\"gb-inside-container\">\n\n<figure class=\"wp-block-image size-full\"><img loading=\"lazy\" decoding=\"async\" width=\"400\" height=\"400\" src=\"https:\/\/albergueweb1.uva.es\/filosofia-departamento\/wp-content\/uploads\/2025\/09\/fernando_gilabert.jpg\" alt=\"\" class=\"wp-image-6367\" srcset=\"https:\/\/albergueweb1.uva.es\/filosofia-departamento\/wp-content\/uploads\/2025\/09\/fernando_gilabert.jpg 400w, https:\/\/albergueweb1.uva.es\/filosofia-departamento\/wp-content\/uploads\/2025\/09\/fernando_gilabert-300x300.jpg 300w, https:\/\/albergueweb1.uva.es\/filosofia-departamento\/wp-content\/uploads\/2025\/09\/fernando_gilabert-150x150.jpg 150w\" sizes=\"auto, (max-width: 400px) 100vw, 400px\" \/><\/figure>\n\n\n<div class=\"gb-container gb-container-82495d80\"><div class=\"gb-inside-container\">\n\n<h4 class=\"gb-headline gb-headline-87b440f7 gb-headline-text\">Fernando Gilabert<\/h4>\n\n\n\n<h5 class=\"gb-headline gb-headline-804e1749 gb-headline-text\">Profesor Ayudante Doctor<br>Filosof\u00eda<\/h5>\n\n\n\n<h5 class=\"gb-headline gb-headline-a873f069 gb-headline-text parrafo\">Campus de Valladolid<\/h5>\n\n\n\n<h5 class=\"gb-headline gb-headline-40d52c6b parrafo\"><span class=\"gb-icon\"><svg aria-hidden=\"true\" role=\"img\" height=\"1em\" width=\"1em\" viewBox=\"0 0 512 512\" xmlns=\"http:\/\/www.w3.org\/2000\/svg\"><path fill=\"currentColor\" d=\"M493.4 24.6l-104-24c-11.3-2.6-22.9 3.3-27.5 13.9l-48 112c-4.2 9.8-1.4 21.3 6.9 28l60.6 49.6c-36 76.7-98.9 140.5-177.2 177.2l-49.6-60.6c-6.8-8.3-18.2-11.1-28-6.9l-112 48C3.9 366.5-2 378.1.6 389.4l24 104C27.1 504.2 36.7 512 48 512c256.1 0 464-207.5 464-464 0-11.2-7.7-20.9-18.6-23.4z\"><\/path><\/svg><\/span><span class=\"gb-headline-text\">983186559<\/span><\/h5>\n\n\n\n<h5 class=\"gb-headline gb-headline-51adb4c1\"><span class=\"gb-icon\"><svg aria-hidden=\"true\" role=\"img\" height=\"1em\" width=\"1em\" viewBox=\"0 0 512 512\" xmlns=\"http:\/\/www.w3.org\/2000\/svg\"><path fill=\"currentColor\" d=\"M464 64H48C21.49 64 0 85.49 0 112v288c0 26.51 21.49 48 48 48h416c26.51 0 48-21.49 48-48V112c0-26.51-21.49-48-48-48zm0 48v40.805c-22.422 18.259-58.168 46.651-134.587 106.49-16.841 13.247-50.201 45.072-73.413 44.701-23.208.375-56.579-31.459-73.413-44.701C106.18 199.465 70.425 171.067 48 152.805V112h416zM48 400V214.398c22.914 18.251 55.409 43.862 104.938 82.646 21.857 17.205 60.134 55.186 103.062 54.955 42.717.231 80.509-37.199 103.053-54.947 49.528-38.783 82.032-64.401 104.947-82.653V400H48z\"><\/path><\/svg><\/span><span class=\"gb-headline-text\"><a href=\"mailto:fgilabert@uva.es\" target=\"_blank\" rel=\"noreferrer noopener\">fgilabert@uva.es<\/a><\/span><\/h5>\n\n<\/div><\/div>\n<\/div><\/div><\/div>\n\n<div class=\"gb-grid-column gb-grid-column-2489bac5\"><div class=\"gb-container gb-container-2489bac5\"><div class=\"gb-inside-container\">\n\n<h2 class=\"gb-headline gb-headline-21228abb gb-headline-text\">BIO<\/h2>\n\n\n<div class=\"gb-container gb-container-ae09a9d8\"><div class=\"gb-inside-container\">\n\n<p class=\"parrafobio\">Doctor en Filosof\u00eda (Universidad de Sevilla), M\u00e1ster en Filosof\u00eda y Cultura Moderna (US) y M\u00e1ster en Sexolog\u00eda (US), Experto Universitario en Sexolog\u00eda: una perspectiva biopsicosocial (US), y Experto Universitario en Sexolog\u00eda:terapias sexol\u00f3gicas (US). Beneficiario de una Ayuda para la recualificaci\u00f3n del sistema universitario espa\u00f1ol. Modalidad A: Ayudas Margarita Salas para la formaci\u00f3n de j\u00f3venes doctores.\u202f&nbsp;<\/p>\n\n\n\n<p>Editor de Differenz. Revista internacional de estudios heideggerianos y sus derivas contempor\u00e1neas. Secretario del Archivo Heidegger de la Universidad de Sevilla (Delegaci\u00f3n del M. Heideggers-Stifftung-Messkirch). Miembro del Grupo de Investigaci\u00f3n Filosof\u00eda aplicada: sujeto, sufrimiento, sociedad (C\u00f3d. PAIDI: HUM-018). Miembro de HERCRITIA, C\u00e1tedra internacional de hermen\u00e9utica cr\u00edtica. Miembro de la Red Iberoamericana de Hermen\u00e9utica.&nbsp;<\/p>\n\n\n\n<p class=\"parrafobio\">Profesor en las Universidades de M\u00e1laga y Sevilla, y desde 2025 en la Universidad de Valladolid.&nbsp;<\/p>\n\n<\/div><\/div>\n<\/div><\/div><\/div>\n<\/div>\n<\/div><\/div>\n\n<div class=\"gb-container gb-container-d866c68f\"><div class=\"gb-inside-container\">\n<div class=\"gb-container gb-container-1354350b\"><div class=\"gb-inside-container\">\n\n<h2 class=\"gb-headline gb-headline-79253eed gb-headline-text\">Puedes encontrar informaci\u00f3n m\u00e1s detallada en:<\/h2>\n\n\n\n<div class=\"wp-block-columns is-layout-flex wp-container-core-columns-is-layout-9d6595d7 wp-block-columns-is-layout-flex\">\n<div class=\"wp-block-column is-layout-flow wp-block-column-is-layout-flow\" style=\"flex-basis:100%\"><div class=\"gb-grid-wrapper gb-grid-wrapper-117c2685\">\n<div class=\"gb-grid-column gb-grid-column-45f3625d\"><div class=\"gb-container gb-container-45f3625d\"><div class=\"gb-inside-container\">\n\n<figure class=\"wp-block-image size-full\"><a href=\"https:\/\/uva-es.academia.edu\/FernandoGilabert\" target=\"_blank\" rel=\"noopener\"><img loading=\"lazy\" decoding=\"async\" width=\"613\" height=\"150\" src=\"https:\/\/albergueweb1.uva.es\/filosofia-departamento\/wp-content\/uploads\/2022\/07\/academia-1.png\" alt=\"\" class=\"wp-image-2646\" style=\"object-fit:cover\" srcset=\"https:\/\/albergueweb1.uva.es\/filosofia-departamento\/wp-content\/uploads\/2022\/07\/academia-1.png 613w, https:\/\/albergueweb1.uva.es\/filosofia-departamento\/wp-content\/uploads\/2022\/07\/academia-1-300x73.png 300w\" sizes=\"auto, (max-width: 613px) 100vw, 613px\" \/><\/a><\/figure>\n\n<\/div><\/div><\/div>\n\n<div class=\"gb-grid-column gb-grid-column-6b4b6858\"><div class=\"gb-container gb-container-6b4b6858\"><div class=\"gb-inside-container\">\n\n<figure class=\"wp-block-image size-full\"><a href=\"https:\/\/philpeople.org\/profiles\/fernando-gilabert\" target=\"_blank\" rel=\"noopener\"><img loading=\"lazy\" decoding=\"async\" width=\"316\" height=\"316\" src=\"https:\/\/albergueweb1.uva.es\/filosofia-departamento\/wp-content\/uploads\/2025\/09\/logo-philpeople.png\" alt=\"\" class=\"wp-image-6370\" srcset=\"https:\/\/albergueweb1.uva.es\/filosofia-departamento\/wp-content\/uploads\/2025\/09\/logo-philpeople.png 316w, https:\/\/albergueweb1.uva.es\/filosofia-departamento\/wp-content\/uploads\/2025\/09\/logo-philpeople-300x300.png 300w, https:\/\/albergueweb1.uva.es\/filosofia-departamento\/wp-content\/uploads\/2025\/09\/logo-philpeople-150x150.png 150w\" sizes=\"auto, (max-width: 316px) 100vw, 316px\" \/><\/a><\/figure>\n\n<\/div><\/div><\/div>\n\n<div class=\"gb-grid-column gb-grid-column-a4504d16\"><div class=\"gb-container gb-container-a4504d16\"><div class=\"gb-inside-container\">\n\n<figure class=\"wp-block-image size-full\"><a href=\"https:\/\/www.researchgate.net\/profile\/Fernando-Gilabert-2\" target=\"_blank\" rel=\"noopener\"><img loading=\"lazy\" decoding=\"async\" width=\"450\" height=\"141\" src=\"https:\/\/albergueweb1.uva.es\/filosofia-departamento\/wp-content\/uploads\/2022\/07\/ResearchGate_Logo.png\" alt=\"\" class=\"wp-image-2897\" style=\"object-fit:cover\" srcset=\"https:\/\/albergueweb1.uva.es\/filosofia-departamento\/wp-content\/uploads\/2022\/07\/ResearchGate_Logo.png 450w, https:\/\/albergueweb1.uva.es\/filosofia-departamento\/wp-content\/uploads\/2022\/07\/ResearchGate_Logo-300x94.png 300w\" sizes=\"auto, (max-width: 450px) 100vw, 450px\" \/><\/a><\/figure>\n\n<\/div><\/div><\/div>\n<\/div><\/div>\n<\/div>\n\n<\/div><\/div>\n<\/div><\/div>\n<\/div><\/div>\n\n\n<p><\/p>\n","protected":false},"excerpt":{"rendered":"<p>Fernando Gilabert Puedes encontrar informaci\u00f3n m\u00e1s detallada en:<\/p>\n","protected":false},"author":13,"featured_media":0,"parent":0,"menu_order":0,"comment_status":"closed","ping_status":"closed","template":"","meta":{"footnotes":""},"class_list":{"0":"post-6369","1":"page","2":"type-page","3":"status-publish","5":"infinite-scroll-item","6":"no-featured-image-padding"},"_links":{"self":[{"href":"https:\/\/albergueweb1.uva.es\/filosofia-departamento\/wp-json\/wp\/v2\/pages\/6369","targetHints":{"allow":["GET"]}}],"collection":[{"href":"https:\/\/albergueweb1.uva.es\/filosofia-departamento\/wp-json\/wp\/v2\/pages"}],"about":[{"href":"https:\/\/albergueweb1.uva.es\/filosofia-departamento\/wp-json\/wp\/v2\/types\/page"}],"author":[{"embeddable":true,"href":"https:\/\/albergueweb1.uva.es\/filosofia-departamento\/wp-json\/wp\/v2\/users\/13"}],"replies":[{"embeddable":true,"href":"https:\/\/albergueweb1.uva.es\/filosofia-departamento\/wp-json\/wp\/v2\/comments?post=6369"}],"version-history":[{"count":1,"href":"https:\/\/albergueweb1.uva.es\/filosofia-departamento\/wp-json\/wp\/v2\/pages\/6369\/revisions"}],"predecessor-version":[{"id":6371,"href":"https:\/\/albergueweb1.uva.es\/filosofia-departamento\/wp-json\/wp\/v2\/pages\/6369\/revisions\/6371"}],"wp:attachment":[{"href":"https:\/\/albergueweb1.uva.es\/filosofia-departamento\/wp-json\/wp\/v2\/media?parent=6369"}],"curies":[{"name":"wp","href":"https:\/\/api.w.org\/{rel}","templated":true}]}}