{"id":6372,"date":"2025-09-19T19:08:22","date_gmt":"2025-09-19T19:08:22","guid":{"rendered":"https:\/\/albergueweb1.uva.es\/filosofia-departamento\/?page_id=6372"},"modified":"2026-03-03T21:16:37","modified_gmt":"2026-03-03T21:16:37","slug":"luca-pitteloud","status":"publish","type":"page","link":"https:\/\/albergueweb1.uva.es\/filosofia-departamento\/luca-pitteloud\/","title":{"rendered":"Luca Pitteloud"},"content":{"rendered":"<div class=\"gb-container gb-container-5614a8aa\"><div class=\"gb-inside-container\">\n<div class=\"gb-container gb-container-83c87103\"><div class=\"gb-inside-container\">\n\n<h2 class=\"gb-headline gb-headline-d849a2fd gb-headline-text tituloT\"><strong>Luca Pitteloud<\/strong><\/h2>\n\n<\/div><\/div>\n\n<div class=\"gb-container gb-container-93c98117\"><div class=\"gb-inside-container\">\n<div class=\"gb-grid-wrapper gb-grid-wrapper-70de1bb0\">\n<div class=\"gb-grid-column gb-grid-column-43661613\"><div class=\"gb-container gb-container-43661613\"><div class=\"gb-inside-container\">\n\n<figure class=\"wp-block-image size-full\"><img loading=\"lazy\" decoding=\"async\" width=\"476\" height=\"476\" src=\"https:\/\/albergueweb1.uva.es\/filosofia-departamento\/wp-content\/uploads\/2026\/03\/Luca-J.-Pitteloud-e1772572582600.jpg\" alt=\"\" class=\"wp-image-6425\" srcset=\"https:\/\/albergueweb1.uva.es\/filosofia-departamento\/wp-content\/uploads\/2026\/03\/Luca-J.-Pitteloud-e1772572582600.jpg 476w, https:\/\/albergueweb1.uva.es\/filosofia-departamento\/wp-content\/uploads\/2026\/03\/Luca-J.-Pitteloud-e1772572582600-300x300.jpg 300w, https:\/\/albergueweb1.uva.es\/filosofia-departamento\/wp-content\/uploads\/2026\/03\/Luca-J.-Pitteloud-e1772572582600-150x150.jpg 150w\" sizes=\"auto, (max-width: 476px) 100vw, 476px\" \/><\/figure>\n\n\n<div class=\"gb-container gb-container-82495d80\"><div class=\"gb-inside-container\">\n\n<h4 class=\"gb-headline gb-headline-87b440f7 gb-headline-text\">Luca Pitteloud<\/h4>\n\n\n\n<h5 class=\"gb-headline gb-headline-804e1749 gb-headline-text\">Profesor Ayudante Doctor<br>Filosof\u00eda<\/h5>\n\n\n\n<h5 class=\"gb-headline gb-headline-a873f069 gb-headline-text parrafo\">Campus de Valladolid<\/h5>\n\n\n\n<h5 class=\"gb-headline gb-headline-40d52c6b parrafo\"><span class=\"gb-icon\"><svg aria-hidden=\"true\" role=\"img\" height=\"1em\" width=\"1em\" viewBox=\"0 0 512 512\" xmlns=\"http:\/\/www.w3.org\/2000\/svg\"><path fill=\"currentColor\" d=\"M493.4 24.6l-104-24c-11.3-2.6-22.9 3.3-27.5 13.9l-48 112c-4.2 9.8-1.4 21.3 6.9 28l60.6 49.6c-36 76.7-98.9 140.5-177.2 177.2l-49.6-60.6c-6.8-8.3-18.2-11.1-28-6.9l-112 48C3.9 366.5-2 378.1.6 389.4l24 104C27.1 504.2 36.7 512 48 512c256.1 0 464-207.5 464-464 0-11.2-7.7-20.9-18.6-23.4z\"><\/path><\/svg><\/span><span class=\"gb-headline-text\">983186561<\/span><\/h5>\n\n\n\n<h5 class=\"gb-headline gb-headline-51adb4c1\"><span class=\"gb-icon\"><svg aria-hidden=\"true\" role=\"img\" height=\"1em\" width=\"1em\" viewBox=\"0 0 512 512\" xmlns=\"http:\/\/www.w3.org\/2000\/svg\"><path fill=\"currentColor\" d=\"M464 64H48C21.49 64 0 85.49 0 112v288c0 26.51 21.49 48 48 48h416c26.51 0 48-21.49 48-48V112c0-26.51-21.49-48-48-48zm0 48v40.805c-22.422 18.259-58.168 46.651-134.587 106.49-16.841 13.247-50.201 45.072-73.413 44.701-23.208.375-56.579-31.459-73.413-44.701C106.18 199.465 70.425 171.067 48 152.805V112h416zM48 400V214.398c22.914 18.251 55.409 43.862 104.938 82.646 21.857 17.205 60.134 55.186 103.062 54.955 42.717.231 80.509-37.199 103.053-54.947 49.528-38.783 82.032-64.401 104.947-82.653V400H48z\"><\/path><\/svg><\/span><span class=\"gb-headline-text\"><a href=\"mailto:fgilabert@uva.es\" target=\"_blank\" rel=\"noreferrer noopener\">luca.pitteloud@uva.es<\/a><\/span><\/h5>\n\n<\/div><\/div>\n<\/div><\/div><\/div>\n\n<div class=\"gb-grid-column gb-grid-column-2489bac5\"><div class=\"gb-container gb-container-2489bac5\"><div class=\"gb-inside-container\">\n\n<h2 class=\"gb-headline gb-headline-21228abb gb-headline-text\">BIO<\/h2>\n\n\n<div class=\"gb-container gb-container-ae09a9d8\"><div class=\"gb-inside-container\">\n\n<p class=\"parrafobio\"><strong>Luca Pitteloud<\/strong> curs\u00f3 estudios de Filosof\u00eda en la <em>Universit\u00e9 de Fribourg<\/em> (Suiza), en el <em>Trinity College Dublin<\/em>, en <em>Yale University<\/em> y en la <em>University of California, Berkeley<\/em>. Obtuvo su doctorado en 2013 en la <em>Universit\u00e9 de Fribourg<\/em> con una tesis sobre la metaf\u00edsica de Plat\u00f3n, y en 2021 obtuvo la <em>venia legendi<\/em> (habilitaci\u00f3n) en la misma universidad, donde es <em>Privatdozent<\/em>. Entre 2013 y 2016 fue investigador posdoctoral en la <em>Universidade de Bras\u00edlia<\/em> (UnB), en la <em>Universidade Federal do Par\u00e1<\/em> (UFPA, Bel\u00e9m, Amazon\u00eda) y en la <em>Universidade Federal do Rio de Janeiro<\/em> (UFRJ). En 2019 fue profesor invitado en el <em>CNRS<\/em> (Centre Jean P\u00e9pin \u2013 UMR 8230) de Par\u00eds gracias a una beca del Ministerio de Educaci\u00f3n de Brasil. En 2021\u20132022 fue <em>Fran\u00e7ois Chevalier<\/em> Fellow en el <em>Madrid Institute for Advanced Study<\/em> (MIAS).&nbsp;<\/p>\n\n\n\n<p>Desde 2015 es Profesor de Filosof\u00eda Antigua en <em>la Universidade Federal do ABC<\/em> (S\u00e3o Paulo, Brasil). Ha sido Investigador \u201cMar\u00eda Zambrano\u201d (2021\u20132024) e Investigador Distinguido (2024\u20132025) en la Universidad Aut\u00f3noma de Madrid, donde fue<strong> <\/strong>Investigador Principal<strong> <\/strong>de los proyectos \u201cThe Limits of Language in Ancient Philosophy (<em>LoL<\/em>)\u201d<strong> <\/strong>(financiado por la AEI (Agencia Estatal de Investigaci\u00f3n), PID2022) y \u201cFiguras del Demiurgo: Estudio sobre las modalidades creativas entre teor\u00eda, arte y praxis\u201d (2023\u20132025, UAM \u2013 Casa de Vel\u00e1zquez). Es tambi\u00e9n profesor permanente del Programa de Posgrado en Metaf\u00edsica de la Universidade de Bras\u00edlia (desde 2019) y miembro de la <a href=\"https:\/\/archai.unb.br\/\" target=\"_blank\" rel=\"noreferrer noopener\">C\u00e1tedra UNESCO Archai<\/a>. Desde 2025 es co-director de la colecci\u00f3n <em>Vestigia<\/em> en las <em>\u00c9ditions du Cerf<\/em> (Par\u00eds) y es miembro del equipo editorial de <em>Plato Journal: The Journal of the International Plato Society<\/em>&nbsp;<\/p>\n\n\n\n<p class=\"parrafobio\">Sus principales \u00e1reas de investigaci\u00f3n son la historia de la filosof\u00eda antigua (en particular el platonismo), la metaf\u00edsica, la cosmolog\u00eda, la l\u00f3gica, la filosof\u00eda del lenguaje y la inefabilidad. Es autor de los libros <em>La s\u00e9paration dans la m\u00e9taphysique de Platon<\/em> (Academia Verlag, colecci\u00f3n <em>International Plato Studies<\/em>, 2017), <em>Psychology and Ontology in Plato<\/em> (Springer, colecci\u00f3n <em>Philosophical Studies Series<\/em>, 2019) y <em>Ordre et D\u00e9sordre dans l\u2019univers. Une \u00e9tude sur l\u2019exp\u00e9rience de pens\u00e9e du \u201cTim\u00e9e\u201d<\/em> (Brill, colecci\u00f3n<em> Plato Studies Series<\/em>, 2024). Ha sido editor invitado de un n\u00famero especial de la revista <em>Rhizomata<\/em> (De Gruyter, 2021), resultado de un proyecto de investigaci\u00f3n sobre los argumentos regresivos y el principio de no contradicci\u00f3n, financiado por el <em>Newton Fund<\/em> y realizado en colaboraci\u00f3n con Matthew Duncombe (Universidad de Nottingham). Ha publicado art\u00edculos en revistas y editoriales internacionales como Brill, De Gruyter, Bloomsbury y Routledge. Ha participado en m\u00e1s de 80 congresos y seminarios internacionales.&nbsp;<\/p>\n\n<\/div><\/div>\n<\/div><\/div><\/div>\n<\/div>\n<\/div><\/div>\n\n<div class=\"gb-container gb-container-d866c68f\"><div class=\"gb-inside-container\">\n<div class=\"gb-container gb-container-1354350b\"><div class=\"gb-inside-container\">\n\n<h2 class=\"gb-headline gb-headline-79253eed gb-headline-text\">Puedes encontrar informaci\u00f3n m\u00e1s detallada en:<\/h2>\n\n\n\n<div class=\"wp-block-columns is-layout-flex wp-container-core-columns-is-layout-9d6595d7 wp-block-columns-is-layout-flex\">\n<div class=\"wp-block-column is-layout-flow wp-block-column-is-layout-flow\" style=\"flex-basis:100%\"><div class=\"gb-grid-wrapper gb-grid-wrapper-117c2685\">\n<div class=\"gb-grid-column gb-grid-column-45f3625d\"><div class=\"gb-container gb-container-45f3625d\"><div class=\"gb-inside-container\">\n\n<figure class=\"wp-block-image size-full\"><a href=\"https:\/\/orcid.org\/0000-0002-1864-5742\" target=\"_blank\" rel=\"noopener\"><img loading=\"lazy\" decoding=\"async\" width=\"740\" height=\"280\" src=\"https:\/\/albergueweb1.uva.es\/filosofia-departamento\/wp-content\/uploads\/2022\/07\/orcid.jpg\" alt=\"\" class=\"wp-image-2652\" style=\"object-fit:cover\" srcset=\"https:\/\/albergueweb1.uva.es\/filosofia-departamento\/wp-content\/uploads\/2022\/07\/orcid.jpg 740w, https:\/\/albergueweb1.uva.es\/filosofia-departamento\/wp-content\/uploads\/2022\/07\/orcid-300x114.jpg 300w\" sizes=\"auto, (max-width: 740px) 100vw, 740px\" \/><\/a><\/figure>\n\n<\/div><\/div><\/div>\n\n<div class=\"gb-grid-column gb-grid-column-a4504d16\"><div class=\"gb-container gb-container-a4504d16\"><div class=\"gb-inside-container\">\n\n<figure class=\"wp-block-image size-full\"><a href=\"https:\/\/uva-es.academia.edu\/LucaPitteloud\" target=\"_blank\" rel=\"noopener\"><img loading=\"lazy\" decoding=\"async\" width=\"613\" height=\"150\" src=\"https:\/\/albergueweb1.uva.es\/filosofia-departamento\/wp-content\/uploads\/2022\/07\/academia-1.png\" alt=\"\" class=\"wp-image-2646\" style=\"object-fit:cover\" srcset=\"https:\/\/albergueweb1.uva.es\/filosofia-departamento\/wp-content\/uploads\/2022\/07\/academia-1.png 613w, https:\/\/albergueweb1.uva.es\/filosofia-departamento\/wp-content\/uploads\/2022\/07\/academia-1-300x73.png 300w\" sizes=\"auto, (max-width: 613px) 100vw, 613px\" \/><\/a><\/figure>\n\n<\/div><\/div><\/div>\n<\/div><\/div>\n<\/div>\n\n<\/div><\/div>\n<\/div><\/div>\n<\/div><\/div>\n\n\n<p><\/p>\n","protected":false},"excerpt":{"rendered":"<p>Luca Pitteloud Puedes encontrar informaci\u00f3n m\u00e1s detallada en:<\/p>\n","protected":false},"author":13,"featured_media":6425,"parent":0,"menu_order":0,"comment_status":"closed","ping_status":"closed","template":"","meta":{"footnotes":""},"class_list":{"0":"post-6372","1":"page","2":"type-page","3":"status-publish","4":"has-post-thumbnail","6":"infinite-scroll-item","7":"no-featured-image-padding","8":"resize-featured-image"},"_links":{"self":[{"href":"https:\/\/albergueweb1.uva.es\/filosofia-departamento\/wp-json\/wp\/v2\/pages\/6372","targetHints":{"allow":["GET"]}}],"collection":[{"href":"https:\/\/albergueweb1.uva.es\/filosofia-departamento\/wp-json\/wp\/v2\/pages"}],"about":[{"href":"https:\/\/albergueweb1.uva.es\/filosofia-departamento\/wp-json\/wp\/v2\/types\/page"}],"author":[{"embeddable":true,"href":"https:\/\/albergueweb1.uva.es\/filosofia-departamento\/wp-json\/wp\/v2\/users\/13"}],"replies":[{"embeddable":true,"href":"https:\/\/albergueweb1.uva.es\/filosofia-departamento\/wp-json\/wp\/v2\/comments?post=6372"}],"version-history":[{"count":2,"href":"https:\/\/albergueweb1.uva.es\/filosofia-departamento\/wp-json\/wp\/v2\/pages\/6372\/revisions"}],"predecessor-version":[{"id":6427,"href":"https:\/\/albergueweb1.uva.es\/filosofia-departamento\/wp-json\/wp\/v2\/pages\/6372\/revisions\/6427"}],"wp:featuredmedia":[{"embeddable":true,"href":"https:\/\/albergueweb1.uva.es\/filosofia-departamento\/wp-json\/wp\/v2\/media\/6425"}],"wp:attachment":[{"href":"https:\/\/albergueweb1.uva.es\/filosofia-departamento\/wp-json\/wp\/v2\/media?parent=6372"}],"curies":[{"name":"wp","href":"https:\/\/api.w.org\/{rel}","templated":true}]}}