{"id":10,"date":"2011-11-14T11:52:06","date_gmt":"2011-11-14T11:52:06","guid":{"rendered":"http:\/\/www5.uva.es\/gir_pangea\/?page_id=10"},"modified":"2024-09-25T14:02:24","modified_gmt":"2024-09-25T14:02:24","slug":"miembros-del-gir","status":"publish","type":"page","link":"https:\/\/albergueweb1.uva.es\/gir_pangea\/?page_id=10","title":{"rendered":"MIEMBROS"},"content":{"rendered":"\n<figure class=\"wp-block-table is-style-stripes\"><table class=\"has-fixed-layout\"><tbody><tr><td><strong>Nombres y apellidos<\/strong><\/td><td><strong>Categor\u00eda<\/strong><\/td><td><strong>Instituci\u00f3n<\/strong><\/td><td><strong>Email<\/strong><\/td><\/tr><tr><td><a href=\"http:\/\/www5.uva.es\/gir_pangea\/?page_id=157\">Dr. Enrique Serrano Ca\u00f1adas<\/a><\/td><td>Catedr\u00e1tico Geograf\u00eda F\u00edsica<\/td><td>UVa<\/td><td><a href=\"mailto:serranoe@fyl.uva.es\">serranoe@fyl.uva.es<\/a><\/td><\/tr><tr><td><a href=\"http:\/\/www5.uva.es\/gir_pangea\/?page_id=373\">Dr. Luis Carlos Martinez Fern\u00e1ndez<\/a><\/td><td>Profesor Titular de An\u00e1lisis Geogr\u00e1fico Regional<\/td><td>UVa<\/td><td><a href=\"mailto:luiscar@fyl.uva.es\">luiscar@fyl.uva.es<\/a><\/td><\/tr><tr><td><a rel=\"noreferrer noopener\" href=\"https:\/\/albergueweb1.uva.es\/gir_pangea\/?page_id=1903\" target=\"_blank\">Dr. Mar\u00eda Teresa Ortega Villaz\u00e1n<\/a><\/td><td>Profesora Titular, Geograf\u00eda F\u00edsica<\/td><td>UVa<\/td><td><a href=\"mailto:maite@fyl.uva.es\">maite@fyl.uva.es<\/a><\/td><\/tr><tr><td><a href=\"https:\/\/albergueweb1.uva.es\/gir_pangea\/?page_id=1897\">Dr. Carlos Gabriel Morales Rodr\u00edguez<\/a><\/td><td>Profesor Titular, Geograf\u00eda F\u00edsica<\/td><td>UVa<\/td><td><a href=\"mailto:cmorales@fyl.uva.es\">cmorales@fyl.uva.es<\/a><\/td><\/tr><tr><td><a href=\"http:\/\/albergueweb1.uva.es\/gir_pangea\/?page_id=1805\">Mrs. Rosa Mar\u00eda Ruiz Pedrosa<\/a><\/td><td>Contratada Predoctoral<\/td><td>UVa<\/td><td><a href=\"mailto:rosamaria.ruiz.pedrosa@uva.es\">rosamaria.ruiz.pedrosa@uva.es<\/a><\/td><\/tr><tr><td><a href=\"https:\/\/albergueweb1.uva.es\/gir_pangea\/?page_id=2001\">Mr. Luis Ernesto Diez Fari\u00f1as<\/a><\/td><td>Contratado Predoctoral<\/td><td>UVa<\/td><td><a href=\"mailto:luisernesto.diez22@uva.es\">luisernesto.diez22@uva.es<\/a><\/td><\/tr><tr><td><a href=\"http:\/\/albergueweb1.uva.es\/gir_pangea\/?page_id=1328\">Mr. Adri\u00e1n Mart\u00ednez Fern\u00e1ndez<\/a><\/td><td>T\u00e9cnico de Laboratorio<\/td><td>CENIEH<\/td><td><a href=\"mailto:adrian.martinez@cenieh.es\">adrian.martinez@cenieh.es<\/a><\/td><\/tr><tr><td><a href=\"http:\/\/albergueweb1.uva.es\/gir_pangea\/?page_id=676\">Dr. Alfonso Pisabarro P\u00e9rez<\/a><\/td><td>Profesor Contratado Doctor<\/td><td>ULE<\/td><td><a href=\"mailto:alfonso.pisabarro@uva.es\">apisp@unileon.es<\/a><\/td><\/tr><tr><td><a href=\"http:\/\/www5.uva.es\/gir_pangea\/?page_id=71\">Dr. Ram\u00f3n Pellitero Ondicol<\/a><\/td><td>Profesor Contratado Doctor<\/td><td>UNED<\/td><td><a href=\"mailto:rpellitero@geo.uned.es\">rpellitero@geo.uned.es<\/a><\/td><\/tr><tr><td><a href=\"http:\/\/www5.uva.es\/gir_pangea\/?page_id=309\">Dr. Manuel G\u00f3mez Lende<\/a><\/td><td>Profesor Ayudante Doctor<\/td><td>UNICAN<\/td><td><a href=\"mailto:manuel.gomezlende@unican.es\">manuel.gomezlende@unican.es<\/a><\/td><\/tr><tr><td><a href=\"http:\/\/www5.uva.es\/gir_pangea\/?page_id=290\">Dr. Ing. Jos\u00e9 Juan Sanjos\u00e9 Blasco<\/a><\/td><td>Profesor Titular, Geodesia y Cartograf\u00eda<\/td><td>UNEX<\/td><td><a href=\"mailto:jjblasco@unex.es\">jjblasco@unex.es<\/a><\/td><\/tr><tr><td><a href=\"http:\/\/www5.uva.es\/gir_pangea\/?page_id=676&amp;preview=true&amp;preview_id=676&amp;preview_nonce=4d02c34929http:\/\/\">Dr.Ing.Luis Jord\u00e1 Bordehore<\/a><\/td><td>Profesor Contratado Doctor<\/td><td>UPM<\/td><td><a href=\"mailto:l.jorda@upm.es\">l.jorda@upm.es<\/a><\/td><\/tr><tr><td><a href=\"http:\/\/www5.uva.es\/gir_pangea\/?page_id=282\">Dr. Ra\u00fal Mart\u00edn Moreno<\/a><\/td><td>Profesor contratado Doctor<\/td><td>UAM<\/td><td><a href=\"mailto:raul.martinm@uam.es\">raul.martinm@uam.es<\/a><\/td><\/tr><tr><td><a href=\"http:\/\/www5.uva.es\/gir_pangea\/?page_id=298\">Dr. Luis Mariano del R\u00edo P\u00e9rez<\/a><\/td><td>Catedr\u00e1tico de F\u00edsica Aplicada<\/td><td>UNEX<\/td><td><a href=\"mailto:lmdelrio@unex.es\">lmdelrio@unex.es<\/a><\/td><\/tr><tr><td><a href=\"https:\/\/albergueweb1.uva.es\/gir_pangea\/?page_id=2061\" data-type=\"URL\" data-id=\"https:\/\/albergueweb1.uva.es\/gir_pangea\/?page_id=2061\">Dr. Francisco Javier Le\u00f3n Miranda<\/a><\/td><td>Profesor Ayudante Doctor, Geograf\u00eda Regional<\/td><td>UVa<\/td><td><a href=\"mailto:franciscojavier.leon.miranda@uva.es\">franciscojavier.leon.miranda@uva.es<\/a><\/td><\/tr><tr><td><a href=\"http:\/\/www5.uva.es\/gir_pangea\/?page_id=246\">Dra. Purificaci\u00f3n Ruiz Fla\u00f1o<\/a><\/td><td>Profesora Titular, Geograf\u00eda F\u00edsica<\/td><td>UNIR<\/td><td><a href=\"mailto:purificacion.ruiz@unirioja.es\">purificacion.ruiz@unirioja.es<\/a><\/td><\/tr><tr><td><a href=\"http:\/\/www5.uva.es\/gir_pangea\/?page_id=270\">Dra. Mar\u00eda Jos\u00e9 Gonzalez Amuchastegui<\/a><\/td><td>Profesora Titular, Geograf\u00eda F\u00edsica<\/td><td>UNED<\/td><td><a href=\"mjgonzalezamu@geo.uned.es\">mj<\/a><a href=\"mj.gonzalezamu@geo.uned.es\">gonzalezamu@geo.uned.es<\/a><\/td><\/tr><tr><td><a href=\"http:\/\/www5.uva.es\/gir_pangea\/?page_id=252\">Ing. Dr. Alan Atkinson Gordo<\/a><\/td><td>Profesor Titular, Geodesia y Cartograf\u00eda<\/td><td>UNEX<\/td><td><a href=\"mailto:atkinson@unex.es\">atkinson@unex.es<\/a><\/td><\/tr><\/tbody><\/table><\/figure>\n\n\n\n<figure class=\"wp-block-image size-large\"><a href=\"https:\/\/i0.wp.com\/albergueweb1.uva.es\/gir_pangea\/wp-content\/uploads\/2023\/09\/WhatsApp-Image-2023-09-25-at-13.24.18.jpeg?ssl=1\"><img data-attachment-id=\"2028\" data-permalink=\"https:\/\/albergueweb1.uva.es\/gir_pangea\/?attachment_id=2028\" data-orig-file=\"https:\/\/i0.wp.com\/albergueweb1.uva.es\/gir_pangea\/wp-content\/uploads\/2023\/09\/WhatsApp-Image-2023-09-25-at-13.24.18.jpeg?fit=921%2C1051&amp;ssl=1\" data-orig-size=\"921,1051\" data-comments-opened=\"0\" data-image-meta=\"{&quot;aperture&quot;:&quot;0&quot;,&quot;credit&quot;:&quot;&quot;,&quot;camera&quot;:&quot;&quot;,&quot;caption&quot;:&quot;&quot;,&quot;created_timestamp&quot;:&quot;0&quot;,&quot;copyright&quot;:&quot;&quot;,&quot;focal_length&quot;:&quot;0&quot;,&quot;iso&quot;:&quot;0&quot;,&quot;shutter_speed&quot;:&quot;0&quot;,&quot;title&quot;:&quot;&quot;,&quot;orientation&quot;:&quot;0&quot;}\" data-image-title=\"WhatsApp-Image-2023-09-25-at-13.24.18\" data-image-description=\"\" data-image-caption=\"\" data-medium-file=\"https:\/\/i0.wp.com\/albergueweb1.uva.es\/gir_pangea\/wp-content\/uploads\/2023\/09\/WhatsApp-Image-2023-09-25-at-13.24.18.jpeg?fit=263%2C300&amp;ssl=1\" data-large-file=\"https:\/\/i0.wp.com\/albergueweb1.uva.es\/gir_pangea\/wp-content\/uploads\/2023\/09\/WhatsApp-Image-2023-09-25-at-13.24.18.jpeg?fit=640%2C731&amp;ssl=1\" loading=\"lazy\" width=\"640\" height=\"731\" src=\"https:\/\/i0.wp.com\/albergueweb1.uva.es\/gir_pangea\/wp-content\/uploads\/2023\/09\/WhatsApp-Image-2023-09-25-at-13.24.18-897x1024.jpeg?resize=640%2C731&#038;ssl=1\" alt=\"\" class=\"wp-image-2028\" srcset=\"https:\/\/i0.wp.com\/albergueweb1.uva.es\/gir_pangea\/wp-content\/uploads\/2023\/09\/WhatsApp-Image-2023-09-25-at-13.24.18.jpeg?resize=897%2C1024&amp;ssl=1 897w, https:\/\/i0.wp.com\/albergueweb1.uva.es\/gir_pangea\/wp-content\/uploads\/2023\/09\/WhatsApp-Image-2023-09-25-at-13.24.18.jpeg?resize=263%2C300&amp;ssl=1 263w, https:\/\/i0.wp.com\/albergueweb1.uva.es\/gir_pangea\/wp-content\/uploads\/2023\/09\/WhatsApp-Image-2023-09-25-at-13.24.18.jpeg?resize=768%2C876&amp;ssl=1 768w, https:\/\/i0.wp.com\/albergueweb1.uva.es\/gir_pangea\/wp-content\/uploads\/2023\/09\/WhatsApp-Image-2023-09-25-at-13.24.18.jpeg?w=921&amp;ssl=1 921w\" sizes=\"(max-width: 640px) 100vw, 640px\" data-recalc-dims=\"1\" \/><\/a><\/figure>\n","protected":false},"excerpt":{"rendered":"<p>Nombres y apellidos Categor\u00eda Instituci\u00f3n Email Dr. Enrique Serrano Ca\u00f1adas Catedr\u00e1tico Geograf\u00eda F\u00edsica UVa serranoe@fyl.uva.es Dr. Luis Carlos Martinez Fern\u00e1ndez Profesor Titular de An\u00e1lisis Geogr\u00e1fico Regional UVa luiscar@fyl.uva.es Dr. Mar\u00eda Teresa Ortega Villaz\u00e1n Profesora Titular, Geograf\u00eda F\u00edsica UVa maite@fyl.uva.es Dr. Carlos Gabriel Morales Rodr\u00edguez Profesor Titular, Geograf\u00eda F\u00edsica UVa cmorales@fyl.uva.es Mrs. Rosa Mar\u00eda Ruiz Pedrosa [&hellip;]<\/p>\n","protected":false},"author":1,"featured_media":0,"parent":0,"menu_order":3,"comment_status":"closed","ping_status":"closed","template":"","meta":{"jetpack_post_was_ever_published":false},"jetpack_sharing_enabled":true,"jetpack_shortlink":"https:\/\/wp.me\/P79crb-a","jetpack-related-posts":[{"id":270,"url":"https:\/\/albergueweb1.uva.es\/gir_pangea\/?page_id=270","url_meta":{"origin":10,"position":0},"title":"M.J. Gonzalez Amuchastegui","date":"12 enero, 2012","format":false,"excerpt":"cva_Fecyt_resumido_MJGlezAmuchasteguiDescarga Profesora Titular, Geograf\u00eda F\u00edsica. Departamento de Geograf\u00eda UNED Facultad de Geograf\u00eda e Historia Direcci\u00f3n: Paseo\u00a0\u00a0Senda del Rey, 7 Edificio de Humanidades, 4\u00aa y 5\u00aa planta 28040 - Madrid Email: mj.gonzalezamu@geo.uned.es Telefono: (+34) 91398-9004 Perfil ORCID Perfil ResearchGate","rel":"","context":"Entrada similar","img":{"alt_text":"","src":"https:\/\/i0.wp.com\/albergueweb1.uva.es\/gir_pangea\/wp-content\/uploads\/2023\/03\/ORCID_iD.svg_.png?resize=350%2C200&ssl=1","width":350,"height":200},"classes":[]},{"id":235,"url":"https:\/\/albergueweb1.uva.es\/gir_pangea\/?page_id=235","url_meta":{"origin":10,"position":1},"title":"Jos\u00e9 Mar\u00eda Delgado Urrecho","date":"11 enero, 2012","format":false,"excerpt":"Profesor Titular, Geograf\u00eda Humana. Departamento de Geograf\u00eda. Universidad de Valladolid. Facultad de Filosof\u00eda y Letras. Direcci\u00f3n: P\u00ba del Prado de la Magdalena s\/n 47011 Valladolid Email: jose@fyl.uva.es Telefono: 983 423000 ext. 6572\u00a0","rel":"","context":"Entrada similar","img":{"alt_text":"","src":"","width":0,"height":0},"classes":[]},{"id":246,"url":"https:\/\/albergueweb1.uva.es\/gir_pangea\/?page_id=246","url_meta":{"origin":10,"position":2},"title":"Purificaci\u00f3n Ruiz Fla\u00f1o","date":"11 enero, 2012","format":false,"excerpt":"Profesora Titular, Geograf\u00eda F\u00edsica. Departamento de Ciencias Humanas Universidad de La Rioja Email: purificacion.ruiz@unirioja.es Perfil ORCID","rel":"","context":"Entrada similar","img":{"alt_text":"","src":"https:\/\/i0.wp.com\/albergueweb1.uva.es\/gir_pangea\/wp-content\/uploads\/2023\/03\/ORCID_iD.svg_.png?resize=350%2C200&ssl=1","width":350,"height":200},"classes":[]},{"id":228,"url":"https:\/\/albergueweb1.uva.es\/gir_pangea\/?page_id=228","url_meta":{"origin":10,"position":3},"title":"Jes\u00fas Mar\u00eda Bachiller","date":"11 enero, 2012","format":false,"excerpt":"Profesor Titular, An\u00e1lisis Geogr\u00e1fico Regional Departamento de Geograf\u00eda. Universidad de Valladolid. Facultad de Traducci\u00f3n e Interpretaci\u00f3n. Direcci\u00f3n: Campus \"Duques de Soria\" 42004 SORIA Email: jbachiller@geo.uva.es Telefono: 983 423000 ext. 9138","rel":"","context":"Entrada similar","img":{"alt_text":"","src":"","width":0,"height":0},"classes":[]},{"id":373,"url":"https:\/\/albergueweb1.uva.es\/gir_pangea\/?page_id=373","url_meta":{"origin":10,"position":4},"title":"Luis Carlos Martinez Fern\u00e1ndez","date":"16 enero, 2012","format":false,"excerpt":"Profesor Titular de An\u00e1lisis Geogr\u00e1fico Regional Departamento de Geograf\u00eda. Universidad de Valladolid. Facultad de Filosof\u00eda y Letras. Direcci\u00f3n: P\u00ba del Prado de la Magdalena s\/n 47011 Valladolid Email: luiscar@fyl.uva.es Perfil ORCID Perfil ResearchGate","rel":"","context":"Entrada similar","img":{"alt_text":"","src":"https:\/\/i0.wp.com\/albergueweb1.uva.es\/gir_pangea\/wp-content\/uploads\/2023\/03\/ORCID_iD.svg_.png?resize=350%2C200&ssl=1","width":350,"height":200},"classes":[]},{"id":1805,"url":"https:\/\/albergueweb1.uva.es\/gir_pangea\/?page_id=1805","url_meta":{"origin":10,"position":5},"title":"Rosa Mar\u00eda Ruiz Pedrosa","date":"30 septiembre, 2021","format":false,"excerpt":"Contratada Predoctoral Perfil ORCID Perfil ResearchGate Graduada en Geograf\u00eda y Ordenaci\u00f3n del Territorio por la Universidad de Valladolid en 2019, mi trayectoria universitaria ha destacado por la implicaci\u00f3n en la Geograf\u00eda y en mi Departamento. Ejerc\u00ed como tesorera durante varios a\u00f1os en la Asociaci\u00f3n de J\u00f3venes Ge\u00f3grafos de Valladolid (GEOLID).\u2026","rel":"","context":"Entrada similar","img":{"alt_text":"","src":"https:\/\/i0.wp.com\/albergueweb1.uva.es\/gir_pangea\/wp-content\/uploads\/2021\/09\/pp.jpg?resize=350%2C200&ssl=1","width":350,"height":200},"classes":[]}],"_links":{"self":[{"href":"https:\/\/albergueweb1.uva.es\/gir_pangea\/index.php?rest_route=\/wp\/v2\/pages\/10"}],"collection":[{"href":"https:\/\/albergueweb1.uva.es\/gir_pangea\/index.php?rest_route=\/wp\/v2\/pages"}],"about":[{"href":"https:\/\/albergueweb1.uva.es\/gir_pangea\/index.php?rest_route=\/wp\/v2\/types\/page"}],"author":[{"embeddable":true,"href":"https:\/\/albergueweb1.uva.es\/gir_pangea\/index.php?rest_route=\/wp\/v2\/users\/1"}],"replies":[{"embeddable":true,"href":"https:\/\/albergueweb1.uva.es\/gir_pangea\/index.php?rest_route=%2Fwp%2Fv2%2Fcomments&post=10"}],"version-history":[{"count":142,"href":"https:\/\/albergueweb1.uva.es\/gir_pangea\/index.php?rest_route=\/wp\/v2\/pages\/10\/revisions"}],"predecessor-version":[{"id":2065,"href":"https:\/\/albergueweb1.uva.es\/gir_pangea\/index.php?rest_route=\/wp\/v2\/pages\/10\/revisions\/2065"}],"wp:attachment":[{"href":"https:\/\/albergueweb1.uva.es\/gir_pangea\/index.php?rest_route=%2Fwp%2Fv2%2Fmedia&parent=10"}],"curies":[{"name":"wp","href":"https:\/\/api.w.org\/{rel}","templated":true}]}}