{"id":1033,"date":"2016-09-14T12:07:11","date_gmt":"2016-09-14T12:07:11","guid":{"rendered":"http:\/\/www5.uva.es\/gir_pangea\/?page_id=1033"},"modified":"2017-02-20T14:20:41","modified_gmt":"2017-02-20T14:20:41","slug":"publicaciones-2016","status":"publish","type":"page","link":"https:\/\/albergueweb1.uva.es\/gir_pangea\/?page_id=1033","title":{"rendered":"Publicaciones 2016"},"content":{"rendered":"<ul>\n<li style=\"text-align: justify;\">Pisabarro, A., Pellitero, R., Serrano, E., G\u00f3mez-Lende, M., &amp; Gonz\u00e1lez-Trueba, J. J. (2017). Ground temperatures, landforms and processes in an Atlantic mountain. Cantabrian Mountains (Northern Spain). Catena. http:\/\/dx.doi.org\/10.1016\/j.catena.2016.07.051.<\/li>\n<\/ul>\n<ul>\n<li style=\"text-align: justify;\">G\u00f3mez Lende, M. (2016). Cuevas heladas en el Parque nacional de los Picos de Europa. fronteras subterr\u00e1nea del hielo en el macizo central. Organismo Aut\u00f3nomo Parques Nacionales, MAPAMA, Madrid.<\/li>\n<\/ul>\n<ul>\n<li style=\"text-align: justify;\">Delgado Urrecho, J. M. y Mart\u00ednez Fern\u00e1ndez, L.C. 2016. La situaci\u00f3n de la poblaci\u00f3n en Castilla y Le\u00f3n 2015. Consejo Econ\u00f3mico y Social de Castilla y Le\u00f3n. Valladolid. 137 pp.<\/li>\n<\/ul>\n<ul>\n<li style=\"text-align: justify;\">Serrano, E. Gonz\u00e1lez-Trueba, J.J., Pellitero, R., G\u00f3mez-Lende, M. 2016. Quaternary glacial history of the Cantabrian Mountains of northern Spain: a new synthesis. M. En: Hughes, P. D. &amp; Woodward, J. C. (eds) Quaternary Glaciation in the Mediterranean Mountains. Geological Society, London, Special Publications, 433, first published on February 11, 2016, doi:10.1144\/SP433.8<\/li>\n<\/ul>\n<ul>\n<li style=\"text-align: justify;\">G\u00f3mez Lende, M., Serrano, E. Jord\u00e1, L., Sandoval, S. (2016). The role of GPR techniques in determining ice cave properties: Pe\u00f1a Castil ice cave, Picos de Europa.\u00bb Earth Surface Processes and landforms, 41, 2177-2190. DOI: 10.1002\/esp.3976<\/li>\n<\/ul>\n<ul>\n<li style=\"text-align: justify;\">Garc\u00eda, M.G., Serrano, E.; Sanjos\u00e9, J.J., Gonz\u00e1elz Trueba, J.J. (2016). Surface dynamic of a protalus lobe in the temperate high mountain. Western Maladeta, Pyrenees, Catena, 149 (3), 689-700.<\/li>\n<\/ul>\n<ul>\n<li style=\"text-align: justify;\">Schmid, T., L\u00f3pez-Mart\u00ednez, J., Guillaso, S., Serrano E., D&#8217;Hondt, O., Koch, M., Nieto, A., O&#8217;Neill, T., Mink, S., Dur\u00e1n, J.J., Maestro A. (2016). Geomorphological mapping of ice-free areas using polarimetric RADARSAT-2 data on Fildes Peninsula and Ardley Island, Antarctica. Geomorphology, Available online 17 September 2016. http:\/\/dx.doi.org\/10. 1016\/j.geomorph.2016.09.031.<\/li>\n<\/ul>\n<ul>\n<li style=\"text-align: justify;\">Oliva, M., E. Serrano, A. Gomez-Ortiz, M.J. Gonzalez-Amuchastegui, A. Nieuwendam, D. Palacios, A. Perez-Alberti, R. Pellitero-Ondicol, J. Ruiz-Fernandez, M. Valcarcel, G. Vieira, D. Antoniades. (2016). Spatial and temporal variability of periglaciation of the Iberian Peninsula. Quaternary Science Reviews, 137, 176-199<\/li>\n<\/ul>\n<ul>\n<li style=\"text-align: justify;\">L\u00f3pez-Moreno, J. I., Revuelto, J., Rico, I., Chueca-C\u00eda, J., Juli\u00e1n, A., Serreta, A., Serrano, E., Vicente-Serrano, S. M., Azorin-Molina, C., Alonso-Gonz\u00e1lez, E., and Garc\u00eda-Ruiz, J. M.: Thinning of the Monte Perdido Glacier in the Spanish Pyrenees since 1981, The Cryosphere, 10, 681-694, doi:10.5194\/tc-10-681-2016, 2016.<\/li>\n<\/ul>\n<ul>\n<li style=\"text-align: justify;\">Sanjos\u00e9, J.J. de; Serrano, E.; Berenguer, F.; Gonz\u00e1lez-Trueba, J.J.; G\u00f3mez-Lende, M.; Gonz\u00e1lez-Garc\u00eda, M.; Guerrero-Castro, M. (2016). Evoluci\u00f3n hist\u00f3rica y actual de la l\u00ednea de costa en la playa de Somo (Cantabria), mediante el empleo de la fotogrametr\u00eda a\u00e9rea y esc\u00e1ner l\u00e1ser terrestre. Cuaternario y Geomorfolog\u00eda (2016), 30 (1-2), 119-130.<\/li>\n<\/ul>\n<ul>\n<li style=\"text-align: justify;\">Gonz\u00e1lez-Amuchastegui, M.J.; Ibisate, A.; Rico, I.; S\u00e1nchez-Fern\u00e1ndez, M.; Sanjos\u00e9, J.J. (2016). Cambios geomorfol\u00f3gicos y evoluci\u00f3n de una barra de arena en la desembocadura del r\u00edo Lea, Lekeitio-Mendexa (Bizkaia). Cuaternario y Geomorfolog\u00eda (2016), 30 (1-2), 75-85.<\/li>\n<\/ul>\n<ul>\n<li style=\"text-align: justify;\">Serrano, E. (2016). Foreword: polar environments, a changing world. Cuadernos de Investigaci\u00f3n Geogr\u00e1fica, Tomo 42 (2), 315-320.<\/li>\n<\/ul>\n<ul>\n<li style=\"text-align: justify;\">L\u00f3pez-Mart\u00ednez, J., Schmid, T., Serrano, E., Mink, S., Nieto, A., Guillaso, S. (2016). Geomorphology and landforms distribution in selected ice-free areas within the South Shetland Islands, Northern Antarctic Peninsula Region. Cuadernos de Investigaci\u00f3n Geogr\u00e1fica, Tomo 42 (2), 435-455.<\/li>\n<\/ul>\n<ul>\n<li style=\"text-align: justify;\">Mart\u00ednez Fern\u00e1ndez, L.C., Molina de La Torre, I. y Delgado Urrecho, J. M. 2016 Pervivencia o \u201csupervivencia\u201d de la tradici\u00f3n en el Guadarrama segoviano. Procesos y pr\u00e1cticas. Investigaciones Geogr\u00e1ficas, 65, 117-134.<\/li>\n<\/ul>\n<ul>\n<li style=\"text-align: justify;\">Sanjos\u00e9 Blasco, J.J., Serrano Ca\u00f1adas, E., G\u00f3mez Lende, M. (2916). An\u00e1lisis geom\u00e1tico de bloques aradores y l\u00f3bulos en los puertos de Aliva (Picos de Europa, Cordillera Cant\u00e1brica). Pol\u00edgonos. Revista de Geograf\u00eda, n\u00ba 28, 123-138.<\/li>\n<\/ul>\n<ul>\n<li style=\"text-align: justify;\">Serrano Ca\u00f1adas, E. G\u00f3mez Lende, M., Pisabarro P\u00e9rez, A.(2016). Nieve y riesgo de aludes en la monta\u00f1a cant\u00e1brica: el alud de Carda\u00f1o de Arriba, Alto Carri\u00f3n (Palencia). Pol\u00edgonos. Revista de Geograf\u00eda, n\u00ba 28, 239-264.<\/li>\n<\/ul>\n<ul>\n<li style=\"text-align: justify;\">Gonz\u00e1lez Garc\u00eda, M., Serrano Ca\u00f1adas, E., Gonz\u00e1lez Trueba, J.J. (2016). Morfog\u00e9nesis, morfodin\u00e1mica y caracterizaci\u00f3n t\u00e9rmica de mont\u00edculos de hielo en los Pirineos (Macizos de Maladeta y Posets). Pol\u00edgonos. Revista de Geograf\u00eda, n\u00ba 28, 73-93.<\/li>\n<\/ul>\n<ul>\n<li style=\"text-align: justify;\">Serrano Ca\u00f1adas, E. (2016). Periglaciarismo y permafrost: el estudio de la criosfera en la comunidad ib\u00e9rica. Pol\u00edgonos. Revista de Geograf\u00eda, n\u00ba 28, 15-29.<\/li>\n<li style=\"text-align: justify;\"><\/li>\n<li style=\"text-align: justify;\">Sanjos\u00e9 Blasco, Jos\u00e9 Juan, Manuel G\u00f3mez Lende G\u00f3mez Lende, Enrrique Serrano Ca\u00f1adas, Manuel S\u00e1nchez Fern\u00e1ndez and Jorge J. Romo Berlana (2016). Evoluci\u00f3n durante 141 a\u00f1os (1875-2016) del retroceso de la l\u00ednea de costa de la playa del Puntal-Somo-Las Quebrantas (Cantabria). Topograf\u00eda y Cartograf\u00eda, XXXII, 170, 23-34.<\/li>\n<\/ul>\n<ul>\n<li style=\"text-align: justify;\">Serrano Ca\u00f1adas, Enrique, Jos\u00e9 Juan De Sanjos\u00e9 Jos\u00e9 Juan de Sanjos\u00e9 Blasco (1), Maril\u00f3 L\u00f3pez-Gonz\u00e1lez, Francisco Soler-Flores (2016). Evoluci\u00f3n de los conos de derrubios de la Vueltona y los l\u00f3bulos y bloques aradores del Puerto de Aliva (Picos de Europa-Cantabria). Topograf\u00eda y Cartograf\u00eda, XXXII, 170, 15-22.<\/li>\n<\/ul>\n<ul>\n<li style=\"text-align: justify;\">L\u00f3pez-Moreno, Juan Ignacio; Jesus Revuelto, Esteban Alonso-Gonzalez, Alfredo Serreta, Enrique Serrano and Ibai Rico. (2016). Study of the recent evolution of Monte Perdido glacier from terrestrial laser scanner data. Topograf\u00eda y Cartograf\u00eda, XXXII, 170, 11-14.<\/li>\n<\/ul>\n<ul style=\"text-align: justify;\">\n<li>del R\u00edo, L.M., L\u00f3pez-Moreno, J.I., Rico, I., Serrano, E., Heras, A., Tejado, J.J. (2016). First Ground Penetrating Radar Survey on Monte Perdido Glacier (Pyrenees). Topograf\u00eda y Cartograf\u00eda, XXXII, 170, 49-52.<\/li>\n<\/ul>\n<ul style=\"text-align: justify;\">\n<li>Delgado Urrecho, J. M. y Mart\u00ednez Fern\u00e1ndez, L.C. 2016. Din\u00e1mica demogr\u00e1fica. En;: Situaci\u00f3n econ\u00f3mica y social de Castilla y Le\u00f3n en 2015. Consejo Econ\u00f3mico y Social de Castilla y Le\u00f3n, Valladolid. pp 1075-1101.<\/li>\n<\/ul>\n<ul style=\"text-align: justify;\">\n<li>Serrano, E. (2016). Glaciaciones y glaciares en el valle de Benasque. En: Temas y Lugares. Homenaje a Eduardo Mart\u00ednez de Pis\u00f3n, Publ. Universidad de La Laguna, La Laguna, pp. 397-444<\/li>\n<\/ul>\n<ul style=\"text-align: justify;\">\n<li>Serrano Ca\u00f1adas, Enrique; Sanjos\u00e9 Blasco, Juan Jos\u00e9; G\u00f3mez Lende, Manuel; Pisabarro P\u00e9rez, Alfonso. (2016). \u201cCriosfera y cambio global: control de procesos geomorfol\u00f3gicos como geoindicadores de cambio ambiental (P.N. Picos de Europa)\u201d. J. Armengol (ed.). Proyectos de investigaci\u00f3n en Parques Nacionales, OAPN, Madrid, pp. 341-369.<\/li>\n<\/ul>\n<ul style=\"text-align: justify;\">\n<li>&#8211; Monogr\u00e1fico CIG: POLAR ENVIRONMENTS, A CHANGING WORLD. Cuadernos de Investigaci\u00f3n Geogr\u00e1fica, Tomo 42 (2), 2016.<\/li>\n<\/ul>\n<ul>\n<li style=\"text-align: justify;\">&#8211; Monogr\u00e1fico Pol\u00edgonos: PERIGLACIARISMO Y PERMAFROST. Pol\u00edgonos. Revista de Geograf\u00eda, n\u00ba 28, 2016<\/li>\n<\/ul>\n","protected":false},"excerpt":{"rendered":"<p>Pisabarro, A., Pellitero, R., Serrano, E., G\u00f3mez-Lende, M., &amp; Gonz\u00e1lez-Trueba, J. J. (2017). Ground temperatures, landforms and processes in an Atlantic mountain. Cantabrian Mountains (Northern Spain). Catena. http:\/\/dx.doi.org\/10.1016\/j.catena.2016.07.051. G\u00f3mez Lende, M. (2016). Cuevas heladas en el Parque nacional de los Picos de Europa. fronteras subterr\u00e1nea del hielo en el macizo central. Organismo Aut\u00f3nomo Parques Nacionales, [&hellip;]<\/p>\n","protected":false},"author":1,"featured_media":0,"parent":0,"menu_order":0,"comment_status":"closed","ping_status":"closed","template":"","meta":{"jetpack_post_was_ever_published":false},"jetpack_sharing_enabled":true,"jetpack_shortlink":"https:\/\/wp.me\/P79crb-gF","jetpack-related-posts":[{"id":965,"url":"https:\/\/albergueweb1.uva.es\/gir_pangea\/?page_id=965","url_meta":{"origin":1033,"position":0},"title":"Publicaciones 2015","date":"28 enero, 2016","format":false,"excerpt":"A\u00f1o 2015. Publicaciones internacionales Gonz\u00e1lez Amuchastegui, M.J., Serrano, E., 2015. TUFA BUILDUPS, LANDSCAPE EVOLUTION AND HUMAN IMPACT DURING THE HOLOCENE IN THE UPPER EBRO BASIN. Quaternary International, 364, 54-64. Gonz\u00e1lez Amuchastegui, M. J., Serrano, E. 2015. LATE-PLEISTOCENE AND HOLOCENE TUFA COMPLEX AND GEOMORPHOLOGICAL EVOLUTION IN UPPER EBRO BASIN (NORTHERN SPAIN).\u2026","rel":"","context":"Entrada similar","img":{"alt_text":"","src":"","width":0,"height":0},"classes":[]},{"id":1287,"url":"https:\/\/albergueweb1.uva.es\/gir_pangea\/?page_id=1287","url_meta":{"origin":1033,"position":1},"title":"Publicaciones 2017","date":"25 junio, 2018","format":false,"excerpt":"Publicaciones 2017 Serrano, E.\u00a0 Gonz\u00e1lez-Trueba, J.J., Pellitero, R., G\u00f3mez-Lende, M. 2017. Quaternary glacial history of the Cantabrian Mountains of northern Spain: a new synthesis. M. En: Hughes, P. D. & Woodward, J. C. (eds) Quaternary Glaciation in the Mediterranean Mountains. Geological Society, London, Geological Society, London, Special Publications, 433, 55\u201385.\u2026","rel":"","context":"Entrada similar","img":{"alt_text":"","src":"","width":0,"height":0},"classes":[]},{"id":969,"url":"https:\/\/albergueweb1.uva.es\/gir_pangea\/?page_id=969","url_meta":{"origin":1033,"position":2},"title":"Publicaciones 2013","date":"28 enero, 2016","format":false,"excerpt":"A\u00f1o 2013. Publicaciones internacionales. Maria Jos\u00e9 Gonz\u00e1lez\u00a0Amuchastegui, Enrique Serrano Ca\u00f1adas, Juan Jos\u00e9 Gonz\u00e1lez Trueba, Maria Gonz\u00e1lez Garc\u00eda. (2013). GEOMORPHOSITES, A USEFUL TOOL FOR ENVIRONMENTAL MANAGEMENT IN NATURAL PROTECTED AREAS \u00c1LAVA, THE BASQUE COUNTRY, SPAIN. En: Managing Geosites in Protected Areas, Collection EDYTEM, n\u00b0 15. Grenoble. \u00a0pp.87-94. Serrano E., J.J. Gonz\u00e1lez-Trueba,\u2026","rel":"","context":"Entrada similar","img":{"alt_text":"","src":"","width":0,"height":0},"classes":[]},{"id":1507,"url":"https:\/\/albergueweb1.uva.es\/gir_pangea\/?page_id=1507","url_meta":{"origin":1033,"position":3},"title":"Publicaciones 2019","date":"27 noviembre, 2019","format":false,"excerpt":"Serrano, E., Sanjos\u00e9, J.J., G\u00f3mez Lende, M., L\u00f3pez Moreno, J.I., Pisabarro, A., Mart\u00ednez Fern\u00e1ndez, A. (2019). Periglacial environments and frozen ground in the Central Pyrenean high mountain area. Ground thermal regime and distribution of landforms and processes. Permafrost and Periglacial Processes, 1-19. https:\/\/doi.org\/10.1002\/ppp.2032 Pisabarro, A., Pellitero, R., Serrano, E., L\u00f3pez-Moreno,\u2026","rel":"","context":"Entrada similar","img":{"alt_text":"","src":"","width":0,"height":0},"classes":[]},{"id":967,"url":"https:\/\/albergueweb1.uva.es\/gir_pangea\/?page_id=967","url_meta":{"origin":1033,"position":4},"title":"Publicaciones 2014","date":"28 enero, 2016","format":false,"excerpt":"A\u00f1o 2014. Publicaciones internacionales. Serrano, E., G\u00f3mez-Lende, M., Gonz\u00e1lez-Amuchastegui, M.J., Gonz\u00e1lez-Garc\u00eda, M., Gonz\u00e1lez-Trueba,J.J., Pellitero, R., Rico, I. 2014.\u00a0GLACIAL CHRONOLOGY, ENVIRONMENTAL CHANGES AND IMPLICATIONS ON THE HUMAN OCCUPATION DURING THE UPPER PLEISTOCENE IN THE EASTERN CANTABRIAN MOUNTAINS. Quaternary International, doi 10.1016\/j.quaint. 2014.09.039. Gonz\u00e1lez-Amuchastegui, M.J., Serrano, E., 2014. TUFA BUILDUPS, LANDSCAPE EVOLUTION\u2026","rel":"","context":"Entrada similar","img":{"alt_text":"","src":"","width":0,"height":0},"classes":[]},{"id":1502,"url":"https:\/\/albergueweb1.uva.es\/gir_pangea\/?page_id=1502","url_meta":{"origin":1033,"position":5},"title":"Publicaciones 2018","date":"27 noviembre, 2019","format":false,"excerpt":"Serrano E, Oliva M, Gonzalez-Garcia M, Lopez-Moreno JI, Gonzalez-Trueba JJ, Martin-Moreno R, Gomez-Lende M, Martin-Diaz J, Nofre J, Palma P.(2018). Post-little ice age paraglacial processes and landforms in the high Iberian mountains: a review. Land Degradation and Development, 29 (11) :4186-4208. DOI: 101002\/ldr3171Serrano, E., J.J. Sanjose, A.Gomez-Gutierrez, M. Gomez-Lende (2018).\u2026","rel":"","context":"Entrada similar","img":{"alt_text":"","src":"","width":0,"height":0},"classes":[]}],"_links":{"self":[{"href":"https:\/\/albergueweb1.uva.es\/gir_pangea\/index.php?rest_route=\/wp\/v2\/pages\/1033"}],"collection":[{"href":"https:\/\/albergueweb1.uva.es\/gir_pangea\/index.php?rest_route=\/wp\/v2\/pages"}],"about":[{"href":"https:\/\/albergueweb1.uva.es\/gir_pangea\/index.php?rest_route=\/wp\/v2\/types\/page"}],"author":[{"embeddable":true,"href":"https:\/\/albergueweb1.uva.es\/gir_pangea\/index.php?rest_route=\/wp\/v2\/users\/1"}],"replies":[{"embeddable":true,"href":"https:\/\/albergueweb1.uva.es\/gir_pangea\/index.php?rest_route=%2Fwp%2Fv2%2Fcomments&post=1033"}],"version-history":[{"count":6,"href":"https:\/\/albergueweb1.uva.es\/gir_pangea\/index.php?rest_route=\/wp\/v2\/pages\/1033\/revisions"}],"predecessor-version":[{"id":1109,"href":"https:\/\/albergueweb1.uva.es\/gir_pangea\/index.php?rest_route=\/wp\/v2\/pages\/1033\/revisions\/1109"}],"wp:attachment":[{"href":"https:\/\/albergueweb1.uva.es\/gir_pangea\/index.php?rest_route=%2Fwp%2Fv2%2Fmedia&parent=1033"}],"curies":[{"name":"wp","href":"https:\/\/api.w.org\/{rel}","templated":true}]}}