{"id":1287,"date":"2018-06-25T14:40:47","date_gmt":"2018-06-25T14:40:47","guid":{"rendered":"http:\/\/albergueweb1.uva.es\/gir_pangea\/?page_id=1287"},"modified":"2018-06-25T14:40:47","modified_gmt":"2018-06-25T14:40:47","slug":"publicaciones-2017","status":"publish","type":"page","link":"https:\/\/albergueweb1.uva.es\/gir_pangea\/?page_id=1287","title":{"rendered":"Publicaciones 2017"},"content":{"rendered":"<p><strong>Publicaciones 2017<br \/>\n<\/strong><\/p>\n<div class=\"entry-content\">\n<p>Serrano, E.\u00a0 Gonz\u00e1lez-Trueba, J.J., Pellitero, R., G\u00f3mez-Lende, M. 2017. Quaternary glacial history of the Cantabrian Mountains of northern Spain: a new synthesis. M. En: Hughes, P. D. &amp; Woodward, J. C. (eds) Quaternary Glaciation in the Mediterranean Mountains. Geological Society, London, Geological Society, London, Special Publications, 433, 55\u201385.<\/p>\n<p>Serrano, E., G\u00f3mez-Lende, M., Belmonte, A., Sancho, C., S\u00e1nchez-Ben\u00edtez, J., Bartolom\u00e9, M., Leunda, M., Moreno, A., Hivert, B. (2017). Ice caves in Spain. En Aurel Persoiu, Stein-Erik Lauritzen (Eds). Ice Caves. Elsevier Science &amp; Technology Books, London, pp. 163-173.<\/p>\n<p>Serrano, E.; Mart\u00edn-Moreno, R. 2017. Surge glaciers during the Little Ice Age in the Pyrenees.Cuadernos de Investigaci\u00f3n Geogr\u00e1fica, 44, 213-244.<\/p>\n<p>Pisabarro, A., Pellitero, R., Serrano, E., G\u00f3mez-Lende, M., Gonz\u00e1lez-Trueba, J.J. 2017. Ground temperatures, landforms and processes in an Atlantic mountain. Cantabrian Mountains (Northern Spain). Catena 149 (2017), 623\u2013636.<\/p>\n<p>Gonz\u00e1lez Garc\u00eda, M., Serrano Ca\u00f1adas, E., Sanjos\u00e9 Blasco, J.J., Gonz\u00e1lez Trueba, J.J. 2017. Surface dynamic of a protalus lobe in the temperate high mountain. Western Maladeta, Pyrenees. Catena 149 (2017) 689\u2013700.<\/p>\n<p>Rico, I., Izagirre, E., Serrano, E., L\u00f3pez-Moreno, J.I. (2017). Current Glacier Area in the Pyrenees: An Updated Assessment 2016. Pirineos 172, e029.\u00a0\u00a0 http:\/\/doi.org\/10.3989\/<\/p>\n<p>Schmid, T., L\u00f3pez-Mart\u00ednez, J., Guillaso, S., Serrano E., D\u2019Hondt, O., Koch, M., Nieto, A., O\u2019Neill, T., Mink, S., Dur\u00e1n, J.J., Maestro A. (2016). Geomorphological mapping of ice-free areas using polarimetric RADARSAT-2 data on Fildes Peninsula and Ardley Island, Antarctica. Geomorphology, 293, 448-459.<\/p>\n<p>Carrasco Campos, A., Moreno M\u00ednguez, A., Mart\u00ednez Fern\u00e1ndez, L.C. (2017). Quality of Life, Well-Being and Social Policies in European Countries. En Vilas Boas, A.A.(ed.). Quality of Life and Quality of Working Life. Ed. Intech, Rijeca, pp. 137-149.<\/p>\n<p>Serrano, E.; Gonz\u00e1lez Trueba, J.J., G\u00f3mez Lende, M. (2017). Naturaleza, cultura e historia del primer Parque Nacional: Picos de Europa. Revista Ambienta, 121, 30-49.<\/p>\n<p>Delgado Urrecho, J.M.(2017). El transporte a la demanda en \u00e1reas rurales de baja densidad demogr\u00e1fica: Castilla y Le\u00f3n\u201d. GeocritiQ, 20 de mayo de 2017. http:\/\/www.geocritiq. com\/2017\/05\/el-transporte-a-la-demanda-en-areas-rurales-de-baja-densidad-demografica-castilla-y-leon\/<\/p>\n<p>Delgado Urrecho, J.M\u00aa., Mart\u00ednez Fern\u00e1ndez, L.C. (2017). Calidad de vida y din\u00e1mica demogr\u00e1fica\u201d. En CES: Informe sobre la Situaci\u00f3n Econ\u00f3mica y Social de Castilla y Le\u00f3n en 2016. Ed. Consejo Econ\u00f3mico y Social de Castilla y Le\u00f3n, Valladolid, pp. 1.125-1.153.<\/p>\n<p>Delgado Urrecho, J.M, Mart\u00ednez Fern\u00e1ndez, L.C.(2017). Envejecimiento y desequilibrios poblacionales en las regiones espa\u00f1olas con desaf\u00edos demogr\u00e1ficos. Er\u00eda. Revista de Geograf\u00eda, 1 (nueva \u00e9poca), 21-43.<\/p>\n<p>Mart\u00ednez Fern\u00e1ndez, L.C.(2017). La Geograf\u00eda en los estudios universitarios de Magisterio: evoluci\u00f3n hist\u00f3rica, situaci\u00f3n actual y significado docente. Biblio3W. Revista Bibliogr\u00e1fica de Geograf\u00eda y Ciencias Sociales, XXII, 1.207 (en l\u00ednea), 33 pp.<\/p>\n<p>Mart\u00ednez Fern\u00e1ndez, L.C. y Delgado Urrecho, J.M\u00aa. (2017). La Geograf\u00eda en las ense\u00f1anzas universitarias de Grado en Espa\u00f1a: docencia y planes de estudios\u201d. Investigaciones Geogr\u00e1ficas, 67, 61-79.<\/p>\n<p>Mart\u00ednez Fern\u00e1ndez, L.C. y Molina de la Torre, I. (2017). Cultura y paisaje a la \u201cVera de la Sierra\u201d. La construcci\u00f3n territorial del Guadarrama segoviano. Bolet\u00edn de la A.G.E., 73, 313-341.<\/p>\n<p>Barqu\u00edn, J., Jose Manuel \u00c1lvarez-Mart\u00ednez, Borja Jim\u00e9nez-Alfaro, Daniel Garc\u00eda, David Vieites, Enrique Serrano, Alberto Gonz\u00e1lez-D\u00edez, Sergio Tej\u00f3n, Estanislao de Luis Calabuig, \u00c1ngela Taboada, Francisco Jos\u00e9 Purroy, Manuel Del Jesus, Javier Naves, Alberto Fern\u00e1ndez, \u00c1ngel Serdio, Antonio Javier Lucio, Rodrigo Su\u00e1rez, Joaqu\u00edn Araujo (2017). La integraci\u00f3n del conocimiento en la Cordillera Cant\u00e1brica: hacia un observatorio inter-auton\u00f3mico del cambio global. Ecosistemas, 27 (1), 55-63.<\/p>\n<p>Oliva, M., Ruiz-Fern\u00e1ndez, J., Barriendos, M., Benito, G., Cuadrat, J.M., Garc\u00eda-Ruiz, J.M., Giralt, A., G\u00f3mezOrtiz, A., Hern\u00e1ndez, A., L\u00f3pez-Costas, O., L\u00f3pez-S\u00e1ez, J.A., Mart\u00ednez-Cortizas, M., Moreno, A.,Prohom, M., Saz, M.A., Serrano, E., Tejedor, E., Trigo, R., Valero, B. (2017). The Little Ice Age in the Iberian mountains. Earth-Science Reviews, doi:10.1016\/j.earscirev.2017.11.010.<\/p>\n<p>Delgado Urrecho, J.M\u00aa., Mart\u00ednez Fern\u00e1ndez, L.C. (2017). La Situaci\u00f3n de la Poblaci\u00f3n en Castilla y Le\u00f3n en 2016. Ed. Consejo Econ\u00f3mico y Social de Castilla y Le\u00f3n, Valladolid, 121 pp.<\/p>\n<p>Berm\u00fadez Medel, A., Giralt Batista, A., Mart\u00ednez Fern\u00e1ndez, L.C., Moreno M\u00ednguez, A. (2017). La cultura tradicional en el Guadarrama segoviano. Un enfoque interdisciplinar. Instituto de la Cultura Tradicional Segoviana, Diputaci\u00f3n de Segovia, Segovia, 294 pp.<\/p>\n<\/div>\n","protected":false},"excerpt":{"rendered":"<p>Publicaciones 2017 Serrano, E.\u00a0 Gonz\u00e1lez-Trueba, J.J., Pellitero, R., G\u00f3mez-Lende, M. 2017. Quaternary glacial history of the Cantabrian Mountains of northern Spain: a new synthesis. M. En: Hughes, P. D. &amp; Woodward, J. C. (eds) Quaternary Glaciation in the Mediterranean Mountains. Geological Society, London, Geological Society, London, Special Publications, 433, 55\u201385. Serrano, E., G\u00f3mez-Lende, M., Belmonte, [&hellip;]<\/p>\n","protected":false},"author":1,"featured_media":0,"parent":0,"menu_order":0,"comment_status":"closed","ping_status":"closed","template":"","meta":{"jetpack_post_was_ever_published":false},"jetpack_sharing_enabled":true,"jetpack_shortlink":"https:\/\/wp.me\/P79crb-kL","jetpack-related-posts":[{"id":965,"url":"https:\/\/albergueweb1.uva.es\/gir_pangea\/?page_id=965","url_meta":{"origin":1287,"position":0},"title":"Publicaciones 2015","date":"28 enero, 2016","format":false,"excerpt":"A\u00f1o 2015. Publicaciones internacionales Gonz\u00e1lez Amuchastegui, M.J., Serrano, E., 2015. TUFA BUILDUPS, LANDSCAPE EVOLUTION AND HUMAN IMPACT DURING THE HOLOCENE IN THE UPPER EBRO BASIN. Quaternary International, 364, 54-64. Gonz\u00e1lez Amuchastegui, M. J., Serrano, E. 2015. LATE-PLEISTOCENE AND HOLOCENE TUFA COMPLEX AND GEOMORPHOLOGICAL EVOLUTION IN UPPER EBRO BASIN (NORTHERN SPAIN).\u2026","rel":"","context":"Entrada similar","img":{"alt_text":"","src":"","width":0,"height":0},"classes":[]},{"id":1033,"url":"https:\/\/albergueweb1.uva.es\/gir_pangea\/?page_id=1033","url_meta":{"origin":1287,"position":1},"title":"Publicaciones 2016","date":"14 septiembre, 2016","format":false,"excerpt":"Pisabarro, A., Pellitero, R., Serrano, E., G\u00f3mez-Lende, M., & Gonz\u00e1lez-Trueba, J. J. (2017). Ground temperatures, landforms and processes in an Atlantic mountain. Cantabrian Mountains (Northern Spain). Catena. http:\/\/dx.doi.org\/10.1016\/j.catena.2016.07.051. G\u00f3mez Lende, M. (2016). Cuevas heladas en el Parque nacional de los Picos de Europa. fronteras subterr\u00e1nea del hielo en el macizo\u2026","rel":"","context":"Entrada similar","img":{"alt_text":"","src":"","width":0,"height":0},"classes":[]},{"id":969,"url":"https:\/\/albergueweb1.uva.es\/gir_pangea\/?page_id=969","url_meta":{"origin":1287,"position":2},"title":"Publicaciones 2013","date":"28 enero, 2016","format":false,"excerpt":"A\u00f1o 2013. Publicaciones internacionales. Maria Jos\u00e9 Gonz\u00e1lez\u00a0Amuchastegui, Enrique Serrano Ca\u00f1adas, Juan Jos\u00e9 Gonz\u00e1lez Trueba, Maria Gonz\u00e1lez Garc\u00eda. (2013). GEOMORPHOSITES, A USEFUL TOOL FOR ENVIRONMENTAL MANAGEMENT IN NATURAL PROTECTED AREAS \u00c1LAVA, THE BASQUE COUNTRY, SPAIN. En: Managing Geosites in Protected Areas, Collection EDYTEM, n\u00b0 15. Grenoble. \u00a0pp.87-94. Serrano E., J.J. Gonz\u00e1lez-Trueba,\u2026","rel":"","context":"Entrada similar","img":{"alt_text":"","src":"","width":0,"height":0},"classes":[]},{"id":967,"url":"https:\/\/albergueweb1.uva.es\/gir_pangea\/?page_id=967","url_meta":{"origin":1287,"position":3},"title":"Publicaciones 2014","date":"28 enero, 2016","format":false,"excerpt":"A\u00f1o 2014. Publicaciones internacionales. Serrano, E., G\u00f3mez-Lende, M., Gonz\u00e1lez-Amuchastegui, M.J., Gonz\u00e1lez-Garc\u00eda, M., Gonz\u00e1lez-Trueba,J.J., Pellitero, R., Rico, I. 2014.\u00a0GLACIAL CHRONOLOGY, ENVIRONMENTAL CHANGES AND IMPLICATIONS ON THE HUMAN OCCUPATION DURING THE UPPER PLEISTOCENE IN THE EASTERN CANTABRIAN MOUNTAINS. Quaternary International, doi 10.1016\/j.quaint. 2014.09.039. Gonz\u00e1lez-Amuchastegui, M.J., Serrano, E., 2014. TUFA BUILDUPS, LANDSCAPE EVOLUTION\u2026","rel":"","context":"Entrada similar","img":{"alt_text":"","src":"","width":0,"height":0},"classes":[]},{"id":971,"url":"https:\/\/albergueweb1.uva.es\/gir_pangea\/?page_id=971","url_meta":{"origin":1287,"position":4},"title":"Publicaciones 2012","date":"28 enero, 2016","format":false,"excerpt":"A\u00f1o 2012. Publicaciones internacionales. Serrano, E., Gonz\u00e1lez-Trueba, J.J., Gonz\u00e1lez-Garc\u00eda, M., 2012. MOUNTAIN GLACIATION AND PALEOCLIMATE RECONSTRUCTION IN THE PICOS DE EUROPA (IBERIAN PENINSULA, SW EUROPE). Quaternary Research, doi.org\/10.1016 \/j.yqres.2012.016. M. Morell\u00f3n, A. P\u00e9rez-Sanz, J. P. Corella, U. Buntgen, J. Catalan, P. Gonzalez-Samperiz, J. J. Gonzalez-Trueba, J. A. Lopez-Saez, A. Moreno,\u2026","rel":"","context":"Entrada similar","img":{"alt_text":"","src":"","width":0,"height":0},"classes":[]},{"id":1502,"url":"https:\/\/albergueweb1.uva.es\/gir_pangea\/?page_id=1502","url_meta":{"origin":1287,"position":5},"title":"Publicaciones 2018","date":"27 noviembre, 2019","format":false,"excerpt":"Serrano E, Oliva M, Gonzalez-Garcia M, Lopez-Moreno JI, Gonzalez-Trueba JJ, Martin-Moreno R, Gomez-Lende M, Martin-Diaz J, Nofre J, Palma P.(2018). Post-little ice age paraglacial processes and landforms in the high Iberian mountains: a review. Land Degradation and Development, 29 (11) :4186-4208. DOI: 101002\/ldr3171Serrano, E., J.J. Sanjose, A.Gomez-Gutierrez, M. Gomez-Lende (2018).\u2026","rel":"","context":"Entrada similar","img":{"alt_text":"","src":"","width":0,"height":0},"classes":[]}],"_links":{"self":[{"href":"https:\/\/albergueweb1.uva.es\/gir_pangea\/index.php?rest_route=\/wp\/v2\/pages\/1287"}],"collection":[{"href":"https:\/\/albergueweb1.uva.es\/gir_pangea\/index.php?rest_route=\/wp\/v2\/pages"}],"about":[{"href":"https:\/\/albergueweb1.uva.es\/gir_pangea\/index.php?rest_route=\/wp\/v2\/types\/page"}],"author":[{"embeddable":true,"href":"https:\/\/albergueweb1.uva.es\/gir_pangea\/index.php?rest_route=\/wp\/v2\/users\/1"}],"replies":[{"embeddable":true,"href":"https:\/\/albergueweb1.uva.es\/gir_pangea\/index.php?rest_route=%2Fwp%2Fv2%2Fcomments&post=1287"}],"version-history":[{"count":1,"href":"https:\/\/albergueweb1.uva.es\/gir_pangea\/index.php?rest_route=\/wp\/v2\/pages\/1287\/revisions"}],"predecessor-version":[{"id":1288,"href":"https:\/\/albergueweb1.uva.es\/gir_pangea\/index.php?rest_route=\/wp\/v2\/pages\/1287\/revisions\/1288"}],"wp:attachment":[{"href":"https:\/\/albergueweb1.uva.es\/gir_pangea\/index.php?rest_route=%2Fwp%2Fv2%2Fmedia&parent=1287"}],"curies":[{"name":"wp","href":"https:\/\/api.w.org\/{rel}","templated":true}]}}