{"id":157,"date":"2011-12-30T16:59:04","date_gmt":"2011-12-30T16:59:04","guid":{"rendered":"http:\/\/www5.uva.es\/gir_pangea\/?page_id=157"},"modified":"2025-06-13T08:45:37","modified_gmt":"2025-06-13T08:45:37","slug":"enrique-serrano-canadas","status":"publish","type":"page","link":"https:\/\/albergueweb1.uva.es\/gir_pangea\/?page_id=157","title":{"rendered":"Enrique Serrano Ca\u00f1adas"},"content":{"rendered":"<h5 style=\"text-align: left;\">Catedr\u00e1tico de Geograf\u00eda F\u00edsica.<br \/>Departamento de Geograf\u00eda.<br \/>Universidad de Valladolid.<br \/>Facultad de Filosof\u00eda y Letras.<br \/>Direcci\u00f3n: P\u00ba del Prado de la Magdalena s\/n 47011 Valladolid<br \/>Email: <a href=\"mailto:serranoe@fyl.uva.es\">e.serrano@uva.es<\/a><br \/>Telefono: 983 423000 ext. 6589<\/h5>\n<div>\u00a0<\/div>\n<div style=\"text-align: center;\">\u00a0<\/div>\n\n\n<div class=\"wp-block-file\"><object class=\"wp-block-file__embed\" data=\"https:\/\/albergueweb1.uva.es\/gir_pangea\/wp-content\/uploads\/2025\/06\/ESC-CV-2025-Abreviado-Ingl..pdf\" type=\"application\/pdf\" style=\"width:100%;height:600px\" aria-label=\"Incrustado de ESC-CV-2025-Abreviado-Ingl..\"><\/object><a id=\"wp-block-file--media-08cc4895-5350-4a12-ad2f-6f9578a538d7\" href=\"https:\/\/albergueweb1.uva.es\/gir_pangea\/wp-content\/uploads\/2025\/06\/ESC-CV-2025-Abreviado-Ingl..pdf\">ESC-CV-2025-Abreviado-Ingl.<\/a><a href=\"https:\/\/albergueweb1.uva.es\/gir_pangea\/wp-content\/uploads\/2025\/06\/ESC-CV-2025-Abreviado-Ingl..pdf\" class=\"wp-block-file__button\" download aria-describedby=\"wp-block-file--media-08cc4895-5350-4a12-ad2f-6f9578a538d7\">Descarga<\/a><\/div>\n\n\n<div class=\"wp-block-image\">\n<figure class=\"alignleft size-large is-resized\"><a href=\"https:\/\/orcid.org\/0000-0001-9760-3876\"><img data-attachment-id=\"1957\" data-permalink=\"https:\/\/albergueweb1.uva.es\/gir_pangea\/?attachment_id=1957\" data-orig-file=\"https:\/\/i0.wp.com\/albergueweb1.uva.es\/gir_pangea\/wp-content\/uploads\/2023\/03\/ORCID_iD.svg_.png?fit=2048%2C2048&amp;ssl=1\" data-orig-size=\"2048,2048\" data-comments-opened=\"0\" data-image-meta=\"{&quot;aperture&quot;:&quot;0&quot;,&quot;credit&quot;:&quot;&quot;,&quot;camera&quot;:&quot;&quot;,&quot;caption&quot;:&quot;&quot;,&quot;created_timestamp&quot;:&quot;0&quot;,&quot;copyright&quot;:&quot;&quot;,&quot;focal_length&quot;:&quot;0&quot;,&quot;iso&quot;:&quot;0&quot;,&quot;shutter_speed&quot;:&quot;0&quot;,&quot;title&quot;:&quot;&quot;,&quot;orientation&quot;:&quot;0&quot;}\" data-image-title=\"ORCID_iD.svg_\" data-image-description=\"\" data-image-caption=\"\" data-medium-file=\"https:\/\/i0.wp.com\/albergueweb1.uva.es\/gir_pangea\/wp-content\/uploads\/2023\/03\/ORCID_iD.svg_.png?fit=300%2C300&amp;ssl=1\" data-large-file=\"https:\/\/i0.wp.com\/albergueweb1.uva.es\/gir_pangea\/wp-content\/uploads\/2023\/03\/ORCID_iD.svg_.png?fit=640%2C640&amp;ssl=1\" loading=\"lazy\" src=\"https:\/\/i0.wp.com\/albergueweb1.uva.es\/gir_pangea\/wp-content\/uploads\/2023\/03\/ORCID_iD.svg_-1024x1024.png?resize=31%2C31&#038;ssl=1\" alt=\"\" class=\"wp-image-1957\" width=\"31\" height=\"31\" srcset=\"https:\/\/i0.wp.com\/albergueweb1.uva.es\/gir_pangea\/wp-content\/uploads\/2023\/03\/ORCID_iD.svg_.png?resize=1024%2C1024&amp;ssl=1 1024w, https:\/\/i0.wp.com\/albergueweb1.uva.es\/gir_pangea\/wp-content\/uploads\/2023\/03\/ORCID_iD.svg_.png?resize=300%2C300&amp;ssl=1 300w, https:\/\/i0.wp.com\/albergueweb1.uva.es\/gir_pangea\/wp-content\/uploads\/2023\/03\/ORCID_iD.svg_.png?resize=150%2C150&amp;ssl=1 150w, https:\/\/i0.wp.com\/albergueweb1.uva.es\/gir_pangea\/wp-content\/uploads\/2023\/03\/ORCID_iD.svg_.png?resize=768%2C768&amp;ssl=1 768w, https:\/\/i0.wp.com\/albergueweb1.uva.es\/gir_pangea\/wp-content\/uploads\/2023\/03\/ORCID_iD.svg_.png?resize=1536%2C1536&amp;ssl=1 1536w, https:\/\/i0.wp.com\/albergueweb1.uva.es\/gir_pangea\/wp-content\/uploads\/2023\/03\/ORCID_iD.svg_.png?resize=400%2C400&amp;ssl=1 400w, https:\/\/i0.wp.com\/albergueweb1.uva.es\/gir_pangea\/wp-content\/uploads\/2023\/03\/ORCID_iD.svg_.png?w=2048&amp;ssl=1 2048w, https:\/\/i0.wp.com\/albergueweb1.uva.es\/gir_pangea\/wp-content\/uploads\/2023\/03\/ORCID_iD.svg_.png?w=1280 1280w, https:\/\/i0.wp.com\/albergueweb1.uva.es\/gir_pangea\/wp-content\/uploads\/2023\/03\/ORCID_iD.svg_.png?w=1920 1920w\" sizes=\"(max-width: 31px) 100vw, 31px\" data-recalc-dims=\"1\" \/><\/a><figcaption><strong>Perfil ORCID<\/strong><\/figcaption><\/figure><\/div>\n\n<div class=\"wp-block-image\">\n<figure class=\"alignleft size-large is-resized\"><a href=\"https:\/\/www.researchgate.net\/profile\/Enrique-Serrano-3\"><img data-attachment-id=\"1958\" data-permalink=\"https:\/\/albergueweb1.uva.es\/gir_pangea\/?attachment_id=1958\" data-orig-file=\"https:\/\/i0.wp.com\/albergueweb1.uva.es\/gir_pangea\/wp-content\/uploads\/2023\/03\/1200px-ResearchGate_icon_SVG.svg_.png?fit=1200%2C1200&amp;ssl=1\" data-orig-size=\"1200,1200\" data-comments-opened=\"0\" data-image-meta=\"{&quot;aperture&quot;:&quot;0&quot;,&quot;credit&quot;:&quot;&quot;,&quot;camera&quot;:&quot;&quot;,&quot;caption&quot;:&quot;&quot;,&quot;created_timestamp&quot;:&quot;0&quot;,&quot;copyright&quot;:&quot;&quot;,&quot;focal_length&quot;:&quot;0&quot;,&quot;iso&quot;:&quot;0&quot;,&quot;shutter_speed&quot;:&quot;0&quot;,&quot;title&quot;:&quot;&quot;,&quot;orientation&quot;:&quot;0&quot;}\" data-image-title=\"1200px-ResearchGate_icon_SVG.svg_\" data-image-description=\"\" data-image-caption=\"\" data-medium-file=\"https:\/\/i0.wp.com\/albergueweb1.uva.es\/gir_pangea\/wp-content\/uploads\/2023\/03\/1200px-ResearchGate_icon_SVG.svg_.png?fit=300%2C300&amp;ssl=1\" data-large-file=\"https:\/\/i0.wp.com\/albergueweb1.uva.es\/gir_pangea\/wp-content\/uploads\/2023\/03\/1200px-ResearchGate_icon_SVG.svg_.png?fit=640%2C640&amp;ssl=1\" loading=\"lazy\" src=\"https:\/\/i0.wp.com\/albergueweb1.uva.es\/gir_pangea\/wp-content\/uploads\/2023\/03\/1200px-ResearchGate_icon_SVG.svg_-1024x1024.png?resize=33%2C33&#038;ssl=1\" alt=\"\" class=\"wp-image-1958\" width=\"33\" height=\"33\" srcset=\"https:\/\/i0.wp.com\/albergueweb1.uva.es\/gir_pangea\/wp-content\/uploads\/2023\/03\/1200px-ResearchGate_icon_SVG.svg_.png?resize=1024%2C1024&amp;ssl=1 1024w, https:\/\/i0.wp.com\/albergueweb1.uva.es\/gir_pangea\/wp-content\/uploads\/2023\/03\/1200px-ResearchGate_icon_SVG.svg_.png?resize=300%2C300&amp;ssl=1 300w, https:\/\/i0.wp.com\/albergueweb1.uva.es\/gir_pangea\/wp-content\/uploads\/2023\/03\/1200px-ResearchGate_icon_SVG.svg_.png?resize=150%2C150&amp;ssl=1 150w, https:\/\/i0.wp.com\/albergueweb1.uva.es\/gir_pangea\/wp-content\/uploads\/2023\/03\/1200px-ResearchGate_icon_SVG.svg_.png?resize=768%2C768&amp;ssl=1 768w, https:\/\/i0.wp.com\/albergueweb1.uva.es\/gir_pangea\/wp-content\/uploads\/2023\/03\/1200px-ResearchGate_icon_SVG.svg_.png?resize=400%2C400&amp;ssl=1 400w, https:\/\/i0.wp.com\/albergueweb1.uva.es\/gir_pangea\/wp-content\/uploads\/2023\/03\/1200px-ResearchGate_icon_SVG.svg_.png?w=1200&amp;ssl=1 1200w\" sizes=\"(max-width: 33px) 100vw, 33px\" data-recalc-dims=\"1\" \/><\/a><figcaption><strong>Perfil ResearchGate<\/strong><\/figcaption><\/figure><\/div>\n\n\n<p>&nbsp;<\/p>\n\n\n\n<p>&nbsp;<\/p>\n\n\n\n<div style=\"text-align: center;\"><a href=\"https:\/\/i0.wp.com\/www5.uva.es\/gir_pangea\/wp-content\/uploads\/2011\/12\/Enrique.jpg\"><img data-attachment-id=\"661\" data-permalink=\"https:\/\/albergueweb1.uva.es\/gir_pangea\/?attachment_id=661\" data-orig-file=\"https:\/\/i0.wp.com\/albergueweb1.uva.es\/gir_pangea\/wp-content\/uploads\/2011\/12\/Enrique.jpg?fit=1037%2C778&amp;ssl=1\" data-orig-size=\"1037,778\" data-comments-opened=\"0\" data-image-meta=\"{&quot;aperture&quot;:&quot;3.2&quot;,&quot;credit&quot;:&quot;&quot;,&quot;camera&quot;:&quot;FinePix S5600&quot;,&quot;caption&quot;:&quot;&quot;,&quot;created_timestamp&quot;:&quot;1104537675&quot;,&quot;copyright&quot;:&quot;&quot;,&quot;focal_length&quot;:&quot;6.3&quot;,&quot;iso&quot;:&quot;400&quot;,&quot;shutter_speed&quot;:&quot;0.022222222222222&quot;,&quot;title&quot;:&quot;&quot;}\" data-image-title=\"Enrique\" data-image-description=\"\" data-image-caption=\"\" data-medium-file=\"https:\/\/i0.wp.com\/albergueweb1.uva.es\/gir_pangea\/wp-content\/uploads\/2011\/12\/Enrique.jpg?fit=300%2C225&amp;ssl=1\" data-large-file=\"https:\/\/i0.wp.com\/albergueweb1.uva.es\/gir_pangea\/wp-content\/uploads\/2011\/12\/Enrique.jpg?fit=640%2C480&amp;ssl=1\" loading=\"lazy\" class=\"wp-image-661 alignleft\" title=\"Enrique\" src=\"https:\/\/i0.wp.com\/www5.uva.es\/gir_pangea\/wp-content\/uploads\/2011\/12\/Enrique.jpg?resize=384%2C288\" alt=\"\" width=\"384\" height=\"288\" srcset=\"https:\/\/i0.wp.com\/albergueweb1.uva.es\/gir_pangea\/wp-content\/uploads\/2011\/12\/Enrique.jpg?w=1037&amp;ssl=1 1037w, https:\/\/i0.wp.com\/albergueweb1.uva.es\/gir_pangea\/wp-content\/uploads\/2011\/12\/Enrique.jpg?resize=300%2C225&amp;ssl=1 300w, https:\/\/i0.wp.com\/albergueweb1.uva.es\/gir_pangea\/wp-content\/uploads\/2011\/12\/Enrique.jpg?resize=1024%2C768&amp;ssl=1 1024w\" sizes=\"(max-width: 384px) 100vw, 384px\" data-recalc-dims=\"1\" \/><\/a><\/div>\n<div style=\"text-align: center;\">&nbsp;<\/div>\n<div style=\"text-align: center;\">&nbsp;<\/div>\n\n\n<figure class=\"wp-block-image\"><img alt=\"\"\/><\/figure>\n","protected":false},"excerpt":{"rendered":"<p>Catedr\u00e1tico de Geograf\u00eda F\u00edsica.Departamento de Geograf\u00eda.Universidad de Valladolid.Facultad de Filosof\u00eda y Letras.Direcci\u00f3n: P\u00ba del Prado de la Magdalena s\/n 47011 ValladolidEmail: e.serrano@uva.esTelefono: 983 423000 ext. 6589 \u00a0 \u00a0 &nbsp; &nbsp; &nbsp; &nbsp;<\/p>\n","protected":false},"author":1,"featured_media":0,"parent":0,"menu_order":9,"comment_status":"closed","ping_status":"open","template":"","meta":{"jetpack_post_was_ever_published":false},"jetpack_sharing_enabled":true,"jetpack_shortlink":"https:\/\/wp.me\/P79crb-2x","jetpack-related-posts":[],"_links":{"self":[{"href":"https:\/\/albergueweb1.uva.es\/gir_pangea\/index.php?rest_route=\/wp\/v2\/pages\/157"}],"collection":[{"href":"https:\/\/albergueweb1.uva.es\/gir_pangea\/index.php?rest_route=\/wp\/v2\/pages"}],"about":[{"href":"https:\/\/albergueweb1.uva.es\/gir_pangea\/index.php?rest_route=\/wp\/v2\/types\/page"}],"author":[{"embeddable":true,"href":"https:\/\/albergueweb1.uva.es\/gir_pangea\/index.php?rest_route=\/wp\/v2\/users\/1"}],"replies":[{"embeddable":true,"href":"https:\/\/albergueweb1.uva.es\/gir_pangea\/index.php?rest_route=%2Fwp%2Fv2%2Fcomments&post=157"}],"version-history":[{"count":43,"href":"https:\/\/albergueweb1.uva.es\/gir_pangea\/index.php?rest_route=\/wp\/v2\/pages\/157\/revisions"}],"predecessor-version":[{"id":2093,"href":"https:\/\/albergueweb1.uva.es\/gir_pangea\/index.php?rest_route=\/wp\/v2\/pages\/157\/revisions\/2093"}],"wp:attachment":[{"href":"https:\/\/albergueweb1.uva.es\/gir_pangea\/index.php?rest_route=%2Fwp%2Fv2%2Fmedia&parent=157"}],"curies":[{"name":"wp","href":"https:\/\/api.w.org\/{rel}","templated":true}]}}