{"id":16,"date":"2011-11-14T11:55:52","date_gmt":"2011-11-14T11:55:52","guid":{"rendered":"http:\/\/www5.uva.es\/gir_pangea\/?page_id=16"},"modified":"2019-12-07T15:41:46","modified_gmt":"2019-12-07T15:41:46","slug":"proyectos-de-investigacion","status":"publish","type":"page","link":"https:\/\/albergueweb1.uva.es\/gir_pangea\/?page_id=16","title":{"rendered":"PROYECTOS"},"content":{"rendered":"<p style=\"text-align: justify;\"><strong>Interacciones y din\u00e1mica de la criosfera en la Monta\u00f1a Cant\u00e1brica y Pirineos: permafrost, glaciares, cuevas heladas y cambio global.<\/strong> Programa Estatal de Investigaci\u00f3n, Desarrollo e Innovaci\u00f3n Orientada a los Retos de la Sociedad. Proyectos. I+D+I. CGL2015-68144-R. 14\/2\/2016-14\/02\/2019. I.P. Enrique Serrano<\/p>\n<p><strong>Turismo y patrimonio geomorfol\u00f3gico en Castilla y Le\u00f3n. Valoraci\u00f3n de uso y conservaci\u00f3n para propuestas de turismo y desarrollo end\u00f3geno en espacios naturales protegidos y su entorno<\/strong>. VA029G18. Junta de Castilla y Le\u00f3n. Consejer\u00eda de Educaci\u00f3n. I.P. Enrique Serrano Ca\u00f1adas.\u00a0 Duraci\u00f3n: 01\/01\/2017 AL 31\/12\/2020<\/p>\n<p><strong>Informe sobre la situaci\u00f3n econ\u00f3mica y social de Castilla y Le\u00f3n 2018.<\/strong> Din\u00e1mica demogr\u00e1fica y elaboraci\u00f3n de mapas y gr\u00e1ficos para el Anexo de Poblaci\u00f3n, Demograf\u00eda y Migraciones. Modalidad: De investigaci\u00f3n y desarrollo. Consejo Econ\u00f3mico y Social de Castilla y Le\u00f3n. I.P. Jos\u00e9 Mar\u00eda Delgado Urrecho. Duraci\u00f3n 01\/01\/2016 al 31\/12\/2018.<\/p>\n<p style=\"text-align: justify;\"><strong>El glaciar de Monte Perdido: monitorizaci\u00f3n y estudio de de su din\u00e1mica actual y procesos criosf\u00e9ricos asociados como indicadores de cambio global<\/strong>. Organismo Aut\u00f3nomo Parques Nacionales. MAGRAMA. OAPN 844\/2013. 2013-2015. Investigador Principal: Juan Ignacio L\u00f3pez Moreno (IPE-CSIC).<\/p>\n<p style=\"text-align: justify;\"><strong>Cartograf\u00eda geomorfol\u00f3gica de s\u00edntesis del Parque Nacional de Picos de Europa a escala 1:50.000.<\/strong> Ministerio de Medio Ambiente (OAPN), Parque Nacional Picos de Europa 2015- 2016. Investigador Principal: Juan Jos\u00e9 Gonz\u00e1lez Trueba (CIESE-UC)<\/p>\n<p style=\"text-align: justify;\"><strong>Informe sobre la situaci\u00f3n econ\u00f3mica y social de Castilla y Le\u00f3n 2016. Mapas y gr\u00e1ficos de poblaci\u00f3n, demograf\u00eda e inmigraci\u00f3n en Castilla y Le\u00f3n.<\/strong><br \/>\nConsejo Econ\u00f3mico y Social de Castilla y Le\u00f3n.<br \/>\nInvestigador Principal: Jos\u00e9 Mar\u00eda Delgado Urrecho.<\/p>\n<p style=\"text-align: justify;\"><strong>Criosfera y cambio global en espacios naturales protegidos: control de procesos geomorfol\u00f3gicos asociados a la nieve y el hielo como geoindicadores de cambio ambiental en el Parque Nacional Picos de Europa.<\/strong> OAPN 053\/2010. Programa de investigaci\u00f3n del Organismo Aut\u00f3nomo Parques Nacionales. Ministerio de Media Ambiente, Rural y Marino. Desde 1\/12\/2010 hasta 1\/12\/2014. I.P. Enrique Serrano.<\/p>\n<p style=\"text-align: justify;\"><strong>Geomorfolog\u00eda, evoluci\u00f3n del relieve, ambiente periglaciar e hidrogeolog\u00eda: cambios e impactos en la regi\u00f3n septentrional de la Pen\u00ednsula Ant\u00e1rtica.<\/strong><br \/>\nGEOPANT-2011. Plan Nacional de Investigaciones Ant\u00e1rticas. Plan Nacional de Investigaci\u00f3n Cient\u00edfica, Desarrollo e Innovaci\u00f3n Tecnol\u00f3gica. M\u00ba de Ciencia y Tecnolog\u00eda.<br \/>\nDesde 1\/12\/2011 hasta:\u00a0 1\/12\/2014. I.P. Jer\u00f3nimo L\u00f3pez Mart\u00ednez.<\/p>\n<p style=\"text-align: justify;\"><strong>La criosfera como geoindicadora ambiental y del cambio clim\u00e1tico: procesos de ladera asociados al hielo y la nieve en las monta\u00f1as del norte peninsular (Pirineos-Cant\u00e1brica)<\/strong><br \/>\nCRYOMONT\u00a0 CGL-2010-19729.\u00a0 VI Plan Nacional de Investigaci\u00f3n Cient\u00edfica, Desarrollo e Innovaci\u00f3n Tecnol\u00f3gica 2008-2011. Ministerio de Ciencia e Innovaci\u00f3n. Desde\u00a0 1\/12\/2010 hasta 1\/12\/2013. I.P.\u00a0 E. Serrano.<\/p>\n<p style=\"text-align: justify;\"><strong>Informe sobre la situaci\u00f3n Econ\u00f3mica y Social de Castilla y Le\u00f3n en 2010. <\/strong>Art\u00edculo 83 Investigaci\u00f3n. Consejo Economico y Social de Castilla y Le\u00f3n. Desde 26\/1\/2011 hasta 31\/5\/2011. I.P.\u00a0\u00a0Jos\u00e9 Mar\u00eda Delgado Urrecho.<\/p>\n<p style=\"text-align: justify;\"><strong>Informe sobre Poblaci\u00f3n y Poblamiento en Castilla y Le\u00f3n<\/strong>. Art\u00edculo 83 Investigaci\u00f3n. Consejo Economico y Social de Castilla y Le\u00f3n. Desde 15\/11\/2010\u00a0 hasta 28\/12\/2011. I.P. Jos\u00e9 Mar\u00eda Delgado Urrecho.<\/p>\n<p style=\"text-align: justify;\"><strong>Geodiversidad, lugares de Inter\u00e9s Geomorfol\u00f3gico y Gesti\u00f3n Ambiental en el Parque Natural de Valderejo y Sierra de Arkamo. <\/strong>UNESCO09\/05. C\u00e1tedra UNESCO sobre desarrollo sostenible y educaci\u00f3n ambiental. UNESCO\/Gobierno vasco. Desde\u00a0 1\/1\/2010\u00a0 hasta:\u00a0 31\/12\/2012. IP: Mar\u00eda Jos\u00e9 Gonz\u00e1lez Amuchastegui.<\/p>\n","protected":false},"excerpt":{"rendered":"<p>Interacciones y din\u00e1mica de la criosfera en la Monta\u00f1a Cant\u00e1brica y Pirineos: permafrost, glaciares, cuevas heladas y cambio global. Programa Estatal de Investigaci\u00f3n, Desarrollo e Innovaci\u00f3n Orientada a los Retos de la Sociedad. Proyectos. I+D+I. CGL2015-68144-R. 14\/2\/2016-14\/02\/2019. I.P. Enrique Serrano Turismo y patrimonio geomorfol\u00f3gico en Castilla y Le\u00f3n. Valoraci\u00f3n de uso y conservaci\u00f3n para propuestas [&hellip;]<\/p>\n","protected":false},"author":1,"featured_media":0,"parent":0,"menu_order":5,"comment_status":"closed","ping_status":"closed","template":"","meta":{"jetpack_post_was_ever_published":false},"jetpack_sharing_enabled":true,"jetpack_shortlink":"https:\/\/wp.me\/P79crb-g","jetpack-related-posts":[{"id":1507,"url":"https:\/\/albergueweb1.uva.es\/gir_pangea\/?page_id=1507","url_meta":{"origin":16,"position":0},"title":"Publicaciones 2019","date":"27 noviembre, 2019","format":false,"excerpt":"Serrano, E., Sanjos\u00e9, J.J., G\u00f3mez Lende, M., L\u00f3pez Moreno, J.I., Pisabarro, A., Mart\u00ednez Fern\u00e1ndez, A. (2019). Periglacial environments and frozen ground in the Central Pyrenean high mountain area. Ground thermal regime and distribution of landforms and processes. Permafrost and Periglacial Processes, 1-19. https:\/\/doi.org\/10.1002\/ppp.2032 Pisabarro, A., Pellitero, R., Serrano, E., L\u00f3pez-Moreno,\u2026","rel":"","context":"Entrada similar","img":{"alt_text":"","src":"","width":0,"height":0},"classes":[]},{"id":1502,"url":"https:\/\/albergueweb1.uva.es\/gir_pangea\/?page_id=1502","url_meta":{"origin":16,"position":1},"title":"Publicaciones 2018","date":"27 noviembre, 2019","format":false,"excerpt":"Serrano E, Oliva M, Gonzalez-Garcia M, Lopez-Moreno JI, Gonzalez-Trueba JJ, Martin-Moreno R, Gomez-Lende M, Martin-Diaz J, Nofre J, Palma P.(2018). Post-little ice age paraglacial processes and landforms in the high Iberian mountains: a review. Land Degradation and Development, 29 (11) :4186-4208. DOI: 101002\/ldr3171Serrano, E., J.J. Sanjose, A.Gomez-Gutierrez, M. Gomez-Lende (2018).\u2026","rel":"","context":"Entrada similar","img":{"alt_text":"","src":"","width":0,"height":0},"classes":[]},{"id":1033,"url":"https:\/\/albergueweb1.uva.es\/gir_pangea\/?page_id=1033","url_meta":{"origin":16,"position":2},"title":"Publicaciones 2016","date":"14 septiembre, 2016","format":false,"excerpt":"Pisabarro, A., Pellitero, R., Serrano, E., G\u00f3mez-Lende, M., & Gonz\u00e1lez-Trueba, J. J. (2017). Ground temperatures, landforms and processes in an Atlantic mountain. Cantabrian Mountains (Northern Spain). Catena. http:\/\/dx.doi.org\/10.1016\/j.catena.2016.07.051. G\u00f3mez Lende, M. (2016). Cuevas heladas en el Parque nacional de los Picos de Europa. fronteras subterr\u00e1nea del hielo en el macizo\u2026","rel":"","context":"Entrada similar","img":{"alt_text":"","src":"","width":0,"height":0},"classes":[]},{"id":1287,"url":"https:\/\/albergueweb1.uva.es\/gir_pangea\/?page_id=1287","url_meta":{"origin":16,"position":3},"title":"Publicaciones 2017","date":"25 junio, 2018","format":false,"excerpt":"Publicaciones 2017 Serrano, E.\u00a0 Gonz\u00e1lez-Trueba, J.J., Pellitero, R., G\u00f3mez-Lende, M. 2017. Quaternary glacial history of the Cantabrian Mountains of northern Spain: a new synthesis. M. En: Hughes, P. D. & Woodward, J. C. (eds) Quaternary Glaciation in the Mediterranean Mountains. Geological Society, London, Geological Society, London, Special Publications, 433, 55\u201385.\u2026","rel":"","context":"Entrada similar","img":{"alt_text":"","src":"","width":0,"height":0},"classes":[]},{"id":973,"url":"https:\/\/albergueweb1.uva.es\/gir_pangea\/?page_id=973","url_meta":{"origin":16,"position":4},"title":"Publicaciones 2011","date":"28 enero, 2016","format":false,"excerpt":"A\u00f1o 2011. Publicaciones internacionales. Serrano, E.; Gonz\u00e1lez-Trueba, J.J.; Sanjos\u00e9, J.J.; Del R\u00edo, L.M. (2011). \"ICE PATCH\u00a0 ORIGIN, EVOLUTION AND DYNAMICS IN A TEMPERATE MARITIME HIGH\u00a0 MOUNTAIN: THE JOU NEGRO, PICOS DE EUROPA (NW\u00a0 SPAIN).\" Geografiska Annaler,\u00a0 n\u00ba 93, 2, 97-70, 2010, DOI: 10.1111\/j.1468-0459.2011.00006.x. Serrano E., Gonz\u00e1lez Trueba J.J.(2011). \"ENVIRONMENTAL EDUCATION\u2026","rel":"","context":"Entrada similar","img":{"alt_text":"","src":"","width":0,"height":0},"classes":[]},{"id":965,"url":"https:\/\/albergueweb1.uva.es\/gir_pangea\/?page_id=965","url_meta":{"origin":16,"position":5},"title":"Publicaciones 2015","date":"28 enero, 2016","format":false,"excerpt":"A\u00f1o 2015. Publicaciones internacionales Gonz\u00e1lez Amuchastegui, M.J., Serrano, E., 2015. TUFA BUILDUPS, LANDSCAPE EVOLUTION AND HUMAN IMPACT DURING THE HOLOCENE IN THE UPPER EBRO BASIN. Quaternary International, 364, 54-64. Gonz\u00e1lez Amuchastegui, M. J., Serrano, E. 2015. LATE-PLEISTOCENE AND HOLOCENE TUFA COMPLEX AND GEOMORPHOLOGICAL EVOLUTION IN UPPER EBRO BASIN (NORTHERN SPAIN).\u2026","rel":"","context":"Entrada similar","img":{"alt_text":"","src":"","width":0,"height":0},"classes":[]}],"_links":{"self":[{"href":"https:\/\/albergueweb1.uva.es\/gir_pangea\/index.php?rest_route=\/wp\/v2\/pages\/16"}],"collection":[{"href":"https:\/\/albergueweb1.uva.es\/gir_pangea\/index.php?rest_route=\/wp\/v2\/pages"}],"about":[{"href":"https:\/\/albergueweb1.uva.es\/gir_pangea\/index.php?rest_route=\/wp\/v2\/types\/page"}],"author":[{"embeddable":true,"href":"https:\/\/albergueweb1.uva.es\/gir_pangea\/index.php?rest_route=\/wp\/v2\/users\/1"}],"replies":[{"embeddable":true,"href":"https:\/\/albergueweb1.uva.es\/gir_pangea\/index.php?rest_route=%2Fwp%2Fv2%2Fcomments&post=16"}],"version-history":[{"count":24,"href":"https:\/\/albergueweb1.uva.es\/gir_pangea\/index.php?rest_route=\/wp\/v2\/pages\/16\/revisions"}],"predecessor-version":[{"id":1574,"href":"https:\/\/albergueweb1.uva.es\/gir_pangea\/index.php?rest_route=\/wp\/v2\/pages\/16\/revisions\/1574"}],"wp:attachment":[{"href":"https:\/\/albergueweb1.uva.es\/gir_pangea\/index.php?rest_route=%2Fwp%2Fv2%2Fmedia&parent=16"}],"curies":[{"name":"wp","href":"https:\/\/api.w.org\/{rel}","templated":true}]}}