{"id":1641,"date":"2020-05-08T16:57:46","date_gmt":"2020-05-08T16:57:46","guid":{"rendered":"http:\/\/albergueweb1.uva.es\/gir_pangea\/?page_id=1641"},"modified":"2020-05-08T16:57:46","modified_gmt":"2020-05-08T16:57:46","slug":"boletin-2019","status":"publish","type":"page","link":"https:\/\/albergueweb1.uva.es\/gir_pangea\/?page_id=1641","title":{"rendered":"Bolet\u00edn 2019"},"content":{"rendered":"\n<figure class=\"wp-block-image\"><a href=\"http:\/\/albergueweb1.uva.es\/gir_pangea\/?attachment_id=1643\"><img data-attachment-id=\"1643\" data-permalink=\"https:\/\/albergueweb1.uva.es\/gir_pangea\/?attachment_id=1643\" data-orig-file=\"https:\/\/i0.wp.com\/albergueweb1.uva.es\/gir_pangea\/wp-content\/uploads\/2020\/05\/08-05-2020-18-56-47.png?fit=809%2C441&amp;ssl=1\" data-orig-size=\"809,441\" data-comments-opened=\"0\" data-image-meta=\"{&quot;aperture&quot;:&quot;0&quot;,&quot;credit&quot;:&quot;&quot;,&quot;camera&quot;:&quot;&quot;,&quot;caption&quot;:&quot;&quot;,&quot;created_timestamp&quot;:&quot;0&quot;,&quot;copyright&quot;:&quot;&quot;,&quot;focal_length&quot;:&quot;0&quot;,&quot;iso&quot;:&quot;0&quot;,&quot;shutter_speed&quot;:&quot;0&quot;,&quot;title&quot;:&quot;&quot;,&quot;orientation&quot;:&quot;0&quot;}\" data-image-title=\"08-05-2020-18-56-47\" data-image-description=\"\" data-image-caption=\"\" data-medium-file=\"https:\/\/i0.wp.com\/albergueweb1.uva.es\/gir_pangea\/wp-content\/uploads\/2020\/05\/08-05-2020-18-56-47.png?fit=300%2C164&amp;ssl=1\" data-large-file=\"https:\/\/i0.wp.com\/albergueweb1.uva.es\/gir_pangea\/wp-content\/uploads\/2020\/05\/08-05-2020-18-56-47.png?fit=640%2C349&amp;ssl=1\" loading=\"lazy\" width=\"640\" height=\"349\" src=\"https:\/\/i0.wp.com\/albergueweb1.uva.es\/gir_pangea\/wp-content\/uploads\/2020\/05\/08-05-2020-18-56-47.png?resize=640%2C349\" alt=\"\" class=\"wp-image-1643\" srcset=\"https:\/\/i0.wp.com\/albergueweb1.uva.es\/gir_pangea\/wp-content\/uploads\/2020\/05\/08-05-2020-18-56-47.png?w=809&amp;ssl=1 809w, https:\/\/i0.wp.com\/albergueweb1.uva.es\/gir_pangea\/wp-content\/uploads\/2020\/05\/08-05-2020-18-56-47.png?resize=300%2C164&amp;ssl=1 300w, https:\/\/i0.wp.com\/albergueweb1.uva.es\/gir_pangea\/wp-content\/uploads\/2020\/05\/08-05-2020-18-56-47.png?resize=768%2C419&amp;ssl=1 768w\" sizes=\"(max-width: 640px) 100vw, 640px\" data-recalc-dims=\"1\" \/><\/a><\/figure>\n\n\n\n<div class=\"wp-block-file\"><a href=\"http:\/\/albergueweb1.uva.es\/gir_pangea\/wp-content\/uploads\/2020\/05\/Boletin-Pangea-2019.pdf\">Boletin-Pangea-2019<\/a><a href=\"http:\/\/albergueweb1.uva.es\/gir_pangea\/wp-content\/uploads\/2020\/05\/Boletin-Pangea-2019.pdf\" class=\"wp-block-file__button\" download>Descarga<\/a><\/div>\n","protected":false},"excerpt":{"rendered":"","protected":false},"author":1,"featured_media":0,"parent":0,"menu_order":0,"comment_status":"closed","ping_status":"closed","template":"","meta":{"jetpack_post_was_ever_published":false},"jetpack_sharing_enabled":true,"jetpack_shortlink":"https:\/\/wp.me\/P79crb-qt","jetpack-related-posts":[{"id":817,"url":"https:\/\/albergueweb1.uva.es\/gir_pangea\/?page_id=817","url_meta":{"origin":1641,"position":0},"title":"Bolet\u00edn 2014","date":"19 marzo, 2015","format":false,"excerpt":"\u00a0 \u00a0 \u00a0 Bolet\u00edn PANGEA 2014 [Descargar]","rel":"","context":"Entrada similar","img":{"alt_text":"","src":"","width":0,"height":0},"classes":[]},{"id":823,"url":"https:\/\/albergueweb1.uva.es\/gir_pangea\/?page_id=823","url_meta":{"origin":1641,"position":1},"title":"Bolet\u00edn 2013","date":"19 marzo, 2015","format":false,"excerpt":"\u00a0 \u00a0 Bolet\u00edn PANGEA 2013 [Descargar]","rel":"","context":"Entrada similar","img":{"alt_text":"","src":"","width":0,"height":0},"classes":[]},{"id":828,"url":"https:\/\/albergueweb1.uva.es\/gir_pangea\/?page_id=828","url_meta":{"origin":1641,"position":2},"title":"Bolet\u00edn 2012","date":"19 marzo, 2015","format":false,"excerpt":"\u00a0 \u00a0 \u00a0 Boletin 2012 [Descargar]","rel":"","context":"Entrada similar","img":{"alt_text":"","src":"","width":0,"height":0},"classes":[]},{"id":1004,"url":"https:\/\/albergueweb1.uva.es\/gir_pangea\/?page_id=1004","url_meta":{"origin":1641,"position":3},"title":"Bolet\u00edn 2015","date":"15 febrero, 2016","format":false,"excerpt":"Bolet\u00edn 2015 [Descargar]","rel":"","context":"Entrada similar","img":{"alt_text":"","src":"http:\/\/www5.uva.es\/gir_pangea\/wp-content\/uploads\/2016\/02\/imagenboletin15","width":350,"height":200},"classes":[]},{"id":956,"url":"https:\/\/albergueweb1.uva.es\/gir_pangea\/?page_id=956","url_meta":{"origin":1641,"position":4},"title":"BOLET\u00cdN PANGEA","date":"28 enero, 2016","format":false,"excerpt":"2023 [PDF] 2022 [PDF] 2020 [PDF] 2019 [PDF] 2018 [PDF] 2017 [PDF] 2016 [PDF] 2015\u00a0 [PDF] 2014 [PDF] 2013 [PDF] 2012 [PDF]","rel":"","context":"Entrada similar","img":{"alt_text":"","src":"","width":0,"height":0},"classes":[]},{"id":1099,"url":"https:\/\/albergueweb1.uva.es\/gir_pangea\/?page_id=1099","url_meta":{"origin":1641,"position":5},"title":"BOLET\u00cdN 2016","date":"20 febrero, 2017","format":false,"excerpt":"Enlace al bolet\u00edn del a\u00f1o 2016 boletinpangea2016","rel":"","context":"Entrada similar","img":{"alt_text":"","src":"","width":0,"height":0},"classes":[]}],"_links":{"self":[{"href":"https:\/\/albergueweb1.uva.es\/gir_pangea\/index.php?rest_route=\/wp\/v2\/pages\/1641"}],"collection":[{"href":"https:\/\/albergueweb1.uva.es\/gir_pangea\/index.php?rest_route=\/wp\/v2\/pages"}],"about":[{"href":"https:\/\/albergueweb1.uva.es\/gir_pangea\/index.php?rest_route=\/wp\/v2\/types\/page"}],"author":[{"embeddable":true,"href":"https:\/\/albergueweb1.uva.es\/gir_pangea\/index.php?rest_route=\/wp\/v2\/users\/1"}],"replies":[{"embeddable":true,"href":"https:\/\/albergueweb1.uva.es\/gir_pangea\/index.php?rest_route=%2Fwp%2Fv2%2Fcomments&post=1641"}],"version-history":[{"count":1,"href":"https:\/\/albergueweb1.uva.es\/gir_pangea\/index.php?rest_route=\/wp\/v2\/pages\/1641\/revisions"}],"predecessor-version":[{"id":1645,"href":"https:\/\/albergueweb1.uva.es\/gir_pangea\/index.php?rest_route=\/wp\/v2\/pages\/1641\/revisions\/1645"}],"wp:attachment":[{"href":"https:\/\/albergueweb1.uva.es\/gir_pangea\/index.php?rest_route=%2Fwp%2Fv2%2Fmedia&parent=1641"}],"curies":[{"name":"wp","href":"https:\/\/api.w.org\/{rel}","templated":true}]}}